{"id":3826,"date":"2023-09-22T08:55:21","date_gmt":"2023-09-22T12:55:21","guid":{"rendered":"http:\/\/159.89.124.43\/notre-promesse\/"},"modified":"2026-03-05T14:18:26","modified_gmt":"2026-03-05T19:18:26","slug":"notre-promesse","status":"publish","type":"page","link":"https:\/\/ochfoundation.ca\/fr\/a-propos-de-nous\/notre-promesse\/","title":{"rendered":"NOTRE PROMESSE"},"content":{"rendered":"\t\t<div data-elementor-type=\"wp-page\" data-elementor-id=\"3826\" class=\"elementor elementor-3826 elementor-1603\" data-elementor-post-type=\"page\">\n\t\t\t\t\t\t<section class=\"elementor-section elementor-top-section elementor-element elementor-element-2aa6b1f2 elementor-section-boxed elementor-section-height-default elementor-section-height-default\" data-id=\"2aa6b1f2\" data-element_type=\"section\" data-e-type=\"section\" data-settings=\"{&quot;background_background&quot;:&quot;classic&quot;}\">\n\t\t\t\t\t\t<div class=\"elementor-container elementor-column-gap-default\">\n\t\t\t\t\t<div class=\"elementor-column elementor-col-100 elementor-top-column elementor-element elementor-element-46e17745\" data-id=\"46e17745\" data-element_type=\"column\" data-e-type=\"column\">\n\t\t\t<div class=\"elementor-widget-wrap elementor-element-populated\">\n\t\t\t\t\t\t<div class=\"elementor-element elementor-element-1edc3cfb elementor-widget elementor-widget-heading\" data-id=\"1edc3cfb\" data-element_type=\"widget\" data-e-type=\"widget\" data-widget_type=\"heading.default\">\n\t\t\t\t<div class=\"elementor-widget-container\">\n\t\t\t\t\t<h2 class=\"elementor-heading-title elementor-size-default\">\u00c0 PROPOS DE NOUS<\/h2>\t\t\t\t<\/div>\n\t\t\t\t<\/div>\n\t\t\t\t<div class=\"elementor-element elementor-element-33d7ac5d elementor-widget elementor-widget-heading\" data-id=\"33d7ac5d\" data-element_type=\"widget\" data-e-type=\"widget\" data-widget_type=\"heading.default\">\n\t\t\t\t<div class=\"elementor-widget-container\">\n\t\t\t\t\t<h2 class=\"elementor-heading-title elementor-size-default\">NOTRE PROMESSE<\/h2>\t\t\t\t<\/div>\n\t\t\t\t<\/div>\n\t\t\t\t\t<\/div>\n\t\t<\/div>\n\t\t\t\t\t<\/div>\n\t\t<\/section>\n\t\t\t\t<section class=\"elementor-section elementor-top-section elementor-element elementor-element-e1c72d9 elementor-section-boxed elementor-section-height-default elementor-section-height-default\" data-id=\"e1c72d9\" data-element_type=\"section\" data-e-type=\"section\">\n\t\t\t\t\t\t<div class=\"elementor-container elementor-column-gap-default\">\n\t\t\t\t\t<div class=\"elementor-column elementor-col-100 elementor-top-column elementor-element elementor-element-06206ca\" data-id=\"06206ca\" data-element_type=\"column\" data-e-type=\"column\">\n\t\t\t<div class=\"elementor-widget-wrap elementor-element-populated\">\n\t\t\t\t\t\t<div class=\"elementor-element elementor-element-9a79b9e elementor-widget elementor-widget-text-editor\" data-id=\"9a79b9e\" data-element_type=\"widget\" data-e-type=\"widget\" data-widget_type=\"text-editor.default\">\n\t\t\t\t<div class=\"elementor-widget-container\">\n\t\t\t\t\t\t\t\t\t<p>Nous accordons une grande importance \u00e0 la transparence et \u00e0 la responsabilit\u00e9 vis-\u00e0-vis de tous nos donateurs. Pour que les donateurs de la Fondation OCH aient confiance en notre organisation et en ses appels de fonds, les droits des donateurs suivants sont reconnus :<\/p>\t\t\t\t\t\t\t\t<\/div>\n\t\t\t\t<\/div>\n\t\t\t\t\t<\/div>\n\t\t<\/div>\n\t\t\t\t\t<\/div>\n\t\t<\/section>\n\t\t\t\t<section class=\"elementor-section elementor-top-section elementor-element elementor-element-0bfa383 elementor-section-boxed elementor-section-height-default elementor-section-height-default\" data-id=\"0bfa383\" data-element_type=\"section\" data-e-type=\"section\">\n\t\t\t\t\t\t<div class=\"elementor-container elementor-column-gap-default\">\n\t\t\t\t\t<div class=\"elementor-column elementor-col-100 elementor-top-column elementor-element elementor-element-2778294\" data-id=\"2778294\" data-element_type=\"column\" data-e-type=\"column\">\n\t\t\t<div class=\"elementor-widget-wrap elementor-element-populated\">\n\t\t\t\t\t\t<div class=\"elementor-element elementor-element-5e8256e elementor-widget elementor-widget-text-editor\" data-id=\"5e8256e\" data-element_type=\"widget\" data-e-type=\"widget\" data-widget_type=\"text-editor.default\">\n\t\t\t\t<div class=\"elementor-widget-container\">\n\t\t\t\t\t\t\t\t\t<ul class=\"promise-list\">\n<li>\u00catre trait\u00e9 professionnellement et avec respect \u00e0 tout moment<\/li>\n<li>Avoir confiance que la Fondation LCO a utilis\u00e9 votre don conform\u00e9ment \u00e0 l&rsquo;<br>objectif pour lequel il a \u00e9t\u00e9 donn\u00e9.<\/li>\n<li>Avoir le droit de rester anonyme<\/li>\n<li>Recevoir, sur demande, tous les \u00e9tats financiers publi\u00e9s<\/li>\n<li>Savoir que les plaintes seront prises au s\u00e9rieux et trait\u00e9es rapidement<\/li>\n<li>Pour savoir si une personne sollicitant des fonds est un b\u00e9n\u00e9vole,<br>un employ\u00e9 ou un solliciteur engag\u00e9<\/li>\n<li>Demander que leur nom ne soit pas utilis\u00e9 \u00e0 des fins de collecte de fonds ou<br>choisir d&rsquo;\u00eatre exclu de toute sollicitation future.<\/li>\n<\/ul>\t\t\t\t\t\t\t\t<\/div>\n\t\t\t\t<\/div>\n\t\t\t\t\t<\/div>\n\t\t<\/div>\n\t\t\t\t\t<\/div>\n\t\t<\/section>\n\t\t\t\t<\/div>\n\t\t","protected":false},"excerpt":{"rendered":"<p>\u00c0 PROPOS DE NOUS NOTRE PROMESSE Nous accordons une grande importance \u00e0 la transparence et \u00e0 la responsabilit\u00e9 vis-\u00e0-vis de tous nos donateurs. Pour que les donateurs de la Fondation OCH aient confiance en notre organisation et en ses appels de fonds, les droits des donateurs suivants sont reconnus : \u00catre trait\u00e9 professionnellement et avec [&hellip;]<\/p>\n","protected":false},"author":3,"featured_media":0,"parent":3878,"menu_order":0,"comment_status":"closed","ping_status":"closed","template":"","meta":{"footnotes":""},"class_list":["post-3826","page","type-page","status-publish","hentry"],"_links":{"self":[{"href":"https:\/\/ochfoundation.ca\/fr\/wp-json\/wp\/v2\/pages\/3826","targetHints":{"allow":["GET"]}}],"collection":[{"href":"https:\/\/ochfoundation.ca\/fr\/wp-json\/wp\/v2\/pages"}],"about":[{"href":"https:\/\/ochfoundation.ca\/fr\/wp-json\/wp\/v2\/types\/page"}],"author":[{"embeddable":true,"href":"https:\/\/ochfoundation.ca\/fr\/wp-json\/wp\/v2\/users\/3"}],"replies":[{"embeddable":true,"href":"https:\/\/ochfoundation.ca\/fr\/wp-json\/wp\/v2\/comments?post=3826"}],"version-history":[{"count":3,"href":"https:\/\/ochfoundation.ca\/fr\/wp-json\/wp\/v2\/pages\/3826\/revisions"}],"predecessor-version":[{"id":7958,"href":"https:\/\/ochfoundation.ca\/fr\/wp-json\/wp\/v2\/pages\/3826\/revisions\/7958"}],"up":[{"embeddable":true,"href":"https:\/\/ochfoundation.ca\/fr\/wp-json\/wp\/v2\/pages\/3878"}],"wp:attachment":[{"href":"https:\/\/ochfoundation.ca\/fr\/wp-json\/wp\/v2\/media?parent=3826"}],"curies":[{"name":"wp","href":"https:\/\/api.w.org\/{rel}","templated":true}]}}