{"id":3832,"date":"2023-08-02T09:59:13","date_gmt":"2023-08-02T13:59:13","guid":{"rendered":"http:\/\/159.89.124.43\/comment-donner\/"},"modified":"2026-03-11T09:16:07","modified_gmt":"2026-03-11T13:16:07","slug":"comment-donner","status":"publish","type":"page","link":"https:\/\/ochfoundation.ca\/fr\/simpliquer\/comment-donner\/","title":{"rendered":"Fa\u00e7ons de donner"},"content":{"rendered":"\t\t<div data-elementor-type=\"wp-page\" data-elementor-id=\"3832\" class=\"elementor elementor-3832 elementor-39\" data-elementor-post-type=\"page\">\n\t\t\t\t<div class=\"elementor-element elementor-element-46d3c90e e-con-full e-flex e-con e-parent\" data-id=\"46d3c90e\" data-element_type=\"container\" data-e-type=\"container\">\n\t\t<div class=\"elementor-element elementor-element-141f5563 e-con-full e-flex e-con e-child\" data-id=\"141f5563\" data-element_type=\"container\" data-e-type=\"container\" data-settings=\"{&quot;background_background&quot;:&quot;classic&quot;}\">\n\t\t\t\t<div class=\"elementor-element elementor-element-6d21a49f elementor-widget elementor-widget-heading\" data-id=\"6d21a49f\" data-element_type=\"widget\" data-e-type=\"widget\" data-widget_type=\"heading.default\">\n\t\t\t\t<div class=\"elementor-widget-container\">\n\t\t\t\t\t<h2 class=\"elementor-heading-title elementor-size-default\">S'IMPLIQUER<\/h2>\t\t\t\t<\/div>\n\t\t\t\t<\/div>\n\t\t\t\t<div class=\"elementor-element elementor-element-286f8a14 elementor-widget elementor-widget-heading\" data-id=\"286f8a14\" data-element_type=\"widget\" data-e-type=\"widget\" data-widget_type=\"heading.default\">\n\t\t\t\t<div class=\"elementor-widget-container\">\n\t\t\t\t\t<h2 class=\"elementor-heading-title elementor-size-default\">FA\u00c7ONS DE DONNER<\/h2>\t\t\t\t<\/div>\n\t\t\t\t<\/div>\n\t\t\t\t<\/div>\n\t\t<div class=\"elementor-element elementor-element-f102791 e-con-full e-flex e-con e-child\" data-id=\"f102791\" data-element_type=\"container\" data-e-type=\"container\" data-settings=\"{&quot;background_background&quot;:&quot;classic&quot;}\">\n\t\t\t\t<\/div>\n\t\t\t\t<\/div>\n\t\t<div class=\"elementor-element elementor-element-7deebf8 e-flex e-con-boxed e-con e-parent\" data-id=\"7deebf8\" data-element_type=\"container\" data-e-type=\"container\">\n\t\t\t\t\t<div class=\"e-con-inner\">\n\t\t\t\t<div class=\"elementor-element elementor-element-00f1329 elementor-widget elementor-widget-text-editor\" data-id=\"00f1329\" data-element_type=\"widget\" data-e-type=\"widget\" data-widget_type=\"text-editor.default\">\n\t\t\t\t<div class=\"elementor-widget-container\">\n\t\t\t\t\t\t\t\t\t<p data-start=\"17\" data-end=\"573\">Chaque dollar investi dans nos communaut\u00e9s contribue \u00e0 cr\u00e9er un changement significatif et durable. Les programmes que nous proposons, qu&rsquo;il s&rsquo;agisse d&rsquo;aide \u00e0 l&rsquo;\u00e9ducation, de loisirs, de mentorat, de formation professionnelle, de s\u00e9curit\u00e9 alimentaire ou de fourniture de v\u00e9los, sont rendus possibles gr\u00e2ce \u00e0 la g\u00e9n\u00e9rosit\u00e9 de donateurs qui croient que chacun m\u00e9rite la stabilit\u00e9, des opportunit\u00e9s et la chance de s&rsquo;\u00e9panouir. Un financement durable nous permet de maintenir et de d\u00e9velopper des programmes essentiels, et de r\u00e9pondre aux besoins \u00e9mergents.   We are deeply grateful to the individuals, families, and organizations whose support makes this work possible. <\/p>\t\t\t\t\t\t\t\t<\/div>\n\t\t\t\t<\/div>\n\t\t\t\t<div class=\"elementor-element elementor-element-716a8af elementor-align-center elementor-widget elementor-widget-button\" data-id=\"716a8af\" data-element_type=\"widget\" data-e-type=\"widget\" data-widget_type=\"button.default\">\n\t\t\t\t<div class=\"elementor-widget-container\">\n\t\t\t\t\t\t\t\t\t<div class=\"elementor-button-wrapper\">\n\t\t\t\t\t<a class=\"elementor-button elementor-button-link elementor-size-sm\" href=\"https:\/\/acahhplr.donorsupport.co\/page\/FUNWAVKSYAT\">\n\t\t\t\t\t\t<span class=\"elementor-button-content-wrapper\">\n\t\t\t\t\t\t\t\t\t<span class=\"elementor-button-text\">Faire un don<\/span>\n\t\t\t\t\t<\/span>\n\t\t\t\t\t<\/a>\n\t\t\t\t<\/div>\n\t\t\t\t\t\t\t\t<\/div>\n\t\t\t\t<\/div>\n\t\t\t\t<div class=\"elementor-element elementor-element-1b29620 elementor-widget elementor-widget-heading\" data-id=\"1b29620\" data-element_type=\"widget\" data-e-type=\"widget\" data-widget_type=\"heading.default\">\n\t\t\t\t<div class=\"elementor-widget-container\">\n\t\t\t\t\t<h2 class=\"elementor-heading-title elementor-size-default\">Choisissez la mani\u00e8re dont vous souhaitez faire la diff\u00e9rence<\/h2>\t\t\t\t<\/div>\n\t\t\t\t<\/div>\n\t\t\t\t\t<\/div>\n\t\t\t\t<\/div>\n\t\t<div class=\"elementor-element elementor-element-03bc316 e-flex e-con-boxed e-con e-parent\" data-id=\"03bc316\" data-element_type=\"container\" data-e-type=\"container\">\n\t\t\t\t\t<div class=\"e-con-inner\">\n\t\t<div class=\"elementor-element elementor-element-afea3b5 e-con-full e-flex e-con e-child\" data-id=\"afea3b5\" data-element_type=\"container\" data-e-type=\"container\">\n\t\t<div class=\"elementor-element elementor-element-3bf216e e-con-full e-flex e-con e-child\" data-id=\"3bf216e\" data-element_type=\"container\" data-e-type=\"container\">\n\t\t<div class=\"elementor-element elementor-element-e41db44 e-con-full e-flex e-con e-child\" data-id=\"e41db44\" data-element_type=\"container\" data-e-type=\"container\">\n\t\t<div class=\"elementor-element elementor-element-53a202d e-con-full e-flex e-con e-child\" data-id=\"53a202d\" data-element_type=\"container\" data-e-type=\"container\">\n\t\t\t\t<div class=\"elementor-element elementor-element-ed7818f elementor-widget elementor-widget-image\" data-id=\"ed7818f\" data-element_type=\"widget\" data-e-type=\"widget\" data-widget_type=\"image.default\">\n\t\t\t\t<div class=\"elementor-widget-container\">\n\t\t\t\t\t\t\t\t\t\t\t\t\t\t\t\t<a href=\"https:\/\/ochfoundation.ca\/ways-to-donate\/become-a-monthly-donor\/\">\n\t\t\t\t\t\t\t<img fetchpriority=\"high\" decoding=\"async\" width=\"2560\" height=\"1707\" src=\"https:\/\/ochfoundation.ca\/wp-content\/uploads\/2026\/02\/DSC03992-1-scaled.jpg\" class=\"attachment-full size-full wp-image-7446\" alt=\"\" srcset=\"https:\/\/ochfoundation.ca\/wp-content\/uploads\/2026\/02\/DSC03992-1-scaled.jpg 2560w, https:\/\/ochfoundation.ca\/wp-content\/uploads\/2026\/02\/DSC03992-1-300x200.jpg 300w, https:\/\/ochfoundation.ca\/wp-content\/uploads\/2026\/02\/DSC03992-1-1024x683.jpg 1024w, https:\/\/ochfoundation.ca\/wp-content\/uploads\/2026\/02\/DSC03992-1-768x512.jpg 768w, https:\/\/ochfoundation.ca\/wp-content\/uploads\/2026\/02\/DSC03992-1-1536x1024.jpg 1536w, https:\/\/ochfoundation.ca\/wp-content\/uploads\/2026\/02\/DSC03992-1-2048x1365.jpg 2048w\" sizes=\"(max-width: 2560px) 100vw, 2560px\" \/>\t\t\t\t\t\t\t\t<\/a>\n\t\t\t\t\t\t\t\t\t\t\t\t\t\t\t<\/div>\n\t\t\t\t<\/div>\n\t\t\t\t<div class=\"elementor-element elementor-element-d6700c7 elementor-widget elementor-widget-heading\" data-id=\"d6700c7\" data-element_type=\"widget\" data-e-type=\"widget\" data-widget_type=\"heading.default\">\n\t\t\t\t<div class=\"elementor-widget-container\">\n\t\t\t\t\t<h3 class=\"elementor-heading-title elementor-size-default\"><a href=\"https:\/\/ochfoundation.ca\/ways-to-donate\/become-a-monthly-donor\/\">Faire un don<\/a><\/h3>\t\t\t\t<\/div>\n\t\t\t\t<\/div>\n\t\t\t\t<div class=\"elementor-element elementor-element-0f087fc elementor-widget elementor-widget-heading\" data-id=\"0f087fc\" data-element_type=\"widget\" data-e-type=\"widget\" data-widget_type=\"heading.default\">\n\t\t\t\t<div class=\"elementor-widget-container\">\n\t\t\t\t\t<p class=\"elementor-heading-title elementor-size-default\">D\u00e9couvrez les nombreuses fa\u00e7ons dont vous pouvez soutenir notre travail, des dons mensuels aux dons d'entreprise et aux legs.<\/p>\t\t\t\t<\/div>\n\t\t\t\t<\/div>\n\t\t\t\t<div class=\"elementor-element elementor-element-5448480 elementor-align-center elementor-widget elementor-widget-button\" data-id=\"5448480\" data-element_type=\"widget\" data-e-type=\"widget\" data-widget_type=\"button.default\">\n\t\t\t\t<div class=\"elementor-widget-container\">\n\t\t\t\t\t\t\t\t\t<div class=\"elementor-button-wrapper\">\n\t\t\t\t\t<a class=\"elementor-button elementor-button-link elementor-size-sm\" href=\"https:\/\/ochfoundation.ca\/ways-to-donate\/become-a-monthly-donor\/\">\n\t\t\t\t\t\t<span class=\"elementor-button-content-wrapper\">\n\t\t\t\t\t\t\t\t\t<span class=\"elementor-button-text\">Savoir plus<\/span>\n\t\t\t\t\t<\/span>\n\t\t\t\t\t<\/a>\n\t\t\t\t<\/div>\n\t\t\t\t\t\t\t\t<\/div>\n\t\t\t\t<\/div>\n\t\t\t\t<\/div>\n\t\t<div class=\"elementor-element elementor-element-70e7b8d e-con-full e-flex e-con e-child\" data-id=\"70e7b8d\" data-element_type=\"container\" data-e-type=\"container\">\n\t\t\t\t<div class=\"elementor-element elementor-element-c7086d6 elementor-widget elementor-widget-image\" data-id=\"c7086d6\" data-element_type=\"widget\" data-e-type=\"widget\" data-widget_type=\"image.default\">\n\t\t\t\t<div class=\"elementor-widget-container\">\n\t\t\t\t\t\t\t\t\t\t\t\t\t\t\t\t<a href=\"https:\/\/ochfoundation.ca\/ways-to-donate\/corporate-giving\/\">\n\t\t\t\t\t\t\t<img decoding=\"async\" width=\"2560\" height=\"1707\" src=\"https:\/\/ochfoundation.ca\/wp-content\/uploads\/2026\/02\/DSC05484-scaled.jpg\" class=\"attachment-full size-full wp-image-7488\" alt=\"\" srcset=\"https:\/\/ochfoundation.ca\/wp-content\/uploads\/2026\/02\/DSC05484-scaled.jpg 2560w, https:\/\/ochfoundation.ca\/wp-content\/uploads\/2026\/02\/DSC05484-300x200.jpg 300w, https:\/\/ochfoundation.ca\/wp-content\/uploads\/2026\/02\/DSC05484-1024x683.jpg 1024w, https:\/\/ochfoundation.ca\/wp-content\/uploads\/2026\/02\/DSC05484-768x512.jpg 768w, https:\/\/ochfoundation.ca\/wp-content\/uploads\/2026\/02\/DSC05484-1536x1024.jpg 1536w, https:\/\/ochfoundation.ca\/wp-content\/uploads\/2026\/02\/DSC05484-2048x1365.jpg 2048w\" sizes=\"(max-width: 2560px) 100vw, 2560px\" \/>\t\t\t\t\t\t\t\t<\/a>\n\t\t\t\t\t\t\t\t\t\t\t\t\t\t\t<\/div>\n\t\t\t\t<\/div>\n\t\t\t\t<div class=\"elementor-element elementor-element-35df83a elementor-widget elementor-widget-heading\" data-id=\"35df83a\" data-element_type=\"widget\" data-e-type=\"widget\" data-widget_type=\"heading.default\">\n\t\t\t\t<div class=\"elementor-widget-container\">\n\t\t\t\t\t<h3 class=\"elementor-heading-title elementor-size-default\"><a href=\"https:\/\/ochfoundation.ca\/ways-to-donate\/corporate-giving\/\">Dons des entreprises<\/a><\/h3>\t\t\t\t<\/div>\n\t\t\t\t<\/div>\n\t\t\t\t<div class=\"elementor-element elementor-element-2f20007 elementor-widget elementor-widget-heading\" data-id=\"2f20007\" data-element_type=\"widget\" data-e-type=\"widget\" data-widget_type=\"heading.default\">\n\t\t\t\t<div class=\"elementor-widget-container\">\n\t\t\t\t\t<p class=\"elementor-heading-title elementor-size-default\">Participez \u00e0 nos \u00e9v\u00e9nements phares ou organisez votre propre collecte de fonds afin de nous aider \u00e0 r\u00e9colter des fonds essentiels et \u00e0 sensibiliser le public \u00e0 nos programmes.<\/p>\t\t\t\t<\/div>\n\t\t\t\t<\/div>\n\t\t\t\t<div class=\"elementor-element elementor-element-812256c elementor-align-center elementor-widget elementor-widget-button\" data-id=\"812256c\" data-element_type=\"widget\" data-e-type=\"widget\" data-widget_type=\"button.default\">\n\t\t\t\t<div class=\"elementor-widget-container\">\n\t\t\t\t\t\t\t\t\t<div class=\"elementor-button-wrapper\">\n\t\t\t\t\t<a class=\"elementor-button elementor-button-link elementor-size-sm\" href=\"https:\/\/ochfoundation.ca\/ways-to-donate\/corporate-giving\/\" id=\"https:\/\/ochfoundation.ca\/get-involved\/events-fundraisers\/pack-a-thon\/\">\n\t\t\t\t\t\t<span class=\"elementor-button-content-wrapper\">\n\t\t\t\t\t\t\t\t\t<span class=\"elementor-button-text\">Savoir plus<\/span>\n\t\t\t\t\t<\/span>\n\t\t\t\t\t<\/a>\n\t\t\t\t<\/div>\n\t\t\t\t\t\t\t\t<\/div>\n\t\t\t\t<\/div>\n\t\t\t\t<\/div>\n\t\t<div class=\"elementor-element elementor-element-ca8c7b0 e-con-full e-flex e-con e-child\" data-id=\"ca8c7b0\" data-element_type=\"container\" data-e-type=\"container\">\n\t\t\t\t<div class=\"elementor-element elementor-element-1fcbb72 elementor-widget elementor-widget-image\" data-id=\"1fcbb72\" data-element_type=\"widget\" data-e-type=\"widget\" data-widget_type=\"image.default\">\n\t\t\t\t<div class=\"elementor-widget-container\">\n\t\t\t\t\t\t\t\t\t\t\t\t\t\t\t\t<a href=\"https:\/\/ochfoundation.ca\/ways-to-donate\/leave-a-legacy\/\">\n\t\t\t\t\t\t\t<img decoding=\"async\" width=\"2163\" height=\"1136\" src=\"https:\/\/ochfoundation.ca\/wp-content\/uploads\/2025\/07\/image.png\" class=\"attachment-full size-full wp-image-5786\" alt=\"\" srcset=\"https:\/\/ochfoundation.ca\/wp-content\/uploads\/2025\/07\/image.png 2163w, https:\/\/ochfoundation.ca\/wp-content\/uploads\/2025\/07\/image-300x158.png 300w, https:\/\/ochfoundation.ca\/wp-content\/uploads\/2025\/07\/image-1024x538.png 1024w, https:\/\/ochfoundation.ca\/wp-content\/uploads\/2025\/07\/image-768x403.png 768w, https:\/\/ochfoundation.ca\/wp-content\/uploads\/2025\/07\/image-1536x807.png 1536w, https:\/\/ochfoundation.ca\/wp-content\/uploads\/2025\/07\/image-2048x1076.png 2048w\" sizes=\"(max-width: 2163px) 100vw, 2163px\" \/>\t\t\t\t\t\t\t\t<\/a>\n\t\t\t\t\t\t\t\t\t\t\t\t\t\t\t<\/div>\n\t\t\t\t<\/div>\n\t\t\t\t<div class=\"elementor-element elementor-element-216c4e6 elementor-widget elementor-widget-heading\" data-id=\"216c4e6\" data-element_type=\"widget\" data-e-type=\"widget\" data-widget_type=\"heading.default\">\n\t\t\t\t<div class=\"elementor-widget-container\">\n\t\t\t\t\t<h3 class=\"elementor-heading-title elementor-size-default\"><a href=\"https:\/\/ochfoundation.ca\/ways-to-donate\/leave-a-legacy\/\">Don testamentaire<\/a><\/h3>\t\t\t\t<\/div>\n\t\t\t\t<\/div>\n\t\t\t\t<div class=\"elementor-element elementor-element-9f16c73 elementor-widget elementor-widget-heading\" data-id=\"9f16c73\" data-element_type=\"widget\" data-e-type=\"widget\" data-widget_type=\"heading.default\">\n\t\t\t\t<div class=\"elementor-widget-container\">\n\t\t\t\t\t<p class=\"elementor-heading-title elementor-size-default\">Leave a future gift through your estate plans and help ensure long-term opportunity and stability for generations to come.<\/p>\t\t\t\t<\/div>\n\t\t\t\t<\/div>\n\t\t\t\t<div class=\"elementor-element elementor-element-b7a6478 elementor-align-center elementor-widget elementor-widget-button\" data-id=\"b7a6478\" data-element_type=\"widget\" data-e-type=\"widget\" data-widget_type=\"button.default\">\n\t\t\t\t<div class=\"elementor-widget-container\">\n\t\t\t\t\t\t\t\t\t<div class=\"elementor-button-wrapper\">\n\t\t\t\t\t<a class=\"elementor-button elementor-button-link elementor-size-sm\" href=\"https:\/\/ochfoundation.ca\/ways-to-donate\/leave-a-legacy\/\">\n\t\t\t\t\t\t<span class=\"elementor-button-content-wrapper\">\n\t\t\t\t\t\t\t\t\t<span class=\"elementor-button-text\">Savoir plus<\/span>\n\t\t\t\t\t<\/span>\n\t\t\t\t\t<\/a>\n\t\t\t\t<\/div>\n\t\t\t\t\t\t\t\t<\/div>\n\t\t\t\t<\/div>\n\t\t\t\t<\/div>\n\t\t<div class=\"elementor-element elementor-element-f6f1cd3 e-con-full e-flex e-con e-child\" data-id=\"f6f1cd3\" data-element_type=\"container\" data-e-type=\"container\">\n\t\t\t\t<div class=\"elementor-element elementor-element-a7b6c50 elementor-widget elementor-widget-image\" data-id=\"a7b6c50\" data-element_type=\"widget\" data-e-type=\"widget\" data-widget_type=\"image.default\">\n\t\t\t\t<div class=\"elementor-widget-container\">\n\t\t\t\t\t\t\t\t\t\t\t\t\t\t\t\t<a href=\"https:\/\/ochfoundation.ca\/ways-to-donate\/donate-stocks\/\">\n\t\t\t\t\t\t\t<img loading=\"lazy\" decoding=\"async\" width=\"2560\" height=\"1707\" src=\"https:\/\/ochfoundation.ca\/wp-content\/uploads\/2026\/02\/DSC04254-1-scaled.jpg\" class=\"attachment-full size-full wp-image-7548\" alt=\"\" srcset=\"https:\/\/ochfoundation.ca\/wp-content\/uploads\/2026\/02\/DSC04254-1-scaled.jpg 2560w, https:\/\/ochfoundation.ca\/wp-content\/uploads\/2026\/02\/DSC04254-1-300x200.jpg 300w, https:\/\/ochfoundation.ca\/wp-content\/uploads\/2026\/02\/DSC04254-1-1024x683.jpg 1024w, https:\/\/ochfoundation.ca\/wp-content\/uploads\/2026\/02\/DSC04254-1-768x512.jpg 768w, https:\/\/ochfoundation.ca\/wp-content\/uploads\/2026\/02\/DSC04254-1-1536x1024.jpg 1536w, https:\/\/ochfoundation.ca\/wp-content\/uploads\/2026\/02\/DSC04254-1-2048x1365.jpg 2048w\" sizes=\"(max-width: 2560px) 100vw, 2560px\" \/>\t\t\t\t\t\t\t\t<\/a>\n\t\t\t\t\t\t\t\t\t\t\t\t\t\t\t<\/div>\n\t\t\t\t<\/div>\n\t\t\t\t<div class=\"elementor-element elementor-element-635f7bd elementor-widget elementor-widget-heading\" data-id=\"635f7bd\" data-element_type=\"widget\" data-e-type=\"widget\" data-widget_type=\"heading.default\">\n\t\t\t\t<div class=\"elementor-widget-container\">\n\t\t\t\t\t<h3 class=\"elementor-heading-title elementor-size-default\"><a href=\"https:\/\/ochfoundation.ca\/ways-to-donate\/donate-stocks\/\">Faire un don d'actions ou d'autres titres<\/a><\/h3>\t\t\t\t<\/div>\n\t\t\t\t<\/div>\n\t\t\t\t<div class=\"elementor-element elementor-element-7d35ba7 elementor-align-center elementor-widget elementor-widget-button\" data-id=\"7d35ba7\" data-element_type=\"widget\" data-e-type=\"widget\" data-widget_type=\"button.default\">\n\t\t\t\t<div class=\"elementor-widget-container\">\n\t\t\t\t\t\t\t\t\t<div class=\"elementor-button-wrapper\">\n\t\t\t\t\t<a class=\"elementor-button elementor-button-link elementor-size-sm\" href=\"https:\/\/ochfoundation.ca\/ways-to-donate\/donate-stocks\/\">\n\t\t\t\t\t\t<span class=\"elementor-button-content-wrapper\">\n\t\t\t\t\t\t\t\t\t<span class=\"elementor-button-text\">Savoir plus<\/span>\n\t\t\t\t\t<\/span>\n\t\t\t\t\t<\/a>\n\t\t\t\t<\/div>\n\t\t\t\t\t\t\t\t<\/div>\n\t\t\t\t<\/div>\n\t\t\t\t<div class=\"elementor-element elementor-element-3f9be14 elementor-widget elementor-widget-heading\" data-id=\"3f9be14\" data-element_type=\"widget\" data-e-type=\"widget\" data-widget_type=\"heading.default\">\n\t\t\t\t<div class=\"elementor-widget-container\">\n\t\t\t\t\t<p class=\"elementor-heading-title elementor-size-default\">Faites un don fiscalement avantageux de titres cot\u00e9s en bourse et maximisez votre impact tout en soutenant les communaut\u00e9s OCH.<\/p>\t\t\t\t<\/div>\n\t\t\t\t<\/div>\n\t\t\t\t<\/div>\n\t\t\t\t<\/div>\n\t\t\t\t<\/div>\n\t\t\t\t<\/div>\n\t\t\t\t\t<\/div>\n\t\t\t\t<\/div>\n\t\t\t\t<\/div>\n\t\t","protected":false},"excerpt":{"rendered":"<p>S&rsquo;IMPLIQUER FA\u00c7ONS DE DONNER Chaque dollar investi dans nos communaut\u00e9s contribue \u00e0 cr\u00e9er un changement significatif et durable. Les programmes que nous proposons, qu&rsquo;il s&rsquo;agisse d&rsquo;aide \u00e0 l&rsquo;\u00e9ducation, de loisirs, de mentorat, de formation professionnelle, de s\u00e9curit\u00e9 alimentaire ou de fourniture de v\u00e9los, sont rendus possibles gr\u00e2ce \u00e0 la g\u00e9n\u00e9rosit\u00e9 de donateurs qui croient que [&hellip;]<\/p>\n","protected":false},"author":3,"featured_media":6298,"parent":3846,"menu_order":2,"comment_status":"closed","ping_status":"closed","template":"","meta":{"footnotes":""},"class_list":["post-3832","page","type-page","status-publish","has-post-thumbnail","hentry"],"_links":{"self":[{"href":"https:\/\/ochfoundation.ca\/fr\/wp-json\/wp\/v2\/pages\/3832","targetHints":{"allow":["GET"]}}],"collection":[{"href":"https:\/\/ochfoundation.ca\/fr\/wp-json\/wp\/v2\/pages"}],"about":[{"href":"https:\/\/ochfoundation.ca\/fr\/wp-json\/wp\/v2\/types\/page"}],"author":[{"embeddable":true,"href":"https:\/\/ochfoundation.ca\/fr\/wp-json\/wp\/v2\/users\/3"}],"replies":[{"embeddable":true,"href":"https:\/\/ochfoundation.ca\/fr\/wp-json\/wp\/v2\/comments?post=3832"}],"version-history":[{"count":24,"href":"https:\/\/ochfoundation.ca\/fr\/wp-json\/wp\/v2\/pages\/3832\/revisions"}],"predecessor-version":[{"id":8215,"href":"https:\/\/ochfoundation.ca\/fr\/wp-json\/wp\/v2\/pages\/3832\/revisions\/8215"}],"up":[{"embeddable":true,"href":"https:\/\/ochfoundation.ca\/fr\/wp-json\/wp\/v2\/pages\/3846"}],"wp:featuredmedia":[{"embeddable":true,"href":"https:\/\/ochfoundation.ca\/fr\/wp-json\/wp\/v2\/media\/6298"}],"wp:attachment":[{"href":"https:\/\/ochfoundation.ca\/fr\/wp-json\/wp\/v2\/media?parent=3832"}],"curies":[{"name":"wp","href":"https:\/\/api.w.org\/{rel}","templated":true}]}}