{"id":3834,"date":"2023-09-22T08:54:01","date_gmt":"2023-09-22T12:54:01","guid":{"rendered":"http:\/\/159.89.124.43\/comment-donner\/devenir-un-donateur-mensuel\/"},"modified":"2026-03-11T09:17:18","modified_gmt":"2026-03-11T13:17:18","slug":"devenir-un-donateur-mensuel","status":"publish","type":"page","link":"https:\/\/ochfoundation.ca\/fr\/simpliquer\/comment-donner\/devenir-un-donateur-mensuel\/","title":{"rendered":"Faire un don"},"content":{"rendered":"\t\t<div data-elementor-type=\"wp-page\" data-elementor-id=\"3834\" class=\"elementor elementor-3834 elementor-1591\" data-elementor-post-type=\"page\">\n\t\t\t\t<div class=\"elementor-element elementor-element-be94213 e-flex e-con-boxed e-con e-parent\" data-id=\"be94213\" data-element_type=\"container\" data-e-type=\"container\">\n\t\t\t\t\t<div class=\"e-con-inner\">\n\t\t<div class=\"elementor-element elementor-element-289dc71 e-con-full e-flex e-con e-child\" data-id=\"289dc71\" data-element_type=\"container\" data-e-type=\"container\">\n\t\t<div class=\"elementor-element elementor-element-e2ce245 e-con-full e-flex e-con e-child\" data-id=\"e2ce245\" data-element_type=\"container\" data-e-type=\"container\" data-settings=\"{&quot;background_background&quot;:&quot;classic&quot;}\">\n\t\t\t\t<div class=\"elementor-element elementor-element-2aefdaa elementor-widget elementor-widget-heading\" data-id=\"2aefdaa\" data-element_type=\"widget\" data-e-type=\"widget\" data-widget_type=\"heading.default\">\n\t\t\t\t<div class=\"elementor-widget-container\">\n\t\t\t\t\t<h2 class=\"elementor-heading-title elementor-size-default\">FA\u00c7ONS DE DONNER<\/h2>\t\t\t\t<\/div>\n\t\t\t\t<\/div>\n\t\t\t\t<div class=\"elementor-element elementor-element-6f4a124 elementor-widget elementor-widget-heading\" data-id=\"6f4a124\" data-element_type=\"widget\" data-e-type=\"widget\" data-widget_type=\"heading.default\">\n\t\t\t\t<div class=\"elementor-widget-container\">\n\t\t\t\t\t<h2 class=\"elementor-heading-title elementor-size-default\">FAITES UN DON<\/h2>\t\t\t\t<\/div>\n\t\t\t\t<\/div>\n\t\t\t\t<\/div>\n\t\t<div class=\"elementor-element elementor-element-9eec9ac e-con-full e-flex e-con e-child\" data-id=\"9eec9ac\" data-element_type=\"container\" data-e-type=\"container\" data-settings=\"{&quot;background_background&quot;:&quot;classic&quot;}\">\n\t\t\t\t<\/div>\n\t\t\t\t<\/div>\n\t\t\t\t\t<\/div>\n\t\t\t\t<\/div>\n\t\t<div class=\"elementor-element elementor-element-864dee0 e-flex e-con-boxed e-con e-parent\" data-id=\"864dee0\" data-element_type=\"container\" data-e-type=\"container\">\n\t\t\t\t\t<div class=\"e-con-inner\">\n\t\t\t\t<div class=\"elementor-element elementor-element-7c9727c elementor-widget elementor-widget-text-editor\" data-id=\"7c9727c\" data-element_type=\"widget\" data-e-type=\"widget\" data-widget_type=\"text-editor.default\">\n\t\t\t\t<div class=\"elementor-widget-container\">\n\t\t\t\t\t\t\t\t\t<p>Le don est l&rsquo;un des moyens les plus efficaces de renforcer la communaut\u00e9 qui vous entoure. Lorsque vous soutenez les personnes et les familles qui vivent dans les communaut\u00e9s de la Soci\u00e9t\u00e9 de logement communautaire d\u2019Ottawa (LCO), vous contribuez \u00e0 leur offrir un avenir meilleur et \u00e0 cr\u00e9er une ville plus inclusive et plus solidaire pour nous tous. Chaque don, quel que soit son montant, contribue \u00e0 favoriser le bien-\u00eatre et \u00e0 renforcer le sentiment d&rsquo;appartenance au sein des communaut\u00e9s de la LCO.  <\/p><p>Tous les dons vers\u00e9s \u00e0 la Fondation LCO donnent droit \u00e0 un re\u00e7u fiscal pour don de bienfaisance.<\/p>\t\t\t\t\t\t\t\t<\/div>\n\t\t\t\t<\/div>\n\t\t\t\t\t<\/div>\n\t\t\t\t<\/div>\n\t\t\t\t<section class=\"elementor-section elementor-top-section elementor-element elementor-element-42bed59 elementor-section-boxed elementor-section-height-default elementor-section-height-default\" data-id=\"42bed59\" data-element_type=\"section\" data-e-type=\"section\" data-settings=\"{&quot;background_background&quot;:&quot;classic&quot;}\">\n\t\t\t\t\t\t<div class=\"elementor-container elementor-column-gap-default\">\n\t\t\t\t\t<div class=\"elementor-column elementor-col-100 elementor-top-column elementor-element elementor-element-1c5caa9\" data-id=\"1c5caa9\" data-element_type=\"column\" data-e-type=\"column\">\n\t\t\t<div class=\"elementor-widget-wrap elementor-element-populated\">\n\t\t\t\t\t\t<section class=\"elementor-section elementor-inner-section elementor-element elementor-element-30faf4d elementor-section-boxed elementor-section-height-default elementor-section-height-default\" data-id=\"30faf4d\" data-element_type=\"section\" data-e-type=\"section\">\n\t\t\t\t\t\t<div class=\"elementor-container elementor-column-gap-default\">\n\t\t\t\t\t<div class=\"elementor-column elementor-col-50 elementor-inner-column elementor-element elementor-element-4cc654c\" data-id=\"4cc654c\" data-element_type=\"column\" data-e-type=\"column\">\n\t\t\t<div class=\"elementor-widget-wrap elementor-element-populated\">\n\t\t\t\t\t\t<div class=\"elementor-element elementor-element-9df232f elementor-widget elementor-widget-heading\" data-id=\"9df232f\" data-element_type=\"widget\" data-e-type=\"widget\" data-widget_type=\"heading.default\">\n\t\t\t\t<div class=\"elementor-widget-container\">\n\t\t\t\t\t<h2 class=\"elementor-heading-title elementor-size-default\">Don mensuel<\/h2>\t\t\t\t<\/div>\n\t\t\t\t<\/div>\n\t\t\t\t<div class=\"elementor-element elementor-element-645b32e elementor-widget elementor-widget-text-editor\" data-id=\"645b32e\" data-element_type=\"widget\" data-e-type=\"widget\" data-widget_type=\"text-editor.default\">\n\t\t\t\t<div class=\"elementor-widget-container\">\n\t\t\t\t\t\t\t\t\t<p>En faisant un don r\u00e9current, vous nous apportez un soutien fiable qui nous permet de planifier \u00e0 l&rsquo;avance, de r\u00e9pondre aux besoins \u00e9mergents et d&rsquo;investir dans des solutions \u00e0 long terme qui transforment des vies et renforcent les communaut\u00e9s. Pour les donateurs, les dons mensuels sont flexibles et pratiques. Vous pouvez modifier le montant ou arr\u00eater de donner quand vous le souhaitez. Votre engagement continu contribue \u00e0 cr\u00e9er une stabilit\u00e9, fondement sur lequel les gens peuvent v\u00e9ritablement s&rsquo;\u00e9panouir.   <\/p>\t\t\t\t\t\t\t\t<\/div>\n\t\t\t\t<\/div>\n\t\t\t\t<div class=\"elementor-element elementor-element-2ad84ab elementor-align-center elementor-widget elementor-widget-button\" data-id=\"2ad84ab\" data-element_type=\"widget\" data-e-type=\"widget\" data-widget_type=\"button.default\">\n\t\t\t\t<div class=\"elementor-widget-container\">\n\t\t\t\t\t\t\t\t\t<div class=\"elementor-button-wrapper\">\n\t\t\t\t\t<a class=\"elementor-button elementor-button-link elementor-size-sm\" href=\"https:\/\/acahhplr.donorsupport.co\/page\/FUNWCESKPHT\">\n\t\t\t\t\t\t<span class=\"elementor-button-content-wrapper\">\n\t\t\t\t\t\t\t\t\t<span class=\"elementor-button-text\">Faire un don mensuel<\/span>\n\t\t\t\t\t<\/span>\n\t\t\t\t\t<\/a>\n\t\t\t\t<\/div>\n\t\t\t\t\t\t\t\t<\/div>\n\t\t\t\t<\/div>\n\t\t\t\t\t<\/div>\n\t\t<\/div>\n\t\t\t\t<div class=\"elementor-column elementor-col-50 elementor-inner-column elementor-element elementor-element-1d8f686\" data-id=\"1d8f686\" data-element_type=\"column\" data-e-type=\"column\">\n\t\t\t<div class=\"elementor-widget-wrap elementor-element-populated\">\n\t\t\t\t\t\t<div class=\"elementor-element elementor-element-88eb1aa elementor-widget elementor-widget-image\" data-id=\"88eb1aa\" data-element_type=\"widget\" data-e-type=\"widget\" data-widget_type=\"image.default\">\n\t\t\t\t<div class=\"elementor-widget-container\">\n\t\t\t\t\t\t\t\t\t\t\t\t\t\t\t<img fetchpriority=\"high\" decoding=\"async\" width=\"2560\" height=\"1707\" src=\"https:\/\/ochfoundation.ca\/wp-content\/uploads\/2025\/04\/DSC04037-scaled.jpg\" class=\"attachment-full size-full wp-image-5555\" alt=\"\" srcset=\"https:\/\/ochfoundation.ca\/wp-content\/uploads\/2025\/04\/DSC04037-scaled.jpg 2560w, https:\/\/ochfoundation.ca\/wp-content\/uploads\/2025\/04\/DSC04037-300x200.jpg 300w, https:\/\/ochfoundation.ca\/wp-content\/uploads\/2025\/04\/DSC04037-1024x683.jpg 1024w, https:\/\/ochfoundation.ca\/wp-content\/uploads\/2025\/04\/DSC04037-768x512.jpg 768w, https:\/\/ochfoundation.ca\/wp-content\/uploads\/2025\/04\/DSC04037-1536x1024.jpg 1536w, https:\/\/ochfoundation.ca\/wp-content\/uploads\/2025\/04\/DSC04037-2048x1366.jpg 2048w\" sizes=\"(max-width: 2560px) 100vw, 2560px\" \/>\t\t\t\t\t\t\t\t\t\t\t\t\t\t\t<\/div>\n\t\t\t\t<\/div>\n\t\t\t\t\t<\/div>\n\t\t<\/div>\n\t\t\t\t\t<\/div>\n\t\t<\/section>\n\t\t\t\t\t<\/div>\n\t\t<\/div>\n\t\t\t\t\t<\/div>\n\t\t<\/section>\n\t\t\t\t<section class=\"elementor-section elementor-top-section elementor-element elementor-element-129d2f2 elementor-section-boxed elementor-section-height-default elementor-section-height-default\" data-id=\"129d2f2\" data-element_type=\"section\" data-e-type=\"section\" data-settings=\"{&quot;background_background&quot;:&quot;classic&quot;}\">\n\t\t\t\t\t\t<div class=\"elementor-container elementor-column-gap-default\">\n\t\t\t\t\t<div class=\"elementor-column elementor-col-100 elementor-top-column elementor-element elementor-element-95be210\" data-id=\"95be210\" data-element_type=\"column\" data-e-type=\"column\">\n\t\t\t<div class=\"elementor-widget-wrap elementor-element-populated\">\n\t\t\t\t\t\t<section class=\"elementor-section elementor-inner-section elementor-element elementor-element-7b7f51e elementor-section-boxed elementor-section-height-default elementor-section-height-default\" data-id=\"7b7f51e\" data-element_type=\"section\" data-e-type=\"section\">\n\t\t\t\t\t\t<div class=\"elementor-container elementor-column-gap-default\">\n\t\t\t\t\t<div class=\"elementor-column elementor-col-50 elementor-inner-column elementor-element elementor-element-7ca7eaa\" data-id=\"7ca7eaa\" data-element_type=\"column\" data-e-type=\"column\">\n\t\t\t<div class=\"elementor-widget-wrap elementor-element-populated\">\n\t\t\t\t\t\t<div class=\"elementor-element elementor-element-30d902b elementor-widget elementor-widget-heading\" data-id=\"30d902b\" data-element_type=\"widget\" data-e-type=\"widget\" data-widget_type=\"heading.default\">\n\t\t\t\t<div class=\"elementor-widget-container\">\n\t\t\t\t\t<h2 class=\"elementor-heading-title elementor-size-default\">Faire un don en m\u00e9moire ou en l'honneur de quelqu'un<\/h2>\t\t\t\t<\/div>\n\t\t\t\t<\/div>\n\t\t\t\t<div class=\"elementor-element elementor-element-113ec24 elementor-widget elementor-widget-text-editor\" data-id=\"113ec24\" data-element_type=\"widget\" data-e-type=\"widget\" data-widget_type=\"text-editor.default\">\n\t\t\t\t<div class=\"elementor-widget-container\">\n\t\t\t\t\t\t\t\t\t<p>Un don fait en m\u00e9moire ou en l&rsquo;honneur d&rsquo;une personne sp\u00e9ciale est une fa\u00e7on significative de c\u00e9l\u00e9brer une vie, de marquer une \u00e9tape importante ou de souligner un moment particulier. Gr\u00e2ce \u00e0 notre portail de dons, vous pouvez d\u00e9dier votre don \u00e0 une personne qui vous a inspir\u00e9 et choisir d&rsquo;envoyer une carte \u00e9lectronique personnalis\u00e9e pour lui faire savoir, ainsi qu&rsquo;\u00e0 ses proches, qu&rsquo;un don a \u00e9t\u00e9 fait en son nom. Si vous souhaitez comm\u00e9morer chaque ann\u00e9e un anniversaire, une date importante ou tout autre \u00e9v\u00e9nement marquant, vous pouvez \u00e9galement mettre en place un don annuel r\u00e9current, un hommage durable qui continuera d&rsquo;avoir un impact au fil du temps.  <\/p>\t\t\t\t\t\t\t\t<\/div>\n\t\t\t\t<\/div>\n\t\t\t\t<div class=\"elementor-element elementor-element-aabe545 elementor-align-center elementor-widget elementor-widget-button\" data-id=\"aabe545\" data-element_type=\"widget\" data-e-type=\"widget\" data-widget_type=\"button.default\">\n\t\t\t\t<div class=\"elementor-widget-container\">\n\t\t\t\t\t\t\t\t\t<div class=\"elementor-button-wrapper\">\n\t\t\t\t\t<a class=\"elementor-button elementor-button-link elementor-size-sm\" href=\"https:\/\/acahhplr.donorsupport.co\/page\/FUNMTHYUGAK\">\n\t\t\t\t\t\t<span class=\"elementor-button-content-wrapper\">\n\t\t\t\t\t\t\t\t\t<span class=\"elementor-button-text\">Faire un don d\u00e9di\u00e9<\/span>\n\t\t\t\t\t<\/span>\n\t\t\t\t\t<\/a>\n\t\t\t\t<\/div>\n\t\t\t\t\t\t\t\t<\/div>\n\t\t\t\t<\/div>\n\t\t\t\t\t<\/div>\n\t\t<\/div>\n\t\t\t\t<div class=\"elementor-column elementor-col-50 elementor-inner-column elementor-element elementor-element-0366bae\" data-id=\"0366bae\" data-element_type=\"column\" data-e-type=\"column\">\n\t\t\t<div class=\"elementor-widget-wrap elementor-element-populated\">\n\t\t\t\t\t\t<div class=\"elementor-element elementor-element-f6a50eb elementor-widget elementor-widget-image\" data-id=\"f6a50eb\" data-element_type=\"widget\" data-e-type=\"widget\" data-widget_type=\"image.default\">\n\t\t\t\t<div class=\"elementor-widget-container\">\n\t\t\t\t\t\t\t\t\t\t\t\t\t\t\t<img decoding=\"async\" width=\"1707\" height=\"2560\" src=\"https:\/\/ochfoundation.ca\/wp-content\/uploads\/2026\/02\/DSC09581-43-1-scaled.jpg\" class=\"attachment-full size-full wp-image-7451\" alt=\"\" srcset=\"https:\/\/ochfoundation.ca\/wp-content\/uploads\/2026\/02\/DSC09581-43-1-scaled.jpg 1707w, https:\/\/ochfoundation.ca\/wp-content\/uploads\/2026\/02\/DSC09581-43-1-200x300.jpg 200w, https:\/\/ochfoundation.ca\/wp-content\/uploads\/2026\/02\/DSC09581-43-1-683x1024.jpg 683w, https:\/\/ochfoundation.ca\/wp-content\/uploads\/2026\/02\/DSC09581-43-1-768x1152.jpg 768w, https:\/\/ochfoundation.ca\/wp-content\/uploads\/2026\/02\/DSC09581-43-1-1024x1536.jpg 1024w, https:\/\/ochfoundation.ca\/wp-content\/uploads\/2026\/02\/DSC09581-43-1-1365x2048.jpg 1365w\" sizes=\"(max-width: 1707px) 100vw, 1707px\" \/>\t\t\t\t\t\t\t\t\t\t\t\t\t\t\t<\/div>\n\t\t\t\t<\/div>\n\t\t\t\t\t<\/div>\n\t\t<\/div>\n\t\t\t\t\t<\/div>\n\t\t<\/section>\n\t\t\t\t\t<\/div>\n\t\t<\/div>\n\t\t\t\t\t<\/div>\n\t\t<\/section>\n\t\t\t\t<\/div>\n\t\t","protected":false},"excerpt":{"rendered":"<p>FA\u00c7ONS DE DONNER FAITES UN DON Le don est l&rsquo;un des moyens les plus efficaces de renforcer la communaut\u00e9 qui vous entoure. Lorsque vous soutenez les personnes et les familles qui vivent dans les communaut\u00e9s de la Soci\u00e9t\u00e9 de logement communautaire d\u2019Ottawa (LCO), vous contribuez \u00e0 leur offrir un avenir meilleur et \u00e0 cr\u00e9er une [&hellip;]<\/p>\n","protected":false},"author":3,"featured_media":7446,"parent":3832,"menu_order":0,"comment_status":"closed","ping_status":"closed","template":"","meta":{"footnotes":""},"class_list":["post-3834","page","type-page","status-publish","has-post-thumbnail","hentry"],"_links":{"self":[{"href":"https:\/\/ochfoundation.ca\/fr\/wp-json\/wp\/v2\/pages\/3834","targetHints":{"allow":["GET"]}}],"collection":[{"href":"https:\/\/ochfoundation.ca\/fr\/wp-json\/wp\/v2\/pages"}],"about":[{"href":"https:\/\/ochfoundation.ca\/fr\/wp-json\/wp\/v2\/types\/page"}],"author":[{"embeddable":true,"href":"https:\/\/ochfoundation.ca\/fr\/wp-json\/wp\/v2\/users\/3"}],"replies":[{"embeddable":true,"href":"https:\/\/ochfoundation.ca\/fr\/wp-json\/wp\/v2\/comments?post=3834"}],"version-history":[{"count":7,"href":"https:\/\/ochfoundation.ca\/fr\/wp-json\/wp\/v2\/pages\/3834\/revisions"}],"predecessor-version":[{"id":8219,"href":"https:\/\/ochfoundation.ca\/fr\/wp-json\/wp\/v2\/pages\/3834\/revisions\/8219"}],"up":[{"embeddable":true,"href":"https:\/\/ochfoundation.ca\/fr\/wp-json\/wp\/v2\/pages\/3832"}],"wp:featuredmedia":[{"embeddable":true,"href":"https:\/\/ochfoundation.ca\/fr\/wp-json\/wp\/v2\/media\/7446"}],"wp:attachment":[{"href":"https:\/\/ochfoundation.ca\/fr\/wp-json\/wp\/v2\/media?parent=3834"}],"curies":[{"name":"wp","href":"https:\/\/api.w.org\/{rel}","templated":true}]}}