{"id":3836,"date":"2023-09-22T08:54:50","date_gmt":"2023-09-22T12:54:50","guid":{"rendered":"http:\/\/159.89.124.43\/comment-donner\/dons-des-entreprises\/"},"modified":"2026-03-11T09:18:06","modified_gmt":"2026-03-11T13:18:06","slug":"dons-des-entreprises","status":"publish","type":"page","link":"https:\/\/ochfoundation.ca\/fr\/simpliquer\/comment-donner\/dons-des-entreprises\/","title":{"rendered":"Dons des entreprises"},"content":{"rendered":"\t\t<div data-elementor-type=\"wp-page\" data-elementor-id=\"3836\" class=\"elementor elementor-3836 elementor-1599\" data-elementor-post-type=\"page\">\n\t\t\t\t<div class=\"elementor-element elementor-element-15be4bf e-flex e-con-boxed e-con e-parent\" data-id=\"15be4bf\" data-element_type=\"container\" data-e-type=\"container\">\n\t\t\t\t\t<div class=\"e-con-inner\">\n\t\t<div class=\"elementor-element elementor-element-7227f3e e-con-full e-flex e-con e-child\" data-id=\"7227f3e\" data-element_type=\"container\" data-e-type=\"container\">\n\t\t<div class=\"elementor-element elementor-element-a7e23e2 e-con-full e-flex e-con e-child\" data-id=\"a7e23e2\" data-element_type=\"container\" data-e-type=\"container\" data-settings=\"{&quot;background_background&quot;:&quot;classic&quot;}\">\n\t\t\t\t<div class=\"elementor-element elementor-element-080b071 elementor-widget elementor-widget-heading\" data-id=\"080b071\" data-element_type=\"widget\" data-e-type=\"widget\" data-widget_type=\"heading.default\">\n\t\t\t\t<div class=\"elementor-widget-container\">\n\t\t\t\t\t<h2 class=\"elementor-heading-title elementor-size-default\">FA\u00c7ONS DE DONNER<\/h2>\t\t\t\t<\/div>\n\t\t\t\t<\/div>\n\t\t\t\t<div class=\"elementor-element elementor-element-1eea386 elementor-widget elementor-widget-heading\" data-id=\"1eea386\" data-element_type=\"widget\" data-e-type=\"widget\" data-widget_type=\"heading.default\">\n\t\t\t\t<div class=\"elementor-widget-container\">\n\t\t\t\t\t<h2 class=\"elementor-heading-title elementor-size-default\">DONS D'ENTREPRISE<\/h2>\t\t\t\t<\/div>\n\t\t\t\t<\/div>\n\t\t\t\t<\/div>\n\t\t<div class=\"elementor-element elementor-element-6214b5d e-con-full e-flex e-con e-child\" data-id=\"6214b5d\" data-element_type=\"container\" data-e-type=\"container\" data-settings=\"{&quot;background_background&quot;:&quot;classic&quot;}\">\n\t\t\t\t<\/div>\n\t\t\t\t<\/div>\n\t\t\t\t\t<\/div>\n\t\t\t\t<\/div>\n\t\t<div class=\"elementor-element elementor-element-6cb16ab e-flex e-con-boxed e-con e-parent\" data-id=\"6cb16ab\" data-element_type=\"container\" data-e-type=\"container\">\n\t\t\t\t\t<div class=\"e-con-inner\">\n\t\t\t\t<div class=\"elementor-element elementor-element-04a45f3 elementor-widget elementor-widget-text-editor\" data-id=\"04a45f3\" data-element_type=\"widget\" data-e-type=\"widget\" data-widget_type=\"text-editor.default\">\n\t\t\t\t<div class=\"elementor-widget-container\">\n\t\t\t\t\t\t\t\t\t<p>Des communaut\u00e9s fortes se construisent lorsque les entreprises s&rsquo;engagent avec d\u00e9termination. \u00c0 la Fondation LCO, les entreprises partenaires contribuent \u00e0 cr\u00e9er des opportunit\u00e9s pour les familles d&rsquo;Ottawa en investissant dans des programmes, des \u00e9v\u00e9nements et des initiatives qui \u00e9liminent les obstacles et ouvrent des portes. Votre \u00e9quipe peut s&rsquo;impliquer de nombreuses fa\u00e7ons tout au long de l&rsquo;ann\u00e9e, et chaque dollar vers\u00e9 soutient directement des programmes gratuits qui apportent des changements positifs durables aux 33 000 locataires vivant dans les communaut\u00e9s de la Soci\u00e9t\u00e9 de logement communautaire d\u2019Ottawa (LCO). Cela comprend 12 000 enfants et jeunes r\u00e9partis dans 155 communaut\u00e9s de la LCO \u00e0 travers Ottawa.   <\/p>\t\t\t\t\t\t\t\t<\/div>\n\t\t\t\t<\/div>\n\t\t\t\t<div class=\"elementor-element elementor-element-c0e5ecf elementor-widget elementor-widget-heading\" data-id=\"c0e5ecf\" data-element_type=\"widget\" data-e-type=\"widget\" data-widget_type=\"heading.default\">\n\t\t\t\t<div class=\"elementor-widget-container\">\n\t\t\t\t\t<h2 class=\"elementor-heading-title elementor-size-default\">Tournoi de golf<\/h2>\t\t\t\t<\/div>\n\t\t\t\t<\/div>\n\t\t\t\t<div class=\"elementor-element elementor-element-2a1442b elementor-widget elementor-widget-text-editor\" data-id=\"2a1442b\" data-element_type=\"widget\" data-e-type=\"widget\" data-widget_type=\"text-editor.default\">\n\t\t\t\t<div class=\"elementor-widget-container\">\n\t\t\t\t\t\t\t\t\t<p><span class=\"a_GcMg font-feature-liga-off font-feature-clig-off font-feature-calt-off text-decoration-none text-strikethrough-none\">Chaque ann\u00e9e en septembre, notre tournoi de golf caritatif annuel rassemble les fournisseurs, les partenaires communautaires et les sympathisants de la LCO. Cet \u00e9v\u00e9nement, qui est notre plus importante collecte de fonds de l&rsquo;ann\u00e9e, accueille plus de 250 golfeurs pour un tournoi \u00e0 double d\u00e9part simultan\u00e9 et offre de pr\u00e9cieuses occasions de r\u00e9seautage.  <\/span><\/p>\t\t\t\t\t\t\t\t<\/div>\n\t\t\t\t<\/div>\n\t\t\t\t\t<\/div>\n\t\t\t\t<\/div>\n\t\t<div class=\"elementor-element elementor-element-c524b03 e-flex e-con-boxed e-con e-parent\" data-id=\"c524b03\" data-element_type=\"container\" data-e-type=\"container\">\n\t\t\t\t\t<div class=\"e-con-inner\">\n\t\t<div class=\"elementor-element elementor-element-6f8c6eb e-con-full e-flex e-con e-child\" data-id=\"6f8c6eb\" data-element_type=\"container\" data-e-type=\"container\">\n\t\t\t\t<div class=\"elementor-element elementor-element-8387b12 elementor-align-center elementor-widget elementor-widget-button\" data-id=\"8387b12\" data-element_type=\"widget\" data-e-type=\"widget\" data-widget_type=\"button.default\">\n\t\t\t\t<div class=\"elementor-widget-container\">\n\t\t\t\t\t\t\t\t\t<div class=\"elementor-button-wrapper\">\n\t\t\t\t\t<a class=\"elementor-button elementor-button-link elementor-size-sm\" href=\"https:\/\/ochfoundation.ca\/fr\/simpliquer\/evenements-et-collectes-de-fonds\/tournoi-de-golf\/\">\n\t\t\t\t\t\t<span class=\"elementor-button-content-wrapper\">\n\t\t\t\t\t\t\t\t\t<span class=\"elementor-button-text\">En savoir plus sur l'\u00e9v\u00e9nement<\/span>\n\t\t\t\t\t<\/span>\n\t\t\t\t\t<\/a>\n\t\t\t\t<\/div>\n\t\t\t\t\t\t\t\t<\/div>\n\t\t\t\t<\/div>\n\t\t\t\t<\/div>\n\t\t<div class=\"elementor-element elementor-element-406db55 e-con-full e-flex e-con e-child\" data-id=\"406db55\" data-element_type=\"container\" data-e-type=\"container\">\n\t\t\t\t<div class=\"elementor-element elementor-element-3f9702f elementor-align-center elementor-widget elementor-widget-button\" data-id=\"3f9702f\" data-element_type=\"widget\" data-e-type=\"widget\" data-widget_type=\"button.default\">\n\t\t\t\t<div class=\"elementor-widget-container\">\n\t\t\t\t\t\t\t\t\t<div class=\"elementor-button-wrapper\">\n\t\t\t\t\t<a class=\"elementor-button elementor-button-link elementor-size-sm\" href=\"https:\/\/www.canva.com\/design\/DAHBI-lMQwM\/mDrrGdtc7LPOpfWXUmeNpg\/watch?utm_content=DAHBI-lMQwM&#038;utm_campaign=designshare&#038;utm_medium=link2&#038;utm_source=uniquelinks&#038;utlId=he970d54be6\">\n\t\t\t\t\t\t<span class=\"elementor-button-content-wrapper\">\n\t\t\t\t\t\t\t\t\t<span class=\"elementor-button-text\">Consultez notre offre de parrainage<\/span>\n\t\t\t\t\t<\/span>\n\t\t\t\t\t<\/a>\n\t\t\t\t<\/div>\n\t\t\t\t\t\t\t\t<\/div>\n\t\t\t\t<\/div>\n\t\t\t\t<\/div>\n\t\t\t\t\t<\/div>\n\t\t\t\t<\/div>\n\t\t<div class=\"elementor-element elementor-element-2f2ed4a e-flex e-con-boxed e-con e-parent\" data-id=\"2f2ed4a\" data-element_type=\"container\" data-e-type=\"container\">\n\t\t\t\t\t<div class=\"e-con-inner\">\n\t\t\t\t<div class=\"elementor-element elementor-element-2b004b9 elementor-widget elementor-widget-heading\" data-id=\"2b004b9\" data-element_type=\"widget\" data-e-type=\"widget\" data-widget_type=\"heading.default\">\n\t\t\t\t<div class=\"elementor-widget-container\">\n\t\t\t\t\t<h2 class=\"elementor-heading-title elementor-size-default\">Campagne annuelle de dons<\/h2>\t\t\t\t<\/div>\n\t\t\t\t<\/div>\n\t\t\t\t<div class=\"elementor-element elementor-element-7d8c2d5 elementor-widget elementor-widget-text-editor\" data-id=\"7d8c2d5\" data-element_type=\"widget\" data-e-type=\"widget\" data-widget_type=\"text-editor.default\">\n\t\t\t\t<div class=\"elementor-widget-container\">\n\t\t\t\t\t\t\t\t\t<p>Soutenez notre campagne de six semaines ax\u00e9e sur la g\u00e9n\u00e9rosit\u00e9 communautaire tout en c\u00e9l\u00e9brant votre entreprise. Organis\u00e9e chaque ann\u00e9e en novembre-d\u00e9cembre, cette campagne met en avant l&rsquo;impact des entreprises partenaires. <\/p><p data-start=\"1382\" data-end=\"1400\"><strong data-start=\"1382\" data-end=\"1398\">Parrainage :<\/strong><\/p><ul><li data-start=\"1382\" data-end=\"1400\">5 000 $ ou plus pour devenir un donateur jumel\u00e9 et b\u00e9n\u00e9ficier d&rsquo;une semaine de visibilit\u00e9 sur les r\u00e9seaux sociaux, dans les infolettre et sur notre site web.<\/li><li data-start=\"1403\" data-end=\"1512\">1 000 $ pour offrir un repas de f\u00eate chaleureux directement aux locataires<\/li><\/ul>\t\t\t\t\t\t\t\t<\/div>\n\t\t\t\t<\/div>\n\t\t\t\t\t<\/div>\n\t\t\t\t<\/div>\n\t\t<div class=\"elementor-element elementor-element-af8ffc3 e-flex e-con-boxed e-con e-parent\" data-id=\"af8ffc3\" data-element_type=\"container\" data-e-type=\"container\">\n\t\t\t\t\t<div class=\"e-con-inner\">\n\t\t<div class=\"elementor-element elementor-element-ba82848 e-con-full e-flex e-con e-child\" data-id=\"ba82848\" data-element_type=\"container\" data-e-type=\"container\">\n\t\t<div class=\"elementor-element elementor-element-0c3a8e0 e-con-full e-flex e-con e-child\" data-id=\"0c3a8e0\" data-element_type=\"container\" data-e-type=\"container\">\n\t\t\t\t<div class=\"elementor-element elementor-element-77131b5 elementor-align-center elementor-widget elementor-widget-button\" data-id=\"77131b5\" data-element_type=\"widget\" data-e-type=\"widget\" data-widget_type=\"button.default\">\n\t\t\t\t<div class=\"elementor-widget-container\">\n\t\t\t\t\t\t\t\t\t<div class=\"elementor-button-wrapper\">\n\t\t\t\t\t<a class=\"elementor-button elementor-button-link elementor-size-sm\" href=\"https:\/\/ochfoundation.ca\/fr\/simpliquer\/evenements-et-collectes-de-fonds\/campagne-annuelle-de-collecte-de-fonds-de-la-fondation-lco\/\">\n\t\t\t\t\t\t<span class=\"elementor-button-content-wrapper\">\n\t\t\t\t\t\t\t\t\t<span class=\"elementor-button-text\">En savoir plus sur l'\u00e9v\u00e9nement<\/span>\n\t\t\t\t\t<\/span>\n\t\t\t\t\t<\/a>\n\t\t\t\t<\/div>\n\t\t\t\t\t\t\t\t<\/div>\n\t\t\t\t<\/div>\n\t\t\t\t<\/div>\n\t\t<div class=\"elementor-element elementor-element-02c0fcb e-con-full e-flex e-con e-child\" data-id=\"02c0fcb\" data-element_type=\"container\" data-e-type=\"container\">\n\t\t\t\t<div class=\"elementor-element elementor-element-6f367c4 elementor-align-center elementor-widget elementor-widget-button\" data-id=\"6f367c4\" data-element_type=\"widget\" data-e-type=\"widget\" data-widget_type=\"button.default\">\n\t\t\t\t<div class=\"elementor-widget-container\">\n\t\t\t\t\t\t\t\t\t<div class=\"elementor-button-wrapper\">\n\t\t\t\t\t<a class=\"elementor-button elementor-button-link elementor-size-sm\" href=\"mailto:annie.premachuk@ochfoundation.ca\">\n\t\t\t\t\t\t<span class=\"elementor-button-content-wrapper\">\n\t\t\t\t\t\t\t\t\t<span class=\"elementor-button-text\">Contactez notre \u00e9quipe<\/span>\n\t\t\t\t\t<\/span>\n\t\t\t\t\t<\/a>\n\t\t\t\t<\/div>\n\t\t\t\t\t\t\t\t<\/div>\n\t\t\t\t<\/div>\n\t\t\t\t<\/div>\n\t\t\t\t<\/div>\n\t\t\t\t\t<\/div>\n\t\t\t\t<\/div>\n\t\t<div class=\"elementor-element elementor-element-f600a7e e-flex e-con-boxed e-con e-parent\" data-id=\"f600a7e\" data-element_type=\"container\" data-e-type=\"container\">\n\t\t\t\t\t<div class=\"e-con-inner\">\n\t\t<div class=\"elementor-element elementor-element-ec7a400 e-con-full e-flex e-con e-child\" data-id=\"ec7a400\" data-element_type=\"container\" data-e-type=\"container\">\n\t\t\t\t<div class=\"elementor-element elementor-element-4f05517 elementor-widget elementor-widget-heading\" data-id=\"4f05517\" data-element_type=\"widget\" data-e-type=\"widget\" data-widget_type=\"heading.default\">\n\t\t\t\t<div class=\"elementor-widget-container\">\n\t\t\t\t\t<h2 class=\"elementor-heading-title elementor-size-default\">Pack-a-Thon<\/h2>\t\t\t\t<\/div>\n\t\t\t\t<\/div>\n\t\t\t\t<div class=\"elementor-element elementor-element-f26f2f2 elementor-widget elementor-widget-text-editor\" data-id=\"f26f2f2\" data-element_type=\"widget\" data-e-type=\"widget\" data-widget_type=\"text-editor.default\">\n\t\t\t\t<div class=\"elementor-widget-container\">\n\t\t\t\t\t\t\t\t\t<p data-start=\"1599\" data-end=\"1790\">Participez \u00e0 notre \u00e9v\u00e9nement d&#8217;emballage de 24 heures en ao\u00fbt afin de pr\u00e9parer plus de 2 000 sacs \u00e0 dos pour les enfants et les jeunes (de la maternelle \u00e0 la terminale). Aidez-nous \u00e0 faire en sorte que chaque \u00e9l\u00e8ve commence l&rsquo;\u00e9cole pr\u00eat \u00e0 apprendre avec les outils dont il a besoin pour r\u00e9ussir. <\/p><p data-start=\"1792\" data-end=\"1810\"><strong data-start=\"1792\" data-end=\"1808\">Parrainage :<\/strong> 5 000 $ ou plus pour r\u00e9server le cr\u00e9neau horaire de votre \u00e9quipe, avec diff\u00e9rents niveaux de reconnaissance disponibles.<\/p>\t\t\t\t\t\t\t\t<\/div>\n\t\t\t\t<\/div>\n\t\t\t\t<\/div>\n\t\t\t\t\t<\/div>\n\t\t\t\t<\/div>\n\t\t<div class=\"elementor-element elementor-element-e5cfa26 e-grid e-con-boxed e-con e-parent\" data-id=\"e5cfa26\" data-element_type=\"container\" data-e-type=\"container\">\n\t\t\t\t\t<div class=\"e-con-inner\">\n\t\t\t\t<div class=\"elementor-element elementor-element-cfc9c1f elementor-align-center elementor-widget elementor-widget-button\" data-id=\"cfc9c1f\" data-element_type=\"widget\" data-e-type=\"widget\" data-widget_type=\"button.default\">\n\t\t\t\t<div class=\"elementor-widget-container\">\n\t\t\t\t\t\t\t\t\t<div class=\"elementor-button-wrapper\">\n\t\t\t\t\t<a class=\"elementor-button elementor-button-link elementor-size-sm\" href=\"https:\/\/ochfoundation.ca\/fr\/simpliquer\/evenements-et-collectes-de-fonds\/pack-a-thon\/\">\n\t\t\t\t\t\t<span class=\"elementor-button-content-wrapper\">\n\t\t\t\t\t\t\t\t\t<span class=\"elementor-button-text\">En savoir plus sur l'\u00e9v\u00e9nement<\/span>\n\t\t\t\t\t<\/span>\n\t\t\t\t\t<\/a>\n\t\t\t\t<\/div>\n\t\t\t\t\t\t\t\t<\/div>\n\t\t\t\t<\/div>\n\t\t\t\t<div class=\"elementor-element elementor-element-d27a45b elementor-align-center elementor-widget elementor-widget-button\" data-id=\"d27a45b\" data-element_type=\"widget\" data-e-type=\"widget\" data-widget_type=\"button.default\">\n\t\t\t\t<div class=\"elementor-widget-container\">\n\t\t\t\t\t\t\t\t\t<div class=\"elementor-button-wrapper\">\n\t\t\t\t\t<a class=\"elementor-button elementor-button-link elementor-size-sm\" href=\"mailto:annie.premachuk@ochfoundation.ca\">\n\t\t\t\t\t\t<span class=\"elementor-button-content-wrapper\">\n\t\t\t\t\t\t\t\t\t<span class=\"elementor-button-text\">Contactez notre \u00e9quipe<\/span>\n\t\t\t\t\t<\/span>\n\t\t\t\t\t<\/a>\n\t\t\t\t<\/div>\n\t\t\t\t\t\t\t\t<\/div>\n\t\t\t\t<\/div>\n\t\t\t\t\t<\/div>\n\t\t\t\t<\/div>\n\t\t<div class=\"elementor-element elementor-element-56fc75d e-flex e-con-boxed e-con e-parent\" data-id=\"56fc75d\" data-element_type=\"container\" data-e-type=\"container\">\n\t\t\t\t\t<div class=\"e-con-inner\">\n\t\t\t\t<div class=\"elementor-element elementor-element-1d44697 elementor-widget elementor-widget-heading\" data-id=\"1d44697\" data-element_type=\"widget\" data-e-type=\"widget\" data-widget_type=\"heading.default\">\n\t\t\t\t<div class=\"elementor-widget-container\">\n\t\t\t\t\t<h2 class=\"elementor-heading-title elementor-size-default\">\u00c9v\u00e9nements \u00c0 vos v\u00e9los<\/h2>\t\t\t\t<\/div>\n\t\t\t\t<\/div>\n\t\t\t\t<div class=\"elementor-element elementor-element-446f3b3 elementor-widget elementor-widget-text-editor\" data-id=\"446f3b3\" data-element_type=\"widget\" data-e-type=\"widget\" data-widget_type=\"text-editor.default\">\n\t\t\t\t<div class=\"elementor-widget-container\">\n\t\t\t\t\t\t\t\t\t<p data-start=\"1599\" data-end=\"1790\">Mobilisez votre \u00e9quipe et contribuez \u00e0 offrir la mobilit\u00e9 aux locataires des communaut\u00e9s de la LCO. Parrainez l&rsquo;un de nos \u00e9v\u00e9nements \u00ab \u00c0 vos v\u00e9los \u00bb, au cours desquels des v\u00e9los, des casques, des lumi\u00e8res et des antivols sont distribu\u00e9s directement aux enfants, aux jeunes et aux adultes. Les \u00e9v\u00e9nements \u00ab \u00c0 vos v\u00e9los \u00bb ont lieu chaque ann\u00e9e entre avril et ao\u00fbt.  <\/p><p data-start=\"2141\" data-end=\"2156\"><strong data-start=\"2141\" data-end=\"2154\">Don :<\/strong><\/p><ul><li data-start=\"2141\" data-end=\"2156\">1 000 $ minimum pour 10 \u00e0 15 employ\u00e9s<\/li><li data-start=\"2141\" data-end=\"2156\">Admissible \u00e0 un re\u00e7u fiscal pour don de bienfaisance<\/li><\/ul>\t\t\t\t\t\t\t\t<\/div>\n\t\t\t\t<\/div>\n\t\t\t\t\t<\/div>\n\t\t\t\t<\/div>\n\t\t<div class=\"elementor-element elementor-element-72dc5bf e-grid e-con-boxed e-con e-parent\" data-id=\"72dc5bf\" data-element_type=\"container\" data-e-type=\"container\">\n\t\t\t\t\t<div class=\"e-con-inner\">\n\t\t\t\t<div class=\"elementor-element elementor-element-5277587 elementor-align-center elementor-widget elementor-widget-button\" data-id=\"5277587\" data-element_type=\"widget\" data-e-type=\"widget\" data-widget_type=\"button.default\">\n\t\t\t\t<div class=\"elementor-widget-container\">\n\t\t\t\t\t\t\t\t\t<div class=\"elementor-button-wrapper\">\n\t\t\t\t\t<a class=\"elementor-button elementor-button-link elementor-size-sm\" href=\"https:\/\/ochfoundation.ca\/fr\/programmes\/a-vos-velos\/\">\n\t\t\t\t\t\t<span class=\"elementor-button-content-wrapper\">\n\t\t\t\t\t\t\t\t\t<span class=\"elementor-button-text\">En savoir plus sur \u00c0 vos v\u00e9los<\/span>\n\t\t\t\t\t<\/span>\n\t\t\t\t\t<\/a>\n\t\t\t\t<\/div>\n\t\t\t\t\t\t\t\t<\/div>\n\t\t\t\t<\/div>\n\t\t\t\t<div class=\"elementor-element elementor-element-1246fce elementor-align-center elementor-widget elementor-widget-button\" data-id=\"1246fce\" data-element_type=\"widget\" data-e-type=\"widget\" data-widget_type=\"button.default\">\n\t\t\t\t<div class=\"elementor-widget-container\">\n\t\t\t\t\t\t\t\t\t<div class=\"elementor-button-wrapper\">\n\t\t\t\t\t<a class=\"elementor-button elementor-button-link elementor-size-sm\" href=\"mailto:annie.premachuk@ochfoundation.ca\">\n\t\t\t\t\t\t<span class=\"elementor-button-content-wrapper\">\n\t\t\t\t\t\t\t\t\t<span class=\"elementor-button-text\">Contactez notre \u00e9quipe<\/span>\n\t\t\t\t\t<\/span>\n\t\t\t\t\t<\/a>\n\t\t\t\t<\/div>\n\t\t\t\t\t\t\t\t<\/div>\n\t\t\t\t<\/div>\n\t\t\t\t\t<\/div>\n\t\t\t\t<\/div>\n\t\t\t\t<\/div>\n\t\t","protected":false},"excerpt":{"rendered":"<p>FA\u00c7ONS DE DONNER DONS D&rsquo;ENTREPRISE Des communaut\u00e9s fortes se construisent lorsque les entreprises s&rsquo;engagent avec d\u00e9termination. \u00c0 la Fondation LCO, les entreprises partenaires contribuent \u00e0 cr\u00e9er des opportunit\u00e9s pour les familles d&rsquo;Ottawa en investissant dans des programmes, des \u00e9v\u00e9nements et des initiatives qui \u00e9liminent les obstacles et ouvrent des portes. Votre \u00e9quipe peut s&rsquo;impliquer de [&hellip;]<\/p>\n","protected":false},"author":3,"featured_media":7488,"parent":3832,"menu_order":0,"comment_status":"closed","ping_status":"closed","template":"","meta":{"footnotes":""},"class_list":["post-3836","page","type-page","status-publish","has-post-thumbnail","hentry"],"_links":{"self":[{"href":"https:\/\/ochfoundation.ca\/fr\/wp-json\/wp\/v2\/pages\/3836","targetHints":{"allow":["GET"]}}],"collection":[{"href":"https:\/\/ochfoundation.ca\/fr\/wp-json\/wp\/v2\/pages"}],"about":[{"href":"https:\/\/ochfoundation.ca\/fr\/wp-json\/wp\/v2\/types\/page"}],"author":[{"embeddable":true,"href":"https:\/\/ochfoundation.ca\/fr\/wp-json\/wp\/v2\/users\/3"}],"replies":[{"embeddable":true,"href":"https:\/\/ochfoundation.ca\/fr\/wp-json\/wp\/v2\/comments?post=3836"}],"version-history":[{"count":5,"href":"https:\/\/ochfoundation.ca\/fr\/wp-json\/wp\/v2\/pages\/3836\/revisions"}],"predecessor-version":[{"id":8223,"href":"https:\/\/ochfoundation.ca\/fr\/wp-json\/wp\/v2\/pages\/3836\/revisions\/8223"}],"up":[{"embeddable":true,"href":"https:\/\/ochfoundation.ca\/fr\/wp-json\/wp\/v2\/pages\/3832"}],"wp:featuredmedia":[{"embeddable":true,"href":"https:\/\/ochfoundation.ca\/fr\/wp-json\/wp\/v2\/media\/7488"}],"wp:attachment":[{"href":"https:\/\/ochfoundation.ca\/fr\/wp-json\/wp\/v2\/media?parent=3836"}],"curies":[{"name":"wp","href":"https:\/\/api.w.org\/{rel}","templated":true}]}}