{"id":3838,"date":"2023-09-22T08:54:38","date_gmt":"2023-09-22T12:54:38","guid":{"rendered":"http:\/\/159.89.124.43\/comment-donner\/faire-un-don-dactions-ou-dautres-titres\/"},"modified":"2026-03-11T09:19:14","modified_gmt":"2026-03-11T13:19:14","slug":"faire-un-don-dactions-ou-dautres-titres","status":"publish","type":"page","link":"https:\/\/ochfoundation.ca\/fr\/simpliquer\/comment-donner\/faire-un-don-dactions-ou-dautres-titres\/","title":{"rendered":"Faire un don d&rsquo;actions ou d&rsquo;autres titres"},"content":{"rendered":"\t\t<div data-elementor-type=\"wp-page\" data-elementor-id=\"3838\" class=\"elementor elementor-3838 elementor-1597\" data-elementor-post-type=\"page\">\n\t\t\t\t<div class=\"elementor-element elementor-element-bb15c95 e-flex e-con-boxed e-con e-parent\" data-id=\"bb15c95\" data-element_type=\"container\" data-e-type=\"container\">\n\t\t\t\t\t<div class=\"e-con-inner\">\n\t\t<div class=\"elementor-element elementor-element-f6b066c e-con-full e-flex e-con e-child\" data-id=\"f6b066c\" data-element_type=\"container\" data-e-type=\"container\">\n\t\t<div class=\"elementor-element elementor-element-35501b9 e-con-full e-flex e-con e-child\" data-id=\"35501b9\" data-element_type=\"container\" data-e-type=\"container\" data-settings=\"{&quot;background_background&quot;:&quot;classic&quot;}\">\n\t\t\t\t<div class=\"elementor-element elementor-element-f852536 elementor-widget elementor-widget-heading\" data-id=\"f852536\" data-element_type=\"widget\" data-e-type=\"widget\" data-widget_type=\"heading.default\">\n\t\t\t\t<div class=\"elementor-widget-container\">\n\t\t\t\t\t<h2 class=\"elementor-heading-title elementor-size-default\">FA\u00c7ONS DE DONNER<\/h2>\t\t\t\t<\/div>\n\t\t\t\t<\/div>\n\t\t\t\t<div class=\"elementor-element elementor-element-6492024 elementor-widget elementor-widget-heading\" data-id=\"6492024\" data-element_type=\"widget\" data-e-type=\"widget\" data-widget_type=\"heading.default\">\n\t\t\t\t<div class=\"elementor-widget-container\">\n\t\t\t\t\t<h2 class=\"elementor-heading-title elementor-size-default\">FAIRE UN DON D'ACTIONS<\/h2>\t\t\t\t<\/div>\n\t\t\t\t<\/div>\n\t\t\t\t<\/div>\n\t\t<div class=\"elementor-element elementor-element-2c5c008 e-con-full e-flex e-con e-child\" data-id=\"2c5c008\" data-element_type=\"container\" data-e-type=\"container\" data-settings=\"{&quot;background_background&quot;:&quot;classic&quot;}\">\n\t\t\t\t<\/div>\n\t\t\t\t<\/div>\n\t\t\t\t\t<\/div>\n\t\t\t\t<\/div>\n\t\t<div class=\"elementor-element elementor-element-3e14dfa e-flex e-con-boxed e-con e-parent\" data-id=\"3e14dfa\" data-element_type=\"container\" data-e-type=\"container\">\n\t\t\t\t\t<div class=\"e-con-inner\">\n\t\t\t\t<div class=\"elementor-element elementor-element-fa029a8 elementor-widget elementor-widget-heading\" data-id=\"fa029a8\" data-element_type=\"widget\" data-e-type=\"widget\" data-widget_type=\"heading.default\">\n\t\t\t\t<div class=\"elementor-widget-container\">\n\t\t\t\t\t<h2 class=\"elementor-heading-title elementor-size-default\">Une fa\u00e7on significative de donner, une fa\u00e7on r\u00e9fl\u00e9chie de planifier<\/h2>\t\t\t\t<\/div>\n\t\t\t\t<\/div>\n\t\t\t\t<div class=\"elementor-element elementor-element-bacb5a2 elementor-widget elementor-widget-text-editor\" data-id=\"bacb5a2\" data-element_type=\"widget\" data-e-type=\"widget\" data-widget_type=\"text-editor.default\">\n\t\t\t\t<div class=\"elementor-widget-container\">\n\t\t\t\t\t\t\t\t\t<p>Avez-vous envisag\u00e9 de faire don d&rsquo;actions et de titres cot\u00e9s en bourse ? Si vous d\u00e9tenez des actions, des obligations ou des fonds communs de placement qui ont pris de la valeur au fil du temps, les donner directement \u00e0 la Fondation LCO peut \u00eatre un moyen efficace de soutenir les familles tout en b\u00e9n\u00e9ficiant d&rsquo;avantages fiscaux. <\/p><p>Le don de titres est une d\u00e9cision tr\u00e8s personnelle, souvent li\u00e9e \u00e0 une planification \u00e0 long terme ou \u00e0 des moments importants de la vie. Si vous envisagez cette option et souhaitez en savoir plus, notre \u00e9quipe se fera un plaisir de vous renseigner. Nous sommes l\u00e0 pour vous fournir des informations, r\u00e9pondre \u00e0 toutes vos questions et vous aider de la mani\u00e8re qui vous convient le mieux.  <\/p>\t\t\t\t\t\t\t\t<\/div>\n\t\t\t\t<\/div>\n\t\t\t\t<div class=\"elementor-element elementor-element-ce5a3b4 elementor-align-center elementor-widget elementor-widget-button\" data-id=\"ce5a3b4\" data-element_type=\"widget\" data-e-type=\"widget\" data-widget_type=\"button.default\">\n\t\t\t\t<div class=\"elementor-widget-container\">\n\t\t\t\t\t\t\t\t\t<div class=\"elementor-button-wrapper\">\n\t\t\t\t\t<a class=\"elementor-button elementor-button-link elementor-size-sm\" href=\"mailto:annie.premachuk@ochfoundation.ca\">\n\t\t\t\t\t\t<span class=\"elementor-button-content-wrapper\">\n\t\t\t\t\t\t\t\t\t<span class=\"elementor-button-text\">Contactez notre \u00e9quipe<\/span>\n\t\t\t\t\t<\/span>\n\t\t\t\t\t<\/a>\n\t\t\t\t<\/div>\n\t\t\t\t\t\t\t\t<\/div>\n\t\t\t\t<\/div>\n\t\t\t\t<div class=\"elementor-element elementor-element-feb4d3d elementor-widget elementor-widget-heading\" data-id=\"feb4d3d\" data-element_type=\"widget\" data-e-type=\"widget\" data-widget_type=\"heading.default\">\n\t\t\t\t<div class=\"elementor-widget-container\">\n\t\t\t\t\t<h2 class=\"elementor-heading-title elementor-size-default\">Comment fonctionne le don d'actions et de titres ?<\/h2>\t\t\t\t<\/div>\n\t\t\t\t<\/div>\n\t\t\t\t<div class=\"elementor-element elementor-element-41cebf7 elementor-widget elementor-widget-text-editor\" data-id=\"41cebf7\" data-element_type=\"widget\" data-e-type=\"widget\" data-widget_type=\"text-editor.default\">\n\t\t\t\t<div class=\"elementor-widget-container\">\n\t\t\t\t\t\t\t\t\t<p>Lorsque vous vendez des actions et des titres, vous \u00eates g\u00e9n\u00e9ralement impos\u00e9 sur 50 % de la plus-value. Cependant, lorsque vous les transf\u00e9rez directement \u00e0 un organisme de bienfaisance enregistr\u00e9 : <\/p><ul><li>Vous ne payez pas d&rsquo;imp\u00f4t sur les plus-values r\u00e9alis\u00e9es.<\/li><li>Vous recevez un re\u00e7u fiscal pour don de bienfaisance correspondant \u00e0 la juste valeur marchande totale des titres \u00e0 la date du transfert.<\/li><li>The charitable tax receipt can be used to help offset your income taxes.<\/li><\/ul><p>Cela peut vous permettre de faire un don plus important que si vous vendiez d&rsquo;abord les titres et donniez ensuite le produit apr\u00e8s imp\u00f4t.<\/p>\t\t\t\t\t\t\t\t<\/div>\n\t\t\t\t<\/div>\n\t\t\t\t<div class=\"elementor-element elementor-element-5dc83c8 elementor-widget elementor-widget-heading\" data-id=\"5dc83c8\" data-element_type=\"widget\" data-e-type=\"widget\" data-widget_type=\"heading.default\">\n\t\t\t\t<div class=\"elementor-widget-container\">\n\t\t\t\t\t<h2 class=\"elementor-heading-title elementor-size-default\">Le don de titres vous convient-il ?<\/h2>\t\t\t\t<\/div>\n\t\t\t\t<\/div>\n\t\t\t\t<div class=\"elementor-element elementor-element-6a4a829 elementor-widget elementor-widget-text-editor\" data-id=\"6a4a829\" data-element_type=\"widget\" data-e-type=\"widget\" data-widget_type=\"text-editor.default\">\n\t\t\t\t<div class=\"elementor-widget-container\">\n\t\t\t\t\t\t\t\t\t<p>Vous pouvez envisager cette option si :<\/p><ul><li>Vous d\u00e9tenez des titres cot\u00e9s en bourse dont la valeur a augment\u00e9.<\/li><li>Vous envisagez de faire un don ponctuel plus important.<\/li><li>Vous examinez votre planification fiscale de fin d&rsquo;ann\u00e9e.<\/li><li>Vous souhaitez maximiser votre impact tout en \u00e9tant fiscalement avis\u00e9.<\/li><\/ul><p>La situation de chaque donateur est unique. Nous vous encourageons vivement \u00e0 consulter votre conseiller financier ou votre conseiller fiscal afin de comprendre comment cette strat\u00e9gie s&rsquo;applique \u00e0 votre cas. <\/p>\t\t\t\t\t\t\t\t<\/div>\n\t\t\t\t<\/div>\n\t\t\t\t<div class=\"elementor-element elementor-element-a33c7f1 elementor-widget elementor-widget-heading\" data-id=\"a33c7f1\" data-element_type=\"widget\" data-e-type=\"widget\" data-widget_type=\"heading.default\">\n\t\t\t\t<div class=\"elementor-widget-container\">\n\t\t\t\t\t<h2 class=\"elementor-heading-title elementor-size-default\">Exemple : don de titres boursiers ou don en esp\u00e8ces<\/h2>\t\t\t\t<\/div>\n\t\t\t\t<\/div>\n\t\t\t\t<div class=\"elementor-element elementor-element-be4052d elementor-widget elementor-widget-text-editor\" data-id=\"be4052d\" data-element_type=\"widget\" data-e-type=\"widget\" data-widget_type=\"text-editor.default\">\n\t\t\t\t<div class=\"elementor-widget-container\">\n\t\t\t\t\t\t\t\t\t<p>Imaginez qu&rsquo;une personne ait achet\u00e9 des actions pour 50 000 $ qui valent d\u00e9sormais 100 000 $, ce qui lui rapporte un gain en capital de 50 000 $.<\/p><p>Si les actions sont vendues avant le don, 50 % de la plus-value (25 000 $) est imposable. Les imp\u00f4ts sont pay\u00e9s sur ce montant et seul le produit restant est donn\u00e9. <\/p><p>Si les actions sont transf\u00e9r\u00e9es directement \u00e0 la Fondation LCO, aucun imp\u00f4t sur les gains en capital n&rsquo;est payable. Un re\u00e7u fiscal pour don de bienfaisance est \u00e9mis pour la juste valeur marchande totale de 100 000 $. Le donateur peut b\u00e9n\u00e9ficier d&rsquo;un avantage fiscal consid\u00e9rablement plus important. Selon le taux d&rsquo;imposition du donateur, la diff\u00e9rence peut \u00eatre substantielle, tant en termes d&rsquo;\u00e9conomies d&rsquo;imp\u00f4t que d&rsquo;impact sur les personnes vivant dans les communaut\u00e9s de la LCO.   <\/p><p><strong>Remarque :<\/strong> cet exemple est simplifi\u00e9 \u00e0 des fins d&rsquo;illustration. Consultez toujours votre conseiller juridique ou fiscal pour obtenir des conseils adapt\u00e9s \u00e0 votre situation. <\/p>\t\t\t\t\t\t\t\t<\/div>\n\t\t\t\t<\/div>\n\t\t\t\t<div class=\"elementor-element elementor-element-f3ce095 elementor-widget elementor-widget-heading\" data-id=\"f3ce095\" data-element_type=\"widget\" data-e-type=\"widget\" data-widget_type=\"heading.default\">\n\t\t\t\t<div class=\"elementor-widget-container\">\n\t\t\t\t\t<h2 class=\"elementor-heading-title elementor-size-default\">Pourquoi est-ce important ?<\/h2>\t\t\t\t<\/div>\n\t\t\t\t<\/div>\n\t\t\t\t<div class=\"elementor-element elementor-element-87b688a elementor-widget elementor-widget-text-editor\" data-id=\"87b688a\" data-element_type=\"widget\" data-e-type=\"widget\" data-widget_type=\"text-editor.default\">\n\t\t\t\t<div class=\"elementor-widget-container\">\n\t\t\t\t\t\t\t\t\t<p>Lorsque vous faites don d&rsquo;actions et de titres \u00e0 la Fondation LCO, vous investissez directement dans l&rsquo;avenir. Votre don contribue \u00e0 soutenir et \u00e0 d\u00e9velopper des programmes qui offrent des bourses aux \u00e9tudiants de niveau postsecondaire, permettent aux enfants et aux jeunes d&rsquo;avoir acc\u00e8s \u00e0 des activit\u00e9s r\u00e9cr\u00e9atives tout au long de l&rsquo;ann\u00e9e, soutiennent le mentorat et les possibilit\u00e9s de formation professionnelle pour les jeunes et aident les gens \u00e0 stabiliser leur situation et \u00e0 s&rsquo;\u00e9panouir. Pour les plus de 33 000 locataires qui vivent dans les communaut\u00e9s de la LCO, votre g\u00e9n\u00e9rosit\u00e9 apporte un changement r\u00e9el et mesurable.  <\/p>\t\t\t\t\t\t\t\t<\/div>\n\t\t\t\t<\/div>\n\t\t\t\t<div class=\"elementor-element elementor-element-a95ea55 elementor-widget elementor-widget-heading\" data-id=\"a95ea55\" data-element_type=\"widget\" data-e-type=\"widget\" data-widget_type=\"heading.default\">\n\t\t\t\t<div class=\"elementor-widget-container\">\n\t\t\t\t\t<h2 class=\"elementor-heading-title elementor-size-default\">Nous sommes l\u00e0 pour vous aider<\/h2>\t\t\t\t<\/div>\n\t\t\t\t<\/div>\n\t\t\t\t<div class=\"elementor-element elementor-element-c7f247d elementor-widget elementor-widget-text-editor\" data-id=\"c7f247d\" data-element_type=\"widget\" data-e-type=\"widget\" data-widget_type=\"text-editor.default\">\n\t\t\t\t<div class=\"elementor-widget-container\">\n\t\t\t\t\t\t\t\t\t<p>\u00c9tant donn\u00e9 que les dons de titres n\u00e9cessitent une coordination avec les institutions financi\u00e8res, nous vous recommandons de nous contacter avant d&rsquo;effectuer un transfert. Nous pouvons : <\/p><ul><li>Fournir nos informations de courtage<\/li><li>Partager un formulaire de transfert simple, \u00e9tape par \u00e9tape<\/li><li>Si vous le souhaitez, coordonnez-vous avec votre conseiller.<\/li><li>Assurez-vous que votre don soit trait\u00e9 sans encombre et confirm\u00e9 rapidement.<\/li><li>Mais surtout, nous sommes l\u00e0 pour discuter, en toute confidentialit\u00e9 et sans pression.<\/li><\/ul><p>Si vous envisagez de faire un don de titres, veuillez contacter Annie Premachuk, Gestionnaire des partenariats et de l&rsquo;innovation. Nous serions honor\u00e9s de discuter avec vous de la mani\u00e8re dont votre investissement peut aider les habitants de notre ville \u00e0 s&rsquo;\u00e9panouir. <\/p>\t\t\t\t\t\t\t\t<\/div>\n\t\t\t\t<\/div>\n\t\t\t\t<div class=\"elementor-element elementor-element-1e52149 elementor-align-center elementor-widget elementor-widget-button\" data-id=\"1e52149\" data-element_type=\"widget\" data-e-type=\"widget\" data-widget_type=\"button.default\">\n\t\t\t\t<div class=\"elementor-widget-container\">\n\t\t\t\t\t\t\t\t\t<div class=\"elementor-button-wrapper\">\n\t\t\t\t\t<a class=\"elementor-button elementor-button-link elementor-size-sm\" href=\"mailto:annie.premachuk@ochfoundation.ca\">\n\t\t\t\t\t\t<span class=\"elementor-button-content-wrapper\">\n\t\t\t\t\t\t\t\t\t<span class=\"elementor-button-text\">Contactez-nous<\/span>\n\t\t\t\t\t<\/span>\n\t\t\t\t\t<\/a>\n\t\t\t\t<\/div>\n\t\t\t\t\t\t\t\t<\/div>\n\t\t\t\t<\/div>\n\t\t\t\t\t<\/div>\n\t\t\t\t<\/div>\n\t\t\t\t<\/div>\n\t\t","protected":false},"excerpt":{"rendered":"<p>FA\u00c7ONS DE DONNER FAIRE UN DON D&rsquo;ACTIONS Une fa\u00e7on significative de donner, une fa\u00e7on r\u00e9fl\u00e9chie de planifier Avez-vous envisag\u00e9 de faire don d&rsquo;actions et de titres cot\u00e9s en bourse ? Si vous d\u00e9tenez des actions, des obligations ou des fonds communs de placement qui ont pris de la valeur au fil du temps, les donner [&hellip;]<\/p>\n","protected":false},"author":3,"featured_media":7548,"parent":3832,"menu_order":0,"comment_status":"closed","ping_status":"closed","template":"","meta":{"footnotes":""},"class_list":["post-3838","page","type-page","status-publish","has-post-thumbnail","hentry"],"_links":{"self":[{"href":"https:\/\/ochfoundation.ca\/fr\/wp-json\/wp\/v2\/pages\/3838","targetHints":{"allow":["GET"]}}],"collection":[{"href":"https:\/\/ochfoundation.ca\/fr\/wp-json\/wp\/v2\/pages"}],"about":[{"href":"https:\/\/ochfoundation.ca\/fr\/wp-json\/wp\/v2\/types\/page"}],"author":[{"embeddable":true,"href":"https:\/\/ochfoundation.ca\/fr\/wp-json\/wp\/v2\/users\/3"}],"replies":[{"embeddable":true,"href":"https:\/\/ochfoundation.ca\/fr\/wp-json\/wp\/v2\/comments?post=3838"}],"version-history":[{"count":5,"href":"https:\/\/ochfoundation.ca\/fr\/wp-json\/wp\/v2\/pages\/3838\/revisions"}],"predecessor-version":[{"id":8227,"href":"https:\/\/ochfoundation.ca\/fr\/wp-json\/wp\/v2\/pages\/3838\/revisions\/8227"}],"up":[{"embeddable":true,"href":"https:\/\/ochfoundation.ca\/fr\/wp-json\/wp\/v2\/pages\/3832"}],"wp:featuredmedia":[{"embeddable":true,"href":"https:\/\/ochfoundation.ca\/fr\/wp-json\/wp\/v2\/media\/7548"}],"wp:attachment":[{"href":"https:\/\/ochfoundation.ca\/fr\/wp-json\/wp\/v2\/media?parent=3838"}],"curies":[{"name":"wp","href":"https:\/\/api.w.org\/{rel}","templated":true}]}}