{"id":3840,"date":"2023-09-22T08:55:04","date_gmt":"2023-09-22T12:55:04","guid":{"rendered":"http:\/\/159.89.124.43\/comment-donner\/organiser-une-collecte-de-fonds\/"},"modified":"2026-03-11T08:58:06","modified_gmt":"2026-03-11T12:58:06","slug":"organiser-une-collecte-de-fonds","status":"publish","type":"page","link":"https:\/\/ochfoundation.ca\/fr\/simpliquer\/evenements-et-collectes-de-fonds\/organiser-une-collecte-de-fonds\/","title":{"rendered":"Organiser une collecte de fonds"},"content":{"rendered":"\t\t<div data-elementor-type=\"wp-page\" data-elementor-id=\"3840\" class=\"elementor elementor-3840 elementor-1601\" data-elementor-post-type=\"page\">\n\t\t\t\t<div class=\"elementor-element elementor-element-f465ae6 e-flex e-con-boxed e-con e-parent\" data-id=\"f465ae6\" data-element_type=\"container\" data-e-type=\"container\">\n\t\t\t\t\t<div class=\"e-con-inner\">\n\t\t<div class=\"elementor-element elementor-element-f462ae8 e-con-full e-flex e-con e-child\" data-id=\"f462ae8\" data-element_type=\"container\" data-e-type=\"container\">\n\t\t<div class=\"elementor-element elementor-element-26692b2 e-con-full e-flex e-con e-child\" data-id=\"26692b2\" data-element_type=\"container\" data-e-type=\"container\">\n\t\t<div class=\"elementor-element elementor-element-e4740ea e-con-full e-flex e-con e-child\" data-id=\"e4740ea\" data-element_type=\"container\" data-e-type=\"container\" data-settings=\"{&quot;background_background&quot;:&quot;classic&quot;}\">\n\t\t\t\t<div class=\"elementor-element elementor-element-c630c66 elementor-widget elementor-widget-heading\" data-id=\"c630c66\" data-element_type=\"widget\" data-e-type=\"widget\" data-widget_type=\"heading.default\">\n\t\t\t\t<div class=\"elementor-widget-container\">\n\t\t\t\t\t<h2 class=\"elementor-heading-title elementor-size-default\">\u00c9V\u00c9NEMENTS ET COLLECTES DE FONDS<\/h2>\t\t\t\t<\/div>\n\t\t\t\t<\/div>\n\t\t\t\t<div class=\"elementor-element elementor-element-6529e30 elementor-widget elementor-widget-heading\" data-id=\"6529e30\" data-element_type=\"widget\" data-e-type=\"widget\" data-widget_type=\"heading.default\">\n\t\t\t\t<div class=\"elementor-widget-container\">\n\t\t\t\t\t<h2 class=\"elementor-heading-title elementor-size-default\">ORGANISEZ UNE COLLECTE DE FONDS<\/h2>\t\t\t\t<\/div>\n\t\t\t\t<\/div>\n\t\t\t\t<\/div>\n\t\t<div class=\"elementor-element elementor-element-b03e75a e-con-full e-flex e-con e-child\" data-id=\"b03e75a\" data-element_type=\"container\" data-e-type=\"container\" data-settings=\"{&quot;background_background&quot;:&quot;classic&quot;}\">\n\t\t\t\t<\/div>\n\t\t\t\t<\/div>\n\t\t\t\t<\/div>\n\t\t\t\t\t<\/div>\n\t\t\t\t<\/div>\n\t\t<div class=\"elementor-element elementor-element-25c7ac7 e-flex e-con-boxed e-con e-parent\" data-id=\"25c7ac7\" data-element_type=\"container\" data-e-type=\"container\">\n\t\t\t\t\t<div class=\"e-con-inner\">\n\t\t\t\t<div class=\"elementor-element elementor-element-3b861a0 elementor-widget elementor-widget-text-editor\" data-id=\"3b861a0\" data-element_type=\"widget\" data-e-type=\"widget\" data-widget_type=\"text-editor.default\">\n\t\t\t\t<div class=\"elementor-widget-container\">\n\t\t\t\t\t\t\t\t\t<p><span style=\"letter-spacing: -0.2px;\">Organiser un \u00e9v\u00e9nement pour soutenir la Fondation LCO est une excellente fa\u00e7on pour votre famille, vos amis, vos coll\u00e8gues et votre communaut\u00e9 de se rassembler pour faire une diff\u00e9rence dans la vie de certains des r\u00e9sidents les plus vuln\u00e9rables d&rsquo;Ottawa.<\/span><\/p><p><span style=\"font-weight: 400;\">Il est facile pour les personnes, les groupes, les entreprises, les \u00e9coles ou les \u00e9quipes d&rsquo;organiser une collecte de fonds pour soutenir la Fondation LCO. <\/span><\/p><p><span style=\"font-weight: 400;\"><span style=\"text-decoration: underline;\"><a href=\"mailto:annie.premachuk@ochfoundation.ca\">Contactez notre \u00e9quipe<\/a><\/span> pour en savoir plus !<\/span><\/p>\t\t\t\t\t\t\t\t<\/div>\n\t\t\t\t<\/div>\n\t\t\t\t\t<\/div>\n\t\t\t\t<\/div>\n\t\t<div class=\"elementor-element elementor-element-fdba564 e-flex e-con-boxed e-con e-parent\" data-id=\"fdba564\" data-element_type=\"container\" data-e-type=\"container\">\n\t\t\t\t\t<div class=\"e-con-inner\">\n\t\t\t\t<div class=\"elementor-element elementor-element-2ccacef elementor-widget elementor-widget-heading\" data-id=\"2ccacef\" data-element_type=\"widget\" data-e-type=\"widget\" data-widget_type=\"heading.default\">\n\t\t\t\t<div class=\"elementor-widget-container\">\n\t\t\t\t\t<h1 class=\"elementor-heading-title elementor-size-default\">Consultez notre trousse \u00e0 outils pour la collecte de fonds aupr\u00e8s de tiers.<\/h1>\t\t\t\t<\/div>\n\t\t\t\t<\/div>\n\t\t\t\t\t<\/div>\n\t\t\t\t<\/div>\n\t\t<div class=\"elementor-element elementor-element-d37580c e-grid e-con-boxed e-con e-parent\" data-id=\"d37580c\" data-element_type=\"container\" data-e-type=\"container\">\n\t\t\t\t\t<div class=\"e-con-inner\">\n\t\t\t\t<div class=\"elementor-element elementor-element-62df36f elementor-widget elementor-widget-image\" data-id=\"62df36f\" data-element_type=\"widget\" data-e-type=\"widget\" data-widget_type=\"image.default\">\n\t\t\t\t<div class=\"elementor-widget-container\">\n\t\t\t\t\t\t\t\t\t\t\t\t\t\t\t\t<a href=\"https:\/\/ochfoundation.ca\/wp-content\/uploads\/2025\/03\/Fundraising-Toolkit-2025-1.pdf\">\n\t\t\t\t\t\t\t<img fetchpriority=\"high\" decoding=\"async\" width=\"3375\" height=\"3375\" src=\"https:\/\/ochfoundation.ca\/wp-content\/uploads\/2025\/03\/1.png\" class=\"attachment-full size-full wp-image-5483\" alt=\"\" srcset=\"https:\/\/ochfoundation.ca\/wp-content\/uploads\/2025\/03\/1.png 3375w, https:\/\/ochfoundation.ca\/wp-content\/uploads\/2025\/03\/1-300x300.png 300w, https:\/\/ochfoundation.ca\/wp-content\/uploads\/2025\/03\/1-1024x1024.png 1024w, https:\/\/ochfoundation.ca\/wp-content\/uploads\/2025\/03\/1-150x150.png 150w, https:\/\/ochfoundation.ca\/wp-content\/uploads\/2025\/03\/1-768x768.png 768w, https:\/\/ochfoundation.ca\/wp-content\/uploads\/2025\/03\/1-1536x1536.png 1536w, https:\/\/ochfoundation.ca\/wp-content\/uploads\/2025\/03\/1-2048x2048.png 2048w\" sizes=\"(max-width: 3375px) 100vw, 3375px\" \/>\t\t\t\t\t\t\t\t<\/a>\n\t\t\t\t\t\t\t\t\t\t\t\t\t\t\t<\/div>\n\t\t\t\t<\/div>\n\t\t\t\t<div class=\"elementor-element elementor-element-1bef98f elementor-widget elementor-widget-text-editor\" data-id=\"1bef98f\" data-element_type=\"widget\" data-e-type=\"widget\" data-widget_type=\"text-editor.default\">\n\t\t\t\t<div class=\"elementor-widget-container\">\n\t\t\t\t\t\t\t\t\t<p><span style=\"text-align: var(--text-align); color: var( --e-global-color-secondary ); letter-spacing: -0.2px;\">Vous pr\u00e9voyez organiser une collecte de fonds pour soutenir la Fondation LCO ? <\/span><\/p><p> <\/p><p>Notre trousse \u00e0 outils pour la collecte de fonds par des tiers contient tout ce dont vous avez besoin pour vous lancer ! Vous y trouverez des ressources pour vous aider \u00e0 planifier et \u00e0 collaborer, ainsi que des directives essentielles pour garantir le bon d\u00e9roulement et le succ\u00e8s de votre collecte de fonds.  <\/p>\t\t\t\t\t\t\t\t<\/div>\n\t\t\t\t<\/div>\n\t\t\t\t\t<\/div>\n\t\t\t\t<\/div>\n\t\t<div class=\"elementor-element elementor-element-f8d5415 e-flex e-con-boxed e-con e-parent\" data-id=\"f8d5415\" data-element_type=\"container\" data-e-type=\"container\">\n\t\t\t\t\t<div class=\"e-con-inner\">\n\t\t\t\t<div class=\"elementor-element elementor-element-68a2c4a elementor-widget elementor-widget-text-editor\" data-id=\"68a2c4a\" data-element_type=\"widget\" data-e-type=\"widget\" data-widget_type=\"text-editor.default\">\n\t\t\t\t<div class=\"elementor-widget-container\">\n\t\t\t\t\t\t\t\t\t<p>Pr\u00eat \u00e0 faire bouger les choses ?<strong data-start=\"306\" data-end=\"349\"><a href=\"https:\/\/forms.office.com\/Pages\/ResponsePage.aspx?id=2_iq92PG3UGrVsrZinU8zjlxxeUNfptOvrdUk8abQ8ZUODFLNFU2NTBPR05YOThRR0xQMldLNEFWUy4u\" data-wplink-edit=\"true\"> Soumettez votre demande d&rsquo;\u00e9v\u00e9nement ici.<\/a><\/strong><\/p>\t\t\t\t\t\t\t\t<\/div>\n\t\t\t\t<\/div>\n\t\t\t\t\t<\/div>\n\t\t\t\t<\/div>\n\t\t\t\t<\/div>\n\t\t","protected":false},"excerpt":{"rendered":"<p>\u00c9V\u00c9NEMENTS ET COLLECTES DE FONDS ORGANISEZ UNE COLLECTE DE FONDS Organiser un \u00e9v\u00e9nement pour soutenir la Fondation LCO est une excellente fa\u00e7on pour votre famille, vos amis, vos coll\u00e8gues et votre communaut\u00e9 de se rassembler pour faire une diff\u00e9rence dans la vie de certains des r\u00e9sidents les plus vuln\u00e9rables d&rsquo;Ottawa. Il est facile pour les [&hellip;]<\/p>\n","protected":false},"author":3,"featured_media":6415,"parent":7503,"menu_order":0,"comment_status":"closed","ping_status":"closed","template":"","meta":{"footnotes":""},"class_list":["post-3840","page","type-page","status-publish","has-post-thumbnail","hentry"],"_links":{"self":[{"href":"https:\/\/ochfoundation.ca\/fr\/wp-json\/wp\/v2\/pages\/3840","targetHints":{"allow":["GET"]}}],"collection":[{"href":"https:\/\/ochfoundation.ca\/fr\/wp-json\/wp\/v2\/pages"}],"about":[{"href":"https:\/\/ochfoundation.ca\/fr\/wp-json\/wp\/v2\/types\/page"}],"author":[{"embeddable":true,"href":"https:\/\/ochfoundation.ca\/fr\/wp-json\/wp\/v2\/users\/3"}],"replies":[{"embeddable":true,"href":"https:\/\/ochfoundation.ca\/fr\/wp-json\/wp\/v2\/comments?post=3840"}],"version-history":[{"count":16,"href":"https:\/\/ochfoundation.ca\/fr\/wp-json\/wp\/v2\/pages\/3840\/revisions"}],"predecessor-version":[{"id":8154,"href":"https:\/\/ochfoundation.ca\/fr\/wp-json\/wp\/v2\/pages\/3840\/revisions\/8154"}],"up":[{"embeddable":true,"href":"https:\/\/ochfoundation.ca\/fr\/wp-json\/wp\/v2\/pages\/7503"}],"wp:featuredmedia":[{"embeddable":true,"href":"https:\/\/ochfoundation.ca\/fr\/wp-json\/wp\/v2\/media\/6415"}],"wp:attachment":[{"href":"https:\/\/ochfoundation.ca\/fr\/wp-json\/wp\/v2\/media?parent=3840"}],"curies":[{"name":"wp","href":"https:\/\/api.w.org\/{rel}","templated":true}]}}