{"id":3842,"date":"2023-09-22T08:54:12","date_gmt":"2023-09-22T12:54:12","guid":{"rendered":"http:\/\/159.89.124.43\/comment-donner\/laissez-un-heritage\/"},"modified":"2026-03-09T14:53:47","modified_gmt":"2026-03-09T18:53:47","slug":"laissez-un-heritage","status":"publish","type":"page","link":"https:\/\/ochfoundation.ca\/fr\/simpliquer\/comment-donner\/laissez-un-heritage\/","title":{"rendered":"Laissez un h\u00e9ritage"},"content":{"rendered":"\t\t<div data-elementor-type=\"wp-page\" data-elementor-id=\"3842\" class=\"elementor elementor-3842 elementor-1593\" data-elementor-post-type=\"page\">\n\t\t\t\t<div class=\"elementor-element elementor-element-387d6c4 e-flex e-con-boxed e-con e-parent\" data-id=\"387d6c4\" data-element_type=\"container\" data-e-type=\"container\">\n\t\t\t\t\t<div class=\"e-con-inner\">\n\t\t<div class=\"elementor-element elementor-element-9483f14 e-con-full e-flex e-con e-child\" data-id=\"9483f14\" data-element_type=\"container\" data-e-type=\"container\">\n\t\t<div class=\"elementor-element elementor-element-4a9c0d4 e-con-full e-flex e-con e-child\" data-id=\"4a9c0d4\" data-element_type=\"container\" data-e-type=\"container\" data-settings=\"{&quot;background_background&quot;:&quot;classic&quot;}\">\n\t\t\t\t<div class=\"elementor-element elementor-element-8a6bc38 elementor-widget elementor-widget-heading\" data-id=\"8a6bc38\" data-element_type=\"widget\" data-e-type=\"widget\" data-widget_type=\"heading.default\">\n\t\t\t\t<div class=\"elementor-widget-container\">\n\t\t\t\t\t<h2 class=\"elementor-heading-title elementor-size-default\">FA\u00c7ONS DE DONNER<\/h2>\t\t\t\t<\/div>\n\t\t\t\t<\/div>\n\t\t\t\t<div class=\"elementor-element elementor-element-291726a elementor-widget elementor-widget-heading\" data-id=\"291726a\" data-element_type=\"widget\" data-e-type=\"widget\" data-widget_type=\"heading.default\">\n\t\t\t\t<div class=\"elementor-widget-container\">\n\t\t\t\t\t<h2 class=\"elementor-heading-title elementor-size-default\">LAISSEZ UN H\u00c9RITAGE<\/h2>\t\t\t\t<\/div>\n\t\t\t\t<\/div>\n\t\t\t\t<\/div>\n\t\t<div class=\"elementor-element elementor-element-8268b41 e-con-full e-flex e-con e-child\" data-id=\"8268b41\" data-element_type=\"container\" data-e-type=\"container\" data-settings=\"{&quot;background_background&quot;:&quot;classic&quot;}\">\n\t\t\t\t<\/div>\n\t\t\t\t<\/div>\n\t\t\t\t\t<\/div>\n\t\t\t\t<\/div>\n\t\t<div class=\"elementor-element elementor-element-f06c2eb e-flex e-con-boxed e-con e-parent\" data-id=\"f06c2eb\" data-element_type=\"container\" data-e-type=\"container\">\n\t\t\t\t\t<div class=\"e-con-inner\">\n\t\t\t\t<div class=\"elementor-element elementor-element-cc589b9 elementor-widget elementor-widget-heading\" data-id=\"cc589b9\" data-element_type=\"widget\" data-e-type=\"widget\" data-widget_type=\"heading.default\">\n\t\t\t\t<div class=\"elementor-widget-container\">\n\t\t\t\t\t<h2 class=\"elementor-heading-title elementor-size-default\">Votre h\u00e9ritage. Leur avenir. <\/h2>\t\t\t\t<\/div>\n\t\t\t\t<\/div>\n\t\t\t\t<div class=\"elementor-element elementor-element-a02148a elementor-widget elementor-widget-text-editor\" data-id=\"a02148a\" data-element_type=\"widget\" data-e-type=\"widget\" data-widget_type=\"text-editor.default\">\n\t\t\t\t<div class=\"elementor-widget-container\">\n\t\t\t\t\t\t\t\t\t<p>Les dons testamentaires constituent un moyen significatif d&rsquo;avoir un impact durable gr\u00e2ce \u00e0 un don futur \u00e0 la Fondation LCO. En incluant la Fondation dans votre planification successorale, vous pouvez contribuer \u00e0 garantir que les personnes vivant dans la Soci\u00e9t\u00e9 de logement communautaire d\u2019Ottawa (LCO) aient acc\u00e8s aux programmes et aux opportunit\u00e9s dont elles ont besoin pour s&rsquo;\u00e9panouir. <\/p><p>Un don testamentaire peut prendre plusieurs formes, notamment :<\/p><ul><li>Un legs dans votre testament<\/li><li>Un cadeau sous forme d&rsquo;assurance-vie<\/li><li>D\u00e9signer la Fondation LCO comme b\u00e9n\u00e9ficiaire d&rsquo;un r\u00e9gime enregistr\u00e9 (REER, FERR, CELI)<\/li><li>Une fiducie caritative r\u00e9siduelle ou autre don planifi\u00e9<\/li><\/ul><p>Chaque don testamentaire est unique et refl\u00e8te les valeurs, les priorit\u00e9s et les exp\u00e9riences v\u00e9cues du donateur. \u00c0 la Fondation LCO, les dons testamentaires sont ax\u00e9s sur les relations.  Nous prenons le temps de vous \u00e9couter, de comprendre ce qui compte le plus pour vous et d&rsquo;explorer comment votre futur don peut correspondre \u00e0 vos valeurs et \u00e0 vos espoirs pour la communaut\u00e9. <\/p><p>En choisissant de faire un don testamentaire, vous rejoignez une communaut\u00e9 de sympathisants compatissants qui croient que chacun m\u00e9rite non seulement un endroit o\u00f9 vivre, mais aussi la stabilit\u00e9 et la possibilit\u00e9 de s&rsquo;\u00e9panouir pleinement. Contactez-nous pour entamer la conversation. <\/p>\t\t\t\t\t\t\t\t<\/div>\n\t\t\t\t<\/div>\n\t\t\t\t<div class=\"elementor-element elementor-element-2637580 elementor-align-center elementor-widget elementor-widget-button\" data-id=\"2637580\" data-element_type=\"widget\" data-e-type=\"widget\" data-widget_type=\"button.default\">\n\t\t\t\t<div class=\"elementor-widget-container\">\n\t\t\t\t\t\t\t\t\t<div class=\"elementor-button-wrapper\">\n\t\t\t\t\t<a class=\"elementor-button elementor-button-link elementor-size-sm\" href=\"mailto:annie.premachuk@ochfoundation.ca\">\n\t\t\t\t\t\t<span class=\"elementor-button-content-wrapper\">\n\t\t\t\t\t\t\t\t\t<span class=\"elementor-button-text\">Nous contacter<\/span>\n\t\t\t\t\t<\/span>\n\t\t\t\t\t<\/a>\n\t\t\t\t<\/div>\n\t\t\t\t\t\t\t\t<\/div>\n\t\t\t\t<\/div>\n\t\t\t\t<div class=\"elementor-element elementor-element-e2a03e5 elementor-widget elementor-widget-heading\" data-id=\"e2a03e5\" data-element_type=\"widget\" data-e-type=\"widget\" data-widget_type=\"heading.default\">\n\t\t\t\t<div class=\"elementor-widget-container\">\n\t\t\t\t\t<h2 class=\"elementor-heading-title elementor-size-default\">L'impact de votre h\u00e9ritage<\/h2>\t\t\t\t<\/div>\n\t\t\t\t<\/div>\n\t\t\t\t<div class=\"elementor-element elementor-element-7df81d8 elementor-widget elementor-widget-text-editor\" data-id=\"7df81d8\" data-element_type=\"widget\" data-e-type=\"widget\" data-widget_type=\"text-editor.default\">\n\t\t\t\t<div class=\"elementor-widget-container\">\n\t\t\t\t\t\t\t\t\t<p>Votre legs pourrait contribuer \u00e0 fournir :<\/p><ul><li>Aide alimentaire am\u00e9lior\u00e9e pour les r\u00e9sidents gr\u00e2ce \u00e0 notre programme Pr\u00eat pour demain<\/li><li>Bourses pour les r\u00e9sidents qui poursuivent des \u00e9tudes postsecondaires dans le cadre de notre programme La Bourse d\u2019\u00e9tudes Apprendre M\u2019inspire<\/li><li>Sacs \u00e0 dos et fournitures scolaires gr\u00e2ce \u00e0 notre programme Pack-a-Sack<\/li><li>Faites d\u00e9couvrir aux enfants les joies des arts et du sport gr\u00e2ce \u00e0 notre programme recLINK, et bien plus encore&#8230;<\/li><\/ul><p>Les dons testamentaires renforcent notre viabilit\u00e9 \u00e0 long terme, nous permettant de planifier de mani\u00e8re r\u00e9fl\u00e9chie et d&rsquo;investir dans des initiatives qui ont un impact durable sur les personnes vivant dans les communaut\u00e9s de la LCO.<\/p>\t\t\t\t\t\t\t\t<\/div>\n\t\t\t\t<\/div>\n\t\t\t\t<div class=\"elementor-element elementor-element-8344dae elementor-widget elementor-widget-heading\" data-id=\"8344dae\" data-element_type=\"widget\" data-e-type=\"widget\" data-widget_type=\"heading.default\">\n\t\t\t\t<div class=\"elementor-widget-container\">\n\t\t\t\t\t<h2 class=\"elementor-heading-title elementor-size-default\">Avantages fiscaux des dons testamentaires<\/h2>\t\t\t\t<\/div>\n\t\t\t\t<\/div>\n\t\t\t\t<div class=\"elementor-element elementor-element-f066950 elementor-widget elementor-widget-text-editor\" data-id=\"f066950\" data-element_type=\"widget\" data-e-type=\"widget\" data-widget_type=\"text-editor.default\">\n\t\t\t\t<div class=\"elementor-widget-container\">\n\t\t\t\t\t\t\t\t\t<p>Les dons testamentaires peuvent offrir des avantages fiscaux importants \u00e0 votre succession. Au Canada, les dons de bienfaisance faits par testament peuvent donner lieu \u00e0 des re\u00e7us fiscaux qui peuvent compenser les obligations fiscales de votre succession. Les dons de certains actifs, tels que les titres cot\u00e9s en bourse, peuvent \u00e9galement r\u00e9duire ou \u00e9liminer l&rsquo;imp\u00f4t sur les gains en capital. Nous vous encourageons \u00e0 consulter votre avocat, votre conseiller financier ou votre comptable pour comprendre comment un don testamentaire peut s&rsquo;harmoniser avec vos objectifs g\u00e9n\u00e9raux en mati\u00e8re de planification successorale et fiscale.   <\/p><p>Nous reconnaissons que la planification successorale est \u00e0 la fois pratique et profond\u00e9ment personnelle. Notre \u00e9quipe est \u00e0 votre disposition pour discuter avec vous, en toute confidentialit\u00e9 et sans obligation, et, si vous le souhaitez, avec vos conseillers professionnels. Nous sommes l\u00e0 pour r\u00e9pondre \u00e0 vos questions, vous fournir des exemples de clauses testamentaires et veiller \u00e0 ce que vos souhaits soient respect\u00e9s avec soin et consid\u00e9ration.  <\/p>\t\t\t\t\t\t\t\t<\/div>\n\t\t\t\t<\/div>\n\t\t\t\t\t<\/div>\n\t\t\t\t<\/div>\n\t\t<div class=\"elementor-element elementor-element-5fd2260 e-flex e-con-boxed e-con e-parent\" data-id=\"5fd2260\" data-element_type=\"container\" data-e-type=\"container\">\n\t\t\t\t\t<div class=\"e-con-inner\">\n\t\t\t\t<div class=\"elementor-element elementor-element-3c70efc elementor-align-center elementor-widget elementor-widget-button\" data-id=\"3c70efc\" data-element_type=\"widget\" data-e-type=\"widget\" data-widget_type=\"button.default\">\n\t\t\t\t<div class=\"elementor-widget-container\">\n\t\t\t\t\t\t\t\t\t<div class=\"elementor-button-wrapper\">\n\t\t\t\t\t<a class=\"elementor-button elementor-button-link elementor-size-sm\" href=\"mailto:annie.premachuk@ochfoundation.ca\">\n\t\t\t\t\t\t<span class=\"elementor-button-content-wrapper\">\n\t\t\t\t\t\t\t\t\t<span class=\"elementor-button-text\">Nous contacter<\/span>\n\t\t\t\t\t<\/span>\n\t\t\t\t\t<\/a>\n\t\t\t\t<\/div>\n\t\t\t\t\t\t\t\t<\/div>\n\t\t\t\t<\/div>\n\t\t\t\t\t<\/div>\n\t\t\t\t<\/div>\n\t\t\t\t<\/div>\n\t\t","protected":false},"excerpt":{"rendered":"<p>FA\u00c7ONS DE DONNER LAISSEZ UN H\u00c9RITAGE Votre h\u00e9ritage. Leur avenir. Les dons testamentaires constituent un moyen significatif d&rsquo;avoir un impact durable gr\u00e2ce \u00e0 un don futur \u00e0 la Fondation LCO. En incluant la Fondation dans votre planification successorale, vous pouvez contribuer \u00e0 garantir que les personnes vivant dans la Soci\u00e9t\u00e9 de logement communautaire d\u2019Ottawa (LCO) [&hellip;]<\/p>\n","protected":false},"author":3,"featured_media":7969,"parent":3832,"menu_order":0,"comment_status":"closed","ping_status":"closed","template":"","meta":{"footnotes":""},"class_list":["post-3842","page","type-page","status-publish","has-post-thumbnail","hentry"],"_links":{"self":[{"href":"https:\/\/ochfoundation.ca\/fr\/wp-json\/wp\/v2\/pages\/3842","targetHints":{"allow":["GET"]}}],"collection":[{"href":"https:\/\/ochfoundation.ca\/fr\/wp-json\/wp\/v2\/pages"}],"about":[{"href":"https:\/\/ochfoundation.ca\/fr\/wp-json\/wp\/v2\/types\/page"}],"author":[{"embeddable":true,"href":"https:\/\/ochfoundation.ca\/fr\/wp-json\/wp\/v2\/users\/3"}],"replies":[{"embeddable":true,"href":"https:\/\/ochfoundation.ca\/fr\/wp-json\/wp\/v2\/comments?post=3842"}],"version-history":[{"count":7,"href":"https:\/\/ochfoundation.ca\/fr\/wp-json\/wp\/v2\/pages\/3842\/revisions"}],"predecessor-version":[{"id":8111,"href":"https:\/\/ochfoundation.ca\/fr\/wp-json\/wp\/v2\/pages\/3842\/revisions\/8111"}],"up":[{"embeddable":true,"href":"https:\/\/ochfoundation.ca\/fr\/wp-json\/wp\/v2\/pages\/3832"}],"wp:featuredmedia":[{"embeddable":true,"href":"https:\/\/ochfoundation.ca\/fr\/wp-json\/wp\/v2\/media\/7969"}],"wp:attachment":[{"href":"https:\/\/ochfoundation.ca\/fr\/wp-json\/wp\/v2\/media?parent=3842"}],"curies":[{"name":"wp","href":"https:\/\/api.w.org\/{rel}","templated":true}]}}