{"id":3846,"date":"2023-08-02T09:59:27","date_gmt":"2023-08-02T13:59:27","guid":{"rendered":"http:\/\/159.89.124.43\/simpliquer\/"},"modified":"2026-03-09T10:58:28","modified_gmt":"2026-03-09T14:58:28","slug":"simpliquer","status":"publish","type":"page","link":"https:\/\/ochfoundation.ca\/fr\/simpliquer\/","title":{"rendered":"S&rsquo;IMPLIQUER"},"content":{"rendered":"\t\t<div data-elementor-type=\"wp-page\" data-elementor-id=\"3846\" class=\"elementor elementor-3846 elementor-41\" data-elementor-post-type=\"page\">\n\t\t\t\t<div class=\"elementor-element elementor-element-182d88e4 e-con-full e-flex e-con e-parent\" data-id=\"182d88e4\" data-element_type=\"container\" data-e-type=\"container\">\n\t\t<div class=\"elementor-element elementor-element-5fc7c7a5 e-con-full e-flex e-con e-child\" data-id=\"5fc7c7a5\" data-element_type=\"container\" data-e-type=\"container\" data-settings=\"{&quot;background_background&quot;:&quot;classic&quot;}\">\n\t\t\t\t<div class=\"elementor-element elementor-element-49121733 elementor-widget elementor-widget-heading\" data-id=\"49121733\" data-element_type=\"widget\" data-e-type=\"widget\" data-widget_type=\"heading.default\">\n\t\t\t\t<div class=\"elementor-widget-container\">\n\t\t\t\t\t<h2 class=\"elementor-heading-title elementor-size-default\">FONDATION LCO<\/h2>\t\t\t\t<\/div>\n\t\t\t\t<\/div>\n\t\t\t\t<div class=\"elementor-element elementor-element-fdc8148 elementor-widget elementor-widget-heading\" data-id=\"fdc8148\" data-element_type=\"widget\" data-e-type=\"widget\" data-widget_type=\"heading.default\">\n\t\t\t\t<div class=\"elementor-widget-container\">\n\t\t\t\t\t<h2 class=\"elementor-heading-title elementor-size-default\">S'IMPLIQUER<\/h2>\t\t\t\t<\/div>\n\t\t\t\t<\/div>\n\t\t\t\t<\/div>\n\t\t<div class=\"elementor-element elementor-element-5bd9a508 e-con-full e-flex e-con e-child\" data-id=\"5bd9a508\" data-element_type=\"container\" data-e-type=\"container\" data-settings=\"{&quot;background_background&quot;:&quot;classic&quot;}\">\n\t\t\t\t<\/div>\n\t\t\t\t<\/div>\n\t\t<div class=\"elementor-element elementor-element-be5d39f e-flex e-con-boxed e-con e-parent\" data-id=\"be5d39f\" data-element_type=\"container\" data-e-type=\"container\">\n\t\t\t\t\t<div class=\"e-con-inner\">\n\t\t\t\t<div class=\"elementor-element elementor-element-658375b elementor-widget elementor-widget-text-editor\" data-id=\"658375b\" data-element_type=\"widget\" data-e-type=\"widget\" data-widget_type=\"text-editor.default\">\n\t\t\t\t<div class=\"elementor-widget-container\">\n\t\t\t\t\t\t\t\t\t<p data-start=\"17\" data-end=\"514\">Des communaut\u00e9s fortes se construisent lorsque les gens choisissent de s&rsquo;investir en donnant de leur temps, de leurs ressources et de leur conviction en une ville plus inclusive. \u00c0 la Fondation LCO, nous travaillons aux c\u00f4t\u00e9s des locataires vivant dans les communaut\u00e9s de la Soci\u00e9t\u00e9 de logement communautaire d\u2019Ottawa (LCO) afin d&rsquo;\u00e9largir les possibilit\u00e9s, d&rsquo;am\u00e9liorer le bien-\u00eatre g\u00e9n\u00e9ral et de cr\u00e9er un avenir meilleur pour tous. Nos programmes sont ax\u00e9s sur la communaut\u00e9, ont un impact r\u00e9el et sont fond\u00e9s sur la dignit\u00e9.  <\/p><p data-start=\"17\" data-end=\"514\">Il existe plusieurs fa\u00e7ons significatives de participer \u00e0 notre travail. Que vous soyez pr\u00eat \u00e0 faire un don, \u00e0 faire du b\u00e9n\u00e9volat, \u00e0 assister \u00e0 un \u00e9v\u00e9nement ou \u00e0 rejoindre notre petite mais puissante \u00e9quipe, votre implication contribue \u00e0 transformer la compassion en action. <\/p>\t\t\t\t\t\t\t\t<\/div>\n\t\t\t\t<\/div>\n\t\t\t\t<div class=\"elementor-element elementor-element-b646bcc elementor-widget elementor-widget-heading\" data-id=\"b646bcc\" data-element_type=\"widget\" data-e-type=\"widget\" data-widget_type=\"heading.default\">\n\t\t\t\t<div class=\"elementor-widget-container\">\n\t\t\t\t\t<h2 class=\"elementor-heading-title elementor-size-default\">Impliquez-vous<\/h2>\t\t\t\t<\/div>\n\t\t\t\t<\/div>\n\t\t\t\t\t<\/div>\n\t\t\t\t<\/div>\n\t\t<div class=\"elementor-element elementor-element-b1c65de e-flex e-con-boxed e-con e-parent\" data-id=\"b1c65de\" data-element_type=\"container\" data-e-type=\"container\">\n\t\t\t\t\t<div class=\"e-con-inner\">\n\t\t<div class=\"elementor-element elementor-element-dada27f e-con-full e-flex e-con e-child\" data-id=\"dada27f\" data-element_type=\"container\" data-e-type=\"container\">\n\t\t<div class=\"elementor-element elementor-element-51f1dbf e-con-full e-flex e-con e-child\" data-id=\"51f1dbf\" data-element_type=\"container\" data-e-type=\"container\">\n\t\t<div class=\"elementor-element elementor-element-50d151c e-con-full e-flex e-con e-child\" data-id=\"50d151c\" data-element_type=\"container\" data-e-type=\"container\">\n\t\t\t\t<div class=\"elementor-element elementor-element-52db1a9 elementor-widget elementor-widget-image\" data-id=\"52db1a9\" data-element_type=\"widget\" data-e-type=\"widget\" data-widget_type=\"image.default\">\n\t\t\t\t<div class=\"elementor-widget-container\">\n\t\t\t\t\t\t\t\t\t\t\t\t\t\t\t\t<a href=\"https:\/\/ochfoundation.ca\/fr\/simpliquer\/comment-donner\/\">\n\t\t\t\t\t\t\t<img fetchpriority=\"high\" decoding=\"async\" width=\"2560\" height=\"1707\" src=\"https:\/\/ochfoundation.ca\/wp-content\/uploads\/2025\/11\/DSC09521-9-scaled.jpg\" class=\"attachment-full size-full wp-image-6298\" alt=\"\" srcset=\"https:\/\/ochfoundation.ca\/wp-content\/uploads\/2025\/11\/DSC09521-9-scaled.jpg 2560w, https:\/\/ochfoundation.ca\/wp-content\/uploads\/2025\/11\/DSC09521-9-300x200.jpg 300w, https:\/\/ochfoundation.ca\/wp-content\/uploads\/2025\/11\/DSC09521-9-1024x683.jpg 1024w, https:\/\/ochfoundation.ca\/wp-content\/uploads\/2025\/11\/DSC09521-9-768x512.jpg 768w, https:\/\/ochfoundation.ca\/wp-content\/uploads\/2025\/11\/DSC09521-9-1536x1024.jpg 1536w, https:\/\/ochfoundation.ca\/wp-content\/uploads\/2025\/11\/DSC09521-9-2048x1365.jpg 2048w\" sizes=\"(max-width: 2560px) 100vw, 2560px\" \/>\t\t\t\t\t\t\t\t<\/a>\n\t\t\t\t\t\t\t\t\t\t\t\t\t\t\t<\/div>\n\t\t\t\t<\/div>\n\t\t\t\t<div class=\"elementor-element elementor-element-90b6a81 elementor-widget elementor-widget-heading\" data-id=\"90b6a81\" data-element_type=\"widget\" data-e-type=\"widget\" data-widget_type=\"heading.default\">\n\t\t\t\t<div class=\"elementor-widget-container\">\n\t\t\t\t\t<h3 class=\"elementor-heading-title elementor-size-default\"><a href=\"https:\/\/ochfoundation.ca\/fr\/simpliquer\/comment-donner\/\">Fa\u00e7ons de donner<\/a><\/h3>\t\t\t\t<\/div>\n\t\t\t\t<\/div>\n\t\t\t\t<div class=\"elementor-element elementor-element-aba1e2e elementor-widget elementor-widget-heading\" data-id=\"aba1e2e\" data-element_type=\"widget\" data-e-type=\"widget\" data-widget_type=\"heading.default\">\n\t\t\t\t<div class=\"elementor-widget-container\">\n\t\t\t\t\t<p class=\"elementor-heading-title elementor-size-default\">D\u00e9couvrez les nombreuses fa\u00e7ons dont vous pouvez soutenir notre travail, des dons mensuels aux dons d'entreprise et aux legs.<\/p>\t\t\t\t<\/div>\n\t\t\t\t<\/div>\n\t\t\t\t<div class=\"elementor-element elementor-element-455916b elementor-align-center elementor-widget elementor-widget-button\" data-id=\"455916b\" data-element_type=\"widget\" data-e-type=\"widget\" data-widget_type=\"button.default\">\n\t\t\t\t<div class=\"elementor-widget-container\">\n\t\t\t\t\t\t\t\t\t<div class=\"elementor-button-wrapper\">\n\t\t\t\t\t<a class=\"elementor-button elementor-button-link elementor-size-sm\" href=\"https:\/\/ochfoundation.ca\/fr\/simpliquer\/comment-donner\/\">\n\t\t\t\t\t\t<span class=\"elementor-button-content-wrapper\">\n\t\t\t\t\t\t\t\t\t<span class=\"elementor-button-text\">Savoir plus<\/span>\n\t\t\t\t\t<\/span>\n\t\t\t\t\t<\/a>\n\t\t\t\t<\/div>\n\t\t\t\t\t\t\t\t<\/div>\n\t\t\t\t<\/div>\n\t\t\t\t<\/div>\n\t\t<div class=\"elementor-element elementor-element-bb29e8c e-con-full e-flex e-con e-child\" data-id=\"bb29e8c\" data-element_type=\"container\" data-e-type=\"container\">\n\t\t\t\t<div class=\"elementor-element elementor-element-7189adf elementor-widget elementor-widget-image\" data-id=\"7189adf\" data-element_type=\"widget\" data-e-type=\"widget\" data-widget_type=\"image.default\">\n\t\t\t\t<div class=\"elementor-widget-container\">\n\t\t\t\t\t\t\t\t\t\t\t\t\t\t\t\t<a href=\"https:\/\/ochfoundation.ca\/fr\/simpliquer\/evenements-et-collectes-de-fonds\/\">\n\t\t\t\t\t\t\t<img decoding=\"async\" width=\"2560\" height=\"1707\" src=\"https:\/\/ochfoundation.ca\/wp-content\/uploads\/2025\/09\/DSC07886-30-scaled.jpg\" class=\"attachment-full size-full wp-image-6101\" alt=\"\" srcset=\"https:\/\/ochfoundation.ca\/wp-content\/uploads\/2025\/09\/DSC07886-30-scaled.jpg 2560w, https:\/\/ochfoundation.ca\/wp-content\/uploads\/2025\/09\/DSC07886-30-300x200.jpg 300w, https:\/\/ochfoundation.ca\/wp-content\/uploads\/2025\/09\/DSC07886-30-1024x683.jpg 1024w, https:\/\/ochfoundation.ca\/wp-content\/uploads\/2025\/09\/DSC07886-30-768x512.jpg 768w, https:\/\/ochfoundation.ca\/wp-content\/uploads\/2025\/09\/DSC07886-30-1536x1024.jpg 1536w, https:\/\/ochfoundation.ca\/wp-content\/uploads\/2025\/09\/DSC07886-30-2048x1365.jpg 2048w\" sizes=\"(max-width: 2560px) 100vw, 2560px\" \/>\t\t\t\t\t\t\t\t<\/a>\n\t\t\t\t\t\t\t\t\t\t\t\t\t\t\t<\/div>\n\t\t\t\t<\/div>\n\t\t\t\t<div class=\"elementor-element elementor-element-1bff76a elementor-widget elementor-widget-heading\" data-id=\"1bff76a\" data-element_type=\"widget\" data-e-type=\"widget\" data-widget_type=\"heading.default\">\n\t\t\t\t<div class=\"elementor-widget-container\">\n\t\t\t\t\t<h3 class=\"elementor-heading-title elementor-size-default\"><a href=\"https:\/\/ochfoundation.ca\/fr\/simpliquer\/evenements-et-collectes-de-fonds\/\">\u00c9v\u00e9nements et collectes de fonds<\/a><\/h3>\t\t\t\t<\/div>\n\t\t\t\t<\/div>\n\t\t\t\t<div class=\"elementor-element elementor-element-76241f7 elementor-widget elementor-widget-heading\" data-id=\"76241f7\" data-element_type=\"widget\" data-e-type=\"widget\" data-widget_type=\"heading.default\">\n\t\t\t\t<div class=\"elementor-widget-container\">\n\t\t\t\t\t<p class=\"elementor-heading-title elementor-size-default\">Participez \u00e0 nos \u00e9v\u00e9nements phares ou organisez votre propre collecte de fonds afin de nous aider \u00e0 r\u00e9colter des fonds essentiels et \u00e0 sensibiliser le public \u00e0 nos programmes.<\/p>\t\t\t\t<\/div>\n\t\t\t\t<\/div>\n\t\t\t\t<div class=\"elementor-element elementor-element-2ffbb23 elementor-align-center elementor-widget elementor-widget-button\" data-id=\"2ffbb23\" data-element_type=\"widget\" data-e-type=\"widget\" data-widget_type=\"button.default\">\n\t\t\t\t<div class=\"elementor-widget-container\">\n\t\t\t\t\t\t\t\t\t<div class=\"elementor-button-wrapper\">\n\t\t\t\t\t<a class=\"elementor-button elementor-button-link elementor-size-sm\" href=\"https:\/\/ochfoundation.ca\/fr\/simpliquer\/evenements-et-collectes-de-fonds\/\" id=\"https:\/\/ochfoundation.ca\/get-involved\/events-fundraisers\/pack-a-thon\/\">\n\t\t\t\t\t\t<span class=\"elementor-button-content-wrapper\">\n\t\t\t\t\t\t\t\t\t<span class=\"elementor-button-text\">Savoir plus<\/span>\n\t\t\t\t\t<\/span>\n\t\t\t\t\t<\/a>\n\t\t\t\t<\/div>\n\t\t\t\t\t\t\t\t<\/div>\n\t\t\t\t<\/div>\n\t\t\t\t<\/div>\n\t\t<div class=\"elementor-element elementor-element-6362756 e-con-full e-flex e-con e-child\" data-id=\"6362756\" data-element_type=\"container\" data-e-type=\"container\">\n\t\t\t\t<div class=\"elementor-element elementor-element-7341fd7 elementor-widget elementor-widget-image\" data-id=\"7341fd7\" data-element_type=\"widget\" data-e-type=\"widget\" data-widget_type=\"image.default\">\n\t\t\t\t<div class=\"elementor-widget-container\">\n\t\t\t\t\t\t\t\t\t\t\t\t\t\t\t\t<a href=\"https:\/\/ochfoundation.ca\/fr\/simpliquer\/devenez-benevole\/\">\n\t\t\t\t\t\t\t<img decoding=\"async\" width=\"2560\" height=\"1707\" src=\"https:\/\/ochfoundation.ca\/wp-content\/uploads\/2026\/02\/DSC07179-11-scaled.jpg\" class=\"attachment-full size-full wp-image-7426\" alt=\"\" srcset=\"https:\/\/ochfoundation.ca\/wp-content\/uploads\/2026\/02\/DSC07179-11-scaled.jpg 2560w, https:\/\/ochfoundation.ca\/wp-content\/uploads\/2026\/02\/DSC07179-11-300x200.jpg 300w, https:\/\/ochfoundation.ca\/wp-content\/uploads\/2026\/02\/DSC07179-11-1024x683.jpg 1024w, https:\/\/ochfoundation.ca\/wp-content\/uploads\/2026\/02\/DSC07179-11-768x512.jpg 768w, https:\/\/ochfoundation.ca\/wp-content\/uploads\/2026\/02\/DSC07179-11-1536x1024.jpg 1536w, https:\/\/ochfoundation.ca\/wp-content\/uploads\/2026\/02\/DSC07179-11-2048x1365.jpg 2048w\" sizes=\"(max-width: 2560px) 100vw, 2560px\" \/>\t\t\t\t\t\t\t\t<\/a>\n\t\t\t\t\t\t\t\t\t\t\t\t\t\t\t<\/div>\n\t\t\t\t<\/div>\n\t\t\t\t<div class=\"elementor-element elementor-element-d597a84 elementor-widget elementor-widget-heading\" data-id=\"d597a84\" data-element_type=\"widget\" data-e-type=\"widget\" data-widget_type=\"heading.default\">\n\t\t\t\t<div class=\"elementor-widget-container\">\n\t\t\t\t\t<h3 class=\"elementor-heading-title elementor-size-default\"><a href=\"https:\/\/ochfoundation.ca\/fr\/simpliquer\/devenez-benevole\/\">Devenez b\u00e9n\u00e9vole<\/a><\/h3>\t\t\t\t<\/div>\n\t\t\t\t<\/div>\n\t\t\t\t<div class=\"elementor-element elementor-element-86003d8 elementor-widget elementor-widget-heading\" data-id=\"86003d8\" data-element_type=\"widget\" data-e-type=\"widget\" data-widget_type=\"heading.default\">\n\t\t\t\t<div class=\"elementor-widget-container\">\n\t\t\t\t\t<p class=\"elementor-heading-title elementor-size-default\">Mettez votre temps et vos comp\u00e9tences au service d'activit\u00e9s pratiques qui soutiennent directement nos programmes et les personnes vivant dans les communaut\u00e9s de la LCO.<\/p>\t\t\t\t<\/div>\n\t\t\t\t<\/div>\n\t\t\t\t<div class=\"elementor-element elementor-element-42da352 elementor-align-center elementor-widget elementor-widget-button\" data-id=\"42da352\" data-element_type=\"widget\" data-e-type=\"widget\" data-widget_type=\"button.default\">\n\t\t\t\t<div class=\"elementor-widget-container\">\n\t\t\t\t\t\t\t\t\t<div class=\"elementor-button-wrapper\">\n\t\t\t\t\t<a class=\"elementor-button elementor-button-link elementor-size-sm\" href=\"https:\/\/ochfoundation.ca\/fr\/simpliquer\/devenez-benevole\/\">\n\t\t\t\t\t\t<span class=\"elementor-button-content-wrapper\">\n\t\t\t\t\t\t\t\t\t<span class=\"elementor-button-text\">Savoir plus<\/span>\n\t\t\t\t\t<\/span>\n\t\t\t\t\t<\/a>\n\t\t\t\t<\/div>\n\t\t\t\t\t\t\t\t<\/div>\n\t\t\t\t<\/div>\n\t\t\t\t<\/div>\n\t\t<div class=\"elementor-element elementor-element-9dbd5a3 e-con-full e-flex e-con e-child\" data-id=\"9dbd5a3\" data-element_type=\"container\" data-e-type=\"container\">\n\t\t\t\t<div class=\"elementor-element elementor-element-e88eae9 elementor-widget elementor-widget-image\" data-id=\"e88eae9\" data-element_type=\"widget\" data-e-type=\"widget\" data-widget_type=\"image.default\">\n\t\t\t\t<div class=\"elementor-widget-container\">\n\t\t\t\t\t\t\t\t\t\t\t\t\t\t\t\t<a href=\"https:\/\/ochfoundation.ca\/fr\/simpliquer\/rejoindre-notre-equipe\/\">\n\t\t\t\t\t\t\t<img loading=\"lazy\" decoding=\"async\" width=\"2560\" height=\"1707\" src=\"https:\/\/ochfoundation.ca\/wp-content\/uploads\/2025\/12\/DSC03928-1-scaled.jpg\" class=\"attachment-full size-full wp-image-6381\" alt=\"\" srcset=\"https:\/\/ochfoundation.ca\/wp-content\/uploads\/2025\/12\/DSC03928-1-scaled.jpg 2560w, https:\/\/ochfoundation.ca\/wp-content\/uploads\/2025\/12\/DSC03928-1-300x200.jpg 300w, https:\/\/ochfoundation.ca\/wp-content\/uploads\/2025\/12\/DSC03928-1-1024x683.jpg 1024w, https:\/\/ochfoundation.ca\/wp-content\/uploads\/2025\/12\/DSC03928-1-768x512.jpg 768w, https:\/\/ochfoundation.ca\/wp-content\/uploads\/2025\/12\/DSC03928-1-1536x1024.jpg 1536w, https:\/\/ochfoundation.ca\/wp-content\/uploads\/2025\/12\/DSC03928-1-2048x1365.jpg 2048w\" sizes=\"(max-width: 2560px) 100vw, 2560px\" \/>\t\t\t\t\t\t\t\t<\/a>\n\t\t\t\t\t\t\t\t\t\t\t\t\t\t\t<\/div>\n\t\t\t\t<\/div>\n\t\t\t\t<div class=\"elementor-element elementor-element-117fa07 elementor-widget elementor-widget-heading\" data-id=\"117fa07\" data-element_type=\"widget\" data-e-type=\"widget\" data-widget_type=\"heading.default\">\n\t\t\t\t<div class=\"elementor-widget-container\">\n\t\t\t\t\t<h3 class=\"elementor-heading-title elementor-size-default\"><a href=\"https:\/\/ochfoundation.ca\/fr\/simpliquer\/rejoindre-notre-equipe\/\">Rejoignez notre \u00e9quipe<\/a><\/h3>\t\t\t\t<\/div>\n\t\t\t\t<\/div>\n\t\t\t\t<div class=\"elementor-element elementor-element-93de72a elementor-align-center elementor-widget elementor-widget-button\" data-id=\"93de72a\" data-element_type=\"widget\" data-e-type=\"widget\" data-widget_type=\"button.default\">\n\t\t\t\t<div class=\"elementor-widget-container\">\n\t\t\t\t\t\t\t\t\t<div class=\"elementor-button-wrapper\">\n\t\t\t\t\t<a class=\"elementor-button elementor-button-link elementor-size-sm\" href=\"https:\/\/ochfoundation.ca\/fr\/simpliquer\/rejoindre-notre-equipe\/\">\n\t\t\t\t\t\t<span class=\"elementor-button-content-wrapper\">\n\t\t\t\t\t\t\t\t\t<span class=\"elementor-button-text\">Savoir plus<\/span>\n\t\t\t\t\t<\/span>\n\t\t\t\t\t<\/a>\n\t\t\t\t<\/div>\n\t\t\t\t\t\t\t\t<\/div>\n\t\t\t\t<\/div>\n\t\t\t\t<div class=\"elementor-element elementor-element-4eb06b9 elementor-widget elementor-widget-heading\" data-id=\"4eb06b9\" data-element_type=\"widget\" data-e-type=\"widget\" data-widget_type=\"heading.default\">\n\t\t\t\t<div class=\"elementor-widget-container\">\n\t\t\t\t\t<p class=\"elementor-heading-title elementor-size-default\">D\u00e9couvrez des opportunit\u00e9s de carri\u00e8re qui ont du sens et contribuez \u00e0 avoir un impact significatif dans les communaut\u00e9s de la LCO.<\/p>\t\t\t\t<\/div>\n\t\t\t\t<\/div>\n\t\t\t\t<\/div>\n\t\t\t\t<\/div>\n\t\t\t\t<\/div>\n\t\t\t\t\t<\/div>\n\t\t\t\t<\/div>\n\t\t\t\t<\/div>\n\t\t","protected":false},"excerpt":{"rendered":"<p>FONDATION LCO S&rsquo;IMPLIQUER Des communaut\u00e9s fortes se construisent lorsque les gens choisissent de s&rsquo;investir en donnant de leur temps, de leurs ressources et de leur conviction en une ville plus inclusive. \u00c0 la Fondation LCO, nous travaillons aux c\u00f4t\u00e9s des locataires vivant dans les communaut\u00e9s de la Soci\u00e9t\u00e9 de logement communautaire d\u2019Ottawa (LCO) afin d&rsquo;\u00e9largir [&hellip;]<\/p>\n","protected":false},"author":3,"featured_media":7962,"parent":0,"menu_order":3,"comment_status":"closed","ping_status":"closed","template":"","meta":{"footnotes":""},"class_list":["post-3846","page","type-page","status-publish","has-post-thumbnail","hentry"],"_links":{"self":[{"href":"https:\/\/ochfoundation.ca\/fr\/wp-json\/wp\/v2\/pages\/3846","targetHints":{"allow":["GET"]}}],"collection":[{"href":"https:\/\/ochfoundation.ca\/fr\/wp-json\/wp\/v2\/pages"}],"about":[{"href":"https:\/\/ochfoundation.ca\/fr\/wp-json\/wp\/v2\/types\/page"}],"author":[{"embeddable":true,"href":"https:\/\/ochfoundation.ca\/fr\/wp-json\/wp\/v2\/users\/3"}],"replies":[{"embeddable":true,"href":"https:\/\/ochfoundation.ca\/fr\/wp-json\/wp\/v2\/comments?post=3846"}],"version-history":[{"count":9,"href":"https:\/\/ochfoundation.ca\/fr\/wp-json\/wp\/v2\/pages\/3846\/revisions"}],"predecessor-version":[{"id":8106,"href":"https:\/\/ochfoundation.ca\/fr\/wp-json\/wp\/v2\/pages\/3846\/revisions\/8106"}],"wp:featuredmedia":[{"embeddable":true,"href":"https:\/\/ochfoundation.ca\/fr\/wp-json\/wp\/v2\/media\/7962"}],"wp:attachment":[{"href":"https:\/\/ochfoundation.ca\/fr\/wp-json\/wp\/v2\/media?parent=3846"}],"curies":[{"name":"wp","href":"https:\/\/api.w.org\/{rel}","templated":true}]}}