{"id":3848,"date":"2023-09-22T08:56:50","date_gmt":"2023-09-22T12:56:50","guid":{"rendered":"http:\/\/159.89.124.43\/simpliquer\/rejoindre-notre-equipe\/"},"modified":"2026-03-23T09:48:49","modified_gmt":"2026-03-23T13:48:49","slug":"rejoindre-notre-equipe","status":"publish","type":"page","link":"https:\/\/ochfoundation.ca\/fr\/simpliquer\/rejoindre-notre-equipe\/","title":{"rendered":"Rejoindre notre \u00e9quipe"},"content":{"rendered":"\t\t<div data-elementor-type=\"wp-page\" data-elementor-id=\"3848\" class=\"elementor elementor-3848 elementor-1609\" data-elementor-post-type=\"page\">\n\t\t\t\t<div class=\"elementor-element elementor-element-d387cf3 e-flex e-con-boxed e-con e-parent\" data-id=\"d387cf3\" data-element_type=\"container\" data-e-type=\"container\">\n\t\t\t\t\t<div class=\"e-con-inner\">\n\t\t<div class=\"elementor-element elementor-element-0ef5fb2 e-con-full e-flex e-con e-child\" data-id=\"0ef5fb2\" data-element_type=\"container\" data-e-type=\"container\">\n\t\t<div class=\"elementor-element elementor-element-2eb848a e-con-full e-flex e-con e-child\" data-id=\"2eb848a\" data-element_type=\"container\" data-e-type=\"container\" data-settings=\"{&quot;background_background&quot;:&quot;classic&quot;}\">\n\t\t\t\t<div class=\"elementor-element elementor-element-d8f55b5 elementor-widget elementor-widget-heading\" data-id=\"d8f55b5\" data-element_type=\"widget\" data-e-type=\"widget\" data-widget_type=\"heading.default\">\n\t\t\t\t<div class=\"elementor-widget-container\">\n\t\t\t\t\t<h2 class=\"elementor-heading-title elementor-size-default\">S'IMPLIQUER<\/h2>\t\t\t\t<\/div>\n\t\t\t\t<\/div>\n\t\t\t\t<div class=\"elementor-element elementor-element-c6462cc elementor-widget elementor-widget-heading\" data-id=\"c6462cc\" data-element_type=\"widget\" data-e-type=\"widget\" data-widget_type=\"heading.default\">\n\t\t\t\t<div class=\"elementor-widget-container\">\n\t\t\t\t\t<h2 class=\"elementor-heading-title elementor-size-default\">REJOINDRE NOTRE \u00c9QUIPE<\/h2>\t\t\t\t<\/div>\n\t\t\t\t<\/div>\n\t\t\t\t<\/div>\n\t\t<div class=\"elementor-element elementor-element-1e8a729 e-con-full e-flex e-con e-child\" data-id=\"1e8a729\" data-element_type=\"container\" data-e-type=\"container\" data-settings=\"{&quot;background_background&quot;:&quot;classic&quot;}\">\n\t\t\t\t<\/div>\n\t\t\t\t<\/div>\n\t\t\t\t\t<\/div>\n\t\t\t\t<\/div>\n\t\t\t\t<section class=\"elementor-section elementor-top-section elementor-element elementor-element-c73dad0 elementor-section-boxed elementor-section-height-default elementor-section-height-default\" data-id=\"c73dad0\" data-element_type=\"section\" data-e-type=\"section\">\n\t\t\t\t\t\t<div class=\"elementor-container elementor-column-gap-default\">\n\t\t\t\t\t<div class=\"elementor-column elementor-col-100 elementor-top-column elementor-element elementor-element-cacc1a5\" data-id=\"cacc1a5\" data-element_type=\"column\" data-e-type=\"column\">\n\t\t\t<div class=\"elementor-widget-wrap elementor-element-populated\">\n\t\t\t\t\t\t<div class=\"elementor-element elementor-element-7a143ce elementor-widget elementor-widget-text-editor\" data-id=\"7a143ce\" data-element_type=\"widget\" data-e-type=\"widget\" data-widget_type=\"text-editor.default\">\n\t\t\t\t<div class=\"elementor-widget-container\">\n\t\t\t\t\t\t\t\t\t<p>Merci de l&rsquo;int\u00e9r\u00eat que vous portez \u00e0 notre \u00e9quipe. <strong>Bien que nous ne recrutions pas pour le moment<\/strong>, nous appr\u00e9cions sinc\u00e8rement que vous ayez pens\u00e9 \u00e0 nous et vous invitons \u00e0 revenir consulter nos offres \u00e0 l&rsquo;avenir.<\/p>\t\t\t\t\t\t\t\t<\/div>\n\t\t\t\t<\/div>\n\t\t\t\t\t<\/div>\n\t\t<\/div>\n\t\t\t\t\t<\/div>\n\t\t<\/section>\n\t\t\t\t<\/div>\n\t\t","protected":false},"excerpt":{"rendered":"<p>S&rsquo;IMPLIQUER REJOINDRE NOTRE \u00c9QUIPE Merci de l&rsquo;int\u00e9r\u00eat que vous portez \u00e0 notre \u00e9quipe. Bien que nous ne recrutions pas pour le moment, nous appr\u00e9cions sinc\u00e8rement que vous ayez pens\u00e9 \u00e0 nous et vous invitons \u00e0 revenir consulter nos offres \u00e0 l&rsquo;avenir.<\/p>\n","protected":false},"author":3,"featured_media":6381,"parent":3846,"menu_order":0,"comment_status":"closed","ping_status":"closed","template":"","meta":{"footnotes":""},"class_list":["post-3848","page","type-page","status-publish","has-post-thumbnail","hentry"],"_links":{"self":[{"href":"https:\/\/ochfoundation.ca\/fr\/wp-json\/wp\/v2\/pages\/3848","targetHints":{"allow":["GET"]}}],"collection":[{"href":"https:\/\/ochfoundation.ca\/fr\/wp-json\/wp\/v2\/pages"}],"about":[{"href":"https:\/\/ochfoundation.ca\/fr\/wp-json\/wp\/v2\/types\/page"}],"author":[{"embeddable":true,"href":"https:\/\/ochfoundation.ca\/fr\/wp-json\/wp\/v2\/users\/3"}],"replies":[{"embeddable":true,"href":"https:\/\/ochfoundation.ca\/fr\/wp-json\/wp\/v2\/comments?post=3848"}],"version-history":[{"count":18,"href":"https:\/\/ochfoundation.ca\/fr\/wp-json\/wp\/v2\/pages\/3848\/revisions"}],"predecessor-version":[{"id":8301,"href":"https:\/\/ochfoundation.ca\/fr\/wp-json\/wp\/v2\/pages\/3848\/revisions\/8301"}],"up":[{"embeddable":true,"href":"https:\/\/ochfoundation.ca\/fr\/wp-json\/wp\/v2\/pages\/3846"}],"wp:featuredmedia":[{"embeddable":true,"href":"https:\/\/ochfoundation.ca\/fr\/wp-json\/wp\/v2\/media\/6381"}],"wp:attachment":[{"href":"https:\/\/ochfoundation.ca\/fr\/wp-json\/wp\/v2\/media?parent=3848"}],"curies":[{"name":"wp","href":"https:\/\/api.w.org\/{rel}","templated":true}]}}