{"id":3860,"date":"2023-09-23T20:21:05","date_gmt":"2023-09-24T00:21:05","guid":{"rendered":"http:\/\/159.89.124.43\/programmes\/bourse-detudes-apprendre-minspire\/"},"modified":"2026-03-27T07:55:39","modified_gmt":"2026-03-27T11:55:39","slug":"bourse-detudes-apprendre-minspire","status":"publish","type":"page","link":"https:\/\/ochfoundation.ca\/fr\/programmes\/bourse-detudes-apprendre-minspire\/","title":{"rendered":"Bourse d&rsquo;\u00e9tudes Apprendre M\u2019inspire"},"content":{"rendered":"\t\t<div data-elementor-type=\"wp-page\" data-elementor-id=\"3860\" class=\"elementor elementor-3860 elementor-1763\" data-elementor-post-type=\"page\">\n\t\t\t\t<div class=\"elementor-element elementor-element-307fa69e e-con-full e-flex e-con e-parent\" data-id=\"307fa69e\" data-element_type=\"container\" data-e-type=\"container\">\n\t\t<div class=\"elementor-element elementor-element-31dd0ca4 e-con-full e-flex e-con e-child\" data-id=\"31dd0ca4\" data-element_type=\"container\" data-e-type=\"container\" data-settings=\"{&quot;background_background&quot;:&quot;classic&quot;}\">\n\t\t\t\t<div class=\"elementor-element elementor-element-7db5ac9b elementor-widget elementor-widget-heading\" data-id=\"7db5ac9b\" data-element_type=\"widget\" data-e-type=\"widget\" data-widget_type=\"heading.default\">\n\t\t\t\t<div class=\"elementor-widget-container\">\n\t\t\t\t\t<h2 class=\"elementor-heading-title elementor-size-default\">PROGRAMS<\/h2>\t\t\t\t<\/div>\n\t\t\t\t<\/div>\n\t\t\t\t<div class=\"elementor-element elementor-element-b562c97 elementor-widget elementor-widget-heading\" data-id=\"b562c97\" data-element_type=\"widget\" data-e-type=\"widget\" data-widget_type=\"heading.default\">\n\t\t\t\t<div class=\"elementor-widget-container\">\n\t\t\t\t\t<h2 class=\"elementor-heading-title elementor-size-default\">BOURSES D'\u00c9TUDES APPRENDRE M'INSPIRE<\/h2>\t\t\t\t<\/div>\n\t\t\t\t<\/div>\n\t\t\t\t<\/div>\n\t\t<div class=\"elementor-element elementor-element-75721373 e-con-full e-flex e-con e-child\" data-id=\"75721373\" data-element_type=\"container\" data-e-type=\"container\" data-settings=\"{&quot;background_background&quot;:&quot;classic&quot;}\">\n\t\t\t\t<\/div>\n\t\t\t\t<\/div>\n\t\t<div class=\"elementor-element elementor-element-22c1bec e-flex e-con-boxed e-con e-parent\" data-id=\"22c1bec\" data-element_type=\"container\" data-e-type=\"container\">\n\t\t\t\t\t<div class=\"e-con-inner\">\n\t\t\t\t<div class=\"elementor-element elementor-element-3cb895b elementor-widget elementor-widget-heading\" data-id=\"3cb895b\" data-element_type=\"widget\" data-e-type=\"widget\" data-widget_type=\"heading.default\">\n\t\t\t\t<div class=\"elementor-widget-container\">\n\t\t\t\t\t<h2 class=\"elementor-heading-title elementor-size-default\">Qu'est-ce que la Bourse d'\u00e9tudes Apprendre M\u2019inspire<\/h2>\t\t\t\t<\/div>\n\t\t\t\t<\/div>\n\t\t\t\t<div class=\"elementor-element elementor-element-a0faca0 elementor-widget elementor-widget-text-editor\" data-id=\"a0faca0\" data-element_type=\"widget\" data-e-type=\"widget\" data-widget_type=\"text-editor.default\">\n\t\t\t\t<div class=\"elementor-widget-container\">\n\t\t\t\t\t\t\t\t\t<p>La <strong>Bourse d&rsquo;\u00e9tudes Apprendre M\u2019inspire<\/strong> est une bourse qui offre un soutien financier aux locataires vivant dans la Soci\u00e9t\u00e9 de logement communautaire d\u2019Ottawa (LCO) qui poursuivent des \u00e9tudes postsecondaires et peuvent d\u00e9montrer qu&rsquo;ils ont besoin d&rsquo;une aide financi\u00e8re. Elle est con\u00e7ue pour aider \u00e0 r\u00e9duire les obstacles financiers qui peuvent rendre difficile la poursuite d&rsquo;\u00e9tudes sup\u00e9rieures.  En 2025, nous avons distribu\u00e9 <strong>36 bourses<\/strong>, franchissant ainsi une nouvelle \u00e9tape importante pour le programme. <\/p>\t\t\t\t\t\t\t\t<\/div>\n\t\t\t\t<\/div>\n\t\t\t\t\t<\/div>\n\t\t\t\t<\/div>\n\t\t<div class=\"elementor-element elementor-element-474f004 e-flex e-con-boxed e-con e-parent\" data-id=\"474f004\" data-element_type=\"container\" data-e-type=\"container\">\n\t\t\t\t\t<div class=\"e-con-inner\">\n\t\t<div class=\"elementor-element elementor-element-ec8aec4 e-grid e-con-full e-con e-child\" data-id=\"ec8aec4\" data-element_type=\"container\" data-e-type=\"container\">\n\t\t\t\t<div class=\"elementor-element elementor-element-154a610 elementor-align-center elementor-widget elementor-widget-button\" data-id=\"154a610\" data-element_type=\"widget\" data-e-type=\"widget\" data-widget_type=\"button.default\">\n\t\t\t\t<div class=\"elementor-widget-container\">\n\t\t\t\t\t\t\t\t\t<div class=\"elementor-button-wrapper\">\n\t\t\t\t\t<a class=\"elementor-button elementor-button-link elementor-size-sm\" href=\"https:\/\/www.surveymonkey.com\/r\/67FGMFK\">\n\t\t\t\t\t\t<span class=\"elementor-button-content-wrapper\">\n\t\t\t\t\t\t\t\t\t<span class=\"elementor-button-text\">Postuler maintenant (Anglais)<\/span>\n\t\t\t\t\t<\/span>\n\t\t\t\t\t<\/a>\n\t\t\t\t<\/div>\n\t\t\t\t\t\t\t\t<\/div>\n\t\t\t\t<\/div>\n\t\t\t\t<div class=\"elementor-element elementor-element-4659ac3 elementor-align-center elementor-widget elementor-widget-button\" data-id=\"4659ac3\" data-element_type=\"widget\" data-e-type=\"widget\" data-widget_type=\"button.default\">\n\t\t\t\t<div class=\"elementor-widget-container\">\n\t\t\t\t\t\t\t\t\t<div class=\"elementor-button-wrapper\">\n\t\t\t\t\t<a class=\"elementor-button elementor-button-link elementor-size-sm\" href=\"https:\/\/fr.surveymonkey.com\/r\/DXTJ329\">\n\t\t\t\t\t\t<span class=\"elementor-button-content-wrapper\">\n\t\t\t\t\t\t\t\t\t<span class=\"elementor-button-text\">Postuler maintenant (Fran\u00e7ais)<\/span>\n\t\t\t\t\t<\/span>\n\t\t\t\t\t<\/a>\n\t\t\t\t<\/div>\n\t\t\t\t\t\t\t\t<\/div>\n\t\t\t\t<\/div>\n\t\t\t\t<\/div>\n\t\t\t\t\t<\/div>\n\t\t\t\t<\/div>\n\t\t<div class=\"elementor-element elementor-element-1ae351c e-flex e-con-boxed e-con e-parent\" data-id=\"1ae351c\" data-element_type=\"container\" data-e-type=\"container\">\n\t\t\t\t\t<div class=\"e-con-inner\">\n\t\t\t\t<div class=\"elementor-element elementor-element-8e70b90 elementor-widget elementor-widget-heading\" data-id=\"8e70b90\" data-element_type=\"widget\" data-e-type=\"widget\" data-widget_type=\"heading.default\">\n\t\t\t\t<div class=\"elementor-widget-container\">\n\t\t\t\t\t<h2 class=\"elementor-heading-title elementor-size-default\">Que propose la Bourse d'\u00e9tudes Apprendre M\u2019inspire ?<\/h2>\t\t\t\t<\/div>\n\t\t\t\t<\/div>\n\t\t\t\t<div class=\"elementor-element elementor-element-44ce9c6 elementor-widget elementor-widget-text-editor\" data-id=\"44ce9c6\" data-element_type=\"widget\" data-e-type=\"widget\" data-widget_type=\"text-editor.default\">\n\t\t\t\t<div class=\"elementor-widget-container\">\n\t\t\t\t\t\t\t\t\t<p>La bourse offre une <strong>aide financi\u00e8re directe de 1 000 $<\/strong> pour couvrir les d\u00e9penses li\u00e9es aux \u00e9tudes, telles que les frais de scolarit\u00e9, les livres, le transport, la garde d&rsquo;enfants, l&rsquo;\u00e9quipement et les frais de subsistance.<\/p>\t\t\t\t\t\t\t\t<\/div>\n\t\t\t\t<\/div>\n\t\t\t\t<div class=\"elementor-element elementor-element-dce11af elementor-widget elementor-widget-heading\" data-id=\"dce11af\" data-element_type=\"widget\" data-e-type=\"widget\" data-widget_type=\"heading.default\">\n\t\t\t\t<div class=\"elementor-widget-container\">\n\t\t\t\t\t<h2 class=\"elementor-heading-title elementor-size-default\">Faits marquants :<\/h2>\t\t\t\t<\/div>\n\t\t\t\t<\/div>\n\t\t\t\t<div class=\"elementor-element elementor-element-285e7a7 elementor-widget elementor-widget-text-editor\" data-id=\"285e7a7\" data-element_type=\"widget\" data-e-type=\"widget\" data-widget_type=\"text-editor.default\">\n\t\t\t\t<div class=\"elementor-widget-container\">\n\t\t\t\t\t\t\t\t\t<ul><li><strong>\u00c0 qui s&rsquo;adresse ce programme ?<\/strong> Aux locataires vivant dans les communaut\u00e9s LCO inscrits dans un \u00e9tablissement d&rsquo;enseignement sup\u00e9rieur (coll\u00e8ge, universit\u00e9 ou \u00e9cole professionnelle). Vous ne savez pas si vous vivez dans un logement LCO ? V\u00e9rifiez <span style=\"text-decoration: underline;\"><a href=\"https:\/\/www.och-lco.ca\/looking-for-housing\/browse-properties\/\">ici.<\/a><\/span>  <\/li><li><strong>Montant de la bourse :<\/strong> 1 000 $ par candidat retenu<\/li><li><strong>Programmes admissibles :<\/strong> dipl\u00f4me, grade universitaire, apprentissage ou autres programmes de certification dans des \u00e9tablissements canadiens agr\u00e9\u00e9s.<\/li><\/ul>\t\t\t\t\t\t\t\t<\/div>\n\t\t\t\t<\/div>\n\t\t\t\t<div class=\"elementor-element elementor-element-8ad2722 elementor-widget elementor-widget-heading\" data-id=\"8ad2722\" data-element_type=\"widget\" data-e-type=\"widget\" data-widget_type=\"heading.default\">\n\t\t\t\t<div class=\"elementor-widget-container\">\n\t\t\t\t\t<h2 class=\"elementor-heading-title elementor-size-default\">Comment les locataires peuvent-ils acc\u00e9der \u00e0 ce programme ?<\/h2>\t\t\t\t<\/div>\n\t\t\t\t<\/div>\n\t\t\t\t<div class=\"elementor-element elementor-element-2921b0f elementor-widget elementor-widget-text-editor\" data-id=\"2921b0f\" data-element_type=\"widget\" data-e-type=\"widget\" data-widget_type=\"text-editor.default\">\n\t\t\t\t<div class=\"elementor-widget-container\">\n\t\t\t\t\t\t\t\t\t<p>Les candidatures pour la B<strong>ourse d\u2019\u00e9tudes Apprendre M\u2019inspire 2026<\/strong> sont d\u00e9sormais ouvertes. La date limite de d\u00e9p\u00f4t des candidatures est fix\u00e9e au 31 mai.<\/p>\t\t\t\t\t\t\t\t<\/div>\n\t\t\t\t<\/div>\n\t\t\t\t\t<\/div>\n\t\t\t\t<\/div>\n\t\t<div class=\"elementor-element elementor-element-6ee13c7 e-flex e-con-boxed e-con e-parent\" data-id=\"6ee13c7\" data-element_type=\"container\" data-e-type=\"container\">\n\t\t\t\t\t<div class=\"e-con-inner\">\n\t\t<div class=\"elementor-element elementor-element-a625e5d e-con-full e-flex e-con e-child\" data-id=\"a625e5d\" data-element_type=\"container\" data-e-type=\"container\">\n\t\t<div class=\"elementor-element elementor-element-9476956 e-grid e-con-full e-con e-child\" data-id=\"9476956\" data-element_type=\"container\" data-e-type=\"container\">\n\t\t\t\t<div class=\"elementor-element elementor-element-cc3d743 elementor-align-center elementor-widget elementor-widget-button\" data-id=\"cc3d743\" data-element_type=\"widget\" data-e-type=\"widget\" data-widget_type=\"button.default\">\n\t\t\t\t<div class=\"elementor-widget-container\">\n\t\t\t\t\t\t\t\t\t<div class=\"elementor-button-wrapper\">\n\t\t\t\t\t<a class=\"elementor-button elementor-button-link elementor-size-sm\" href=\"https:\/\/www.surveymonkey.com\/r\/67FGMFK\">\n\t\t\t\t\t\t<span class=\"elementor-button-content-wrapper\">\n\t\t\t\t\t\t\t\t\t<span class=\"elementor-button-text\">Postuler maintenant (Anglais)<\/span>\n\t\t\t\t\t<\/span>\n\t\t\t\t\t<\/a>\n\t\t\t\t<\/div>\n\t\t\t\t\t\t\t\t<\/div>\n\t\t\t\t<\/div>\n\t\t\t\t<div class=\"elementor-element elementor-element-c6334b1 elementor-align-center elementor-widget elementor-widget-button\" data-id=\"c6334b1\" data-element_type=\"widget\" data-e-type=\"widget\" data-widget_type=\"button.default\">\n\t\t\t\t<div class=\"elementor-widget-container\">\n\t\t\t\t\t\t\t\t\t<div class=\"elementor-button-wrapper\">\n\t\t\t\t\t<a class=\"elementor-button elementor-button-link elementor-size-sm\" href=\"https:\/\/fr.surveymonkey.com\/r\/DXTJ329\">\n\t\t\t\t\t\t<span class=\"elementor-button-content-wrapper\">\n\t\t\t\t\t\t\t\t\t<span class=\"elementor-button-text\">Postuler maintenant (Fran\u00e7ais)<\/span>\n\t\t\t\t\t<\/span>\n\t\t\t\t\t<\/a>\n\t\t\t\t<\/div>\n\t\t\t\t\t\t\t\t<\/div>\n\t\t\t\t<\/div>\n\t\t\t\t<\/div>\n\t\t\t\t<\/div>\n\t\t\t\t\t<\/div>\n\t\t\t\t<\/div>\n\t\t<div class=\"elementor-element elementor-element-006d352 e-flex e-con-boxed e-con e-parent\" data-id=\"006d352\" data-element_type=\"container\" data-e-type=\"container\">\n\t\t\t\t\t<div class=\"e-con-inner\">\n\t\t\t\t<div class=\"elementor-element elementor-element-728e356 elementor-widget elementor-widget-text-editor\" data-id=\"728e356\" data-element_type=\"widget\" data-e-type=\"widget\" data-widget_type=\"text-editor.default\">\n\t\t\t\t<div class=\"elementor-widget-container\">\n\t\t\t\t\t\t\t\t\t<p>Vous pouvez \u00e9galement <strong>contacter notre \u00e9quipe<\/strong> ou consulter notre page \u00ab <strong>Foire aux questions<\/strong> \u00bb pour obtenir plus d&rsquo;informations sur les conditions d&rsquo;\u00e9ligibilit\u00e9, les documents requis et la proc\u00e9dure de candidature :<\/p>\t\t\t\t\t\t\t\t<\/div>\n\t\t\t\t<\/div>\n\t\t\t\t\t<\/div>\n\t\t\t\t<\/div>\n\t\t<div class=\"elementor-element elementor-element-2eee397 e-grid e-con-boxed e-con e-parent\" data-id=\"2eee397\" data-element_type=\"container\" data-e-type=\"container\">\n\t\t\t\t\t<div class=\"e-con-inner\">\n\t\t\t\t<div class=\"elementor-element elementor-element-36f77f5 elementor-align-center elementor-widget elementor-widget-button\" data-id=\"36f77f5\" data-element_type=\"widget\" data-e-type=\"widget\" data-widget_type=\"button.default\">\n\t\t\t\t<div class=\"elementor-widget-container\">\n\t\t\t\t\t\t\t\t\t<div class=\"elementor-button-wrapper\">\n\t\t\t\t\t<a class=\"elementor-button elementor-button-link elementor-size-sm\" href=\"https:\/\/ochfoundation.ca\/fr\/programmes\/bourse-detudes-apprendre-minspire\/ibl-faq\/\">\n\t\t\t\t\t\t<span class=\"elementor-button-content-wrapper\">\n\t\t\t\t\t\t\t\t\t<span class=\"elementor-button-text\">Foire aux questions (FAQ)<\/span>\n\t\t\t\t\t<\/span>\n\t\t\t\t\t<\/a>\n\t\t\t\t<\/div>\n\t\t\t\t\t\t\t\t<\/div>\n\t\t\t\t<\/div>\n\t\t\t\t<div class=\"elementor-element elementor-element-205d21d elementor-align-center elementor-widget elementor-widget-button\" data-id=\"205d21d\" data-element_type=\"widget\" data-e-type=\"widget\" data-widget_type=\"button.default\">\n\t\t\t\t<div class=\"elementor-widget-container\">\n\t\t\t\t\t\t\t\t\t<div class=\"elementor-button-wrapper\">\n\t\t\t\t\t<a class=\"elementor-button elementor-button-link elementor-size-sm\" href=\"mailto:info@ochfoundation.ca\">\n\t\t\t\t\t\t<span class=\"elementor-button-content-wrapper\">\n\t\t\t\t\t\t\t\t\t<span class=\"elementor-button-text\">Contactez notre \u00e9quipe<\/span>\n\t\t\t\t\t<\/span>\n\t\t\t\t\t<\/a>\n\t\t\t\t<\/div>\n\t\t\t\t\t\t\t\t<\/div>\n\t\t\t\t<\/div>\n\t\t\t\t\t<\/div>\n\t\t\t\t<\/div>\n\t\t<div class=\"elementor-element elementor-element-cdc0a37 e-flex e-con-boxed e-con e-parent\" data-id=\"cdc0a37\" data-element_type=\"container\" data-e-type=\"container\">\n\t\t\t\t\t<div class=\"e-con-inner\">\n\t\t\t\t<div class=\"elementor-element elementor-element-6097466 elementor-widget elementor-widget-heading\" data-id=\"6097466\" data-element_type=\"widget\" data-e-type=\"widget\" data-widget_type=\"heading.default\">\n\t\t\t\t<div class=\"elementor-widget-container\">\n\t\t\t\t\t<h2 class=\"elementor-heading-title elementor-size-default\">Que se passe-t-il ensuite ?<\/h2>\t\t\t\t<\/div>\n\t\t\t\t<\/div>\n\t\t\t\t<div class=\"elementor-element elementor-element-6de573e elementor-widget elementor-widget-text-editor\" data-id=\"6de573e\" data-element_type=\"widget\" data-e-type=\"widget\" data-widget_type=\"text-editor.default\">\n\t\t\t\t<div class=\"elementor-widget-container\">\n\t\t\t\t\t\t\t\t\t<p>Une fois les candidatures soumises, elles sont examin\u00e9es par notre \u00e9quipe. Les candidats \u00e9ligibles seront contact\u00e9s apr\u00e8s la p\u00e9riode d&rsquo;examen pour conna\u00eetre les prochaines \u00e9tapes et les d\u00e9cisions prises. Tous les candidats seront inform\u00e9s du r\u00e9sultat d&rsquo;ici le mois d&rsquo;ao\u00fbt.  <\/p>\t\t\t\t\t\t\t\t<\/div>\n\t\t\t\t<\/div>\n\t\t\t\t<div class=\"elementor-element elementor-element-303db23 elementor-widget elementor-widget-heading\" data-id=\"303db23\" data-element_type=\"widget\" data-e-type=\"widget\" data-widget_type=\"heading.default\">\n\t\t\t\t<div class=\"elementor-widget-container\">\n\t\t\t\t\t<h2 class=\"elementor-heading-title elementor-size-default\">Desjardins : soutient la Bourse d'\u00e9tudes Apprendre M\u2019inspire depuis 2023<\/h2>\t\t\t\t<\/div>\n\t\t\t\t<\/div>\n\t\t\t\t<div class=\"elementor-element elementor-element-896c33f elementor-widget elementor-widget-text-editor\" data-id=\"896c33f\" data-element_type=\"widget\" data-e-type=\"widget\" data-widget_type=\"text-editor.default\">\n\t\t\t\t<div class=\"elementor-widget-container\">\n\t\t\t\t\t\t\t\t\t<p>Nous sommes profond\u00e9ment reconnaissants \u00e0 Desjardins pour son soutien continu \u00e0 la Bourse d&rsquo;\u00e9tudes Apprendre M\u2019inspire. Depuis 2023, Desjardins a aid\u00e9 \u00e0 \u00e9liminer les obstacles financiers pour 80 \u00e9tudiants de niveau postsecondaire en finan\u00e7ant g\u00e9n\u00e9reusement ce programme. Le soutien continu de Desjardins ouvre la voie \u00e0 un avenir meilleur et fait une diff\u00e9rence significative dans la vie des \u00e9tudiants de nos communaut\u00e9s.  <\/p>\t\t\t\t\t\t\t\t<\/div>\n\t\t\t\t<\/div>\n\t\t\t\t<div class=\"elementor-element elementor-element-d51deec elementor-widget elementor-widget-image\" data-id=\"d51deec\" data-element_type=\"widget\" data-e-type=\"widget\" data-widget_type=\"image.default\">\n\t\t\t\t<div class=\"elementor-widget-container\">\n\t\t\t\t\t\t\t\t\t\t\t\t\t\t\t<img decoding=\"async\" src=\"https:\/\/ochfoundation.ca\/wp-content\/uploads\/elementor\/thumbs\/d15-desjardins-logo-couleur-1-riwytun41mrynuia5kpjhor245u8um8fb8bzn28oyg.png\" title=\"d15-desjardins-logo-couleur (1)\" alt=\"d15-desjardins-logo-couleur (1)\" loading=\"lazy\" \/>\t\t\t\t\t\t\t\t\t\t\t\t\t\t\t<\/div>\n\t\t\t\t<\/div>\n\t\t\t\t<div class=\"elementor-element elementor-element-2d997a5 elementor-widget elementor-widget-heading\" data-id=\"2d997a5\" data-element_type=\"widget\" data-e-type=\"widget\" data-widget_type=\"heading.default\">\n\t\t\t\t<div class=\"elementor-widget-container\">\n\t\t\t\t\t<h2 class=\"elementor-heading-title elementor-size-default\">Impliquez-vous !<\/h2>\t\t\t\t<\/div>\n\t\t\t\t<\/div>\n\t\t\t\t<div class=\"elementor-element elementor-element-6949193 elementor-widget elementor-widget-text-editor\" data-id=\"6949193\" data-element_type=\"widget\" data-e-type=\"widget\" data-widget_type=\"text-editor.default\">\n\t\t\t\t<div class=\"elementor-widget-container\">\n\t\t\t\t\t\t\t\t\t<p><span style=\"letter-spacing: -0.2px;\">Votre soutien \u00e0 la Bourse d&rsquo;\u00e9tudes Apprendre M\u2019inspire \u00e9limine les obstacles financiers et ouvre la voie \u00e0 de nouvelles opportunit\u00e9s.<\/span> <span style=\"text-decoration: underline;\"><a href=\"https:\/\/acahhplr.donorsupport.co\/page\/FUNWAVKSYAT\" target=\"_blank\" rel=\"noopener\">Faites un don<\/a><\/span> d\u00e8s aujourd&rsquo;hui pour aider davantage d&rsquo;\u00e9tudiants \u00e0 acc\u00e9der \u00e0 l&rsquo;\u00e9ducation, <span style=\"letter-spacing: -0.2px;\">ou parrainez une bourse de 1 000 $ en contactant <span style=\"text-decoration: underline;\"><a href=\"mailto:annie.premachuk@ochfoundation.ca\">Annie Premachuk<\/a><\/span>.<\/span><\/p>\t\t\t\t\t\t\t\t<\/div>\n\t\t\t\t<\/div>\n\t\t\t\t\t<\/div>\n\t\t\t\t<\/div>\n\t\t<div class=\"elementor-element elementor-element-92fe31d e-flex e-con-boxed e-con e-parent\" data-id=\"92fe31d\" data-element_type=\"container\" data-e-type=\"container\" data-settings=\"{&quot;background_background&quot;:&quot;classic&quot;}\">\n\t\t\t\t\t<div class=\"e-con-inner\">\n\t\t\t\t<div class=\"elementor-element elementor-element-108f567 elementor-widget elementor-widget-heading\" data-id=\"108f567\" data-element_type=\"widget\" data-e-type=\"widget\" data-widget_type=\"heading.default\">\n\t\t\t\t<div class=\"elementor-widget-container\">\n\t\t\t\t\t<h2 class=\"elementor-heading-title elementor-size-default\">D\u00c9COUVREZ TOUS NOS PROGRAMMES<\/h2>\t\t\t\t<\/div>\n\t\t\t\t<\/div>\n\t\t\t\t<div class=\"elementor-element elementor-element-564fc27 elementor-nav-menu__align-center elementor-nav-menu--dropdown-tablet elementor-nav-menu__text-align-aside elementor-nav-menu--toggle elementor-nav-menu--burger elementor-widget elementor-widget-nav-menu\" data-id=\"564fc27\" data-element_type=\"widget\" data-e-type=\"widget\" data-settings=\"{&quot;layout&quot;:&quot;horizontal&quot;,&quot;submenu_icon&quot;:{&quot;value&quot;:&quot;&lt;i class=\\&quot;fas fa-caret-down\\&quot; aria-hidden=\\&quot;true\\&quot;&gt;&lt;\\\/i&gt;&quot;,&quot;library&quot;:&quot;fa-solid&quot;},&quot;toggle&quot;:&quot;burger&quot;}\" data-widget_type=\"nav-menu.default\">\n\t\t\t\t<div class=\"elementor-widget-container\">\n\t\t\t\t\t\t\t\t<nav aria-label=\"PROGRAMS Menu\" class=\"elementor-nav-menu--main elementor-nav-menu__container elementor-nav-menu--layout-horizontal e--pointer-underline e--animation-fade\">\n\t\t\t\t<ul id=\"menu-1-564fc27\" class=\"elementor-nav-menu\"><li class=\"menu-item menu-item-type-post_type menu-item-object-page menu-item-7653\"><a href=\"https:\/\/ochfoundation.ca\/fr\/programmes\/bourse-detudes-apprendre-minspire\/\" class=\"elementor-item\">Bourse d&rsquo;\u00e9tudes Apprendre M\u2019inspire<\/a><\/li>\n<li class=\"menu-item menu-item-type-post_type menu-item-object-page menu-item-7654\"><a href=\"https:\/\/ochfoundation.ca\/fr\/programmes\/reclink\/\" class=\"elementor-item\">RecLINK<\/a><\/li>\n<li class=\"menu-item menu-item-type-post_type menu-item-object-page menu-item-7655\"><a href=\"https:\/\/ochfoundation.ca\/fr\/programmes\/pack-a-sack\/\" class=\"elementor-item\">Pack-a-Sack<\/a><\/li>\n<li class=\"menu-item menu-item-type-post_type menu-item-object-page menu-item-7656\"><a href=\"https:\/\/ochfoundation.ca\/fr\/programmes\/a-vos-velos\/\" class=\"elementor-item\">\u00c0 Vos V\u00e9los<\/a><\/li>\n<li class=\"menu-item menu-item-type-post_type menu-item-object-page menu-item-7657\"><a href=\"https:\/\/ochfoundation.ca\/fr\/programmes\/avenir-jeunesse\/\" class=\"elementor-item\">Avenir Jeunesse<\/a><\/li>\n<li class=\"menu-item menu-item-type-post_type menu-item-object-page menu-item-7658\"><a href=\"https:\/\/ochfoundation.ca\/fr\/programmes\/pret-pour-demain\/\" class=\"elementor-item\">Pr\u00eat pour demain<\/a><\/li>\n<\/ul>\t\t\t<\/nav>\n\t\t\t\t\t<div class=\"elementor-menu-toggle\" role=\"button\" tabindex=\"0\" aria-label=\"Permuter le menu\" aria-expanded=\"false\">\n\t\t\t<i aria-hidden=\"true\" role=\"presentation\" class=\"elementor-menu-toggle__icon--open eicon-menu-bar\"><\/i><i aria-hidden=\"true\" role=\"presentation\" class=\"elementor-menu-toggle__icon--close eicon-close\"><\/i>\t\t<\/div>\n\t\t\t\t\t<nav class=\"elementor-nav-menu--dropdown elementor-nav-menu__container\" aria-hidden=\"true\">\n\t\t\t\t<ul id=\"menu-2-564fc27\" class=\"elementor-nav-menu\"><li class=\"menu-item menu-item-type-post_type menu-item-object-page menu-item-7653\"><a href=\"https:\/\/ochfoundation.ca\/fr\/programmes\/bourse-detudes-apprendre-minspire\/\" class=\"elementor-item\" tabindex=\"-1\">Bourse d&rsquo;\u00e9tudes Apprendre M\u2019inspire<\/a><\/li>\n<li class=\"menu-item menu-item-type-post_type menu-item-object-page menu-item-7654\"><a href=\"https:\/\/ochfoundation.ca\/fr\/programmes\/reclink\/\" class=\"elementor-item\" tabindex=\"-1\">RecLINK<\/a><\/li>\n<li class=\"menu-item menu-item-type-post_type menu-item-object-page menu-item-7655\"><a href=\"https:\/\/ochfoundation.ca\/fr\/programmes\/pack-a-sack\/\" class=\"elementor-item\" tabindex=\"-1\">Pack-a-Sack<\/a><\/li>\n<li class=\"menu-item menu-item-type-post_type menu-item-object-page menu-item-7656\"><a href=\"https:\/\/ochfoundation.ca\/fr\/programmes\/a-vos-velos\/\" class=\"elementor-item\" tabindex=\"-1\">\u00c0 Vos V\u00e9los<\/a><\/li>\n<li class=\"menu-item menu-item-type-post_type menu-item-object-page menu-item-7657\"><a href=\"https:\/\/ochfoundation.ca\/fr\/programmes\/avenir-jeunesse\/\" class=\"elementor-item\" tabindex=\"-1\">Avenir Jeunesse<\/a><\/li>\n<li class=\"menu-item menu-item-type-post_type menu-item-object-page menu-item-7658\"><a href=\"https:\/\/ochfoundation.ca\/fr\/programmes\/pret-pour-demain\/\" class=\"elementor-item\" tabindex=\"-1\">Pr\u00eat pour demain<\/a><\/li>\n<\/ul>\t\t\t<\/nav>\n\t\t\t\t\t\t<\/div>\n\t\t\t\t<\/div>\n\t\t\t\t\t<\/div>\n\t\t\t\t<\/div>\n\t\t\t\t<\/div>\n\t\t","protected":false},"excerpt":{"rendered":"<p>PROGRAMS BOURSES D&rsquo;\u00c9TUDES APPRENDRE M&rsquo;INSPIRE Qu&rsquo;est-ce que la Bourse d&rsquo;\u00e9tudes Apprendre M\u2019inspire La Bourse d&rsquo;\u00e9tudes Apprendre M\u2019inspire est une bourse qui offre un soutien financier aux locataires vivant dans la Soci\u00e9t\u00e9 de logement communautaire d\u2019Ottawa (LCO) qui poursuivent des \u00e9tudes postsecondaires et peuvent d\u00e9montrer qu&rsquo;ils ont besoin d&rsquo;une aide financi\u00e8re. Elle est con\u00e7ue pour aider [&hellip;]<\/p>\n","protected":false},"author":3,"featured_media":5846,"parent":3856,"menu_order":0,"comment_status":"closed","ping_status":"closed","template":"","meta":{"footnotes":""},"class_list":["post-3860","page","type-page","status-publish","has-post-thumbnail","hentry"],"_links":{"self":[{"href":"https:\/\/ochfoundation.ca\/fr\/wp-json\/wp\/v2\/pages\/3860","targetHints":{"allow":["GET"]}}],"collection":[{"href":"https:\/\/ochfoundation.ca\/fr\/wp-json\/wp\/v2\/pages"}],"about":[{"href":"https:\/\/ochfoundation.ca\/fr\/wp-json\/wp\/v2\/types\/page"}],"author":[{"embeddable":true,"href":"https:\/\/ochfoundation.ca\/fr\/wp-json\/wp\/v2\/users\/3"}],"replies":[{"embeddable":true,"href":"https:\/\/ochfoundation.ca\/fr\/wp-json\/wp\/v2\/comments?post=3860"}],"version-history":[{"count":41,"href":"https:\/\/ochfoundation.ca\/fr\/wp-json\/wp\/v2\/pages\/3860\/revisions"}],"predecessor-version":[{"id":8320,"href":"https:\/\/ochfoundation.ca\/fr\/wp-json\/wp\/v2\/pages\/3860\/revisions\/8320"}],"up":[{"embeddable":true,"href":"https:\/\/ochfoundation.ca\/fr\/wp-json\/wp\/v2\/pages\/3856"}],"wp:featuredmedia":[{"embeddable":true,"href":"https:\/\/ochfoundation.ca\/fr\/wp-json\/wp\/v2\/media\/5846"}],"wp:attachment":[{"href":"https:\/\/ochfoundation.ca\/fr\/wp-json\/wp\/v2\/media?parent=3860"}],"curies":[{"name":"wp","href":"https:\/\/api.w.org\/{rel}","templated":true}]}}