{"id":3864,"date":"2023-09-23T20:25:04","date_gmt":"2023-09-24T00:25:04","guid":{"rendered":"http:\/\/159.89.124.43\/programmes\/pret-pour-demain\/"},"modified":"2026-03-11T09:14:52","modified_gmt":"2026-03-11T13:14:52","slug":"pret-pour-demain","status":"publish","type":"page","link":"https:\/\/ochfoundation.ca\/fr\/programmes\/pret-pour-demain\/","title":{"rendered":"Pr\u00eat pour demain"},"content":{"rendered":"\t\t<div data-elementor-type=\"wp-page\" data-elementor-id=\"3864\" class=\"elementor elementor-3864 elementor-1775\" data-elementor-post-type=\"page\">\n\t\t\t\t<div class=\"elementor-element elementor-element-35d83e19 e-con-full e-flex e-con e-parent\" data-id=\"35d83e19\" data-element_type=\"container\" data-e-type=\"container\">\n\t\t<div class=\"elementor-element elementor-element-47a06aff e-con-full e-flex e-con e-child\" data-id=\"47a06aff\" data-element_type=\"container\" data-e-type=\"container\" data-settings=\"{&quot;background_background&quot;:&quot;classic&quot;}\">\n\t\t\t\t<div class=\"elementor-element elementor-element-3b272f7 elementor-widget elementor-widget-heading\" data-id=\"3b272f7\" data-element_type=\"widget\" data-e-type=\"widget\" data-widget_type=\"heading.default\">\n\t\t\t\t<div class=\"elementor-widget-container\">\n\t\t\t\t\t<h2 class=\"elementor-heading-title elementor-size-default\">PROGRAMS<\/h2>\t\t\t\t<\/div>\n\t\t\t\t<\/div>\n\t\t\t\t<div class=\"elementor-element elementor-element-7219c19d elementor-widget elementor-widget-heading\" data-id=\"7219c19d\" data-element_type=\"widget\" data-e-type=\"widget\" data-widget_type=\"heading.default\">\n\t\t\t\t<div class=\"elementor-widget-container\">\n\t\t\t\t\t<h2 class=\"elementor-heading-title elementor-size-default\">PR\u00caT POUR DEMAIN<\/h2>\t\t\t\t<\/div>\n\t\t\t\t<\/div>\n\t\t\t\t<\/div>\n\t\t<div class=\"elementor-element elementor-element-7f88055b e-con-full e-flex e-con e-child\" data-id=\"7f88055b\" data-element_type=\"container\" data-e-type=\"container\" data-settings=\"{&quot;background_background&quot;:&quot;classic&quot;}\">\n\t\t\t\t<\/div>\n\t\t\t\t<\/div>\n\t\t<div class=\"elementor-element elementor-element-4d42124 e-flex e-con-boxed e-con e-parent\" data-id=\"4d42124\" data-element_type=\"container\" data-e-type=\"container\">\n\t\t\t\t\t<div class=\"e-con-inner\">\n\t\t\t\t<div class=\"elementor-element elementor-element-9d0ae07 elementor-widget elementor-widget-heading\" data-id=\"9d0ae07\" data-element_type=\"widget\" data-e-type=\"widget\" data-widget_type=\"heading.default\">\n\t\t\t\t<div class=\"elementor-widget-container\">\n\t\t\t\t\t<h2 class=\"elementor-heading-title elementor-size-default\">Qu'est-ce que Pr\u00eat pour demain?<\/h2>\t\t\t\t<\/div>\n\t\t\t\t<\/div>\n\t\t\t\t<div class=\"elementor-element elementor-element-708145e elementor-widget elementor-widget-text-editor\" data-id=\"708145e\" data-element_type=\"widget\" data-e-type=\"widget\" data-widget_type=\"text-editor.default\">\n\t\t\t\t<div class=\"elementor-widget-container\">\n\t\t\t\t\t\t\t\t\t<p>Pr\u00eat pour demain repose sur un principe simple : les communaut\u00e9s savent mieux que quiconque ce dont elles ont besoin. G\u00e9r\u00e9 en collaboration avec Khalsa Aid Ottawa, ce programme vient en aide aux locataires des communaut\u00e9s de la Soci\u00e9t\u00e9 de logement communautaire d\u2019Ottawa (LCO) en leur fournissant des produits alimentaires et d&rsquo;hygi\u00e8ne essentiels. En comblant le foss\u00e9 entre l&rsquo;aide fournie par les banques alimentaires et celle fournie par d&rsquo;autres organismes communautaires, Pr\u00eat pour demain permet aux locataires d&rsquo;avoir acc\u00e8s \u00e0 des produits essentiels qui, sans cela, pourraient leur manquer.   En 2025, Pr\u00eat pour demain a effectu\u00e9 18 livraisons d&rsquo;aide, apportant son soutien \u00e0 plus de 1 000 locataires. <\/p>\t\t\t\t\t\t\t\t<\/div>\n\t\t\t\t<\/div>\n\t\t\t\t<div class=\"elementor-element elementor-element-0dede03 elementor-widget elementor-widget-heading\" data-id=\"0dede03\" data-element_type=\"widget\" data-e-type=\"widget\" data-widget_type=\"heading.default\">\n\t\t\t\t<div class=\"elementor-widget-container\">\n\t\t\t\t\t<h2 class=\"elementor-heading-title elementor-size-default\">Que fait Pr\u00eat pour demain ?<\/h2>\t\t\t\t<\/div>\n\t\t\t\t<\/div>\n\t\t\t\t<div class=\"elementor-element elementor-element-1d74d5f elementor-widget elementor-widget-text-editor\" data-id=\"1d74d5f\" data-element_type=\"widget\" data-e-type=\"widget\" data-widget_type=\"text-editor.default\">\n\t\t\t\t<div class=\"elementor-widget-container\">\n\t\t\t\t\t\t\t\t\t<p>Pr\u00eat pour demain renforce la s\u00e9curit\u00e9 alimentaire en coordonnant des distributions d&rsquo;aide communautaire qui fournissent directement aux locataires des denr\u00e9es p\u00e9rissables et non p\u00e9rissables, ainsi que des produits d&rsquo;hygi\u00e8ne essentiels. Chaque distribution d&rsquo;aide est guid\u00e9e par les demandes soumises par les groupes de locataires, ce qui garantit que les articles distribu\u00e9s r\u00e9pondent aux besoins les plus imm\u00e9diats de la communaut\u00e9. En confiant la prise de d\u00e9cision directement aux locataires, Pr\u00eat pour demain apporte un soutien cibl\u00e9 l\u00e0 o\u00f9 il est le plus n\u00e9cessaire.  <\/p>\t\t\t\t\t\t\t\t<\/div>\n\t\t\t\t<\/div>\n\t\t\t\t<div class=\"elementor-element elementor-element-bbc33a1 elementor-widget elementor-widget-heading\" data-id=\"bbc33a1\" data-element_type=\"widget\" data-e-type=\"widget\" data-widget_type=\"heading.default\">\n\t\t\t\t<div class=\"elementor-widget-container\">\n\t\t\t\t\t<h2 class=\"elementor-heading-title elementor-size-default\">Faits marquants :<\/h2>\t\t\t\t<\/div>\n\t\t\t\t<\/div>\n\t\t\t\t<div class=\"elementor-element elementor-element-c64e621 elementor-widget elementor-widget-text-editor\" data-id=\"c64e621\" data-element_type=\"widget\" data-e-type=\"widget\" data-widget_type=\"text-editor.default\">\n\t\t\t\t<div class=\"elementor-widget-container\">\n\t\t\t\t\t\t\t\t\t<ul><li><strong>\u00c0 qui s&rsquo;adresse ce service :<\/strong> aux locataires de tous \u00e2ges de la Soci\u00e9t\u00e9 de logement communautaire d\u2019Ottawa (LCO)<\/li><li><strong>Comment \u00e7a marche :<\/strong> les groupes de locataires soumettent des demandes de fournitures adapt\u00e9es \u00e0 leur communaut\u00e9.<\/li><li><strong>Impact en 2025 : <\/strong>18 distributions d&rsquo;aide touchant plus de 1 000 locataires<\/li><li><strong>Partenaire cl\u00e9 : <\/strong>R\u00e9alis\u00e9 en partenariat avec Khalsa Aid Ottawa<\/li><\/ul>\t\t\t\t\t\t\t\t<\/div>\n\t\t\t\t<\/div>\n\t\t\t\t<div class=\"elementor-element elementor-element-7b28b30 elementor-widget elementor-widget-heading\" data-id=\"7b28b30\" data-element_type=\"widget\" data-e-type=\"widget\" data-widget_type=\"heading.default\">\n\t\t\t\t<div class=\"elementor-widget-container\">\n\t\t\t\t\t<h2 class=\"elementor-heading-title elementor-size-default\">Comment sont organis\u00e9es les gouttes Pr\u00eat pour demain ?<\/h2>\t\t\t\t<\/div>\n\t\t\t\t<\/div>\n\t\t\t\t<div class=\"elementor-element elementor-element-4899da8 elementor-widget elementor-widget-text-editor\" data-id=\"4899da8\" data-element_type=\"widget\" data-e-type=\"widget\" data-widget_type=\"text-editor.default\">\n\t\t\t\t<div class=\"elementor-widget-container\">\n\t\t\t\t\t\t\t\t\t<p>Les distributions d&rsquo;aide Pr\u00eat pour demain sont coordonn\u00e9es en partenariat avec Khalsa Aid et des partenaires communautaires locaux, et sont planifi\u00e9es en fonction des besoins de la communaut\u00e9 et du temps \u00e9coul\u00e9 depuis la derni\u00e8re distribution. Cette approche permet de garantir une r\u00e9partition \u00e9quitable de l&rsquo;aide entre les communaut\u00e9s de la LCO. <\/p><p>Les locataires qui souhaitent savoir quand aura lieu la prochaine distribution Pr\u00eat pour demain dans leur communaut\u00e9 sont invit\u00e9s \u00e0 s&rsquo;adresser \u00e0 leurs repr\u00e9sentants ou au responsable du d\u00e9veloppement communautaire. Ceux-ci pourront leur fournir des informations sur les prochaines distributions d&rsquo;aide et les conditions d&rsquo;\u00e9ligibilit\u00e9 de la communaut\u00e9. Les responsables du d\u00e9veloppement communautaire peuvent \u00e9galement nous soumettre une demande de distribution Pr\u00eat pour demain au nom de la communaut\u00e9.  <\/p><p>Les distributions d&rsquo;aide communautaire ont lieu toutes les deux semaines dans une communaut\u00e9 diff\u00e9rente. Chaque distribution est adapt\u00e9e aux besoins sp\u00e9cifiques identifi\u00e9s par la communaut\u00e9 avant la distribution. <\/p>\t\t\t\t\t\t\t\t<\/div>\n\t\t\t\t<\/div>\n\t\t\t\t<div class=\"elementor-element elementor-element-0763645 elementor-widget elementor-widget-heading\" data-id=\"0763645\" data-element_type=\"widget\" data-e-type=\"widget\" data-widget_type=\"heading.default\">\n\t\t\t\t<div class=\"elementor-widget-container\">\n\t\t\t\t\t<h2 class=\"elementor-heading-title elementor-size-default\">Comment puis-je m'impliquer dans Pr\u00eat pour demain ?<\/h2>\t\t\t\t<\/div>\n\t\t\t\t<\/div>\n\t\t\t\t<div class=\"elementor-element elementor-element-e8187e0 elementor-widget elementor-widget-text-editor\" data-id=\"e8187e0\" data-element_type=\"widget\" data-e-type=\"widget\" data-widget_type=\"text-editor.default\">\n\t\t\t\t<div class=\"elementor-widget-container\">\n\t\t\t\t\t\t\t\t\t<p>L&rsquo;acc\u00e8s \u00e0 des aliments frais et nutritifs ainsi qu&rsquo;\u00e0 des produits d&rsquo;hygi\u00e8ne est essentiel \u00e0 la sant\u00e9, \u00e0 la dignit\u00e9 et \u00e0 la stabilit\u00e9. Votre soutien permet de garantir que les locataires disposent des ressources n\u00e9cessaires pour s&rsquo;\u00e9panouir. Voici comment vous pouvez vous impliquer :  <\/p><ul><li><span style=\"text-decoration: underline;\"><a href=\"https:\/\/acahhplr.donorsupport.co\/page\/FUNWAVKSYAT\">Faites un don<\/a><\/span> : les dons sont toujours les bienvenus et contribuent \u00e0 soutenir des programmes tels que Pr\u00eat pour demain, qui permettent aux locataires de continuer \u00e0 avoir acc\u00e8s \u00e0 l&rsquo;essentiel.<\/li><li><p>Devenez notre partenaire : nous sommes ouverts \u00e0 tout partenariat avec des organisations et des entreprises qui souhaitent faire une diff\u00e9rence significative. Que ce soit par le biais de contributions en nature, d&rsquo;un soutien en ressources ou d&rsquo;une collaboration dans le cadre de distributions d&rsquo;aide humanitaire, votre partenariat peut contribuer \u00e0 renforcer la s\u00e9curit\u00e9 alimentaire dans les communaut\u00e9s desservies par la LCO. <span style=\"text-decoration: underline;\"><a href=\"mailto:annie.premachuk@ochfoundation.ca\">Contactez notre \u00e9quipe<\/a><\/span> si vous souhaitez vous impliquer. <\/p><\/li><\/ul>\t\t\t\t\t\t\t\t<\/div>\n\t\t\t\t<\/div>\n\t\t\t\t<div class=\"elementor-element elementor-element-205ed11 elementor-widget elementor-widget-heading\" data-id=\"205ed11\" data-element_type=\"widget\" data-e-type=\"widget\" data-widget_type=\"heading.default\">\n\t\t\t\t<div class=\"elementor-widget-container\">\n\t\t\t\t\t<h2 class=\"elementor-heading-title elementor-size-default\">Khalsa Aid : soutient Pr\u00eat pour demain depuis 2023<\/h2>\t\t\t\t<\/div>\n\t\t\t\t<\/div>\n\t\t\t\t<div class=\"elementor-element elementor-element-40f26dc elementor-widget elementor-widget-text-editor\" data-id=\"40f26dc\" data-element_type=\"widget\" data-e-type=\"widget\" data-widget_type=\"text-editor.default\">\n\t\t\t\t<div class=\"elementor-widget-container\">\n\t\t\t\t\t\t\t\t\t<p>Pr\u00eat pour demain b\u00e9n\u00e9ficie du g\u00e9n\u00e9reux financement et soutien de Khalsa Aid Ottawa. Ce partenariat a jou\u00e9 un r\u00f4le important en aidant les locataires des communaut\u00e9s de la LCO \u00e0 acc\u00e9der \u00e0 des denr\u00e9es alimentaires et \u00e0 des produits d&rsquo;hygi\u00e8ne essentiels. Depuis 2023, Pr\u00eat pour demain a effectu\u00e9 54 livraisons d&rsquo;aide, apportant ainsi un soulagement \u00e0 environ 3 000 locataires. Nous sommes profond\u00e9ment reconnaissants \u00e0 Khalsa Aid pour son engagement continu en faveur du renforcement de la s\u00e9curit\u00e9 alimentaire et du soutien aux communaut\u00e9s de la LCO.   <\/p>\t\t\t\t\t\t\t\t<\/div>\n\t\t\t\t<\/div>\n\t\t\t\t<div class=\"elementor-element elementor-element-50f5c68 elementor-widget elementor-widget-image\" data-id=\"50f5c68\" data-element_type=\"widget\" data-e-type=\"widget\" data-widget_type=\"image.default\">\n\t\t\t\t<div class=\"elementor-widget-container\">\n\t\t\t\t\t\t\t\t\t\t\t\t\t\t\t<img decoding=\"async\" src=\"https:\/\/ochfoundation.ca\/wp-content\/uploads\/elementor\/thumbs\/Khalsa-Aid-logo-rj3vkzqvwxevv8gf1futgo427oedhrl2mtxd7zfx7s.png\" title=\"Khalsa Aid logo\" alt=\"Khalsa Aid logo\" loading=\"lazy\" \/>\t\t\t\t\t\t\t\t\t\t\t\t\t\t\t<\/div>\n\t\t\t\t<\/div>\n\t\t\t\t\t<\/div>\n\t\t\t\t<\/div>\n\t\t<div class=\"elementor-element elementor-element-bf4bb9b e-flex e-con-boxed e-con e-parent\" data-id=\"bf4bb9b\" data-element_type=\"container\" data-e-type=\"container\" data-settings=\"{&quot;background_background&quot;:&quot;classic&quot;}\">\n\t\t\t\t\t<div class=\"e-con-inner\">\n\t\t\t\t<div class=\"elementor-element elementor-element-ac8a3bd elementor-widget elementor-widget-heading\" data-id=\"ac8a3bd\" data-element_type=\"widget\" data-e-type=\"widget\" data-widget_type=\"heading.default\">\n\t\t\t\t<div class=\"elementor-widget-container\">\n\t\t\t\t\t<h2 class=\"elementor-heading-title elementor-size-default\">D\u00c9COUVREZ TOUS NOS PROGRAMMES<\/h2>\t\t\t\t<\/div>\n\t\t\t\t<\/div>\n\t\t\t\t<div class=\"elementor-element elementor-element-b43d25b elementor-nav-menu__align-center elementor-nav-menu--dropdown-tablet elementor-nav-menu__text-align-aside elementor-nav-menu--toggle elementor-nav-menu--burger elementor-widget elementor-widget-nav-menu\" data-id=\"b43d25b\" data-element_type=\"widget\" data-e-type=\"widget\" data-settings=\"{&quot;layout&quot;:&quot;horizontal&quot;,&quot;submenu_icon&quot;:{&quot;value&quot;:&quot;&lt;i class=\\&quot;fas fa-caret-down\\&quot; aria-hidden=\\&quot;true\\&quot;&gt;&lt;\\\/i&gt;&quot;,&quot;library&quot;:&quot;fa-solid&quot;},&quot;toggle&quot;:&quot;burger&quot;}\" data-widget_type=\"nav-menu.default\">\n\t\t\t\t<div class=\"elementor-widget-container\">\n\t\t\t\t\t\t\t\t<nav aria-label=\"PROGRAMS Menu\" class=\"elementor-nav-menu--main elementor-nav-menu__container elementor-nav-menu--layout-horizontal e--pointer-underline e--animation-fade\">\n\t\t\t\t<ul id=\"menu-1-b43d25b\" class=\"elementor-nav-menu\"><li class=\"menu-item menu-item-type-post_type menu-item-object-page menu-item-7653\"><a href=\"https:\/\/ochfoundation.ca\/fr\/programmes\/bourse-detudes-apprendre-minspire\/\" class=\"elementor-item\">Bourse d&rsquo;\u00e9tudes Apprendre M\u2019inspire<\/a><\/li>\n<li class=\"menu-item menu-item-type-post_type menu-item-object-page menu-item-7654\"><a href=\"https:\/\/ochfoundation.ca\/fr\/programmes\/reclink\/\" class=\"elementor-item\">RecLINK<\/a><\/li>\n<li class=\"menu-item menu-item-type-post_type menu-item-object-page menu-item-7655\"><a href=\"https:\/\/ochfoundation.ca\/fr\/programmes\/pack-a-sack\/\" class=\"elementor-item\">Pack-a-Sack<\/a><\/li>\n<li class=\"menu-item menu-item-type-post_type menu-item-object-page menu-item-7656\"><a href=\"https:\/\/ochfoundation.ca\/fr\/programmes\/a-vos-velos\/\" class=\"elementor-item\">\u00c0 Vos V\u00e9los<\/a><\/li>\n<li class=\"menu-item menu-item-type-post_type menu-item-object-page menu-item-7657\"><a href=\"https:\/\/ochfoundation.ca\/fr\/programmes\/avenir-jeunesse\/\" class=\"elementor-item\">Avenir Jeunesse<\/a><\/li>\n<li class=\"menu-item menu-item-type-post_type menu-item-object-page menu-item-7658\"><a href=\"https:\/\/ochfoundation.ca\/fr\/programmes\/pret-pour-demain\/\" class=\"elementor-item\">Pr\u00eat pour demain<\/a><\/li>\n<\/ul>\t\t\t<\/nav>\n\t\t\t\t\t<div class=\"elementor-menu-toggle\" role=\"button\" tabindex=\"0\" aria-label=\"Permuter le menu\" aria-expanded=\"false\">\n\t\t\t<i aria-hidden=\"true\" role=\"presentation\" class=\"elementor-menu-toggle__icon--open eicon-menu-bar\"><\/i><i aria-hidden=\"true\" role=\"presentation\" class=\"elementor-menu-toggle__icon--close eicon-close\"><\/i>\t\t<\/div>\n\t\t\t\t\t<nav class=\"elementor-nav-menu--dropdown elementor-nav-menu__container\" aria-hidden=\"true\">\n\t\t\t\t<ul id=\"menu-2-b43d25b\" class=\"elementor-nav-menu\"><li class=\"menu-item menu-item-type-post_type menu-item-object-page menu-item-7653\"><a href=\"https:\/\/ochfoundation.ca\/fr\/programmes\/bourse-detudes-apprendre-minspire\/\" class=\"elementor-item\" tabindex=\"-1\">Bourse d&rsquo;\u00e9tudes Apprendre M\u2019inspire<\/a><\/li>\n<li class=\"menu-item menu-item-type-post_type menu-item-object-page menu-item-7654\"><a href=\"https:\/\/ochfoundation.ca\/fr\/programmes\/reclink\/\" class=\"elementor-item\" tabindex=\"-1\">RecLINK<\/a><\/li>\n<li class=\"menu-item menu-item-type-post_type menu-item-object-page menu-item-7655\"><a href=\"https:\/\/ochfoundation.ca\/fr\/programmes\/pack-a-sack\/\" class=\"elementor-item\" tabindex=\"-1\">Pack-a-Sack<\/a><\/li>\n<li class=\"menu-item menu-item-type-post_type menu-item-object-page menu-item-7656\"><a href=\"https:\/\/ochfoundation.ca\/fr\/programmes\/a-vos-velos\/\" class=\"elementor-item\" tabindex=\"-1\">\u00c0 Vos V\u00e9los<\/a><\/li>\n<li class=\"menu-item menu-item-type-post_type menu-item-object-page menu-item-7657\"><a href=\"https:\/\/ochfoundation.ca\/fr\/programmes\/avenir-jeunesse\/\" class=\"elementor-item\" tabindex=\"-1\">Avenir Jeunesse<\/a><\/li>\n<li class=\"menu-item menu-item-type-post_type menu-item-object-page menu-item-7658\"><a href=\"https:\/\/ochfoundation.ca\/fr\/programmes\/pret-pour-demain\/\" class=\"elementor-item\" tabindex=\"-1\">Pr\u00eat pour demain<\/a><\/li>\n<\/ul>\t\t\t<\/nav>\n\t\t\t\t\t\t<\/div>\n\t\t\t\t<\/div>\n\t\t\t\t\t<\/div>\n\t\t\t\t<\/div>\n\t\t\t\t<\/div>\n\t\t","protected":false},"excerpt":{"rendered":"<p>PROGRAMS PR\u00caT POUR DEMAIN Qu&rsquo;est-ce que Pr\u00eat pour demain? Pr\u00eat pour demain repose sur un principe simple : les communaut\u00e9s savent mieux que quiconque ce dont elles ont besoin. G\u00e9r\u00e9 en collaboration avec Khalsa Aid Ottawa, ce programme vient en aide aux locataires des communaut\u00e9s de la Soci\u00e9t\u00e9 de logement communautaire d\u2019Ottawa (LCO) en leur [&hellip;]<\/p>\n","protected":false},"author":3,"featured_media":6992,"parent":3856,"menu_order":0,"comment_status":"closed","ping_status":"closed","template":"","meta":{"footnotes":""},"class_list":["post-3864","page","type-page","status-publish","has-post-thumbnail","hentry"],"_links":{"self":[{"href":"https:\/\/ochfoundation.ca\/fr\/wp-json\/wp\/v2\/pages\/3864","targetHints":{"allow":["GET"]}}],"collection":[{"href":"https:\/\/ochfoundation.ca\/fr\/wp-json\/wp\/v2\/pages"}],"about":[{"href":"https:\/\/ochfoundation.ca\/fr\/wp-json\/wp\/v2\/types\/page"}],"author":[{"embeddable":true,"href":"https:\/\/ochfoundation.ca\/fr\/wp-json\/wp\/v2\/users\/3"}],"replies":[{"embeddable":true,"href":"https:\/\/ochfoundation.ca\/fr\/wp-json\/wp\/v2\/comments?post=3864"}],"version-history":[{"count":23,"href":"https:\/\/ochfoundation.ca\/fr\/wp-json\/wp\/v2\/pages\/3864\/revisions"}],"predecessor-version":[{"id":8211,"href":"https:\/\/ochfoundation.ca\/fr\/wp-json\/wp\/v2\/pages\/3864\/revisions\/8211"}],"up":[{"embeddable":true,"href":"https:\/\/ochfoundation.ca\/fr\/wp-json\/wp\/v2\/pages\/3856"}],"wp:featuredmedia":[{"embeddable":true,"href":"https:\/\/ochfoundation.ca\/fr\/wp-json\/wp\/v2\/media\/6992"}],"wp:attachment":[{"href":"https:\/\/ochfoundation.ca\/fr\/wp-json\/wp\/v2\/media?parent=3864"}],"curies":[{"name":"wp","href":"https:\/\/api.w.org\/{rel}","templated":true}]}}