{"id":3866,"date":"2023-09-23T20:24:46","date_gmt":"2023-09-24T00:24:46","guid":{"rendered":"http:\/\/159.89.124.43\/programmes\/avenir-jeunesse\/"},"modified":"2026-03-11T09:14:15","modified_gmt":"2026-03-11T13:14:15","slug":"avenir-jeunesse","status":"publish","type":"page","link":"https:\/\/ochfoundation.ca\/fr\/programmes\/avenir-jeunesse\/","title":{"rendered":"Avenir Jeunesse"},"content":{"rendered":"\t\t<div data-elementor-type=\"wp-page\" data-elementor-id=\"3866\" class=\"elementor elementor-3866 elementor-1773\" data-elementor-post-type=\"page\">\n\t\t\t\t<div class=\"elementor-element elementor-element-63bc6e11 e-con-full e-flex e-con e-parent\" data-id=\"63bc6e11\" data-element_type=\"container\" data-e-type=\"container\">\n\t\t<div class=\"elementor-element elementor-element-7ffe1c8d e-con-full e-flex e-con e-child\" data-id=\"7ffe1c8d\" data-element_type=\"container\" data-e-type=\"container\" data-settings=\"{&quot;background_background&quot;:&quot;classic&quot;}\">\n\t\t\t\t<div class=\"elementor-element elementor-element-1837daf elementor-widget elementor-widget-heading\" data-id=\"1837daf\" data-element_type=\"widget\" data-e-type=\"widget\" data-widget_type=\"heading.default\">\n\t\t\t\t<div class=\"elementor-widget-container\">\n\t\t\t\t\t<h2 class=\"elementor-heading-title elementor-size-default\">PROGRAMS<\/h2>\t\t\t\t<\/div>\n\t\t\t\t<\/div>\n\t\t\t\t<div class=\"elementor-element elementor-element-382f3303 elementor-widget elementor-widget-heading\" data-id=\"382f3303\" data-element_type=\"widget\" data-e-type=\"widget\" data-widget_type=\"heading.default\">\n\t\t\t\t<div class=\"elementor-widget-container\">\n\t\t\t\t\t<h2 class=\"elementor-heading-title elementor-size-default\">AVENIR JEUNESSE<\/h2>\t\t\t\t<\/div>\n\t\t\t\t<\/div>\n\t\t\t\t<\/div>\n\t\t<div class=\"elementor-element elementor-element-7d44c8ad e-con-full e-flex e-con e-child\" data-id=\"7d44c8ad\" data-element_type=\"container\" data-e-type=\"container\" data-settings=\"{&quot;background_background&quot;:&quot;classic&quot;}\">\n\t\t\t\t<\/div>\n\t\t\t\t<\/div>\n\t\t<div class=\"elementor-element elementor-element-a199bc8 e-flex e-con-boxed e-con e-parent\" data-id=\"a199bc8\" data-element_type=\"container\" data-e-type=\"container\">\n\t\t\t\t\t<div class=\"e-con-inner\">\n\t\t\t\t<div class=\"elementor-element elementor-element-0a15a6b elementor-widget elementor-widget-heading\" data-id=\"0a15a6b\" data-element_type=\"widget\" data-e-type=\"widget\" data-widget_type=\"heading.default\">\n\t\t\t\t<div class=\"elementor-widget-container\">\n\t\t\t\t\t<h2 class=\"elementor-heading-title elementor-size-default\">Qu'est-ce que Avenir Jeunesse ?<\/h2>\t\t\t\t<\/div>\n\t\t\t\t<\/div>\n\t\t\t\t<div class=\"elementor-element elementor-element-4e5c0f1 elementor-widget elementor-widget-text-editor\" data-id=\"4e5c0f1\" data-element_type=\"widget\" data-e-type=\"widget\" data-widget_type=\"text-editor.default\">\n\t\t\t\t<div class=\"elementor-widget-container\">\n\t\t\t\t\t\t\t\t\t<p>L&rsquo;avenir jeunesse est un programme bilingue d&rsquo;une dur\u00e9e de six mois qui aide les jeunes \u00e2g\u00e9s de 16 \u00e0 21 ans issus de milieux d\u00e9favoris\u00e9s et vivant dans des logements sociaux \u00e0 acqu\u00e9rir les comp\u00e9tences, la confiance et l&rsquo;exp\u00e9rience n\u00e9cessaires pour r\u00e9ussir leurs \u00e9tudes postsecondaires et leur future carri\u00e8re.<\/p><p>Offert en partenariat avec la Ville d&rsquo;Ottawa et le BGC Ottawa, et soutenu par la Fondation LCO, ce programme se d\u00e9roule chaque ann\u00e9e de f\u00e9vrier \u00e0 ao\u00fbt, sans frais pour les participants.<\/p>\t\t\t\t\t\t\t\t<\/div>\n\t\t\t\t<\/div>\n\t\t\t\t<div class=\"elementor-element elementor-element-946eaef elementor-widget__width-initial elementor-widget elementor-widget-video\" data-id=\"946eaef\" data-element_type=\"widget\" data-e-type=\"widget\" data-settings=\"{&quot;youtube_url&quot;:&quot;https:\\\/\\\/youtu.be\\\/qhMnqe1E6B4&quot;,&quot;video_type&quot;:&quot;youtube&quot;,&quot;controls&quot;:&quot;yes&quot;}\" data-widget_type=\"video.default\">\n\t\t\t\t<div class=\"elementor-widget-container\">\n\t\t\t\t\t\t\t<div class=\"elementor-wrapper elementor-open-inline\">\n\t\t\t<div class=\"elementor-video\"><\/div>\t\t<\/div>\n\t\t\t\t\t\t<\/div>\n\t\t\t\t<\/div>\n\t\t\t\t<div class=\"elementor-element elementor-element-d19b02a elementor-widget elementor-widget-heading\" data-id=\"d19b02a\" data-element_type=\"widget\" data-e-type=\"widget\" data-widget_type=\"heading.default\">\n\t\t\t\t<div class=\"elementor-widget-container\">\n\t\t\t\t\t<h2 class=\"elementor-heading-title elementor-size-default\">Que propose Avenir jeunesse ?<\/h2>\t\t\t\t<\/div>\n\t\t\t\t<\/div>\n\t\t\t\t<div class=\"elementor-element elementor-element-c547fd5 elementor-widget elementor-widget-text-editor\" data-id=\"c547fd5\" data-element_type=\"widget\" data-e-type=\"widget\" data-widget_type=\"text-editor.default\">\n\t\t\t\t<div class=\"elementor-widget-container\">\n\t\t\t\t\t\t\t\t\t<p>Avenir jeunesse aide les jeunes \u00e0 surmonter les obstacles \u00e0 l&#8217;emploi et \u00e0 l&rsquo;\u00e9ducation en leur offrant une formation en leadership, du mentorat, des conseils sur les \u00e9tudes postsecondaires et des stages d&rsquo;\u00e9t\u00e9 r\u00e9mun\u00e9r\u00e9s.<\/p><p>Gr\u00e2ce \u00e0 une communaut\u00e9 solidaire compos\u00e9e de pairs et de mentors, les participants acqui\u00e8rent une exp\u00e9rience concr\u00e8te et des comp\u00e9tences pratiques qui les pr\u00e9parent \u00e0 l&rsquo;universit\u00e9 et au monde du travail.<\/p>\t\t\t\t\t\t\t\t<\/div>\n\t\t\t\t<\/div>\n\t\t\t\t<div class=\"elementor-element elementor-element-4f2de62 elementor-widget elementor-widget-heading\" data-id=\"4f2de62\" data-element_type=\"widget\" data-e-type=\"widget\" data-widget_type=\"heading.default\">\n\t\t\t\t<div class=\"elementor-widget-container\">\n\t\t\t\t\t<h2 class=\"elementor-heading-title elementor-size-default\">Faits marquants :<\/h2>\t\t\t\t<\/div>\n\t\t\t\t<\/div>\n\t\t\t\t<div class=\"elementor-element elementor-element-9e98172 elementor-widget elementor-widget-text-editor\" data-id=\"9e98172\" data-element_type=\"widget\" data-e-type=\"widget\" data-widget_type=\"text-editor.default\">\n\t\t\t\t<div class=\"elementor-widget-container\">\n\t\t\t\t\t\t\t\t\t<ul><li><strong>\u00c0 qui s&rsquo;adresse ce programme :<\/strong> aux jeunes \u00e2g\u00e9s de 16 \u00e0 21 ans vivant dans des communaut\u00e9s \u00e0 faible revenu et dans des logements sociaux.<\/li><li><strong>Dur\u00e9e du programme :<\/strong> 6 mois (f\u00e9vrier \u00e0 ao\u00fbt)<\/li><li><strong>Co\u00fbt :<\/strong> Gratuit et enti\u00e8rement bilingue (anglais et fran\u00e7ais)<\/li><li><strong>Piliers fondamentaux :<\/strong> leadership, mentorat, orientation postsecondaire et emploi<\/li><li><strong>Stage d&rsquo;\u00e9t\u00e9 :<\/strong> offres d&#8217;emploi d&rsquo;\u00e9t\u00e9 r\u00e9mun\u00e9r\u00e9es, avec la possibilit\u00e9 d&rsquo;obtenir jusqu&rsquo;\u00e0 deux cr\u00e9dits COOP pour le lyc\u00e9e.<\/li><\/ul>\t\t\t\t\t\t\t\t<\/div>\n\t\t\t\t<\/div>\n\t\t\t\t<div class=\"elementor-element elementor-element-6b202e7 elementor-widget elementor-widget-heading\" data-id=\"6b202e7\" data-element_type=\"widget\" data-e-type=\"widget\" data-widget_type=\"heading.default\">\n\t\t\t\t<div class=\"elementor-widget-container\">\n\t\t\t\t\t<h2 class=\"elementor-heading-title elementor-size-default\">Quels avantages les participants peuvent-ils en tirer ?<\/h2>\t\t\t\t<\/div>\n\t\t\t\t<\/div>\n\t\t\t\t<div class=\"elementor-element elementor-element-9aae999 elementor-widget elementor-widget-text-editor\" data-id=\"9aae999\" data-element_type=\"widget\" data-e-type=\"widget\" data-widget_type=\"text-editor.default\">\n\t\t\t\t<div class=\"elementor-widget-container\">\n\t\t\t\t\t\t\t\t\t<p><strong>Formation en leadership et en emploi :<\/strong> S\u00e9ances interactives et pratiques qui pr\u00e9parent les jeunes \u00e0 l&rsquo;enseignement postsecondaire et au monde du travail. Les participants d\u00e9veloppent leurs comp\u00e9tences en communication, leur esprit d&rsquo;\u00e9quipe, leurs connaissances financi\u00e8res et acqui\u00e8rent des outils pour se pr\u00e9parer \u00e0 l&#8217;emploi. <\/p><p><strong>Orientation postsecondaire : <\/strong>visites guid\u00e9es du campus, conseils d&rsquo;initi\u00e9s et aide \u00e0 l&rsquo;orientation vers les parcours universitaires afin que les jeunes puissent franchir la prochaine \u00e9tape en toute confiance.<\/p><p><strong>Stage r\u00e9mun\u00e9r\u00e9 :<\/strong> exp\u00e9rience professionnelle pratique gr\u00e2ce \u00e0 des stages d&rsquo;\u00e9t\u00e9 r\u00e9mun\u00e9r\u00e9s enrichissants qui permettent d&rsquo;\u00e9toffer son CV et de se constituer un r\u00e9seau professionnel.<\/p><p><strong>Soutien par les pairs et r\u00e9seautage : <\/strong>une communaut\u00e9 solide compos\u00e9e de pairs, de mentors et de membres du personnel du programme qui soutiennent les jeunes dans leur croissance, leurs relations et la poursuite de leurs objectifs.<\/p>\t\t\t\t\t\t\t\t<\/div>\n\t\t\t\t<\/div>\n\t\t\t\t<div class=\"elementor-element elementor-element-7d7d053 elementor-widget elementor-widget-heading\" data-id=\"7d7d053\" data-element_type=\"widget\" data-e-type=\"widget\" data-widget_type=\"heading.default\">\n\t\t\t\t<div class=\"elementor-widget-container\">\n\t\t\t\t\t<h2 class=\"elementor-heading-title elementor-size-default\">Comment les locataires peuvent-ils acc\u00e9der \u00e0 ce programme ?<\/h2>\t\t\t\t<\/div>\n\t\t\t\t<\/div>\n\t\t\t\t<div class=\"elementor-element elementor-element-1b1e202 elementor-widget elementor-widget-text-editor\" data-id=\"1b1e202\" data-element_type=\"widget\" data-e-type=\"widget\" data-widget_type=\"text-editor.default\">\n\t\t\t\t<div class=\"elementor-widget-container\">\n\t\t\t\t\t\t\t\t\t<p>Les candidatures au programme L&rsquo;avenir jeunesse sont ouvertes chaque ann\u00e9e en novembre et peuvent \u00eatre soumises directement sur le site web Avenir jeunesse. Ce site web est une ressource compl\u00e8te pour les candidats potentiels, offrant des informations d\u00e9taill\u00e9es sur les crit\u00e8res d&rsquo;\u00e9ligibilit\u00e9, les attentes du programme, les d\u00e9lais et les aides disponibles tout au long du parcours. Nous encourageons tous les jeunes int\u00e9ress\u00e9s \u00e0 explorer attentivement le site avant de postuler.  <\/p>\t\t\t\t\t\t\t\t<\/div>\n\t\t\t\t<\/div>\n\t\t\t\t<div class=\"elementor-element elementor-element-7d94bc2 elementor-align-center elementor-widget elementor-widget-button\" data-id=\"7d94bc2\" data-element_type=\"widget\" data-e-type=\"widget\" data-widget_type=\"button.default\">\n\t\t\t\t<div class=\"elementor-widget-container\">\n\t\t\t\t\t\t\t\t\t<div class=\"elementor-button-wrapper\">\n\t\t\t\t\t<a class=\"elementor-button elementor-button-link elementor-size-sm\" href=\"https:\/\/youth-futures.com\/\">\n\t\t\t\t\t\t<span class=\"elementor-button-content-wrapper\">\n\t\t\t\t\t\t\t\t\t<span class=\"elementor-button-text\">Explorer Avenir Jeunesse<\/span>\n\t\t\t\t\t<\/span>\n\t\t\t\t\t<\/a>\n\t\t\t\t<\/div>\n\t\t\t\t\t\t\t\t<\/div>\n\t\t\t\t<\/div>\n\t\t\t\t\t<\/div>\n\t\t\t\t<\/div>\n\t\t<div class=\"elementor-element elementor-element-3cd8def e-grid e-con-boxed e-con e-parent\" data-id=\"3cd8def\" data-element_type=\"container\" data-e-type=\"container\">\n\t\t\t\t\t<div class=\"e-con-inner\">\n\t\t\t\t<div class=\"elementor-element elementor-element-ae7b802 elementor-widget elementor-widget-text-editor\" data-id=\"ae7b802\" data-element_type=\"widget\" data-e-type=\"widget\" data-widget_type=\"text-editor.default\">\n\t\t\t\t<div class=\"elementor-widget-container\">\n\t\t\t\t\t\t\t\t\t<h2>Comment puis-je soutenir Avenir Jeunesse ? <\/h2><p>Lorsque les jeunes ont acc\u00e8s \u00e0 des opportunit\u00e9s, \u00e0 du mentorat et \u00e0 une exp\u00e9rience professionnelle enrichissante, ils sont mieux pr\u00e9par\u00e9s \u00e0 poursuivre leurs \u00e9tudes, \u00e0 trouver un emploi et \u00e0 se construire un avenir stable. Votre soutien contribue \u00e0 \u00e9galiser les chances des jeunes confront\u00e9s \u00e0 des obstacles syst\u00e9miques. Vous pouvez soutenir Avenir Jeunesse de diff\u00e9rentes mani\u00e8res :  <\/p><ul><li><span style=\"text-decoration: underline;\"><a href=\"https:\/\/acahhplr.donorsupport.co\/page\/FUNJNHPMSDZ\">Faites un don<\/a><\/span> pour aider \u00e0 fournir aux jeunes l&rsquo;acc\u00e8s aux conseils, aux ressources et \u00e0 l&rsquo;exp\u00e9rience pratique dont ils ont besoin pour r\u00e9ussir.<\/li><li><p><strong>Devenez notre partenaire<\/strong> en tant qu&#8217;employeur, sponsor ou soutien communautaire. <span style=\"text-decoration: underline;\"><a href=\"mailto:annie.premachuk@ochfoundation.ca\">Contactez notre \u00e9quipe<\/a><\/span> pour en savoir plus. <\/p><\/li><\/ul>\t\t\t\t\t\t\t\t<\/div>\n\t\t\t\t<\/div>\n\t\t\t\t<div class=\"elementor-element elementor-element-0f721e3 elementor-widget elementor-widget-image\" data-id=\"0f721e3\" data-element_type=\"widget\" data-e-type=\"widget\" data-widget_type=\"image.default\">\n\t\t\t\t<div class=\"elementor-widget-container\">\n\t\t\t\t\t\t\t\t\t\t\t\t\t\t\t<img decoding=\"async\" src=\"https:\/\/ochfoundation.ca\/wp-content\/uploads\/elementor\/thumbs\/1-_DSC0631-2-rj26p6p58zdorjzw8bznolw3bcmf32vtv9fysd7vd4.jpg\" title=\"1-_DSC0631 (2)\" alt=\"1-_DSC0631 (2)\" loading=\"lazy\" \/>\t\t\t\t\t\t\t\t\t\t\t\t\t\t\t<\/div>\n\t\t\t\t<\/div>\n\t\t\t\t\t<\/div>\n\t\t\t\t<\/div>\n\t\t<div class=\"elementor-element elementor-element-8320c34 e-flex e-con-boxed e-con e-parent\" data-id=\"8320c34\" data-element_type=\"container\" data-e-type=\"container\" data-settings=\"{&quot;background_background&quot;:&quot;classic&quot;}\">\n\t\t\t\t\t<div class=\"e-con-inner\">\n\t\t\t\t<div class=\"elementor-element elementor-element-31d1e7e elementor-widget elementor-widget-heading\" data-id=\"31d1e7e\" data-element_type=\"widget\" data-e-type=\"widget\" data-widget_type=\"heading.default\">\n\t\t\t\t<div class=\"elementor-widget-container\">\n\t\t\t\t\t<h2 class=\"elementor-heading-title elementor-size-default\">D\u00c9COUVREZ TOUS NOS PROGRAMMES<\/h2>\t\t\t\t<\/div>\n\t\t\t\t<\/div>\n\t\t\t\t<div class=\"elementor-element elementor-element-283e689 elementor-nav-menu__align-center elementor-nav-menu--dropdown-tablet elementor-nav-menu__text-align-aside elementor-nav-menu--toggle elementor-nav-menu--burger elementor-widget elementor-widget-nav-menu\" data-id=\"283e689\" data-element_type=\"widget\" data-e-type=\"widget\" data-settings=\"{&quot;layout&quot;:&quot;horizontal&quot;,&quot;submenu_icon&quot;:{&quot;value&quot;:&quot;&lt;i class=\\&quot;fas fa-caret-down\\&quot; aria-hidden=\\&quot;true\\&quot;&gt;&lt;\\\/i&gt;&quot;,&quot;library&quot;:&quot;fa-solid&quot;},&quot;toggle&quot;:&quot;burger&quot;}\" data-widget_type=\"nav-menu.default\">\n\t\t\t\t<div class=\"elementor-widget-container\">\n\t\t\t\t\t\t\t\t<nav aria-label=\"PROGRAMS Menu\" class=\"elementor-nav-menu--main elementor-nav-menu__container elementor-nav-menu--layout-horizontal e--pointer-underline e--animation-fade\">\n\t\t\t\t<ul id=\"menu-1-283e689\" class=\"elementor-nav-menu\"><li class=\"menu-item menu-item-type-post_type menu-item-object-page menu-item-7653\"><a href=\"https:\/\/ochfoundation.ca\/fr\/programmes\/bourse-detudes-apprendre-minspire\/\" class=\"elementor-item\">Bourse d&rsquo;\u00e9tudes Apprendre M\u2019inspire<\/a><\/li>\n<li class=\"menu-item menu-item-type-post_type menu-item-object-page menu-item-7654\"><a href=\"https:\/\/ochfoundation.ca\/fr\/programmes\/reclink\/\" class=\"elementor-item\">RecLINK<\/a><\/li>\n<li class=\"menu-item menu-item-type-post_type menu-item-object-page menu-item-7655\"><a href=\"https:\/\/ochfoundation.ca\/fr\/programmes\/pack-a-sack\/\" class=\"elementor-item\">Pack-a-Sack<\/a><\/li>\n<li class=\"menu-item menu-item-type-post_type menu-item-object-page menu-item-7656\"><a href=\"https:\/\/ochfoundation.ca\/fr\/programmes\/a-vos-velos\/\" class=\"elementor-item\">\u00c0 Vos V\u00e9los<\/a><\/li>\n<li class=\"menu-item menu-item-type-post_type menu-item-object-page menu-item-7657\"><a href=\"https:\/\/ochfoundation.ca\/fr\/programmes\/avenir-jeunesse\/\" class=\"elementor-item\">Avenir Jeunesse<\/a><\/li>\n<li class=\"menu-item menu-item-type-post_type menu-item-object-page menu-item-7658\"><a href=\"https:\/\/ochfoundation.ca\/fr\/programmes\/pret-pour-demain\/\" class=\"elementor-item\">Pr\u00eat pour demain<\/a><\/li>\n<\/ul>\t\t\t<\/nav>\n\t\t\t\t\t<div class=\"elementor-menu-toggle\" role=\"button\" tabindex=\"0\" aria-label=\"Permuter le menu\" aria-expanded=\"false\">\n\t\t\t<i aria-hidden=\"true\" role=\"presentation\" class=\"elementor-menu-toggle__icon--open eicon-menu-bar\"><\/i><i aria-hidden=\"true\" role=\"presentation\" class=\"elementor-menu-toggle__icon--close eicon-close\"><\/i>\t\t<\/div>\n\t\t\t\t\t<nav class=\"elementor-nav-menu--dropdown elementor-nav-menu__container\" aria-hidden=\"true\">\n\t\t\t\t<ul id=\"menu-2-283e689\" class=\"elementor-nav-menu\"><li class=\"menu-item menu-item-type-post_type menu-item-object-page menu-item-7653\"><a href=\"https:\/\/ochfoundation.ca\/fr\/programmes\/bourse-detudes-apprendre-minspire\/\" class=\"elementor-item\" tabindex=\"-1\">Bourse d&rsquo;\u00e9tudes Apprendre M\u2019inspire<\/a><\/li>\n<li class=\"menu-item menu-item-type-post_type menu-item-object-page menu-item-7654\"><a href=\"https:\/\/ochfoundation.ca\/fr\/programmes\/reclink\/\" class=\"elementor-item\" tabindex=\"-1\">RecLINK<\/a><\/li>\n<li class=\"menu-item menu-item-type-post_type menu-item-object-page menu-item-7655\"><a href=\"https:\/\/ochfoundation.ca\/fr\/programmes\/pack-a-sack\/\" class=\"elementor-item\" tabindex=\"-1\">Pack-a-Sack<\/a><\/li>\n<li class=\"menu-item menu-item-type-post_type menu-item-object-page menu-item-7656\"><a href=\"https:\/\/ochfoundation.ca\/fr\/programmes\/a-vos-velos\/\" class=\"elementor-item\" tabindex=\"-1\">\u00c0 Vos V\u00e9los<\/a><\/li>\n<li class=\"menu-item menu-item-type-post_type menu-item-object-page menu-item-7657\"><a href=\"https:\/\/ochfoundation.ca\/fr\/programmes\/avenir-jeunesse\/\" class=\"elementor-item\" tabindex=\"-1\">Avenir Jeunesse<\/a><\/li>\n<li class=\"menu-item menu-item-type-post_type menu-item-object-page menu-item-7658\"><a href=\"https:\/\/ochfoundation.ca\/fr\/programmes\/pret-pour-demain\/\" class=\"elementor-item\" tabindex=\"-1\">Pr\u00eat pour demain<\/a><\/li>\n<\/ul>\t\t\t<\/nav>\n\t\t\t\t\t\t<\/div>\n\t\t\t\t<\/div>\n\t\t\t\t\t<\/div>\n\t\t\t\t<\/div>\n\t\t\t\t<\/div>\n\t\t","protected":false},"excerpt":{"rendered":"<p>PROGRAMS AVENIR JEUNESSE Qu&rsquo;est-ce que Avenir Jeunesse ? L&rsquo;avenir jeunesse est un programme bilingue d&rsquo;une dur\u00e9e de six mois qui aide les jeunes \u00e2g\u00e9s de 16 \u00e0 21 ans issus de milieux d\u00e9favoris\u00e9s et vivant dans des logements sociaux \u00e0 acqu\u00e9rir les comp\u00e9tences, la confiance et l&rsquo;exp\u00e9rience n\u00e9cessaires pour r\u00e9ussir leurs \u00e9tudes postsecondaires et leur [&hellip;]<\/p>\n","protected":false},"author":3,"featured_media":6823,"parent":3856,"menu_order":0,"comment_status":"closed","ping_status":"closed","template":"","meta":{"footnotes":""},"class_list":["post-3866","page","type-page","status-publish","has-post-thumbnail","hentry"],"_links":{"self":[{"href":"https:\/\/ochfoundation.ca\/fr\/wp-json\/wp\/v2\/pages\/3866","targetHints":{"allow":["GET"]}}],"collection":[{"href":"https:\/\/ochfoundation.ca\/fr\/wp-json\/wp\/v2\/pages"}],"about":[{"href":"https:\/\/ochfoundation.ca\/fr\/wp-json\/wp\/v2\/types\/page"}],"author":[{"embeddable":true,"href":"https:\/\/ochfoundation.ca\/fr\/wp-json\/wp\/v2\/users\/3"}],"replies":[{"embeddable":true,"href":"https:\/\/ochfoundation.ca\/fr\/wp-json\/wp\/v2\/comments?post=3866"}],"version-history":[{"count":11,"href":"https:\/\/ochfoundation.ca\/fr\/wp-json\/wp\/v2\/pages\/3866\/revisions"}],"predecessor-version":[{"id":8207,"href":"https:\/\/ochfoundation.ca\/fr\/wp-json\/wp\/v2\/pages\/3866\/revisions\/8207"}],"up":[{"embeddable":true,"href":"https:\/\/ochfoundation.ca\/fr\/wp-json\/wp\/v2\/pages\/3856"}],"wp:featuredmedia":[{"embeddable":true,"href":"https:\/\/ochfoundation.ca\/fr\/wp-json\/wp\/v2\/media\/6823"}],"wp:attachment":[{"href":"https:\/\/ochfoundation.ca\/fr\/wp-json\/wp\/v2\/media?parent=3866"}],"curies":[{"name":"wp","href":"https:\/\/api.w.org\/{rel}","templated":true}]}}