{"id":3870,"date":"2023-10-04T15:48:35","date_gmt":"2023-10-04T19:48:35","guid":{"rendered":"http:\/\/159.89.124.43\/programmes\/reclink\/"},"modified":"2026-03-11T09:07:26","modified_gmt":"2026-03-11T13:07:26","slug":"reclink","status":"publish","type":"page","link":"https:\/\/ochfoundation.ca\/fr\/programmes\/reclink\/","title":{"rendered":"RecLINK"},"content":{"rendered":"\t\t<div data-elementor-type=\"wp-page\" data-elementor-id=\"3870\" class=\"elementor elementor-3870 elementor-2979\" data-elementor-post-type=\"page\">\n\t\t\t\t<div class=\"elementor-element elementor-element-7c52f7ac e-con-full e-flex e-con e-parent\" data-id=\"7c52f7ac\" data-element_type=\"container\" data-e-type=\"container\">\n\t\t<div class=\"elementor-element elementor-element-63382a10 e-con-full e-flex e-con e-child\" data-id=\"63382a10\" data-element_type=\"container\" data-e-type=\"container\" data-settings=\"{&quot;background_background&quot;:&quot;classic&quot;}\">\n\t\t\t\t<div class=\"elementor-element elementor-element-488210f6 elementor-widget elementor-widget-heading\" data-id=\"488210f6\" data-element_type=\"widget\" data-e-type=\"widget\" data-widget_type=\"heading.default\">\n\t\t\t\t<div class=\"elementor-widget-container\">\n\t\t\t\t\t<h2 class=\"elementor-heading-title elementor-size-default\">PROGRAMS<\/h2>\t\t\t\t<\/div>\n\t\t\t\t<\/div>\n\t\t\t\t<div class=\"elementor-element elementor-element-1e8da783 elementor-widget elementor-widget-heading\" data-id=\"1e8da783\" data-element_type=\"widget\" data-e-type=\"widget\" data-widget_type=\"heading.default\">\n\t\t\t\t<div class=\"elementor-widget-container\">\n\t\t\t\t\t<h2 class=\"elementor-heading-title elementor-size-default\">recLINK<\/h2>\t\t\t\t<\/div>\n\t\t\t\t<\/div>\n\t\t\t\t<\/div>\n\t\t<div class=\"elementor-element elementor-element-32d383af e-con-full e-flex e-con e-child\" data-id=\"32d383af\" data-element_type=\"container\" data-e-type=\"container\" data-settings=\"{&quot;background_background&quot;:&quot;classic&quot;}\">\n\t\t\t\t<\/div>\n\t\t\t\t<\/div>\n\t\t<div class=\"elementor-element elementor-element-79ec627 e-grid e-con-boxed e-con e-parent\" data-id=\"79ec627\" data-element_type=\"container\" data-e-type=\"container\">\n\t\t\t\t\t<div class=\"e-con-inner\">\n\t\t\t\t<div class=\"elementor-element elementor-element-cebd68c elementor-widget elementor-widget-heading\" data-id=\"cebd68c\" data-element_type=\"widget\" data-e-type=\"widget\" data-widget_type=\"heading.default\">\n\t\t\t\t<div class=\"elementor-widget-container\">\n\t\t\t\t\t<h2 class=\"elementor-heading-title elementor-size-default\">Qu'est-ce que recLINK ?<\/h2>\t\t\t\t<\/div>\n\t\t\t\t<\/div>\n\t\t\t\t<div class=\"elementor-element elementor-element-c32009c elementor-widget elementor-widget-text-editor\" data-id=\"c32009c\" data-element_type=\"widget\" data-e-type=\"widget\" data-widget_type=\"text-editor.default\">\n\t\t\t\t<div class=\"elementor-widget-container\">\n\t\t\t\t\t\t\t\t\t<p>recLINK met en relation les enfants et les jeunes (\u00e2g\u00e9s de 4 \u00e0 18 ans) vivant dans la Soci\u00e9t\u00e9 de logement communautaire d\u2019Ottawa (LCO) avec des programmes artistiques, sportifs et de camps de qualit\u00e9, sans frais pour les familles. Pour de nombreuses familles, le co\u00fbt et la complexit\u00e9 de l&rsquo;inscription peuvent rendre les loisirs inaccessibles. recLINK contribue \u00e0 \u00e9liminer ces obstacles afin que chaque enfant ait la possibilit\u00e9 de participer, de s&rsquo;\u00e9panouir et de s&rsquo;\u00e9panouir.  <\/p><p>En 2025, recLINK a enregistr\u00e9 322 inscriptions \u00e0 des activit\u00e9s r\u00e9cr\u00e9atives, organis\u00e9 595 jours de camps et offert un total de 10 434 heures de programmes r\u00e9cr\u00e9atifs pour les enfants et les jeunes. Au total, 718 enfants et jeunes ont eu acc\u00e8s \u00e0 des activit\u00e9s r\u00e9cr\u00e9atives gr\u00e2ce aux inscriptions recLINK et aux activit\u00e9s Pop-In &amp; Play combin\u00e9es. <\/p>\t\t\t\t\t\t\t\t<\/div>\n\t\t\t\t<\/div>\n\t\t\t\t\t<\/div>\n\t\t\t\t<\/div>\n\t\t<div class=\"elementor-element elementor-element-fd0aa01 e-flex e-con-boxed e-con e-parent\" data-id=\"fd0aa01\" data-element_type=\"container\" data-e-type=\"container\">\n\t\t\t\t\t<div class=\"e-con-inner\">\n\t\t\t\t<div class=\"elementor-element elementor-element-54d3dc1 elementor-widget__width-initial elementor-widget elementor-widget-video\" data-id=\"54d3dc1\" data-element_type=\"widget\" data-e-type=\"widget\" data-settings=\"{&quot;youtube_url&quot;:&quot;https:\\\/\\\/www.youtube.com\\\/watch?v=qe6ZDqUWC2M&quot;,&quot;video_type&quot;:&quot;youtube&quot;,&quot;controls&quot;:&quot;yes&quot;}\" data-widget_type=\"video.default\">\n\t\t\t\t<div class=\"elementor-widget-container\">\n\t\t\t\t\t\t\t<div class=\"elementor-wrapper elementor-open-inline\">\n\t\t\t<div class=\"elementor-video\"><\/div>\t\t<\/div>\n\t\t\t\t\t\t<\/div>\n\t\t\t\t<\/div>\n\t\t\t\t<div class=\"elementor-element elementor-element-f328c4a elementor-widget elementor-widget-heading\" data-id=\"f328c4a\" data-element_type=\"widget\" data-e-type=\"widget\" data-widget_type=\"heading.default\">\n\t\t\t\t<div class=\"elementor-widget-container\">\n\t\t\t\t\t<h2 class=\"elementor-heading-title elementor-size-default\">Comment fonctionne recLINK ?<\/h2>\t\t\t\t<\/div>\n\t\t\t\t<\/div>\n\t\t\t\t<div class=\"elementor-element elementor-element-c97996c elementor-widget elementor-widget-text-editor\" data-id=\"c97996c\" data-element_type=\"widget\" data-e-type=\"widget\" data-widget_type=\"text-editor.default\">\n\t\t\t\t<div class=\"elementor-widget-container\">\n\t\t\t\t\t\t\t\t\t<p>recLINK est mis en \u0153uvre par une petite \u00e9quipe qui sert de point de contact central pour les familles et les organisations partenaires. Le personnel de recLINK aide les familles \u00e0 apprendre \u00e0 naviguer dans les syst\u00e8mes d&rsquo;inscription et de subvention des loisirs, \u00e0 surmonter les obstacles \u00e0 la participation et \u00e0 orienter les jeunes vers des programmes qui r\u00e9pondent \u00e0 leurs besoins et \u00e0 leurs int\u00e9r\u00eats. recLINK s&rsquo;associe \u00e0 des organismes communautaires artistiques, r\u00e9cr\u00e9atifs et sportifs afin de permettre aux jeunes vivant dans le quartier LCO de participer aux programmes qui les passionnent le plus. <\/p>\t\t\t\t\t\t\t\t<\/div>\n\t\t\t\t<\/div>\n\t\t\t\t<div class=\"elementor-element elementor-element-71537ba elementor-widget elementor-widget-heading\" data-id=\"71537ba\" data-element_type=\"widget\" data-e-type=\"widget\" data-widget_type=\"heading.default\">\n\t\t\t\t<div class=\"elementor-widget-container\">\n\t\t\t\t\t<h2 class=\"elementor-heading-title elementor-size-default\">Comment les locataires peuvent-ils acc\u00e9der \u00e0 recLINK ?<\/h2>\t\t\t\t<\/div>\n\t\t\t\t<\/div>\n\t\t\t\t<div class=\"elementor-element elementor-element-4bd1527 elementor-widget elementor-widget-text-editor\" data-id=\"4bd1527\" data-element_type=\"widget\" data-e-type=\"widget\" data-widget_type=\"text-editor.default\">\n\t\t\t\t<div class=\"elementor-widget-container\">\n\t\t\t\t\t\t\t\t\t<p>Pr\u00eat \u00e0 d\u00e9couvrir les possibilit\u00e9s de loisirs pour votre enfant ? Si vous \u00eates locataire dans une communaut\u00e9 LCO et que vous avez des enfants \u00e2g\u00e9s de 4 \u00e0 18 ans, inscrivez-vous ci-dessous et notre \u00e9quipe vous mettra en relation avec les programmes adapt\u00e9s aux besoins de votre famille. <\/p>\t\t\t\t\t\t\t\t<\/div>\n\t\t\t\t<\/div>\n\t\t\t\t<div class=\"elementor-element elementor-element-2fb0ced elementor-align-center elementor-widget elementor-widget-button\" data-id=\"2fb0ced\" data-element_type=\"widget\" data-e-type=\"widget\" data-widget_type=\"button.default\">\n\t\t\t\t<div class=\"elementor-widget-container\">\n\t\t\t\t\t\t\t\t\t<div class=\"elementor-button-wrapper\">\n\t\t\t\t\t<a class=\"elementor-button elementor-button-link elementor-size-sm\" href=\"https:\/\/forms.office.com\/Pages\/ResponsePage.aspx?id=2_iq92PG3UGrVsrZinU8zpz5NLW0xAhFjcEpTNn7ssNUQ05MVU5DTFpRWUNFS1BOMlhSOFVEQVREQS4u\">\n\t\t\t\t\t\t<span class=\"elementor-button-content-wrapper\">\n\t\t\t\t\t\t\t\t\t<span class=\"elementor-button-text\">Inscrivez-vous \u00e0 recLINK <\/span>\n\t\t\t\t\t<\/span>\n\t\t\t\t\t<\/a>\n\t\t\t\t<\/div>\n\t\t\t\t\t\t\t\t<\/div>\n\t\t\t\t<\/div>\n\t\t\t\t<div class=\"elementor-element elementor-element-d63b371 elementor-widget elementor-widget-heading\" data-id=\"d63b371\" data-element_type=\"widget\" data-e-type=\"widget\" data-widget_type=\"heading.default\">\n\t\t\t\t<div class=\"elementor-widget-container\">\n\t\t\t\t\t<h2 class=\"elementor-heading-title elementor-size-default\">Que se passe-t-il ensuite ?<\/h2>\t\t\t\t<\/div>\n\t\t\t\t<\/div>\n\t\t\t\t<div class=\"elementor-element elementor-element-ea93b9f elementor-widget elementor-widget-text-editor\" data-id=\"ea93b9f\" data-element_type=\"widget\" data-e-type=\"widget\" data-widget_type=\"text-editor.default\">\n\t\t\t\t<div class=\"elementor-widget-container\">\n\t\t\t\t\t\t\t\t\t<p>Une fois votre demande re\u00e7ue, un membre de notre \u00e9quipe vous contactera pour en savoir plus sur les centres d&rsquo;int\u00e9r\u00eat et les besoins de votre enfant. Nous vous aiderons \u00e0 d\u00e9couvrir les programmes disponibles, \u00e0 vous y retrouver dans les subventions et \u00e0 finaliser l&rsquo;inscription. Notre \u00e9quipe reste en contact avec vous tout au long du processus afin de garantir la r\u00e9ussite de votre enfant.  <\/p>\t\t\t\t\t\t\t\t<\/div>\n\t\t\t\t<\/div>\n\t\t\t\t<div class=\"elementor-element elementor-element-18f08d0 elementor-widget elementor-widget-heading\" data-id=\"18f08d0\" data-element_type=\"widget\" data-e-type=\"widget\" data-widget_type=\"heading.default\">\n\t\t\t\t<div class=\"elementor-widget-container\">\n\t\t\t\t\t<h2 class=\"elementor-heading-title elementor-size-default\">Que sont les activit\u00e9s Pop-in &amp; Play ?<\/h2>\t\t\t\t<\/div>\n\t\t\t\t<\/div>\n\t\t\t\t\t<\/div>\n\t\t\t\t<\/div>\n\t\t<div class=\"elementor-element elementor-element-b783256 e-grid e-con-boxed e-con e-parent\" data-id=\"b783256\" data-element_type=\"container\" data-e-type=\"container\">\n\t\t\t\t\t<div class=\"e-con-inner\">\n\t\t\t\t<div class=\"elementor-element elementor-element-40c880e elementor-widget elementor-widget-text-editor\" data-id=\"40c880e\" data-element_type=\"widget\" data-e-type=\"widget\" data-widget_type=\"text-editor.default\">\n\t\t\t\t<div class=\"elementor-widget-container\">\n\t\t\t\t\t\t\t\t\t<p data-start=\"0\" data-end=\"542\">Les activit\u00e9s Pop-In &amp; Play compl\u00e8tent les inscriptions \u00e0 recLINK en proposant des loisirs directement dans les communaut\u00e9s LCO, dans un environnement accueillant et d\u00e9tendu. Con\u00e7ues pour tous les \u00e2ges, ces activit\u00e9s permettent aux enfants, aux jeunes, aux familles, aux adultes et aux seniors de d\u00e9couvrir de nouvelles exp\u00e9riences, allant d&rsquo;ateliers STEM et de f\u00eates de peinture \u00e0 des visites de mus\u00e9es et des sports tels que le patinage et le football. En supprimant les obstacles courants tels que le co\u00fbt, le transport, les limitations de mobilit\u00e9 et en int\u00e9grant des repas partag\u00e9s pour encourager les liens sociaux, Pop-In &amp; Play contribue \u00e0 lutter contre l&rsquo;isolement et \u00e0 \u00e9largir l&rsquo;acc\u00e8s aux loisirs. En 2025, nous avons organis\u00e9 30 \u00e9v\u00e9nements Pop-In &amp; Play, apportant la joie des loisirs \u00e0 248 adultes et personnes \u00e2g\u00e9es, ainsi qu&rsquo;\u00e0 396 enfants et jeunes.    <br>Si vous avez d&rsquo;autres questions concernant le programme recLINK, consultez notre page Foire aux questions (FAQ).<\/p>\t\t\t\t\t\t\t\t<\/div>\n\t\t\t\t<\/div>\n\t\t\t\t<div class=\"elementor-element elementor-element-b104631 elementor-widget elementor-widget-image\" data-id=\"b104631\" data-element_type=\"widget\" data-e-type=\"widget\" data-widget_type=\"image.default\">\n\t\t\t\t<div class=\"elementor-widget-container\">\n\t\t\t\t\t\t\t\t\t\t\t\t\t\t\t<img fetchpriority=\"high\" decoding=\"async\" width=\"2048\" height=\"2560\" src=\"https:\/\/ochfoundation.ca\/wp-content\/uploads\/2026\/02\/DSC09583-44-scaled.jpg\" class=\"attachment-full size-full wp-image-6888\" alt=\"\" srcset=\"https:\/\/ochfoundation.ca\/wp-content\/uploads\/2026\/02\/DSC09583-44-scaled.jpg 2048w, https:\/\/ochfoundation.ca\/wp-content\/uploads\/2026\/02\/DSC09583-44-240x300.jpg 240w, https:\/\/ochfoundation.ca\/wp-content\/uploads\/2026\/02\/DSC09583-44-819x1024.jpg 819w, https:\/\/ochfoundation.ca\/wp-content\/uploads\/2026\/02\/DSC09583-44-768x960.jpg 768w, https:\/\/ochfoundation.ca\/wp-content\/uploads\/2026\/02\/DSC09583-44-1229x1536.jpg 1229w, https:\/\/ochfoundation.ca\/wp-content\/uploads\/2026\/02\/DSC09583-44-1638x2048.jpg 1638w\" sizes=\"(max-width: 2048px) 100vw, 2048px\" \/>\t\t\t\t\t\t\t\t\t\t\t\t\t\t\t<\/div>\n\t\t\t\t<\/div>\n\t\t\t\t\t<\/div>\n\t\t\t\t<\/div>\n\t\t<div class=\"elementor-element elementor-element-2274a5f e-flex e-con-boxed e-con e-parent\" data-id=\"2274a5f\" data-element_type=\"container\" data-e-type=\"container\">\n\t\t\t\t\t<div class=\"e-con-inner\">\n\t\t\t\t<div class=\"elementor-element elementor-element-bf46edb elementor-align-center elementor-widget elementor-widget-button\" data-id=\"bf46edb\" data-element_type=\"widget\" data-e-type=\"widget\" data-widget_type=\"button.default\">\n\t\t\t\t<div class=\"elementor-widget-container\">\n\t\t\t\t\t\t\t\t\t<div class=\"elementor-button-wrapper\">\n\t\t\t\t\t<a class=\"elementor-button elementor-button-link elementor-size-sm\" href=\"https:\/\/ochfoundation.ca\/fr\/programmes\/reclink\/foire-aux-questions-faq\/\">\n\t\t\t\t\t\t<span class=\"elementor-button-content-wrapper\">\n\t\t\t\t\t\t\t\t\t<span class=\"elementor-button-text\">Foire aux questions (FAQ)<\/span>\n\t\t\t\t\t<\/span>\n\t\t\t\t\t<\/a>\n\t\t\t\t<\/div>\n\t\t\t\t\t\t\t\t<\/div>\n\t\t\t\t<\/div>\n\t\t\t\t<div class=\"elementor-element elementor-element-e0c6a5e elementor-widget elementor-widget-heading\" data-id=\"e0c6a5e\" data-element_type=\"widget\" data-e-type=\"widget\" data-widget_type=\"heading.default\">\n\t\t\t\t<div class=\"elementor-widget-container\">\n\t\t\t\t\t<h2 class=\"elementor-heading-title elementor-size-default\">Comment recLINK change des vies<\/h2>\t\t\t\t<\/div>\n\t\t\t\t<\/div>\n\t\t\t\t<div class=\"elementor-element elementor-element-69e7987 elementor-widget elementor-widget-text-editor\" data-id=\"69e7987\" data-element_type=\"widget\" data-e-type=\"widget\" data-widget_type=\"text-editor.default\">\n\t\t\t\t<div class=\"elementor-widget-container\">\n\t\t\t\t\t\t\t\t\t<p>Les familles nous disent qu&rsquo;apr\u00e8s avoir particip\u00e9 \u00e0 recLINK, leurs enfants ont gagn\u00e9 en confiance, acquis de nouvelles comp\u00e9tences et d\u00e9velopp\u00e9 le d\u00e9sir d&rsquo;essayer de nouvelles activit\u00e9s. Les loisirs renforcent la confiance, solidifient les liens familiaux et ouvrent la voie \u00e0 un bien-\u00eatre durable. Votre soutien permet aux enfants qui grandissent dans les communaut\u00e9s LCO d&rsquo;avoir les m\u00eames chances d&rsquo;apprendre, de jouer et de s&rsquo;int\u00e9grer que leurs camarades.  <\/p>\t\t\t\t\t\t\t\t<\/div>\n\t\t\t\t<\/div>\n\t\t\t\t<div class=\"elementor-element elementor-element-bb7058a elementor-widget elementor-widget-heading\" data-id=\"bb7058a\" data-element_type=\"widget\" data-e-type=\"widget\" data-widget_type=\"heading.default\">\n\t\t\t\t<div class=\"elementor-widget-container\">\n\t\t\t\t\t<h2 class=\"elementor-heading-title elementor-size-default\">Impliquez-vous<\/h2>\t\t\t\t<\/div>\n\t\t\t\t<\/div>\n\t\t\t\t<div class=\"elementor-element elementor-element-a228b37 elementor-widget elementor-widget-text-editor\" data-id=\"a228b37\" data-element_type=\"widget\" data-e-type=\"widget\" data-widget_type=\"text-editor.default\">\n\t\t\t\t<div class=\"elementor-widget-container\">\n\t\t\t\t\t\t\t\t\t<p>Si vous souhaitez \u00e9largir l&rsquo;acc\u00e8s aux activit\u00e9s r\u00e9cr\u00e9atives pour les enfants et les jeunes vivant dans les communaut\u00e9s de l&rsquo;OCH, il existe de nombreuses fa\u00e7ons de vous impliquer :<\/p><p><strong>Faites un don :<\/strong> il suffit de 100 $ par an ou 10 $ par mois pour offrir \u00e0 un enfant un acc\u00e8s \u00e0 des activit\u00e9s r\u00e9cr\u00e9atives tout au long de l&rsquo;ann\u00e9e ; un simple geste qui peut changer une enfance.<\/p><p><strong>Collaborez avec nous<\/strong> en tant qu&rsquo;organisme r\u00e9cr\u00e9atif, artistique ou sportif afin de cr\u00e9er davantage d&rsquo;occasions accessibles.<\/p>\t\t\t\t\t\t\t\t<\/div>\n\t\t\t\t<\/div>\n\t\t\t\t\t<\/div>\n\t\t\t\t<\/div>\n\t\t<div class=\"elementor-element elementor-element-e00b452 e-grid e-con-boxed e-con e-parent\" data-id=\"e00b452\" data-element_type=\"container\" data-e-type=\"container\">\n\t\t\t\t\t<div class=\"e-con-inner\">\n\t\t\t\t<div class=\"elementor-element elementor-element-e261eae elementor-align-center elementor-widget elementor-widget-button\" data-id=\"e261eae\" data-element_type=\"widget\" data-e-type=\"widget\" data-widget_type=\"button.default\">\n\t\t\t\t<div class=\"elementor-widget-container\">\n\t\t\t\t\t\t\t\t\t<div class=\"elementor-button-wrapper\">\n\t\t\t\t\t<a class=\"elementor-button elementor-button-link elementor-size-sm\" href=\"https:\/\/acahhplr.donorsupport.co\/page\/FUNWAVKSYAT\">\n\t\t\t\t\t\t<span class=\"elementor-button-content-wrapper\">\n\t\t\t\t\t\t\t\t\t<span class=\"elementor-button-text\">Faire un don<\/span>\n\t\t\t\t\t<\/span>\n\t\t\t\t\t<\/a>\n\t\t\t\t<\/div>\n\t\t\t\t\t\t\t\t<\/div>\n\t\t\t\t<\/div>\n\t\t\t\t<div class=\"elementor-element elementor-element-05e36c3 elementor-align-center elementor-widget elementor-widget-button\" data-id=\"05e36c3\" data-element_type=\"widget\" data-e-type=\"widget\" data-widget_type=\"button.default\">\n\t\t\t\t<div class=\"elementor-widget-container\">\n\t\t\t\t\t\t\t\t\t<div class=\"elementor-button-wrapper\">\n\t\t\t\t\t<a class=\"elementor-button elementor-button-link elementor-size-sm\" href=\"mailto:annie.premachuk@ochfoundation.ca\">\n\t\t\t\t\t\t<span class=\"elementor-button-content-wrapper\">\n\t\t\t\t\t\t\t\t\t<span class=\"elementor-button-text\">Contactez notre \u00e9quipe<\/span>\n\t\t\t\t\t<\/span>\n\t\t\t\t\t<\/a>\n\t\t\t\t<\/div>\n\t\t\t\t\t\t\t\t<\/div>\n\t\t\t\t<\/div>\n\t\t\t\t\t<\/div>\n\t\t\t\t<\/div>\n\t\t<div class=\"elementor-element elementor-element-4569d2a e-flex e-con-boxed e-con e-parent\" data-id=\"4569d2a\" data-element_type=\"container\" data-e-type=\"container\" data-settings=\"{&quot;background_background&quot;:&quot;classic&quot;}\">\n\t\t\t\t\t<div class=\"e-con-inner\">\n\t\t\t\t<div class=\"elementor-element elementor-element-edc7b5f elementor-widget elementor-widget-heading\" data-id=\"edc7b5f\" data-element_type=\"widget\" data-e-type=\"widget\" data-widget_type=\"heading.default\">\n\t\t\t\t<div class=\"elementor-widget-container\">\n\t\t\t\t\t<h2 class=\"elementor-heading-title elementor-size-default\">D\u00c9COUVREZ TOUS NOS PROGRAMMES<\/h2>\t\t\t\t<\/div>\n\t\t\t\t<\/div>\n\t\t\t\t<div class=\"elementor-element elementor-element-7815341 elementor-nav-menu__align-center elementor-nav-menu--dropdown-tablet elementor-nav-menu__text-align-aside elementor-nav-menu--toggle elementor-nav-menu--burger elementor-widget elementor-widget-nav-menu\" data-id=\"7815341\" data-element_type=\"widget\" data-e-type=\"widget\" data-settings=\"{&quot;layout&quot;:&quot;horizontal&quot;,&quot;submenu_icon&quot;:{&quot;value&quot;:&quot;&lt;i class=\\&quot;fas fa-caret-down\\&quot; aria-hidden=\\&quot;true\\&quot;&gt;&lt;\\\/i&gt;&quot;,&quot;library&quot;:&quot;fa-solid&quot;},&quot;toggle&quot;:&quot;burger&quot;}\" data-widget_type=\"nav-menu.default\">\n\t\t\t\t<div class=\"elementor-widget-container\">\n\t\t\t\t\t\t\t\t<nav aria-label=\"PROGRAMS Menu\" class=\"elementor-nav-menu--main elementor-nav-menu__container elementor-nav-menu--layout-horizontal e--pointer-underline e--animation-fade\">\n\t\t\t\t<ul id=\"menu-1-7815341\" class=\"elementor-nav-menu\"><li class=\"menu-item menu-item-type-post_type menu-item-object-page menu-item-7653\"><a href=\"https:\/\/ochfoundation.ca\/fr\/programmes\/bourse-detudes-apprendre-minspire\/\" class=\"elementor-item\">Bourse d&rsquo;\u00e9tudes Apprendre M\u2019inspire<\/a><\/li>\n<li class=\"menu-item menu-item-type-post_type menu-item-object-page menu-item-7654\"><a href=\"https:\/\/ochfoundation.ca\/fr\/programmes\/reclink\/\" class=\"elementor-item\">RecLINK<\/a><\/li>\n<li class=\"menu-item menu-item-type-post_type menu-item-object-page menu-item-7655\"><a href=\"https:\/\/ochfoundation.ca\/fr\/programmes\/pack-a-sack\/\" class=\"elementor-item\">Pack-a-Sack<\/a><\/li>\n<li class=\"menu-item menu-item-type-post_type menu-item-object-page menu-item-7656\"><a href=\"https:\/\/ochfoundation.ca\/fr\/programmes\/a-vos-velos\/\" class=\"elementor-item\">\u00c0 Vos V\u00e9los<\/a><\/li>\n<li class=\"menu-item menu-item-type-post_type menu-item-object-page menu-item-7657\"><a href=\"https:\/\/ochfoundation.ca\/fr\/programmes\/avenir-jeunesse\/\" class=\"elementor-item\">Avenir Jeunesse<\/a><\/li>\n<li class=\"menu-item menu-item-type-post_type menu-item-object-page menu-item-7658\"><a href=\"https:\/\/ochfoundation.ca\/fr\/programmes\/pret-pour-demain\/\" class=\"elementor-item\">Pr\u00eat pour demain<\/a><\/li>\n<\/ul>\t\t\t<\/nav>\n\t\t\t\t\t<div class=\"elementor-menu-toggle\" role=\"button\" tabindex=\"0\" aria-label=\"Permuter le menu\" aria-expanded=\"false\">\n\t\t\t<i aria-hidden=\"true\" role=\"presentation\" class=\"elementor-menu-toggle__icon--open eicon-menu-bar\"><\/i><i aria-hidden=\"true\" role=\"presentation\" class=\"elementor-menu-toggle__icon--close eicon-close\"><\/i>\t\t<\/div>\n\t\t\t\t\t<nav class=\"elementor-nav-menu--dropdown elementor-nav-menu__container\" aria-hidden=\"true\">\n\t\t\t\t<ul id=\"menu-2-7815341\" class=\"elementor-nav-menu\"><li class=\"menu-item menu-item-type-post_type menu-item-object-page menu-item-7653\"><a href=\"https:\/\/ochfoundation.ca\/fr\/programmes\/bourse-detudes-apprendre-minspire\/\" class=\"elementor-item\" tabindex=\"-1\">Bourse d&rsquo;\u00e9tudes Apprendre M\u2019inspire<\/a><\/li>\n<li class=\"menu-item menu-item-type-post_type menu-item-object-page menu-item-7654\"><a href=\"https:\/\/ochfoundation.ca\/fr\/programmes\/reclink\/\" class=\"elementor-item\" tabindex=\"-1\">RecLINK<\/a><\/li>\n<li class=\"menu-item menu-item-type-post_type menu-item-object-page menu-item-7655\"><a href=\"https:\/\/ochfoundation.ca\/fr\/programmes\/pack-a-sack\/\" class=\"elementor-item\" tabindex=\"-1\">Pack-a-Sack<\/a><\/li>\n<li class=\"menu-item menu-item-type-post_type menu-item-object-page menu-item-7656\"><a href=\"https:\/\/ochfoundation.ca\/fr\/programmes\/a-vos-velos\/\" class=\"elementor-item\" tabindex=\"-1\">\u00c0 Vos V\u00e9los<\/a><\/li>\n<li class=\"menu-item menu-item-type-post_type menu-item-object-page menu-item-7657\"><a href=\"https:\/\/ochfoundation.ca\/fr\/programmes\/avenir-jeunesse\/\" class=\"elementor-item\" tabindex=\"-1\">Avenir Jeunesse<\/a><\/li>\n<li class=\"menu-item menu-item-type-post_type menu-item-object-page menu-item-7658\"><a href=\"https:\/\/ochfoundation.ca\/fr\/programmes\/pret-pour-demain\/\" class=\"elementor-item\" tabindex=\"-1\">Pr\u00eat pour demain<\/a><\/li>\n<\/ul>\t\t\t<\/nav>\n\t\t\t\t\t\t<\/div>\n\t\t\t\t<\/div>\n\t\t\t\t\t<\/div>\n\t\t\t\t<\/div>\n\t\t\t\t<\/div>\n\t\t","protected":false},"excerpt":{"rendered":"<p>PROGRAMS recLINK Qu&rsquo;est-ce que recLINK ? recLINK met en relation les enfants et les jeunes (\u00e2g\u00e9s de 4 \u00e0 18 ans) vivant dans la Soci\u00e9t\u00e9 de logement communautaire d\u2019Ottawa (LCO) avec des programmes artistiques, sportifs et de camps de qualit\u00e9, sans frais pour les familles. Pour de nombreuses familles, le co\u00fbt et la complexit\u00e9 de [&hellip;]<\/p>\n","protected":false},"author":3,"featured_media":6856,"parent":3856,"menu_order":0,"comment_status":"closed","ping_status":"closed","template":"","meta":{"footnotes":""},"class_list":["post-3870","page","type-page","status-publish","has-post-thumbnail","hentry"],"_links":{"self":[{"href":"https:\/\/ochfoundation.ca\/fr\/wp-json\/wp\/v2\/pages\/3870","targetHints":{"allow":["GET"]}}],"collection":[{"href":"https:\/\/ochfoundation.ca\/fr\/wp-json\/wp\/v2\/pages"}],"about":[{"href":"https:\/\/ochfoundation.ca\/fr\/wp-json\/wp\/v2\/types\/page"}],"author":[{"embeddable":true,"href":"https:\/\/ochfoundation.ca\/fr\/wp-json\/wp\/v2\/users\/3"}],"replies":[{"embeddable":true,"href":"https:\/\/ochfoundation.ca\/fr\/wp-json\/wp\/v2\/comments?post=3870"}],"version-history":[{"count":22,"href":"https:\/\/ochfoundation.ca\/fr\/wp-json\/wp\/v2\/pages\/3870\/revisions"}],"predecessor-version":[{"id":8175,"href":"https:\/\/ochfoundation.ca\/fr\/wp-json\/wp\/v2\/pages\/3870\/revisions\/8175"}],"up":[{"embeddable":true,"href":"https:\/\/ochfoundation.ca\/fr\/wp-json\/wp\/v2\/pages\/3856"}],"wp:featuredmedia":[{"embeddable":true,"href":"https:\/\/ochfoundation.ca\/fr\/wp-json\/wp\/v2\/media\/6856"}],"wp:attachment":[{"href":"https:\/\/ochfoundation.ca\/fr\/wp-json\/wp\/v2\/media?parent=3870"}],"curies":[{"name":"wp","href":"https:\/\/api.w.org\/{rel}","templated":true}]}}