{"id":3918,"date":"2023-09-22T08:51:30","date_gmt":"2023-09-22T12:51:30","guid":{"rendered":"http:\/\/159.89.124.43\/a-propos-de-nous\/plan-strategique\/"},"modified":"2026-02-19T10:42:14","modified_gmt":"2026-02-19T15:42:14","slug":"plan-strategique","status":"publish","type":"page","link":"https:\/\/ochfoundation.ca\/fr\/a-propos-de-nous\/plan-strategique\/","title":{"rendered":"Plan Strat\u00e9gique"},"content":{"rendered":"\t\t<div data-elementor-type=\"wp-page\" data-elementor-id=\"3918\" class=\"elementor elementor-3918 elementor-1587\" data-elementor-post-type=\"page\">\n\t\t\t\t\t\t<section class=\"elementor-section elementor-top-section elementor-element elementor-element-3650f28c elementor-section-boxed elementor-section-height-default elementor-section-height-default\" data-id=\"3650f28c\" data-element_type=\"section\" data-e-type=\"section\" data-settings=\"{&quot;background_background&quot;:&quot;classic&quot;}\">\n\t\t\t\t\t\t<div class=\"elementor-container elementor-column-gap-default\">\n\t\t\t\t\t<div class=\"elementor-column elementor-col-100 elementor-top-column elementor-element elementor-element-5b57bbec\" data-id=\"5b57bbec\" data-element_type=\"column\" data-e-type=\"column\">\n\t\t\t<div class=\"elementor-widget-wrap elementor-element-populated\">\n\t\t\t\t\t\t<div class=\"elementor-element elementor-element-77f62102 elementor-widget elementor-widget-heading\" data-id=\"77f62102\" data-element_type=\"widget\" data-e-type=\"widget\" data-widget_type=\"heading.default\">\n\t\t\t\t<div class=\"elementor-widget-container\">\n\t\t\t\t\t<h2 class=\"elementor-heading-title elementor-size-default\">\u00c0 PROPOS DE NOUS<\/h2>\t\t\t\t<\/div>\n\t\t\t\t<\/div>\n\t\t\t\t<div class=\"elementor-element elementor-element-25b4635 elementor-widget elementor-widget-heading\" data-id=\"25b4635\" data-element_type=\"widget\" data-e-type=\"widget\" data-widget_type=\"heading.default\">\n\t\t\t\t<div class=\"elementor-widget-container\">\n\t\t\t\t\t<h2 class=\"elementor-heading-title elementor-size-default\">PLAN STRAT\u00c9GIQUE<\/h2>\t\t\t\t<\/div>\n\t\t\t\t<\/div>\n\t\t\t\t\t<\/div>\n\t\t<\/div>\n\t\t\t\t\t<\/div>\n\t\t<\/section>\n\t\t<div class=\"elementor-element elementor-element-b6ae5c3 e-flex e-con-boxed e-con e-parent\" data-id=\"b6ae5c3\" data-element_type=\"container\" data-e-type=\"container\" data-settings=\"{&quot;background_background&quot;:&quot;classic&quot;}\">\n\t\t\t\t\t<div class=\"e-con-inner\">\n\t\t<div class=\"elementor-element elementor-element-5f10ef3 e-con-full e-flex e-con e-child\" data-id=\"5f10ef3\" data-element_type=\"container\" data-e-type=\"container\">\n\t\t\t\t<div class=\"elementor-element elementor-element-ab7eadd elementor-widget elementor-widget-heading\" data-id=\"ab7eadd\" data-element_type=\"widget\" data-e-type=\"widget\" data-widget_type=\"heading.default\">\n\t\t\t\t<div class=\"elementor-widget-container\">\n\t\t\t\t\t<h2 class=\"elementor-heading-title elementor-size-default\">Croissance intentionnelle. Impact durable. <\/h2>\t\t\t\t<\/div>\n\t\t\t\t<\/div>\n\t\t\t\t<div class=\"elementor-element elementor-element-a884e07 elementor-widget elementor-widget-text-editor\" data-id=\"a884e07\" data-element_type=\"widget\" data-e-type=\"widget\" data-widget_type=\"text-editor.default\">\n\t\t\t\t<div class=\"elementor-widget-container\">\n\t\t\t\t\t\t\t\t\t<p>Au cours des trois prochaines ann\u00e9es, la Fondation de la Soci\u00e9t\u00e9 de logement communautaire d&rsquo;Ottawa (Fondation LCO) se concentrera sur une croissance intentionnelle visant \u00e0 accro\u00eetre notre impact, \u00e0 renforcer nos fondations et \u00e0 \u00e9tablir les partenariats n\u00e9cessaires pour soutenir les communaut\u00e9s florissantes de la LCO.<\/p><p>Ce plan strat\u00e9gique d\u00e9crit comment nous allons approfondir notre travail et nous rapprocher de notre vision \u00e0 long terme : un avenir o\u00f9 chaque locataire vivant dans un logement de la LCO s&rsquo;\u00e9panouit.<\/p>\t\t\t\t\t\t\t\t<\/div>\n\t\t\t\t<\/div>\n\t\t\t\t<\/div>\n\t\t\t\t<div class=\"elementor-element elementor-element-27cbd2b elementor-widget elementor-widget-image\" data-id=\"27cbd2b\" data-element_type=\"widget\" data-e-type=\"widget\" data-widget_type=\"image.default\">\n\t\t\t\t<div class=\"elementor-widget-container\">\n\t\t\t\t\t\t\t\t\t\t\t\t\t\t\t\t<a href=\"https:\/\/ochfoundation.ca\/wp-content\/uploads\/2026\/02\/Strategic-Plan-2026-2028-FR.pdf\">\n\t\t\t\t\t\t\t<img decoding=\"async\" src=\"https:\/\/ochfoundation.ca\/wp-content\/uploads\/elementor\/thumbs\/Plan-Strategique-2026-28-rje2kmabfvi3v6b5nz6kxzymlum17ggupovqd1v8v4.png\" title=\"Plan Strat\u00e9gique 2026-28\" alt=\"Plan Strat\u00e9gique 2026-28\" loading=\"lazy\" \/>\t\t\t\t\t\t\t\t<\/a>\n\t\t\t\t\t\t\t\t\t\t\t\t\t\t\t<\/div>\n\t\t\t\t<\/div>\n\t\t\t\t\t<\/div>\n\t\t\t\t<\/div>\n\t\t<div class=\"elementor-element elementor-element-9abb1eb e-flex e-con-boxed e-con e-parent\" data-id=\"9abb1eb\" data-element_type=\"container\" data-e-type=\"container\">\n\t\t\t\t\t<div class=\"e-con-inner\">\n\t\t\t\t<div class=\"elementor-element elementor-element-0bdfd1e elementor-widget elementor-widget-button\" data-id=\"0bdfd1e\" data-element_type=\"widget\" data-e-type=\"widget\" data-widget_type=\"button.default\">\n\t\t\t\t<div class=\"elementor-widget-container\">\n\t\t\t\t\t\t\t\t\t<div class=\"elementor-button-wrapper\">\n\t\t\t\t\t<a class=\"elementor-button elementor-button-link elementor-size-sm\" href=\"https:\/\/ochfoundation.ca\/wp-content\/uploads\/2026\/02\/Strategic-Plan-2026-2028-FR.pdf\">\n\t\t\t\t\t\t<span class=\"elementor-button-content-wrapper\">\n\t\t\t\t\t\t\t\t\t<span class=\"elementor-button-text\">Lire le Plan Strat\u00e9gique 2026-2028<\/span>\n\t\t\t\t\t<\/span>\n\t\t\t\t\t<\/a>\n\t\t\t\t<\/div>\n\t\t\t\t\t\t\t\t<\/div>\n\t\t\t\t<\/div>\n\t\t\t\t\t<\/div>\n\t\t\t\t<\/div>\n\t\t<div class=\"elementor-element elementor-element-53260c7 e-flex e-con-boxed e-con e-parent\" data-id=\"53260c7\" data-element_type=\"container\" data-e-type=\"container\">\n\t\t\t\t\t<div class=\"e-con-inner\">\n\t\t\t\t<div class=\"elementor-element elementor-element-73ca258 elementor-widget elementor-widget-heading\" data-id=\"73ca258\" data-element_type=\"widget\" data-e-type=\"widget\" data-widget_type=\"heading.default\">\n\t\t\t\t<div class=\"elementor-widget-container\">\n\t\t\t\t\t<h2 class=\"elementor-heading-title elementor-size-default\">Nos Priorit\u00e9s pour 2026-2028<\/h2>\t\t\t\t<\/div>\n\t\t\t\t<\/div>\n\t\t\t\t\t<\/div>\n\t\t\t\t<\/div>\n\t\t<div class=\"elementor-element elementor-element-0b8394d e-flex e-con-boxed e-con e-parent\" data-id=\"0b8394d\" data-element_type=\"container\" data-e-type=\"container\">\n\t\t\t\t\t<div class=\"e-con-inner\">\n\t\t\t\t<div class=\"elementor-element elementor-element-7d22bdf elementor-widget elementor-widget-text-editor\" data-id=\"7d22bdf\" data-element_type=\"widget\" data-e-type=\"widget\" data-widget_type=\"text-editor.default\">\n\t\t\t\t<div class=\"elementor-widget-container\">\n\t\t\t\t\t\t\t\t\t<p>Nous accordons la priorit\u00e9 \u00e0 quatre domaines cl\u00e9s afin d&rsquo;orienter notre croissance et de maximiser notre impact.<\/p><p><strong>\u00c9largir notre impact :<\/strong> d\u00e9velopper et faire \u00e9voluer nos programmes afin d&rsquo;aider davantage de locataires, notamment les personnes \u00e2g\u00e9es et les adultes, en leur offrant un meilleur acc\u00e8s aux opportunit\u00e9s et au bien-\u00eatre.<\/p><p><strong>Renforcer la stabilit\u00e9 :<\/strong> garantir la viabilit\u00e9 \u00e0 long terme gr\u00e2ce \u00e0 une gestion responsable et \u00e0 une croissance organisationnelle strat\u00e9gique.<\/p><p><strong>Sensibilisation accrue : <\/strong>Renforcer la visibilit\u00e9 et la compr\u00e9hension de notre mission afin d&rsquo;inspirer un engagement et un soutien plus profonds de la part de la communaut\u00e9.<\/p><p><strong>Renforcer les partenariats :<\/strong> travailler avec nos partenaires et nos sympathisants pour amplifier notre impact et cr\u00e9er un changement durable.<\/p><p>Fond\u00e9 sur notre mission, nos valeurs et notre approche centr\u00e9e sur la communaut\u00e9, ce plan trace la voie \u00e0 suivre, une voie d\u00e9finie par un objectif, la collaboration et une croissance significative.<\/p>\t\t\t\t\t\t\t\t<\/div>\n\t\t\t\t<\/div>\n\t\t\t\t<div class=\"elementor-element elementor-element-ff7781a elementor-widget elementor-widget-button\" data-id=\"ff7781a\" data-element_type=\"widget\" data-e-type=\"widget\" data-widget_type=\"button.default\">\n\t\t\t\t<div class=\"elementor-widget-container\">\n\t\t\t\t\t\t\t\t\t<div class=\"elementor-button-wrapper\">\n\t\t\t\t\t<a class=\"elementor-button elementor-button-link elementor-size-sm\" href=\"https:\/\/ochfoundation.ca\/wp-content\/uploads\/2026\/02\/Strategic-Plan-2026-2028-FR.pdf\">\n\t\t\t\t\t\t<span class=\"elementor-button-content-wrapper\">\n\t\t\t\t\t\t\t\t\t<span class=\"elementor-button-text\">Lire le Plan Strat\u00e9gique 2026-2028<\/span>\n\t\t\t\t\t<\/span>\n\t\t\t\t\t<\/a>\n\t\t\t\t<\/div>\n\t\t\t\t\t\t\t\t<\/div>\n\t\t\t\t<\/div>\n\t\t\t\t\t<\/div>\n\t\t\t\t<\/div>\n\t\t\t\t<\/div>\n\t\t","protected":false},"excerpt":{"rendered":"<p>\u00c0 PROPOS DE NOUS PLAN STRAT\u00c9GIQUE Croissance intentionnelle. Impact durable. Au cours des trois prochaines ann\u00e9es, la Fondation de la Soci\u00e9t\u00e9 de logement communautaire d&rsquo;Ottawa (Fondation LCO) se concentrera sur une croissance intentionnelle visant \u00e0 accro\u00eetre notre impact, \u00e0 renforcer nos fondations et \u00e0 \u00e9tablir les partenariats n\u00e9cessaires pour soutenir les communaut\u00e9s florissantes de la [&hellip;]<\/p>\n","protected":false},"author":3,"featured_media":0,"parent":3878,"menu_order":0,"comment_status":"closed","ping_status":"closed","template":"","meta":{"footnotes":""},"class_list":["post-3918","page","type-page","status-publish","hentry"],"_links":{"self":[{"href":"https:\/\/ochfoundation.ca\/fr\/wp-json\/wp\/v2\/pages\/3918","targetHints":{"allow":["GET"]}}],"collection":[{"href":"https:\/\/ochfoundation.ca\/fr\/wp-json\/wp\/v2\/pages"}],"about":[{"href":"https:\/\/ochfoundation.ca\/fr\/wp-json\/wp\/v2\/types\/page"}],"author":[{"embeddable":true,"href":"https:\/\/ochfoundation.ca\/fr\/wp-json\/wp\/v2\/users\/3"}],"replies":[{"embeddable":true,"href":"https:\/\/ochfoundation.ca\/fr\/wp-json\/wp\/v2\/comments?post=3918"}],"version-history":[{"count":8,"href":"https:\/\/ochfoundation.ca\/fr\/wp-json\/wp\/v2\/pages\/3918\/revisions"}],"predecessor-version":[{"id":7105,"href":"https:\/\/ochfoundation.ca\/fr\/wp-json\/wp\/v2\/pages\/3918\/revisions\/7105"}],"up":[{"embeddable":true,"href":"https:\/\/ochfoundation.ca\/fr\/wp-json\/wp\/v2\/pages\/3878"}],"wp:attachment":[{"href":"https:\/\/ochfoundation.ca\/fr\/wp-json\/wp\/v2\/media?parent=3918"}],"curies":[{"name":"wp","href":"https:\/\/api.w.org\/{rel}","templated":true}]}}