{"id":4045,"date":"2023-11-02T10:20:01","date_gmt":"2023-11-02T14:20:01","guid":{"rendered":"http:\/\/159.89.124.43\/comment-donner\/campagne-annuelle-de-collecte-de-fonds-de-la-fondation-lco\/"},"modified":"2026-03-11T09:22:18","modified_gmt":"2026-03-11T13:22:18","slug":"campagne-annuelle-de-collecte-de-fonds-de-la-fondation-lco","status":"publish","type":"page","link":"https:\/\/ochfoundation.ca\/fr\/simpliquer\/evenements-et-collectes-de-fonds\/campagne-annuelle-de-collecte-de-fonds-de-la-fondation-lco\/","title":{"rendered":"Campagne annuelle de dons"},"content":{"rendered":"\t\t<div data-elementor-type=\"wp-page\" data-elementor-id=\"4045\" class=\"elementor elementor-4045 elementor-3943\" data-elementor-post-type=\"page\">\n\t\t\t\t<div class=\"elementor-element elementor-element-18441f2f e-con-full e-flex e-con e-parent\" data-id=\"18441f2f\" data-element_type=\"container\" data-e-type=\"container\">\n\t\t<div class=\"elementor-element elementor-element-ffec173 e-con-full e-flex e-con e-child\" data-id=\"ffec173\" data-element_type=\"container\" data-e-type=\"container\" data-settings=\"{&quot;background_background&quot;:&quot;classic&quot;}\">\n\t\t\t\t<div class=\"elementor-element elementor-element-6dc6b779 elementor-widget elementor-widget-heading\" data-id=\"6dc6b779\" data-element_type=\"widget\" data-e-type=\"widget\" data-widget_type=\"heading.default\">\n\t\t\t\t<div class=\"elementor-widget-container\">\n\t\t\t\t\t<h2 class=\"elementor-heading-title elementor-size-default\">\u00c9V\u00c9NEMENTS ET COLLECTES DE FONDS<\/h2>\t\t\t\t<\/div>\n\t\t\t\t<\/div>\n\t\t\t\t<div class=\"elementor-element elementor-element-2e29f58d elementor-widget elementor-widget-heading\" data-id=\"2e29f58d\" data-element_type=\"widget\" data-e-type=\"widget\" data-widget_type=\"heading.default\">\n\t\t\t\t<div class=\"elementor-widget-container\">\n\t\t\t\t\t<h2 class=\"elementor-heading-title elementor-size-default\">CAMPAGNE ANNUELLE DE COLLECTE DE FONDS<\/h2>\t\t\t\t<\/div>\n\t\t\t\t<\/div>\n\t\t\t\t<\/div>\n\t\t<div class=\"elementor-element elementor-element-607e0cce e-con-full e-flex e-con e-child\" data-id=\"607e0cce\" data-element_type=\"container\" data-e-type=\"container\" data-settings=\"{&quot;background_background&quot;:&quot;classic&quot;}\">\n\t\t\t\t<\/div>\n\t\t\t\t<\/div>\n\t\t<div class=\"elementor-element elementor-element-f4e308b e-flex e-con-boxed e-con e-parent\" data-id=\"f4e308b\" data-element_type=\"container\" data-e-type=\"container\">\n\t\t\t\t\t<div class=\"e-con-inner\">\n\t\t\t\t<div class=\"elementor-element elementor-element-a5ee4df elementor-widget elementor-widget-text-editor\" data-id=\"a5ee4df\" data-element_type=\"widget\" data-e-type=\"widget\" data-widget_type=\"text-editor.default\">\n\t\t\t\t<div class=\"elementor-widget-container\">\n\t\t\t\t\t\t\t\t\t<p>Chaque ann\u00e9e, la Campagne annuelle de dons rassemble notre communaut\u00e9 afin de collecter des fonds essentiels qui permettent de maintenir et de d\u00e9velopper nos programmes gratuits.<\/p><p>En tant que notre plus grande campagne de financement participatif de l&rsquo;ann\u00e9e, la campagne annuelle de dons soutient les personnes vivant dans la Soci\u00e9t\u00e9 de logement communautaire d\u2019Ottawa (LCO) en finan\u00e7ant des programmes et des initiatives qui leur permettent de se construire un avenir meilleur, notamment en offrant des activit\u00e9s r\u00e9cr\u00e9atives aux enfants, un soutien scolaire aux jeunes, des repas pendant les f\u00eates, etc. Chaque dollar donn\u00e9 soutient directement des programmes qui apportent des changements positifs durables et procurent des moments de joie aux personnes vivant dans les communaut\u00e9s de la LCO. <\/p><p>La campagne se d\u00e9roule chaque ann\u00e9e pendant six semaines, entre novembre et d\u00e9cembre, une p\u00e9riode o\u00f9 la g\u00e9n\u00e9rosit\u00e9 peut avoir un impact imm\u00e9diat et significatif. Votre contribution est plus qu&rsquo;un simple don, c&rsquo;est un engagement en faveur de l&rsquo;\u00e9galit\u00e9 des chances, de l&rsquo;autonomisation et du renforcement des communaut\u00e9s. <\/p>\t\t\t\t\t\t\t\t<\/div>\n\t\t\t\t<\/div>\n\t\t\t\t\t<\/div>\n\t\t\t\t<\/div>\n\t\t\t\t<section class=\"elementor-section elementor-top-section elementor-element elementor-element-fa1341d elementor-section-boxed elementor-section-height-default elementor-section-height-default\" data-id=\"fa1341d\" data-element_type=\"section\" data-e-type=\"section\" data-settings=\"{&quot;background_background&quot;:&quot;classic&quot;}\">\n\t\t\t\t\t\t<div class=\"elementor-container elementor-column-gap-default\">\n\t\t\t\t\t<div class=\"elementor-column elementor-col-100 elementor-top-column elementor-element elementor-element-efc309c\" data-id=\"efc309c\" data-element_type=\"column\" data-e-type=\"column\">\n\t\t\t<div class=\"elementor-widget-wrap elementor-element-populated\">\n\t\t\t\t\t\t<section class=\"elementor-section elementor-inner-section elementor-element elementor-element-fcc651d elementor-section-boxed elementor-section-height-default elementor-section-height-default\" data-id=\"fcc651d\" data-element_type=\"section\" data-e-type=\"section\">\n\t\t\t\t\t\t<div class=\"elementor-container elementor-column-gap-default\">\n\t\t\t\t\t<div class=\"elementor-column elementor-col-50 elementor-inner-column elementor-element elementor-element-9427650\" data-id=\"9427650\" data-element_type=\"column\" data-e-type=\"column\">\n\t\t\t<div class=\"elementor-widget-wrap elementor-element-populated\">\n\t\t\t\t\t\t<div class=\"elementor-element elementor-element-9cbde9e elementor-widget elementor-widget-heading\" data-id=\"9cbde9e\" data-element_type=\"widget\" data-e-type=\"widget\" data-widget_type=\"heading.default\">\n\t\t\t\t<div class=\"elementor-widget-container\">\n\t\t\t\t\t<h2 class=\"elementor-heading-title elementor-size-default\">Devenir sponsor<\/h2>\t\t\t\t<\/div>\n\t\t\t\t<\/div>\n\t\t\t\t<div class=\"elementor-element elementor-element-a0ec4b5 elementor-widget elementor-widget-text-editor\" data-id=\"a0ec4b5\" data-element_type=\"widget\" data-e-type=\"widget\" data-widget_type=\"text-editor.default\">\n\t\t\t\t<div class=\"elementor-widget-container\">\n\t\t\t\t\t\t\t\t\t<p>Les entreprises et les partenaires communautaires peuvent amplifier l&rsquo;impact de la campagne en parrainant une semaine de dons et en incitant d&rsquo;autres personnes \u00e0 contribuer. Les donateurs qui font des dons \u00e9quivalents permettent de doubler la g\u00e9n\u00e9rosit\u00e9 pendant la semaine qu&rsquo;ils parrainent et sont reconnus sur toutes nos plateformes de campagne. <\/p>\t\t\t\t\t\t\t\t<\/div>\n\t\t\t\t<\/div>\n\t\t\t\t<div class=\"elementor-element elementor-element-6a7f394 elementor-align-center elementor-widget elementor-widget-button\" data-id=\"6a7f394\" data-element_type=\"widget\" data-e-type=\"widget\" data-widget_type=\"button.default\">\n\t\t\t\t<div class=\"elementor-widget-container\">\n\t\t\t\t\t\t\t\t\t<div class=\"elementor-button-wrapper\">\n\t\t\t\t\t<a class=\"elementor-button elementor-button-link elementor-size-sm\" href=\"mailto:annie.premachuk@ochfoundation.ca\">\n\t\t\t\t\t\t<span class=\"elementor-button-content-wrapper\">\n\t\t\t\t\t\t\t\t\t<span class=\"elementor-button-text\">Contactez notre \u00e9quipe<\/span>\n\t\t\t\t\t<\/span>\n\t\t\t\t\t<\/a>\n\t\t\t\t<\/div>\n\t\t\t\t\t\t\t\t<\/div>\n\t\t\t\t<\/div>\n\t\t\t\t\t<\/div>\n\t\t<\/div>\n\t\t\t\t<div class=\"elementor-column elementor-col-50 elementor-inner-column elementor-element elementor-element-69ea2aa\" data-id=\"69ea2aa\" data-element_type=\"column\" data-e-type=\"column\">\n\t\t\t<div class=\"elementor-widget-wrap elementor-element-populated\">\n\t\t\t\t\t\t<div class=\"elementor-element elementor-element-b8b5109 elementor-widget elementor-widget-image\" data-id=\"b8b5109\" data-element_type=\"widget\" data-e-type=\"widget\" data-widget_type=\"image.default\">\n\t\t\t\t<div class=\"elementor-widget-container\">\n\t\t\t\t\t\t\t\t\t\t\t\t\t\t\t\t<a href=\"https:\/\/ochfoundation.ca\/wp-content\/uploads\/2025\/11\/AGC-Package-EN-2025.pdf\">\n\t\t\t\t\t\t\t<img fetchpriority=\"high\" decoding=\"async\" width=\"2560\" height=\"1707\" src=\"https:\/\/ochfoundation.ca\/wp-content\/uploads\/2026\/03\/DSC09842-65-1-scaled.jpg\" class=\"attachment-full size-full wp-image-7715\" alt=\"\" srcset=\"https:\/\/ochfoundation.ca\/wp-content\/uploads\/2026\/03\/DSC09842-65-1-scaled.jpg 2560w, https:\/\/ochfoundation.ca\/wp-content\/uploads\/2026\/03\/DSC09842-65-1-300x200.jpg 300w, https:\/\/ochfoundation.ca\/wp-content\/uploads\/2026\/03\/DSC09842-65-1-1024x683.jpg 1024w, https:\/\/ochfoundation.ca\/wp-content\/uploads\/2026\/03\/DSC09842-65-1-768x512.jpg 768w, https:\/\/ochfoundation.ca\/wp-content\/uploads\/2026\/03\/DSC09842-65-1-1536x1024.jpg 1536w, https:\/\/ochfoundation.ca\/wp-content\/uploads\/2026\/03\/DSC09842-65-1-2048x1365.jpg 2048w\" sizes=\"(max-width: 2560px) 100vw, 2560px\" \/>\t\t\t\t\t\t\t\t<\/a>\n\t\t\t\t\t\t\t\t\t\t\t\t\t\t\t<\/div>\n\t\t\t\t<\/div>\n\t\t\t\t\t<\/div>\n\t\t<\/div>\n\t\t\t\t\t<\/div>\n\t\t<\/section>\n\t\t\t\t\t<\/div>\n\t\t<\/div>\n\t\t\t\t\t<\/div>\n\t\t<\/section>\n\t\t<div class=\"elementor-element elementor-element-0adf3a6 e-flex e-con-boxed e-con e-parent\" data-id=\"0adf3a6\" data-element_type=\"container\" data-e-type=\"container\">\n\t\t\t\t\t<div class=\"e-con-inner\">\n\t\t\t\t<div class=\"elementor-element elementor-element-e2c9573 elementor-widget elementor-widget-heading\" data-id=\"e2c9573\" data-element_type=\"widget\" data-e-type=\"widget\" data-widget_type=\"heading.default\">\n\t\t\t\t<div class=\"elementor-widget-container\">\n\t\t\t\t\t<h2 class=\"elementor-heading-title elementor-size-default\">Moyens de soutien<\/h2>\t\t\t\t<\/div>\n\t\t\t\t<\/div>\n\t\t\t\t<div class=\"elementor-element elementor-element-bdb19d4 elementor-widget elementor-widget-text-editor\" data-id=\"bdb19d4\" data-element_type=\"widget\" data-e-type=\"widget\" data-widget_type=\"text-editor.default\">\n\t\t\t\t<div class=\"elementor-widget-container\">\n\t\t\t\t\t\t\t\t\t<p><span class=\"a_GcMg font-feature-liga-off font-feature-clig-off font-feature-calt-off text-decoration-none text-strikethrough-none\">Votre soutien fait une GRANDE diff\u00e9rence ! Voici quelques fa\u00e7ons dont vous pouvez contribuer \u00e0 la campagne annuelle de dons. <\/span><\/p><p><strong>Faites un don :<\/strong> les dons sont toujours les bienvenus et contribuent \u00e0 soutenir des programmes gratuits qui ont un impact durable.<\/p><p><strong>Organisez une collecte de fonds :<\/strong> mobilisez vos amis, votre famille, vos coll\u00e8gues ou votre communaut\u00e9 pour collecter des fonds afin de soutenir la campagne annuelle de dons. Nous vous fournissons <span style=\"text-decoration: underline;\"><a href=\"https:\/\/ochfoundation.ca\/fr\/simpliquer\/evenements-et-collectes-de-fonds\/organiser-une-collecte-de-fonds\/\">les outils et les conseils<\/a><\/span> n\u00e9cessaires pour vous aider \u00e0 avoir un impact. <\/p><p><strong>Soutenez les repas des f\u00eates :<\/strong> contribuez \u00e0 apporter la joie d&rsquo;un repas de f\u00eate aux communaut\u00e9s de la LCO gr\u00e2ce \u00e0 des dons et en faisant du b\u00e9n\u00e9volat pendant la p\u00e9riode de campagne.<\/p><p><strong>Achetez des v\u00eatements de la campagne :<\/strong> pendant une dur\u00e9e limit\u00e9e, nous proposons des v\u00eatements et des articles exclusifs li\u00e9s \u00e0 la campagne annuelle de dons. Tous les profits sont revers\u00e9s \u00e0 nos programmes, et votre achat contribue \u00e0 sensibiliser la communaut\u00e9. <span style=\"text-decoration: underline;\"><a href=\"https:\/\/ochfoundation.ca\/fr\/nouvelles-et-evenements\/infolettre\/\">Abonnez-vous \u00e0 notre infolettre<\/a><\/span> pour \u00eatre le premier inform\u00e9 de l&rsquo;ouverture de la boutique. <\/p>\t\t\t\t\t\t\t\t<\/div>\n\t\t\t\t<\/div>\n\t\t\t\t<div class=\"elementor-element elementor-element-cefddc2 elementor-widget elementor-widget-heading\" data-id=\"cefddc2\" data-element_type=\"widget\" data-e-type=\"widget\" data-widget_type=\"heading.default\">\n\t\t\t\t<div class=\"elementor-widget-container\">\n\t\t\t\t\t<h2 class=\"elementor-heading-title elementor-size-default\">Feeling inspired? Get in touch with our team to get involved. <\/h2>\t\t\t\t<\/div>\n\t\t\t\t<\/div>\n\t\t\t\t<div class=\"elementor-element elementor-element-d4c3fe4 elementor-align-center elementor-widget elementor-widget-button\" data-id=\"d4c3fe4\" data-element_type=\"widget\" data-e-type=\"widget\" data-widget_type=\"button.default\">\n\t\t\t\t<div class=\"elementor-widget-container\">\n\t\t\t\t\t\t\t\t\t<div class=\"elementor-button-wrapper\">\n\t\t\t\t\t<a class=\"elementor-button elementor-button-link elementor-size-sm\" href=\"mailto:annie.premachuk@ochfoundation.ca\">\n\t\t\t\t\t\t<span class=\"elementor-button-content-wrapper\">\n\t\t\t\t\t\t\t\t\t<span class=\"elementor-button-text\">Contactez notre \u00e9quipe<\/span>\n\t\t\t\t\t<\/span>\n\t\t\t\t\t<\/a>\n\t\t\t\t<\/div>\n\t\t\t\t\t\t\t\t<\/div>\n\t\t\t\t<\/div>\n\t\t\t\t\t<\/div>\n\t\t\t\t<\/div>\n\t\t\t\t<\/div>\n\t\t","protected":false},"excerpt":{"rendered":"<p>\u00c9V\u00c9NEMENTS ET COLLECTES DE FONDS CAMPAGNE ANNUELLE DE COLLECTE DE FONDS Chaque ann\u00e9e, la Campagne annuelle de dons rassemble notre communaut\u00e9 afin de collecter des fonds essentiels qui permettent de maintenir et de d\u00e9velopper nos programmes gratuits. En tant que notre plus grande campagne de financement participatif de l&rsquo;ann\u00e9e, la campagne annuelle de dons soutient [&hellip;]<\/p>\n","protected":false},"author":3,"featured_media":7400,"parent":7503,"menu_order":0,"comment_status":"closed","ping_status":"closed","template":"","meta":{"footnotes":""},"class_list":["post-4045","page","type-page","status-publish","has-post-thumbnail","hentry"],"_links":{"self":[{"href":"https:\/\/ochfoundation.ca\/fr\/wp-json\/wp\/v2\/pages\/4045","targetHints":{"allow":["GET"]}}],"collection":[{"href":"https:\/\/ochfoundation.ca\/fr\/wp-json\/wp\/v2\/pages"}],"about":[{"href":"https:\/\/ochfoundation.ca\/fr\/wp-json\/wp\/v2\/types\/page"}],"author":[{"embeddable":true,"href":"https:\/\/ochfoundation.ca\/fr\/wp-json\/wp\/v2\/users\/3"}],"replies":[{"embeddable":true,"href":"https:\/\/ochfoundation.ca\/fr\/wp-json\/wp\/v2\/comments?post=4045"}],"version-history":[{"count":24,"href":"https:\/\/ochfoundation.ca\/fr\/wp-json\/wp\/v2\/pages\/4045\/revisions"}],"predecessor-version":[{"id":8239,"href":"https:\/\/ochfoundation.ca\/fr\/wp-json\/wp\/v2\/pages\/4045\/revisions\/8239"}],"up":[{"embeddable":true,"href":"https:\/\/ochfoundation.ca\/fr\/wp-json\/wp\/v2\/pages\/7503"}],"wp:featuredmedia":[{"embeddable":true,"href":"https:\/\/ochfoundation.ca\/fr\/wp-json\/wp\/v2\/media\/7400"}],"wp:attachment":[{"href":"https:\/\/ochfoundation.ca\/fr\/wp-json\/wp\/v2\/media?parent=4045"}],"curies":[{"name":"wp","href":"https:\/\/api.w.org\/{rel}","templated":true}]}}