{"id":5669,"date":"2025-06-04T11:00:11","date_gmt":"2025-06-04T15:00:11","guid":{"rendered":"https:\/\/ochfoundation.ca\/conditions-dutilisation-des-medias-sociaux\/"},"modified":"2026-03-05T15:05:09","modified_gmt":"2026-03-05T20:05:09","slug":"conditions-dutilisation-des-medias-sociaux","status":"publish","type":"page","link":"https:\/\/ochfoundation.ca\/fr\/conditions-dutilisation-des-medias-sociaux\/","title":{"rendered":"CONDITIONS D\u2019UTILISATION DES MEDIAS SOCIAUX"},"content":{"rendered":"\t\t<div data-elementor-type=\"wp-page\" data-elementor-id=\"5669\" class=\"elementor elementor-5669 elementor-5652\" data-elementor-post-type=\"page\">\n\t\t\t\t<div class=\"elementor-element elementor-element-233198a e-flex e-con-boxed e-con e-parent\" data-id=\"233198a\" data-element_type=\"container\" data-e-type=\"container\">\n\t\t\t\t\t<div class=\"e-con-inner\">\n\t\t\t\t<div class=\"elementor-element elementor-element-a80d243 elementor-widget elementor-widget-heading\" data-id=\"a80d243\" data-element_type=\"widget\" data-e-type=\"widget\" data-widget_type=\"heading.default\">\n\t\t\t\t<div class=\"elementor-widget-container\">\n\t\t\t\t\t<h2 class=\"elementor-heading-title elementor-size-default\">MEDIAS SOCIAUX<\/h2>\t\t\t\t<\/div>\n\t\t\t\t<\/div>\n\t\t\t\t<div class=\"elementor-element elementor-element-7fb9502 elementor-widget elementor-widget-heading\" data-id=\"7fb9502\" data-element_type=\"widget\" data-e-type=\"widget\" data-widget_type=\"heading.default\">\n\t\t\t\t<div class=\"elementor-widget-container\">\n\t\t\t\t\t<h2 class=\"elementor-heading-title elementor-size-default\">CONDITIONS D\u2019UTILISATION<\/h2>\t\t\t\t<\/div>\n\t\t\t\t<\/div>\n\t\t\t\t\t<\/div>\n\t\t\t\t<\/div>\n\t\t<div class=\"elementor-element elementor-element-fc23f5d e-flex e-con-boxed e-con e-parent\" data-id=\"fc23f5d\" data-element_type=\"container\" data-e-type=\"container\">\n\t\t\t\t\t<div class=\"e-con-inner\">\n\t\t<div class=\"elementor-element elementor-element-ae1545d e-con-full e-flex e-con e-child\" data-id=\"ae1545d\" data-element_type=\"container\" data-e-type=\"container\">\n\t\t\t\t<div class=\"elementor-element elementor-element-1aaeb1b elementor-widget elementor-widget-text-editor\" data-id=\"1aaeb1b\" data-element_type=\"widget\" data-e-type=\"widget\" data-widget_type=\"text-editor.default\">\n\t\t\t\t<div class=\"elementor-widget-container\">\n\t\t\t\t\t\t\t\t\t<p><strong>Comptes sur les r\u00e9seaux sociaux<\/strong><\/p><p>Bluesky: <a href=\"https:\/\/bsky.app\/profile\/ochfoundation.bsky.social\">@ochfoundation<\/a><\/p><p>Facebook: <a href=\"https:\/\/www.facebook.com\/OttawaCommunityHousingFoundation\/\">@OCH Foundation<\/a><\/p><p>Instagram:<a href=\"https:\/\/www.instagram.com\/ochfoundation\/?hl=en\"> @ochfoundation<\/a><\/p><p>LinkedIn: <a href=\"https:\/\/www.linkedin.com\/company\/och-foundation\">@OCH Foundation<\/a><\/p><p>YouTube: <a href=\"https:\/\/www.youtube.com\/channel\/UCBjpR1zp3mQQ521lU5toNdA\">@Ottawa Community Housing Foundation<\/a><\/p><p><strong>Objectif<\/strong><\/p><p>La Fondation de la Soci\u00e9t\u00e9 de logement communautaire d\u2019Ottawa (LCO) utilise les m\u00e9dias sociaux comme un prolongement de ses communications traditionnelles. Les personnes ou les organisations qui suivent la Fondation LCO sur les m\u00e9dias sociaux peuvent s&rsquo;attendre \u00e0 voir, entre autres, des \u00e9v\u00e9nements dignes d&rsquo;int\u00e9r\u00eat et du contenu multim\u00e9dia concernant la Fondation LCO, les initiatives et les programmes de la Fondation LCO, ainsi que des notifications susceptibles d&rsquo;affecter les locataires vivant dans les communaut\u00e9s de la LCO. <\/p><p><strong>Interaction<\/strong><\/p><p>Afin de prot\u00e9ger votre vie priv\u00e9e et celle des autres, veuillez ne pas inclure d&rsquo;informations personnelles, telles que noms, adresses, num\u00e9ros de t\u00e9l\u00e9phone et adresses e-mail, dans vos commentaires ou r\u00e9ponses.<\/p><p>Malheureusement, la Fondation LCO n&rsquo;est pas en mesure de r\u00e9pondre individuellement \u00e0 tous les messages qu&rsquo;elle re\u00e7oit via ses r\u00e9seaux sociaux. Nous vous invitons \u00e0 nous contacter par e-mail \u00e0 l&rsquo;adresse info@ochfoundation.ca. <\/p><p>Dans un esprit de communication respectueuse et continue, les comportements suivants sont jug\u00e9s inacceptables et peuvent \u00eatre supprim\u00e9s sans pr\u00e9avis s&rsquo;ils se produisent. Les comportements suivants ne seront pas tol\u00e9r\u00e9s : <\/p><ul><li>Langage offensant, blasph\u00e9matoire, haineux, injurieux, agressif, pornographique, diffamatoire ou discriminatoire de quelque nature que ce soit.<\/li><li>Contenu qui promeut, encourage ou perp\u00e9tue la discrimination fond\u00e9e sur la race, l&rsquo;\u00e2ge, le sexe, les croyances, l&rsquo;\u00e9tat civil, le statut socio-\u00e9conomique, le handicap physique ou mental ou l&rsquo;orientation sexuelle.<\/li><li>Contenu encourageant des activit\u00e9s ill\u00e9gales<\/li><li>Usurpation d&rsquo;identit\u00e9 ou fausse d\u00e9claration<\/li><li>Accusations graves ou non prouv\u00e9es<\/li><li>Spam<\/li><\/ul><p><strong>Abonnements et mentions \u00ab J&rsquo;aime \u00bb<\/strong><\/p><p>La Fondation LCO peut suivre et aimer les comptes de m\u00e9dias sociaux de ses partenaires communautaires, sponsors, bailleurs de fonds, groupes int\u00e9ress\u00e9s ou autres sources pertinentes. Veuillez noter que le fait d&rsquo;\u00eatre suivi ou aim\u00e9 par la Fondation LCO n&rsquo;implique aucune forme d&rsquo;approbation. <\/p><p><strong>Disponibilit\u00e9<\/strong><\/p><p>La Fondation LCO met \u00e0 jour et surveille ses comptes sur les r\u00e9seaux sociaux pendant les heures normales de bureau. Les commentaires des utilisateurs en dehors de ces heures seront examin\u00e9s au d\u00e9but du jour ouvrable suivant. Des publications peuvent \u00eatre diffus\u00e9es en dehors des heures normales de bureau dans des circonstances exceptionnelles ou si elles sont g\u00e9n\u00e9r\u00e9es par un programmateur.  <\/p>\t\t\t\t\t\t\t\t<\/div>\n\t\t\t\t<\/div>\n\t\t\t\t<\/div>\n\t\t\t\t\t<\/div>\n\t\t\t\t<\/div>\n\t\t\t\t<\/div>\n\t\t","protected":false},"excerpt":{"rendered":"<p>MEDIAS SOCIAUX CONDITIONS D\u2019UTILISATION Comptes sur les r\u00e9seaux sociaux Bluesky: @ochfoundation Facebook: @OCH Foundation Instagram: @ochfoundation LinkedIn: @OCH Foundation YouTube: @Ottawa Community Housing Foundation Objectif La Fondation de la Soci\u00e9t\u00e9 de logement communautaire d\u2019Ottawa (LCO) utilise les m\u00e9dias sociaux comme un prolongement de ses communications traditionnelles. Les personnes ou les organisations qui suivent la Fondation [&hellip;]<\/p>\n","protected":false},"author":4,"featured_media":0,"parent":0,"menu_order":0,"comment_status":"closed","ping_status":"closed","template":"","meta":{"footnotes":""},"class_list":["post-5669","page","type-page","status-publish","hentry"],"_links":{"self":[{"href":"https:\/\/ochfoundation.ca\/fr\/wp-json\/wp\/v2\/pages\/5669","targetHints":{"allow":["GET"]}}],"collection":[{"href":"https:\/\/ochfoundation.ca\/fr\/wp-json\/wp\/v2\/pages"}],"about":[{"href":"https:\/\/ochfoundation.ca\/fr\/wp-json\/wp\/v2\/types\/page"}],"author":[{"embeddable":true,"href":"https:\/\/ochfoundation.ca\/fr\/wp-json\/wp\/v2\/users\/4"}],"replies":[{"embeddable":true,"href":"https:\/\/ochfoundation.ca\/fr\/wp-json\/wp\/v2\/comments?post=5669"}],"version-history":[{"count":2,"href":"https:\/\/ochfoundation.ca\/fr\/wp-json\/wp\/v2\/pages\/5669\/revisions"}],"predecessor-version":[{"id":7999,"href":"https:\/\/ochfoundation.ca\/fr\/wp-json\/wp\/v2\/pages\/5669\/revisions\/7999"}],"wp:attachment":[{"href":"https:\/\/ochfoundation.ca\/fr\/wp-json\/wp\/v2\/media?parent=5669"}],"curies":[{"name":"wp","href":"https:\/\/api.w.org\/{rel}","templated":true}]}}