{"id":5679,"date":"2025-06-04T14:04:44","date_gmt":"2025-06-04T18:04:44","guid":{"rendered":"https:\/\/ochfoundation.ca\/site-internet-clause-de-non-responsabilite\/"},"modified":"2025-06-04T14:18:01","modified_gmt":"2025-06-04T18:18:01","slug":"site-internet-clause-de-non-responsabilite","status":"publish","type":"page","link":"https:\/\/ochfoundation.ca\/fr\/site-internet-clause-de-non-responsabilite\/","title":{"rendered":"SITE INTERNET CLAUSE DE NON-RESPONSABILITE"},"content":{"rendered":"\t\t<div data-elementor-type=\"wp-page\" data-elementor-id=\"5679\" class=\"elementor elementor-5679 elementor-5672\" data-elementor-post-type=\"page\">\n\t\t\t\t<div class=\"elementor-element elementor-element-3f22f2b e-flex e-con-boxed e-con e-parent\" data-id=\"3f22f2b\" data-element_type=\"container\" data-e-type=\"container\">\n\t\t\t\t\t<div class=\"e-con-inner\">\n\t\t<div class=\"elementor-element elementor-element-a8a2b7e e-con-full e-flex e-con e-child\" data-id=\"a8a2b7e\" data-element_type=\"container\" data-e-type=\"container\">\n\t\t\t\t<div class=\"elementor-element elementor-element-e345344 elementor-widget elementor-widget-heading\" data-id=\"e345344\" data-element_type=\"widget\" data-e-type=\"widget\" data-widget_type=\"heading.default\">\n\t\t\t\t<div class=\"elementor-widget-container\">\n\t\t\t\t\t<h2 class=\"elementor-heading-title elementor-size-default\">FONDATION LCO<\/h2>\t\t\t\t<\/div>\n\t\t\t\t<\/div>\n\t\t\t\t<div class=\"elementor-element elementor-element-7aa6968 elementor-widget elementor-widget-heading\" data-id=\"7aa6968\" data-element_type=\"widget\" data-e-type=\"widget\" data-widget_type=\"heading.default\">\n\t\t\t\t<div class=\"elementor-widget-container\">\n\t\t\t\t\t<h2 class=\"elementor-heading-title elementor-size-default\">SITE INTERNET CLAUSE DE NON-RESPONSABILITE<\/h2>\t\t\t\t<\/div>\n\t\t\t\t<\/div>\n\t\t\t\t<\/div>\n\t\t\t\t\t<\/div>\n\t\t\t\t<\/div>\n\t\t<div class=\"elementor-element elementor-element-4ef6d73 e-flex e-con-boxed e-con e-parent\" data-id=\"4ef6d73\" data-element_type=\"container\" data-e-type=\"container\">\n\t\t\t\t\t<div class=\"e-con-inner\">\n\t\t\t\t<div class=\"elementor-element elementor-element-79e1247 elementor-widget elementor-widget-text-editor\" data-id=\"79e1247\" data-element_type=\"widget\" data-e-type=\"widget\" data-widget_type=\"text-editor.default\">\n\t\t\t\t<div class=\"elementor-widget-container\">\n\t\t\t\t\t\t\t\t\t<p>Le contenu qui figure sur ce site Web est fourni \u00e0 titre d\u2019information seulement. Bien que tous les efforts n\u00e9cessaires soient d\u00e9ploy\u00e9s pour assurer l\u2019exactitude et la v\u00e9racit\u00e9 des renseignements se trouvant sur ce site Web, La Fondation de logement communautaire d\u2019Ottawa (Fondation LCO) d\u00e9cline toute responsabilit\u00e9 pour les dommages d\u00e9coulant de son utilisation. Bien que Fondation LCO se fonde sur des sources r\u00e9put\u00e9es, qu\u2019il croie que les renseignements qu\u2019il publie sur le site Web sont exacts et qu\u2019il tente de tenir \u00e0 jour les renseignements, Fondation LCO ne garantit pas l\u2019exactitude ou l\u2019exhaustivit\u00e9 des renseignements.  <\/p><p>Fondation LCO se r\u00e9serve le droit de mettre fin \u00e0 ce site ou de le modifier en tout temps, sans pr\u00e9avis. Les liens vers d\u2019autres sites Web ou les r\u00e9f\u00e9rences concernant d\u2019autres organisations, produits, services ou publications ne constituent pas un cautionnement ou une approbation de la part de Fondation LCO. Fondation LCO ne fait aucune repr\u00e9sentation de quelque type que ce soit en ce qui concerne tout autre site Web auquel vous pouvez acc\u00e9der \u00e0 partir de celui\u2011ci.  <\/p><p>Fondation LCO n\u2019est en aucun cas responsable de la pr\u00e9cision des traductions quand vous utilisez l\u2019outil de traduction Google<sup>TM<\/sup>. Google<sup>TM<\/sup> traduction est un logiciel de traduction automatis\u00e9e d\u2019une tierce partie et il peut faire des erreurs qu\u2019un traducteur humain qualifi\u00e9 ne ferait pas. <\/p><p>Fondation LCO ne pourra pas \u00eatre tenu responsable des dommages d\u00e9coulant, entre autres, de la transmission de renseignements confidentiels par Internet.<\/p><p>Fondation LCO se r\u00e9serve le droit de r\u00e9viser, supprimer, modifier ou d\u2019examiner dans l\u2019ensemble ou en partie tout contenu envoy\u00e9 ou publi\u00e9 sur son site Web, et ce, \u00e0 sa seule discr\u00e9tion.<\/p><p>Tous les renseignements contenus dans ce site sont prot\u00e9g\u00e9s par la Loi canadienne sur le droit d\u2019auteur. Nul ne peut, sans autorisation, copier, redistribuer, reproduire ou republier, sous quelque forme que ce soit, tout mat\u00e9riel fourni dans ce site Web. <\/p>\t\t\t\t\t\t\t\t<\/div>\n\t\t\t\t<\/div>\n\t\t\t\t\t<\/div>\n\t\t\t\t<\/div>\n\t\t\t\t<\/div>\n\t\t","protected":false},"excerpt":{"rendered":"<p>FONDATION LCO SITE INTERNET CLAUSE DE NON-RESPONSABILITE Le contenu qui figure sur ce site Web est fourni \u00e0 titre d\u2019information seulement. Bien que tous les efforts n\u00e9cessaires soient d\u00e9ploy\u00e9s pour assurer l\u2019exactitude et la v\u00e9racit\u00e9 des renseignements se trouvant sur ce site Web, La Fondation de logement communautaire d\u2019Ottawa (Fondation LCO) d\u00e9cline toute responsabilit\u00e9 pour [&hellip;]<\/p>\n","protected":false},"author":4,"featured_media":0,"parent":0,"menu_order":0,"comment_status":"closed","ping_status":"closed","template":"","meta":{"footnotes":""},"class_list":["post-5679","page","type-page","status-publish","hentry"],"_links":{"self":[{"href":"https:\/\/ochfoundation.ca\/fr\/wp-json\/wp\/v2\/pages\/5679","targetHints":{"allow":["GET"]}}],"collection":[{"href":"https:\/\/ochfoundation.ca\/fr\/wp-json\/wp\/v2\/pages"}],"about":[{"href":"https:\/\/ochfoundation.ca\/fr\/wp-json\/wp\/v2\/types\/page"}],"author":[{"embeddable":true,"href":"https:\/\/ochfoundation.ca\/fr\/wp-json\/wp\/v2\/users\/4"}],"replies":[{"embeddable":true,"href":"https:\/\/ochfoundation.ca\/fr\/wp-json\/wp\/v2\/comments?post=5679"}],"version-history":[{"count":1,"href":"https:\/\/ochfoundation.ca\/fr\/wp-json\/wp\/v2\/pages\/5679\/revisions"}],"predecessor-version":[{"id":5680,"href":"https:\/\/ochfoundation.ca\/fr\/wp-json\/wp\/v2\/pages\/5679\/revisions\/5680"}],"wp:attachment":[{"href":"https:\/\/ochfoundation.ca\/fr\/wp-json\/wp\/v2\/media?parent=5679"}],"curies":[{"name":"wp","href":"https:\/\/api.w.org\/{rel}","templated":true}]}}