{"id":5721,"date":"2025-06-18T10:06:31","date_gmt":"2025-06-18T14:06:31","guid":{"rendered":"https:\/\/ochfoundation.ca\/etats-financiers\/"},"modified":"2026-03-05T14:58:28","modified_gmt":"2026-03-05T19:58:28","slug":"etats-financiers","status":"publish","type":"page","link":"https:\/\/ochfoundation.ca\/fr\/etats-financiers\/","title":{"rendered":"\u00c9tats financiers"},"content":{"rendered":"\t\t<div data-elementor-type=\"wp-page\" data-elementor-id=\"5721\" class=\"elementor elementor-5721 elementor-5701\" data-elementor-post-type=\"page\">\n\t\t\t\t<div class=\"elementor-element elementor-element-5e3acb1 e-flex e-con-boxed e-con e-parent\" data-id=\"5e3acb1\" data-element_type=\"container\" data-e-type=\"container\">\n\t\t\t\t\t<div class=\"e-con-inner\">\n\t\t\t\t<div class=\"elementor-element elementor-element-f32d7ac elementor-widget elementor-widget-heading\" data-id=\"f32d7ac\" data-element_type=\"widget\" data-e-type=\"widget\" data-widget_type=\"heading.default\">\n\t\t\t\t<div class=\"elementor-widget-container\">\n\t\t\t\t\t<h2 class=\"elementor-heading-title elementor-size-default\">\u00c0 PROPOS DE NOUS<\/h2>\t\t\t\t<\/div>\n\t\t\t\t<\/div>\n\t\t\t\t<div class=\"elementor-element elementor-element-90856ca elementor-widget elementor-widget-heading\" data-id=\"90856ca\" data-element_type=\"widget\" data-e-type=\"widget\" data-widget_type=\"heading.default\">\n\t\t\t\t<div class=\"elementor-widget-container\">\n\t\t\t\t\t<h2 class=\"elementor-heading-title elementor-size-default\">\u00c9TATS FINANCIERS<\/h2>\t\t\t\t<\/div>\n\t\t\t\t<\/div>\n\t\t\t\t\t<\/div>\n\t\t\t\t<\/div>\n\t\t<div class=\"elementor-element elementor-element-291a412 e-flex e-con-boxed e-con e-parent\" data-id=\"291a412\" data-element_type=\"container\" data-e-type=\"container\">\n\t\t\t\t\t<div class=\"e-con-inner\">\n\t\t\t\t<div class=\"elementor-element elementor-element-ce8796b elementor-widget elementor-widget-text-editor\" data-id=\"ce8796b\" data-element_type=\"widget\" data-e-type=\"widget\" data-widget_type=\"text-editor.default\">\n\t\t\t\t<div class=\"elementor-widget-container\">\n\t\t\t\t\t\t\t\t\t<p data-start=\"183\" data-end=\"333\">Nous croyons en la transparence et la responsabilit\u00e9 envers notre communaut\u00e9 et nos sympathisants. Vous trouverez ci-dessous nos \u00e9tats financiers v\u00e9rifi\u00e9s \u00e0 partir de 2019. <\/p><p data-start=\"335\" data-end=\"589\">\ud83d\udcc4 <a href=\"https:\/\/ochfoundation.ca\/wp-content\/uploads\/2025\/06\/2019-Audited-Financial-Statements-Signed.pdf\">\u00c9tats financiers <strong data-start=\"338\" data-end=\"367\">2019<\/strong><\/a><br data-start=\"383\" data-end=\"386\">\ud83d\udcc4 <a href=\"https:\/\/ochfoundation.ca\/wp-content\/uploads\/2025\/06\/2020-Audited-Financial-Statements.pdf\">\u00c9tats financiers<strong data-start=\"389\" data-end=\"418\">2020<\/strong><\/a><br data-start=\"434\" data-end=\"437\">\ud83d\udcc4 <a href=\"https:\/\/ochfoundation.ca\/wp-content\/uploads\/2025\/06\/2021-Audited-Financial-Statements.pdf\">\u00c9tats financiers<strong data-start=\"440\" data-end=\"469\">2021<\/strong><\/a><br data-start=\"485\" data-end=\"488\">\ud83d\udcc4 <a href=\"https:\/\/ochfoundation.ca\/wp-content\/uploads\/2025\/06\/2022-Audited-Financial-Statements-signed.pdf\">\u00c9tats financiers<strong data-start=\"491\" data-end=\"520\">2022<\/strong><\/a><br data-start=\"536\" data-end=\"539\">\ud83d\udcc4 <a href=\"https:\/\/ochfoundation.ca\/wp-content\/uploads\/2025\/06\/2023-Audited-Financial-Statements-Signed.pdf\">\u00c9tats financiers<strong data-start=\"542\" data-end=\"571\">2023<\/strong><\/a><br data-start=\"536\" data-end=\"539\">\ud83d\udcc4      <a href=\"https:\/\/ochfoundation.ca\/wp-content\/uploads\/2025\/06\/2024-Audited-Financial-Statement-OCH-Foundation-for-Healthy-Communities-fs24.pdf\"><strong data-start=\"542\" data-end=\"571\">\u00c9tats financiers 2024<\/strong><\/a><\/p><p data-start=\"591\" data-end=\"771\">Nous mettons cette page \u00e0 jour chaque ann\u00e9e afin que nos sympathisants, partenaires, membres de la communaut\u00e9, bailleurs de fonds, donateurs et les personnes que nous aidons puissent facilement acc\u00e9der \u00e0 nos informations financi\u00e8res les plus r\u00e9centes. Si vous avez des questions, n&rsquo;h\u00e9sitez pas \u00e0 nous contacter. <\/p>\t\t\t\t\t\t\t\t<\/div>\n\t\t\t\t<\/div>\n\t\t\t\t\t<\/div>\n\t\t\t\t<\/div>\n\t\t\t\t<\/div>\n\t\t","protected":false},"excerpt":{"rendered":"<p>\u00c0 PROPOS DE NOUS \u00c9TATS FINANCIERS Nous croyons en la transparence et la responsabilit\u00e9 envers notre communaut\u00e9 et nos sympathisants. Vous trouverez ci-dessous nos \u00e9tats financiers v\u00e9rifi\u00e9s \u00e0 partir de 2019. \ud83d\udcc4 \u00c9tats financiers 2019\ud83d\udcc4 \u00c9tats financiers2020\ud83d\udcc4 \u00c9tats financiers2021\ud83d\udcc4 \u00c9tats financiers2022\ud83d\udcc4 \u00c9tats financiers2023\ud83d\udcc4 \u00c9tats financiers 2024 Nous mettons cette page \u00e0 jour chaque ann\u00e9e afin [&hellip;]<\/p>\n","protected":false},"author":4,"featured_media":0,"parent":0,"menu_order":0,"comment_status":"closed","ping_status":"closed","template":"","meta":{"footnotes":""},"class_list":["post-5721","page","type-page","status-publish","hentry"],"_links":{"self":[{"href":"https:\/\/ochfoundation.ca\/fr\/wp-json\/wp\/v2\/pages\/5721","targetHints":{"allow":["GET"]}}],"collection":[{"href":"https:\/\/ochfoundation.ca\/fr\/wp-json\/wp\/v2\/pages"}],"about":[{"href":"https:\/\/ochfoundation.ca\/fr\/wp-json\/wp\/v2\/types\/page"}],"author":[{"embeddable":true,"href":"https:\/\/ochfoundation.ca\/fr\/wp-json\/wp\/v2\/users\/4"}],"replies":[{"embeddable":true,"href":"https:\/\/ochfoundation.ca\/fr\/wp-json\/wp\/v2\/comments?post=5721"}],"version-history":[{"count":3,"href":"https:\/\/ochfoundation.ca\/fr\/wp-json\/wp\/v2\/pages\/5721\/revisions"}],"predecessor-version":[{"id":7998,"href":"https:\/\/ochfoundation.ca\/fr\/wp-json\/wp\/v2\/pages\/5721\/revisions\/7998"}],"wp:attachment":[{"href":"https:\/\/ochfoundation.ca\/fr\/wp-json\/wp\/v2\/media?parent=5721"}],"curies":[{"name":"wp","href":"https:\/\/api.w.org\/{rel}","templated":true}]}}