{"id":5910,"date":"2025-09-10T10:21:45","date_gmt":"2025-09-10T14:21:45","guid":{"rendered":"https:\/\/ochfoundation.ca\/nos-reseaux-sociaux\/"},"modified":"2026-03-05T14:53:30","modified_gmt":"2026-03-05T19:53:30","slug":"nos-reseaux-sociaux","status":"publish","type":"page","link":"https:\/\/ochfoundation.ca\/fr\/nouvelles-et-evenements\/nos-reseaux-sociaux\/","title":{"rendered":"R\u00e9seaux sociaux"},"content":{"rendered":"\t\t<div data-elementor-type=\"wp-page\" data-elementor-id=\"5910\" class=\"elementor elementor-5910 elementor-5890\" data-elementor-post-type=\"page\">\n\t\t\t\t<div class=\"elementor-element elementor-element-ed6472a e-flex e-con-boxed e-con e-parent\" data-id=\"ed6472a\" data-element_type=\"container\" data-e-type=\"container\" data-settings=\"{&quot;background_background&quot;:&quot;classic&quot;}\">\n\t\t\t\t\t<div class=\"e-con-inner\">\n\t\t<div class=\"elementor-element elementor-element-6e3144c e-con-full e-flex e-con e-child\" data-id=\"6e3144c\" data-element_type=\"container\" data-e-type=\"container\">\n\t\t\t\t<div class=\"elementor-element elementor-element-85dade7 elementor-widget elementor-widget-heading\" data-id=\"85dade7\" data-element_type=\"widget\" data-e-type=\"widget\" data-widget_type=\"heading.default\">\n\t\t\t\t<div class=\"elementor-widget-container\">\n\t\t\t\t\t<h2 class=\"elementor-heading-title elementor-size-default\">LES NOUVELLES<\/h2>\t\t\t\t<\/div>\n\t\t\t\t<\/div>\n\t\t\t\t<div class=\"elementor-element elementor-element-08d2c81 elementor-widget elementor-widget-heading\" data-id=\"08d2c81\" data-element_type=\"widget\" data-e-type=\"widget\" data-widget_type=\"heading.default\">\n\t\t\t\t<div class=\"elementor-widget-container\">\n\t\t\t\t\t<h2 class=\"elementor-heading-title elementor-size-default\">R\u00e9seaux sociaux<\/h2>\t\t\t\t<\/div>\n\t\t\t\t<\/div>\n\t\t\t\t<\/div>\n\t\t\t\t\t<\/div>\n\t\t\t\t<\/div>\n\t\t<div class=\"elementor-element elementor-element-032b5be e-flex e-con-boxed e-con e-parent\" data-id=\"032b5be\" data-element_type=\"container\" data-e-type=\"container\">\n\t\t\t\t\t<div class=\"e-con-inner\">\n\t\t\t\t<div class=\"elementor-element elementor-element-b239a2e elementor-widget elementor-widget-text-editor\" data-id=\"b239a2e\" data-element_type=\"widget\" data-e-type=\"widget\" data-widget_type=\"text-editor.default\">\n\t\t\t\t<div class=\"elementor-widget-container\">\n\t\t\t\t\t\t\t\t\t<h2 style=\"text-align: center;\">Restez en contact avec la Fondation LCO : un simple clic vous permet d&rsquo;acc\u00e9der \u00e0 des t\u00e9moignages, des programmes et des moyens de faire un don.<\/h2>\t\t\t\t\t\t\t\t<\/div>\n\t\t\t\t<\/div>\n\t\t\t\t\t<\/div>\n\t\t\t\t<\/div>\n\t\t<div class=\"elementor-element elementor-element-5530791 e-flex e-con-boxed e-con e-parent\" data-id=\"5530791\" data-element_type=\"container\" data-e-type=\"container\">\n\t\t\t\t\t<div class=\"e-con-inner\">\n\t\t\t\t<div class=\"elementor-element elementor-element-6c097b5 elementor-shape-circle elementor-grid-0 e-grid-align-center elementor-widget elementor-widget-social-icons\" data-id=\"6c097b5\" data-element_type=\"widget\" data-e-type=\"widget\" data-widget_type=\"social-icons.default\">\n\t\t\t\t<div class=\"elementor-widget-container\">\n\t\t\t\t\t\t\t<div class=\"elementor-social-icons-wrapper elementor-grid\" role=\"list\">\n\t\t\t\t\t\t\t<span class=\"elementor-grid-item\" role=\"listitem\">\n\t\t\t\t\t<a class=\"elementor-icon elementor-social-icon elementor-social-icon-linkedin elementor-repeater-item-826730a\" href=\"https:\/\/www.linkedin.com\/company\/och-foundation\/?originalSubdomain=ca\" target=\"_blank\">\n\t\t\t\t\t\t<span class=\"elementor-screen-only\">Linkedin<\/span>\n\t\t\t\t\t\t<i aria-hidden=\"true\" class=\"fab fa-linkedin\"><\/i>\t\t\t\t\t<\/a>\n\t\t\t\t<\/span>\n\t\t\t\t\t\t\t<span class=\"elementor-grid-item\" role=\"listitem\">\n\t\t\t\t\t<a class=\"elementor-icon elementor-social-icon elementor-social-icon-instagram elementor-repeater-item-513e597\" href=\"https:\/\/www.instagram.com\/ochfoundation\/?hl=en\" target=\"_blank\">\n\t\t\t\t\t\t<span class=\"elementor-screen-only\">Instagram<\/span>\n\t\t\t\t\t\t<i aria-hidden=\"true\" class=\"fab fa-instagram\"><\/i>\t\t\t\t\t<\/a>\n\t\t\t\t<\/span>\n\t\t\t\t\t\t\t<span class=\"elementor-grid-item\" role=\"listitem\">\n\t\t\t\t\t<a class=\"elementor-icon elementor-social-icon elementor-social-icon-facebook elementor-repeater-item-85588b7\" href=\"https:\/\/www.facebook.com\/OttawaCommunityHousingFoundation\/\" target=\"_blank\">\n\t\t\t\t\t\t<span class=\"elementor-screen-only\">Facebook<\/span>\n\t\t\t\t\t\t<i aria-hidden=\"true\" class=\"fab fa-facebook\"><\/i>\t\t\t\t\t<\/a>\n\t\t\t\t<\/span>\n\t\t\t\t\t\t\t<span class=\"elementor-grid-item\" role=\"listitem\">\n\t\t\t\t\t<a class=\"elementor-icon elementor-social-icon elementor-social-icon- elementor-repeater-item-9c2d347\" href=\"https:\/\/bsky.app\/profile\/ochfoundation.bsky.social\" target=\"_blank\">\n\t\t\t\t\t\t<span class=\"elementor-screen-only\"><\/span>\n\t\t\t\t\t\t<svg xmlns=\"http:\/\/www.w3.org\/2000\/svg\" xmlns:xlink=\"http:\/\/www.w3.org\/1999\/xlink\" width=\"2000\" zoomAndPan=\"magnify\" viewBox=\"0 0 1500 1499.999933\" height=\"2000\" preserveAspectRatio=\"xMidYMid meet\"><path fill=\"#ffffff\" d=\"M 421.441406 308.058594 C 554.433594 407.902344 697.480469 610.339844 750 718.976562 C 802.523438 610.347656 945.5625 407.898438 1078.558594 308.058594 C 1174.519531 236.019531 1329.996094 180.277344 1329.996094 357.648438 C 1329.996094 393.074219 1309.6875 655.226562 1297.777344 697.789062 C 1256.371094 845.753906 1105.488281 883.496094 971.277344 860.652344 C 1205.875 900.582031 1265.554688 1032.835938 1136.671875 1165.09375 C 891.890625 1416.269531 784.851562 1102.070312 757.410156 1021.5625 C 752.382812 1006.800781 750.03125 999.898438 749.996094 1005.769531 C 749.960938 999.898438 747.609375 1006.800781 742.582031 1021.5625 C 715.152344 1102.070312 608.117188 1416.28125 363.324219 1165.09375 C 234.433594 1032.835938 294.113281 900.574219 528.714844 860.652344 C 394.5 883.496094 243.617188 845.753906 202.21875 697.789062 C 190.304688 655.222656 169.996094 393.070312 169.996094 357.648438 C 169.996094 180.277344 325.480469 236.019531 421.433594 308.058594 Z M 421.441406 308.058594 \" fill-opacity=\"1\" fill-rule=\"nonzero\"><\/path><\/svg>\t\t\t\t\t<\/a>\n\t\t\t\t<\/span>\n\t\t\t\t\t<\/div>\n\t\t\t\t\t\t<\/div>\n\t\t\t\t<\/div>\n\t\t\t\t\t<\/div>\n\t\t\t\t<\/div>\n\t\t\t\t<\/div>\n\t\t","protected":false},"excerpt":{"rendered":"<p>LES NOUVELLES R\u00e9seaux sociaux Restez en contact avec la Fondation LCO : un simple clic vous permet d&rsquo;acc\u00e9der \u00e0 des t\u00e9moignages, des programmes et des moyens de faire un don. Linkedin Instagram Facebook<\/p>\n","protected":false},"author":4,"featured_media":0,"parent":3868,"menu_order":0,"comment_status":"closed","ping_status":"closed","template":"","meta":{"footnotes":""},"class_list":["post-5910","page","type-page","status-publish","hentry"],"_links":{"self":[{"href":"https:\/\/ochfoundation.ca\/fr\/wp-json\/wp\/v2\/pages\/5910","targetHints":{"allow":["GET"]}}],"collection":[{"href":"https:\/\/ochfoundation.ca\/fr\/wp-json\/wp\/v2\/pages"}],"about":[{"href":"https:\/\/ochfoundation.ca\/fr\/wp-json\/wp\/v2\/types\/page"}],"author":[{"embeddable":true,"href":"https:\/\/ochfoundation.ca\/fr\/wp-json\/wp\/v2\/users\/4"}],"replies":[{"embeddable":true,"href":"https:\/\/ochfoundation.ca\/fr\/wp-json\/wp\/v2\/comments?post=5910"}],"version-history":[{"count":13,"href":"https:\/\/ochfoundation.ca\/fr\/wp-json\/wp\/v2\/pages\/5910\/revisions"}],"predecessor-version":[{"id":7982,"href":"https:\/\/ochfoundation.ca\/fr\/wp-json\/wp\/v2\/pages\/5910\/revisions\/7982"}],"up":[{"embeddable":true,"href":"https:\/\/ochfoundation.ca\/fr\/wp-json\/wp\/v2\/pages\/3868"}],"wp:attachment":[{"href":"https:\/\/ochfoundation.ca\/fr\/wp-json\/wp\/v2\/media?parent=5910"}],"curies":[{"name":"wp","href":"https:\/\/api.w.org\/{rel}","templated":true}]}}