{"id":6761,"date":"2026-02-09T09:35:44","date_gmt":"2026-02-09T14:35:44","guid":{"rendered":"https:\/\/ochfoundation.ca\/programmes\/bourse-detudes-apprendre-minspire\/ibl-faq\/"},"modified":"2026-03-11T09:11:31","modified_gmt":"2026-03-11T13:11:31","slug":"ibl-faq","status":"publish","type":"page","link":"https:\/\/ochfoundation.ca\/fr\/programmes\/bourse-detudes-apprendre-minspire\/ibl-faq\/","title":{"rendered":"FAQ"},"content":{"rendered":"\t\t<div data-elementor-type=\"wp-page\" data-elementor-id=\"6761\" class=\"elementor elementor-6761 elementor-6652\" data-elementor-post-type=\"page\">\n\t\t\t\t<div class=\"elementor-element elementor-element-6ad4eb0 e-flex e-con-boxed e-con e-parent\" data-id=\"6ad4eb0\" data-element_type=\"container\" data-e-type=\"container\">\n\t\t\t\t\t<div class=\"e-con-inner\">\n\t\t<div class=\"elementor-element elementor-element-fc722b0 e-con-full e-flex e-con e-child\" data-id=\"fc722b0\" data-element_type=\"container\" data-e-type=\"container\">\n\t\t<div class=\"elementor-element elementor-element-1e03d94 e-con-full e-flex e-con e-child\" data-id=\"1e03d94\" data-element_type=\"container\" data-e-type=\"container\" data-settings=\"{&quot;background_background&quot;:&quot;classic&quot;}\">\n\t\t\t\t<div class=\"elementor-element elementor-element-1094db9 elementor-widget elementor-widget-heading\" data-id=\"1094db9\" data-element_type=\"widget\" data-e-type=\"widget\" data-widget_type=\"heading.default\">\n\t\t\t\t<div class=\"elementor-widget-container\">\n\t\t\t\t\t<h2 class=\"elementor-heading-title elementor-size-default\">Apprendre m'inspire<\/h2>\t\t\t\t<\/div>\n\t\t\t\t<\/div>\n\t\t\t\t<div class=\"elementor-element elementor-element-0602b19 elementor-widget elementor-widget-heading\" data-id=\"0602b19\" data-element_type=\"widget\" data-e-type=\"widget\" data-widget_type=\"heading.default\">\n\t\t\t\t<div class=\"elementor-widget-container\">\n\t\t\t\t\t<h2 class=\"elementor-heading-title elementor-size-default\">Foire aux questions (FAQ)<\/h2>\t\t\t\t<\/div>\n\t\t\t\t<\/div>\n\t\t\t\t<\/div>\n\t\t<div class=\"elementor-element elementor-element-4427116 e-con-full e-flex e-con e-child\" data-id=\"4427116\" data-element_type=\"container\" data-e-type=\"container\" data-settings=\"{&quot;background_background&quot;:&quot;classic&quot;}\">\n\t\t\t\t<\/div>\n\t\t\t\t<\/div>\n\t\t\t\t\t<\/div>\n\t\t\t\t<\/div>\n\t\t<div class=\"elementor-element elementor-element-ae8f1e5 e-flex e-con-boxed e-con e-parent\" data-id=\"ae8f1e5\" data-element_type=\"container\" data-e-type=\"container\">\n\t\t\t\t\t<div class=\"e-con-inner\">\n\t\t<div class=\"elementor-element elementor-element-f986a63 e-con-full e-flex e-con e-child\" data-id=\"f986a63\" data-element_type=\"container\" data-e-type=\"container\">\n\t\t\t\t<div class=\"elementor-element elementor-element-38d23f9 elementor-widget elementor-widget-text-editor\" data-id=\"38d23f9\" data-element_type=\"widget\" data-e-type=\"widget\" data-widget_type=\"text-editor.default\">\n\t\t\t\t<div class=\"elementor-widget-container\">\n\t\t\t\t\t\t\t\t\t<p>Avant de lire la liste ci-dessous, regardez notre courte vid\u00e9o qui r\u00e9pond \u00e0 certaines questions courantes sur la bourse Apprendre M&rsquo;inspire et son fonctionnement.<\/p>\t\t\t\t\t\t\t\t<\/div>\n\t\t\t\t<\/div>\n\t\t\t\t<div class=\"elementor-element elementor-element-7920643 elementor-widget__width-initial elementor-widget elementor-widget-video\" data-id=\"7920643\" data-element_type=\"widget\" data-e-type=\"widget\" data-settings=\"{&quot;youtube_url&quot;:&quot;https:\\\/\\\/www.youtube.com\\\/watch?v=-Hqy37GynJU&amp;embeds_referring_euri=https%3A%2F%2Fochfoundation.ca%2F&amp;embeds_referring_origin=https%3A%2F%2Fochfoundation.ca&amp;source_ve_path=OTY3MTQ&quot;,&quot;video_type&quot;:&quot;youtube&quot;,&quot;controls&quot;:&quot;yes&quot;}\" data-widget_type=\"video.default\">\n\t\t\t\t<div class=\"elementor-widget-container\">\n\t\t\t\t\t\t\t<div class=\"elementor-wrapper elementor-open-inline\">\n\t\t\t<div class=\"elementor-video\"><\/div>\t\t<\/div>\n\t\t\t\t\t\t<\/div>\n\t\t\t\t<\/div>\n\t\t<div class=\"elementor-element elementor-element-2cbe57e e-con-full e-flex e-con e-child\" data-id=\"2cbe57e\" data-element_type=\"container\" data-e-type=\"container\">\n\t\t\t\t<div class=\"elementor-element elementor-element-63ce70e elementor-widget elementor-widget-heading\" data-id=\"63ce70e\" data-element_type=\"widget\" data-e-type=\"widget\" data-widget_type=\"heading.default\">\n\t\t\t\t<div class=\"elementor-widget-container\">\n\t\t\t\t\t<h2 class=\"elementor-heading-title elementor-size-default\">Qui peut pr\u00e9tendre \u00e0 la bourse Apprendre M'inspire ?<\/h2>\t\t\t\t<\/div>\n\t\t\t\t<\/div>\n\t\t\t\t<div class=\"elementor-element elementor-element-19e3cdc elementor-widget elementor-widget-text-editor\" data-id=\"19e3cdc\" data-element_type=\"widget\" data-e-type=\"widget\" data-widget_type=\"text-editor.default\">\n\t\t\t\t<div class=\"elementor-widget-container\">\n\t\t\t\t\t\t\t\t\t<p>Pour \u00eatre admissible, vous devez remplir tous les crit\u00e8res suivants :<\/p><ul><li>\u00catre un membre enregistr\u00e9 du m\u00e9nage vivant dans un logement LCO.<\/li><li>\u00catre inscrit \u00e0 un programme d&rsquo;\u00e9tudes postsecondaires (coll\u00e8ge, universit\u00e9, \u00e9cole de m\u00e9tiers) dans un \u00e9tablissement agr\u00e9\u00e9 au Canada, en vue d&rsquo;obtenir un dipl\u00f4me, un grade, un certificat d&rsquo;apprentissage ou une certification.<\/li><li>D\u00e9montrer un besoin financier.<\/li><\/ul>\t\t\t\t\t\t\t\t<\/div>\n\t\t\t\t<\/div>\n\t\t\t\t<div class=\"elementor-element elementor-element-5aaf77a elementor-widget elementor-widget-heading\" data-id=\"5aaf77a\" data-element_type=\"widget\" data-e-type=\"widget\" data-widget_type=\"heading.default\">\n\t\t\t\t<div class=\"elementor-widget-container\">\n\t\t\t\t\t<h2 class=\"elementor-heading-title elementor-size-default\">Je ne sais pas si je vis dans une communaut\u00e9 LCO. Comment puis-je le v\u00e9rifier ? <\/h2>\t\t\t\t<\/div>\n\t\t\t\t<\/div>\n\t\t\t\t<div class=\"elementor-element elementor-element-91da0c3 elementor-widget elementor-widget-text-editor\" data-id=\"91da0c3\" data-element_type=\"widget\" data-e-type=\"widget\" data-widget_type=\"text-editor.default\">\n\t\t\t\t<div class=\"elementor-widget-container\">\n\t\t\t\t\t\t\t\t\t<p>Vous pouvez v\u00e9rifier votre adresse en <span style=\"text-decoration: underline;\"><a href=\"https:\/\/www.och-lco.ca\/looking-for-housing\/browse-properties\/\">cliquant ici.<\/a><\/span><\/p>\t\t\t\t\t\t\t\t<\/div>\n\t\t\t\t<\/div>\n\t\t\t\t<\/div>\n\t\t<div class=\"elementor-element elementor-element-10d4bac e-con-full e-flex e-con e-child\" data-id=\"10d4bac\" data-element_type=\"container\" data-e-type=\"container\">\n\t\t\t\t<div class=\"elementor-element elementor-element-78c98d0 elementor-widget elementor-widget-heading\" data-id=\"78c98d0\" data-element_type=\"widget\" data-e-type=\"widget\" data-widget_type=\"heading.default\">\n\t\t\t\t<div class=\"elementor-widget-container\">\n\t\t\t\t\t<h2 class=\"elementor-heading-title elementor-size-default\">Combien d'argent vais-je recevoir ?<\/h2>\t\t\t\t<\/div>\n\t\t\t\t<\/div>\n\t\t\t\t<div class=\"elementor-element elementor-element-35c6420 elementor-widget elementor-widget-text-editor\" data-id=\"35c6420\" data-element_type=\"widget\" data-e-type=\"widget\" data-widget_type=\"text-editor.default\">\n\t\t\t\t<div class=\"elementor-widget-container\">\n\t\t\t\t\t\t\t\t\t<p>Les candidats retenus recevront <strong>1 000 $<\/strong> pour les aider \u00e0 couvrir leurs frais li\u00e9s \u00e0 l&rsquo;\u00e9ducation.<\/p>\t\t\t\t\t\t\t\t<\/div>\n\t\t\t\t<\/div>\n\t\t\t\t<\/div>\n\t\t<div class=\"elementor-element elementor-element-fbf7108 e-con-full e-flex e-con e-child\" data-id=\"fbf7108\" data-element_type=\"container\" data-e-type=\"container\">\n\t\t\t\t<div class=\"elementor-element elementor-element-f42bf1d elementor-widget elementor-widget-heading\" data-id=\"f42bf1d\" data-element_type=\"widget\" data-e-type=\"widget\" data-widget_type=\"heading.default\">\n\t\t\t\t<div class=\"elementor-widget-container\">\n\t\t\t\t\t<h2 class=\"elementor-heading-title elementor-size-default\">Dois-je \u00eatre \u00e9tudiant \u00e0 temps plein ?<\/h2>\t\t\t\t<\/div>\n\t\t\t\t<\/div>\n\t\t\t\t<div class=\"elementor-element elementor-element-12ff5e4 elementor-widget elementor-widget-text-editor\" data-id=\"12ff5e4\" data-element_type=\"widget\" data-e-type=\"widget\" data-widget_type=\"text-editor.default\">\n\t\t\t\t<div class=\"elementor-widget-container\">\n\t\t\t\t\t\t\t\t\t<p>Non, vous pouvez \u00eatre inscrit \u00e0 n&rsquo;importe quel programme d&rsquo;\u00e9tudes postsecondaires (\u00e0 temps plein ou \u00e0 temps partiel) tant qu&rsquo;il est dispens\u00e9 dans un \u00e9tablissement agr\u00e9\u00e9 au Canada et qu&rsquo;il m\u00e8ne \u00e0 l&rsquo;obtention d&rsquo;un dipl\u00f4me, d&rsquo;un grade ou d&rsquo;un certificat.<\/p>\t\t\t\t\t\t\t\t<\/div>\n\t\t\t\t<\/div>\n\t\t\t\t<\/div>\n\t\t<div class=\"elementor-element elementor-element-a6f6872 e-con-full e-flex e-con e-child\" data-id=\"a6f6872\" data-element_type=\"container\" data-e-type=\"container\">\n\t\t\t\t<div class=\"elementor-element elementor-element-51fa977 elementor-widget elementor-widget-heading\" data-id=\"51fa977\" data-element_type=\"widget\" data-e-type=\"widget\" data-widget_type=\"heading.default\">\n\t\t\t\t<div class=\"elementor-widget-container\">\n\t\t\t\t\t<h2 class=\"elementor-heading-title elementor-size-default\">Qu'est-ce qui constitue une preuve d'inscription ?<\/h2>\t\t\t\t<\/div>\n\t\t\t\t<\/div>\n\t\t\t\t<div class=\"elementor-element elementor-element-9f6d441 elementor-widget elementor-widget-text-editor\" data-id=\"9f6d441\" data-element_type=\"widget\" data-e-type=\"widget\" data-widget_type=\"text-editor.default\">\n\t\t\t\t<div class=\"elementor-widget-container\">\n\t\t\t\t\t\t\t\t\t<p>Une preuve d&rsquo;inscription est un document d\u00e9livr\u00e9 par l&rsquo;\u00e9tablissement d&rsquo;enseignement sup\u00e9rieur qui d\u00e9crit le programme dans lequel vous \u00eates actuellement inscrit. Vous pouvez l&rsquo;obtenir aupr\u00e8s du bureau du registraire. <\/p>\t\t\t\t\t\t\t\t<\/div>\n\t\t\t\t<\/div>\n\t\t\t\t<\/div>\n\t\t<div class=\"elementor-element elementor-element-9e68036 e-con-full e-flex e-con e-child\" data-id=\"9e68036\" data-element_type=\"container\" data-e-type=\"container\">\n\t\t\t\t<div class=\"elementor-element elementor-element-1a6547c elementor-widget elementor-widget-heading\" data-id=\"1a6547c\" data-element_type=\"widget\" data-e-type=\"widget\" data-widget_type=\"heading.default\">\n\t\t\t\t<div class=\"elementor-widget-container\">\n\t\t\t\t\t<h2 class=\"elementor-heading-title elementor-size-default\">Les m\u00e9tiers sont-ils \u00e9ligibles \u00e0 la bourse ?<\/h2>\t\t\t\t<\/div>\n\t\t\t\t<\/div>\n\t\t\t\t<div class=\"elementor-element elementor-element-28024c5 elementor-widget elementor-widget-text-editor\" data-id=\"28024c5\" data-element_type=\"widget\" data-e-type=\"widget\" data-widget_type=\"text-editor.default\">\n\t\t\t\t<div class=\"elementor-widget-container\">\n\t\t\t\t\t\t\t\t\t<p>Oui, si vous remplissez toutes les autres conditions d&rsquo;admissibilit\u00e9.<\/p>\t\t\t\t\t\t\t\t<\/div>\n\t\t\t\t<\/div>\n\t\t\t\t<div class=\"elementor-element elementor-element-6c94c56 elementor-widget elementor-widget-heading\" data-id=\"6c94c56\" data-element_type=\"widget\" data-e-type=\"widget\" data-widget_type=\"heading.default\">\n\t\t\t\t<div class=\"elementor-widget-container\">\n\t\t\t\t\t<h2 class=\"elementor-heading-title elementor-size-default\">Quand puis-je postuler ?<\/h2>\t\t\t\t<\/div>\n\t\t\t\t<\/div>\n\t\t\t\t<div class=\"elementor-element elementor-element-0bd4b6f elementor-widget elementor-widget-text-editor\" data-id=\"0bd4b6f\" data-element_type=\"widget\" data-e-type=\"widget\" data-widget_type=\"text-editor.default\">\n\t\t\t\t<div class=\"elementor-widget-container\">\n\t\t\t\t\t\t\t\t\t<p>Les candidatures pour la <strong>bourse 2026<\/strong> seront ouvertes \u00e0 partir du 1er avril. Une fois ouvertes, vous pourrez postuler en ligne via le lien sur la page du programme. La date limite pour les candidatures est fix\u00e9e au 31 mai.  <\/p>\t\t\t\t\t\t\t\t<\/div>\n\t\t\t\t<\/div>\n\t\t\t\t<div class=\"elementor-element elementor-element-bba7e1f elementor-widget elementor-widget-heading\" data-id=\"bba7e1f\" data-element_type=\"widget\" data-e-type=\"widget\" data-widget_type=\"heading.default\">\n\t\t\t\t<div class=\"elementor-widget-container\">\n\t\t\t\t\t<h2 class=\"elementor-heading-title elementor-size-default\">Qu'est-ce qui est consid\u00e9r\u00e9 comme un \u00ab besoin financier \u00bb ?<\/h2>\t\t\t\t<\/div>\n\t\t\t\t<\/div>\n\t\t\t\t<div class=\"elementor-element elementor-element-de84ea2 elementor-widget elementor-widget-text-editor\" data-id=\"de84ea2\" data-element_type=\"widget\" data-e-type=\"widget\" data-widget_type=\"text-editor.default\">\n\t\t\t\t<div class=\"elementor-widget-container\">\n\t\t\t\t\t\t\t\t\t<p>Le besoin financier signifie que vos fonds disponibles ne couvrent pas enti\u00e8rement le co\u00fbt de vos \u00e9tudes et les d\u00e9penses connexes. Lorsque vous pr\u00e9sentez votre demande, vous fournirez des informations qui aideront la Fondation \u00e0 comprendre votre situation financi\u00e8re. Des documents ou des d\u00e9tails sp\u00e9cifiques peuvent \u00eatre demand\u00e9s.  <\/p>\t\t\t\t\t\t\t\t<\/div>\n\t\t\t\t<\/div>\n\t\t\t\t<div class=\"elementor-element elementor-element-04605b5 elementor-widget elementor-widget-heading\" data-id=\"04605b5\" data-element_type=\"widget\" data-e-type=\"widget\" data-widget_type=\"heading.default\">\n\t\t\t\t<div class=\"elementor-widget-container\">\n\t\t\t\t\t<h2 class=\"elementor-heading-title elementor-size-default\">\u00c0 quoi peut servir la bourse ?<\/h2>\t\t\t\t<\/div>\n\t\t\t\t<\/div>\n\t\t\t\t<div class=\"elementor-element elementor-element-1b946b6 elementor-widget elementor-widget-text-editor\" data-id=\"1b946b6\" data-element_type=\"widget\" data-e-type=\"widget\" data-widget_type=\"text-editor.default\">\n\t\t\t\t<div class=\"elementor-widget-container\">\n\t\t\t\t\t\t\t\t\t<p>Vous pouvez utiliser ces fonds pour couvrir toute une s\u00e9rie de d\u00e9penses li\u00e9es \u00e0 l&rsquo;\u00e9ducation, notamment, mais sans s&rsquo;y limiter :<\/p><ul><li>Frais de scolarit\u00e9<\/li><li>Livres et fournitures<\/li><li>Transport<\/li><li>Garde d&rsquo;enfants<\/li><li>\u00c9quipement<\/li><li>Frais de subsistance<\/li><\/ul>\t\t\t\t\t\t\t\t<\/div>\n\t\t\t\t<\/div>\n\t\t\t\t<div class=\"elementor-element elementor-element-b05fb64 elementor-widget elementor-widget-heading\" data-id=\"b05fb64\" data-element_type=\"widget\" data-e-type=\"widget\" data-widget_type=\"heading.default\">\n\t\t\t\t<div class=\"elementor-widget-container\">\n\t\t\t\t\t<h2 class=\"elementor-heading-title elementor-size-default\">Puis-je demander la bourse m\u00eame si je l'ai d\u00e9j\u00e0 re\u00e7ue par le pass\u00e9 ?<\/h2>\t\t\t\t<\/div>\n\t\t\t\t<\/div>\n\t\t\t\t<div class=\"elementor-element elementor-element-5c9db0f elementor-widget elementor-widget-text-editor\" data-id=\"5c9db0f\" data-element_type=\"widget\" data-e-type=\"widget\" data-widget_type=\"text-editor.default\">\n\t\t\t\t<div class=\"elementor-widget-container\">\n\t\t\t\t\t\t\t\t\t<p>Oui, nous encourageons les anciens b\u00e9n\u00e9ficiaires \u00e0 pr\u00e9senter une nouvelle demande. Vous pouvez pr\u00e9senter une nouvelle demande tant que vous \u00eates toujours inscrit dans un \u00e9tablissement d&rsquo;enseignement postsecondaire et que vous continuez de satisfaire aux crit\u00e8res d&rsquo;admissibilit\u00e9. <\/p>\t\t\t\t\t\t\t\t<\/div>\n\t\t\t\t<\/div>\n\t\t\t\t<div class=\"elementor-element elementor-element-ecce6b8 elementor-widget elementor-widget-heading\" data-id=\"ecce6b8\" data-element_type=\"widget\" data-e-type=\"widget\" data-widget_type=\"heading.default\">\n\t\t\t\t<div class=\"elementor-widget-container\">\n\t\t\t\t\t<h2 class=\"elementor-heading-title elementor-size-default\">Plusieurs personnes vivant \u00e0 la m\u00eame adresse ou dans le m\u00eame foyer peuvent-elles postuler ?<\/h2>\t\t\t\t<\/div>\n\t\t\t\t<\/div>\n\t\t\t\t<div class=\"elementor-element elementor-element-c18146f elementor-widget elementor-widget-text-editor\" data-id=\"c18146f\" data-element_type=\"widget\" data-e-type=\"widget\" data-widget_type=\"text-editor.default\">\n\t\t\t\t<div class=\"elementor-widget-container\">\n\t\t\t\t\t\t\t\t\t<p>Oui, plusieurs personnes vivant \u00e0 la m\u00eame adresse ou dans le m\u00eame foyer peuvent pr\u00e9senter une demande individuelle, \u00e0 condition qu&rsquo;elles remplissent toutes les conditions d&rsquo;admissibilit\u00e9. Il n&rsquo;y a pas de plafond par foyer pour cette bourse. <\/p>\t\t\t\t\t\t\t\t<\/div>\n\t\t\t\t<\/div>\n\t\t\t\t<div class=\"elementor-element elementor-element-b5801ed elementor-widget elementor-widget-heading\" data-id=\"b5801ed\" data-element_type=\"widget\" data-e-type=\"widget\" data-widget_type=\"heading.default\">\n\t\t\t\t<div class=\"elementor-widget-container\">\n\t\t\t\t\t<h2 class=\"elementor-heading-title elementor-size-default\">O\u00f9 dois-je indiquer mes cotisations au RAFEO dans la section \u00ab Budget \u00bb du formulaire de demande ?<\/h2>\t\t\t\t<\/div>\n\t\t\t\t<\/div>\n\t\t\t\t<div class=\"elementor-element elementor-element-689ad28 elementor-widget elementor-widget-text-editor\" data-id=\"689ad28\" data-element_type=\"widget\" data-e-type=\"widget\" data-widget_type=\"text-editor.default\">\n\t\t\t\t<div class=\"elementor-widget-container\">\n\t\t\t\t\t\t\t\t\t<p>Les cotisations \u00e0 RAFEO peuvent \u00eatre consid\u00e9r\u00e9es comme des \u00ab revenus financiers suppl\u00e9mentaires \u00bb.<\/p>\t\t\t\t\t\t\t\t<\/div>\n\t\t\t\t<\/div>\n\t\t\t\t<div class=\"elementor-element elementor-element-0963eb7 elementor-widget elementor-widget-heading\" data-id=\"0963eb7\" data-element_type=\"widget\" data-e-type=\"widget\" data-widget_type=\"heading.default\">\n\t\t\t\t<div class=\"elementor-widget-container\">\n\t\t\t\t\t<h2 class=\"elementor-heading-title elementor-size-default\">Comment les candidatures sont-elles examin\u00e9es ?<\/h2>\t\t\t\t<\/div>\n\t\t\t\t<\/div>\n\t\t\t\t<div class=\"elementor-element elementor-element-039feee elementor-widget elementor-widget-text-editor\" data-id=\"039feee\" data-element_type=\"widget\" data-e-type=\"widget\" data-widget_type=\"text-editor.default\">\n\t\t\t\t<div class=\"elementor-widget-container\">\n\t\t\t\t\t\t\t\t\t<p>Notre \u00e9quipe commence \u00e0 examiner les candidatures apr\u00e8s la date limite. Nous v\u00e9rifions l&rsquo;\u00e9ligibilit\u00e9, la qualit\u00e9 de la candidature, les besoins financiers d\u00e9montr\u00e9s et l&rsquo;exhaustivit\u00e9 des informations fournies. Les d\u00e9cisions sont prises apr\u00e8s examen de toutes les candidatures.  <\/p>\t\t\t\t\t\t\t\t<\/div>\n\t\t\t\t<\/div>\n\t\t\t\t<div class=\"elementor-element elementor-element-3a24b16 elementor-widget elementor-widget-heading\" data-id=\"3a24b16\" data-element_type=\"widget\" data-e-type=\"widget\" data-widget_type=\"heading.default\">\n\t\t\t\t<div class=\"elementor-widget-container\">\n\t\t\t\t\t<h2 class=\"elementor-heading-title elementor-size-default\">Quand vais-je recevoir une r\u00e9ponse ?<\/h2>\t\t\t\t<\/div>\n\t\t\t\t<\/div>\n\t\t\t\t<div class=\"elementor-element elementor-element-5a534c0 elementor-widget elementor-widget-text-editor\" data-id=\"5a534c0\" data-element_type=\"widget\" data-e-type=\"widget\" data-widget_type=\"text-editor.default\">\n\t\t\t\t<div class=\"elementor-widget-container\">\n\t\t\t\t\t\t\t\t\t<p>Notre \u00e9quipe informera les candidats de sa d\u00e9cision d&rsquo;ici le mois d&rsquo;ao\u00fbt. Vous serez inform\u00e9 si vous avez \u00e9t\u00e9 s\u00e9lectionn\u00e9 et des prochaines \u00e9tapes \u00e0 suivre. <\/p>\t\t\t\t\t\t\t\t<\/div>\n\t\t\t\t<\/div>\n\t\t\t\t<div class=\"elementor-element elementor-element-e5b1f0c elementor-widget elementor-widget-heading\" data-id=\"e5b1f0c\" data-element_type=\"widget\" data-e-type=\"widget\" data-widget_type=\"heading.default\">\n\t\t\t\t<div class=\"elementor-widget-container\">\n\t\t\t\t\t<h2 class=\"elementor-heading-title elementor-size-default\">Et si je n'obtiens pas la bourse cette ann\u00e9e ?<\/h2>\t\t\t\t<\/div>\n\t\t\t\t<\/div>\n\t\t\t\t<div class=\"elementor-element elementor-element-c8e04dc elementor-widget elementor-widget-text-editor\" data-id=\"c8e04dc\" data-element_type=\"widget\" data-e-type=\"widget\" data-widget_type=\"text-editor.default\">\n\t\t\t\t<div class=\"elementor-widget-container\">\n\t\t\t\t\t\t\t\t\t<p>Vous pouvez pr\u00e9senter une nouvelle demande lors de la prochaine p\u00e9riode d&rsquo;inscription, \u00e0 condition que vous continuiez \u00e0 remplir les crit\u00e8res d&rsquo;admissibilit\u00e9.<\/p>\t\t\t\t\t\t\t\t<\/div>\n\t\t\t\t<\/div>\n\t\t\t\t<div class=\"elementor-element elementor-element-0ef51f2 elementor-widget elementor-widget-heading\" data-id=\"0ef51f2\" data-element_type=\"widget\" data-e-type=\"widget\" data-widget_type=\"heading.default\">\n\t\t\t\t<div class=\"elementor-widget-container\">\n\t\t\t\t\t<h2 class=\"elementor-heading-title elementor-size-default\">Cette bourse est-elle imposable ?<\/h2>\t\t\t\t<\/div>\n\t\t\t\t<\/div>\n\t\t\t\t<div class=\"elementor-element elementor-element-3fd12c0 elementor-widget elementor-widget-text-editor\" data-id=\"3fd12c0\" data-element_type=\"widget\" data-e-type=\"widget\" data-widget_type=\"text-editor.default\">\n\t\t\t\t<div class=\"elementor-widget-container\">\n\t\t\t\t\t\t\t\t\t<p>Oui. La Fondation OCH \u00e9met un <strong>feuillet T4A <\/strong>pour la bourse Inspired by Learning. Cela signifie que la bourse peut \u00eatre consid\u00e9r\u00e9e comme un revenu imposable et doit \u00eatre d\u00e9clar\u00e9e lorsque vous remplissez votre d\u00e9claration de revenus.  <\/p><p>Nous vous recommandons de consulter un fiscaliste ou l&rsquo;Agence du revenu du Canada (ARC) si vous avez d&rsquo;autres questions au sujet des imp\u00f4ts.<\/p>\t\t\t\t\t\t\t\t<\/div>\n\t\t\t\t<\/div>\n\t\t\t\t<div class=\"elementor-element elementor-element-67f1596 elementor-widget elementor-widget-heading\" data-id=\"67f1596\" data-element_type=\"widget\" data-e-type=\"widget\" data-widget_type=\"heading.default\">\n\t\t\t\t<div class=\"elementor-widget-container\">\n\t\t\t\t\t<h2 class=\"elementor-heading-title elementor-size-default\">Where can I find more help or resources?<\/h2>\t\t\t\t<\/div>\n\t\t\t\t<\/div>\n\t\t\t\t<div class=\"elementor-element elementor-element-e4a63bc elementor-widget elementor-widget-text-editor\" data-id=\"e4a63bc\" data-element_type=\"widget\" data-e-type=\"widget\" data-widget_type=\"text-editor.default\">\n\t\t\t\t<div class=\"elementor-widget-container\">\n\t\t\t\t\t\t\t\t\t<p>Consultez le dossier d&rsquo;information sur le programme. Vous pouvez nous envoyer un <a href=\"mailto:info@ochfoundation.ca\">e-mail<\/a> si vous avez des questions sp\u00e9cifiques qui n&rsquo;ont pas \u00e9t\u00e9 abord\u00e9es ici. <\/p>\t\t\t\t\t\t\t\t<\/div>\n\t\t\t\t<\/div>\n\t\t\t\t<\/div>\n\t\t\t\t<\/div>\n\t\t\t\t\t<\/div>\n\t\t\t\t<\/div>\n\t\t\t\t<\/div>\n\t\t","protected":false},"excerpt":{"rendered":"<p>Apprendre m&rsquo;inspire Foire aux questions (FAQ) Avant de lire la liste ci-dessous, regardez notre courte vid\u00e9o qui r\u00e9pond \u00e0 certaines questions courantes sur la bourse Apprendre M&rsquo;inspire et son fonctionnement. https:\/\/www.youtube.com\/watch?v=-Hqy37GynJU&#038;embeds_referring_euri=https%3A%2F%2Fochfoundation.ca%2F&#038;embeds_referring_origin=https%3A%2F%2Fochfoundation.ca&#038;source_ve_path=OTY3MTQ Qui peut pr\u00e9tendre \u00e0 la bourse Apprendre M&rsquo;inspire ? Pour \u00eatre admissible, vous devez remplir tous les crit\u00e8res suivants : \u00catre un membre enregistr\u00e9 [&hellip;]<\/p>\n","protected":false},"author":4,"featured_media":6656,"parent":3860,"menu_order":0,"comment_status":"closed","ping_status":"closed","template":"","meta":{"footnotes":""},"class_list":["post-6761","page","type-page","status-publish","has-post-thumbnail","hentry"],"_links":{"self":[{"href":"https:\/\/ochfoundation.ca\/fr\/wp-json\/wp\/v2\/pages\/6761","targetHints":{"allow":["GET"]}}],"collection":[{"href":"https:\/\/ochfoundation.ca\/fr\/wp-json\/wp\/v2\/pages"}],"about":[{"href":"https:\/\/ochfoundation.ca\/fr\/wp-json\/wp\/v2\/types\/page"}],"author":[{"embeddable":true,"href":"https:\/\/ochfoundation.ca\/fr\/wp-json\/wp\/v2\/users\/4"}],"replies":[{"embeddable":true,"href":"https:\/\/ochfoundation.ca\/fr\/wp-json\/wp\/v2\/comments?post=6761"}],"version-history":[{"count":5,"href":"https:\/\/ochfoundation.ca\/fr\/wp-json\/wp\/v2\/pages\/6761\/revisions"}],"predecessor-version":[{"id":8191,"href":"https:\/\/ochfoundation.ca\/fr\/wp-json\/wp\/v2\/pages\/6761\/revisions\/8191"}],"up":[{"embeddable":true,"href":"https:\/\/ochfoundation.ca\/fr\/wp-json\/wp\/v2\/pages\/3860"}],"wp:featuredmedia":[{"embeddable":true,"href":"https:\/\/ochfoundation.ca\/fr\/wp-json\/wp\/v2\/media\/6656"}],"wp:attachment":[{"href":"https:\/\/ochfoundation.ca\/fr\/wp-json\/wp\/v2\/media?parent=6761"}],"curies":[{"name":"wp","href":"https:\/\/api.w.org\/{rel}","templated":true}]}}