{"id":6965,"date":"2026-02-12T10:29:28","date_gmt":"2026-02-12T15:29:28","guid":{"rendered":"https:\/\/ochfoundation.ca\/programmes\/reclink\/foire-aux-questions-faq\/"},"modified":"2026-03-11T09:12:43","modified_gmt":"2026-03-11T13:12:43","slug":"foire-aux-questions-faq","status":"publish","type":"page","link":"https:\/\/ochfoundation.ca\/fr\/programmes\/reclink\/foire-aux-questions-faq\/","title":{"rendered":"FAQ"},"content":{"rendered":"\t\t<div data-elementor-type=\"wp-page\" data-elementor-id=\"6965\" class=\"elementor elementor-6965 elementor-6896\" data-elementor-post-type=\"page\">\n\t\t\t\t<div class=\"elementor-element elementor-element-2f85bc2 e-flex e-con-boxed e-con e-parent\" data-id=\"2f85bc2\" data-element_type=\"container\" data-e-type=\"container\">\n\t\t\t\t\t<div class=\"e-con-inner\">\n\t\t<div class=\"elementor-element elementor-element-828a2aa e-con-full e-flex e-con e-child\" data-id=\"828a2aa\" data-element_type=\"container\" data-e-type=\"container\">\n\t\t<div class=\"elementor-element elementor-element-c5f9696 e-con-full e-flex e-con e-child\" data-id=\"c5f9696\" data-element_type=\"container\" data-e-type=\"container\">\n\t\t<div class=\"elementor-element elementor-element-412117f e-con-full e-flex e-con e-child\" data-id=\"412117f\" data-element_type=\"container\" data-e-type=\"container\" data-settings=\"{&quot;background_background&quot;:&quot;classic&quot;}\">\n\t\t\t\t<div class=\"elementor-element elementor-element-248aec5 elementor-widget elementor-widget-heading\" data-id=\"248aec5\" data-element_type=\"widget\" data-e-type=\"widget\" data-widget_type=\"heading.default\">\n\t\t\t\t<div class=\"elementor-widget-container\">\n\t\t\t\t\t<h2 class=\"elementor-heading-title elementor-size-default\">recLINK<\/h2>\t\t\t\t<\/div>\n\t\t\t\t<\/div>\n\t\t\t\t<div class=\"elementor-element elementor-element-a3613b7 elementor-widget elementor-widget-heading\" data-id=\"a3613b7\" data-element_type=\"widget\" data-e-type=\"widget\" data-widget_type=\"heading.default\">\n\t\t\t\t<div class=\"elementor-widget-container\">\n\t\t\t\t\t<h2 class=\"elementor-heading-title elementor-size-default\">Foire aux questions (FAQ)<\/h2>\t\t\t\t<\/div>\n\t\t\t\t<\/div>\n\t\t\t\t<\/div>\n\t\t<div class=\"elementor-element elementor-element-de793cc e-con-full e-flex e-con e-child\" data-id=\"de793cc\" data-element_type=\"container\" data-e-type=\"container\" data-settings=\"{&quot;background_background&quot;:&quot;classic&quot;}\">\n\t\t\t\t<\/div>\n\t\t\t\t<\/div>\n\t\t\t\t<\/div>\n\t\t\t\t\t<\/div>\n\t\t\t\t<\/div>\n\t\t<div class=\"elementor-element elementor-element-9ff235a e-flex e-con-boxed e-con e-parent\" data-id=\"9ff235a\" data-element_type=\"container\" data-e-type=\"container\">\n\t\t\t\t\t<div class=\"e-con-inner\">\n\t\t\t\t<div class=\"elementor-element elementor-element-1a110c2 elementor-widget elementor-widget-heading\" data-id=\"1a110c2\" data-element_type=\"widget\" data-e-type=\"widget\" data-widget_type=\"heading.default\">\n\t\t\t\t<div class=\"elementor-widget-container\">\n\t\t\t\t\t<h2 class=\"elementor-heading-title elementor-size-default\">Qui peut s'inscrire \u00e0 recLINK ?<\/h2>\t\t\t\t<\/div>\n\t\t\t\t<\/div>\n\t\t\t\t<div class=\"elementor-element elementor-element-6361c5f elementor-widget elementor-widget-text-editor\" data-id=\"6361c5f\" data-element_type=\"widget\" data-e-type=\"widget\" data-widget_type=\"text-editor.default\">\n\t\t\t\t<div class=\"elementor-widget-container\">\n\t\t\t\t\t\t\t\t\t<p>Tout enfant ou adolescent \u00e2g\u00e9 de 4 \u00e0 18 ans vivant dans une communaut\u00e9 LCO peut pr\u00e9senter une demande.<\/p>\t\t\t\t\t\t\t\t<\/div>\n\t\t\t\t<\/div>\n\t\t\t\t<div class=\"elementor-element elementor-element-3be1f67 elementor-widget elementor-widget-heading\" data-id=\"3be1f67\" data-element_type=\"widget\" data-e-type=\"widget\" data-widget_type=\"heading.default\">\n\t\t\t\t<div class=\"elementor-widget-container\">\n\t\t\t\t\t<h2 class=\"elementor-heading-title elementor-size-default\">Je ne sais pas si je vis dans une communaut\u00e9 LCO. Comment puis-je le v\u00e9rifier ? <\/h2>\t\t\t\t<\/div>\n\t\t\t\t<\/div>\n\t\t\t\t<div class=\"elementor-element elementor-element-e5e949a elementor-widget elementor-widget-text-editor\" data-id=\"e5e949a\" data-element_type=\"widget\" data-e-type=\"widget\" data-widget_type=\"text-editor.default\">\n\t\t\t\t<div class=\"elementor-widget-container\">\n\t\t\t\t\t\t\t\t\t<p>Vous pouvez v\u00e9rifier votre adresse en <span style=\"text-decoration: underline;\"><a href=\"https:\/\/www.och-lco.ca\/looking-for-housing\/browse-properties\/\">cliquant ici.<\/a><\/span><\/p>\t\t\t\t\t\t\t\t<\/div>\n\t\t\t\t<\/div>\n\t\t\t\t<div class=\"elementor-element elementor-element-8a24117 elementor-widget elementor-widget-heading\" data-id=\"8a24117\" data-element_type=\"widget\" data-e-type=\"widget\" data-widget_type=\"heading.default\">\n\t\t\t\t<div class=\"elementor-widget-container\">\n\t\t\t\t\t<h2 class=\"elementor-heading-title elementor-size-default\">L'acc\u00e8s \u00e0 recLINK est-il vraiment gratuit ?<\/h2>\t\t\t\t<\/div>\n\t\t\t\t<\/div>\n\t\t\t\t<div class=\"elementor-element elementor-element-902f300 elementor-widget elementor-widget-text-editor\" data-id=\"902f300\" data-element_type=\"widget\" data-e-type=\"widget\" data-widget_type=\"text-editor.default\">\n\t\t\t\t<div class=\"elementor-widget-container\">\n\t\t\t\t\t\t\t\t\t<p>Oui, l&rsquo;acc\u00e8s \u00e0 recLINK est gratuit. Les familles ne paient aucun frais d&rsquo;inscription au programme. recLINK travaille avec des syst\u00e8mes de subventions et des partenaires communautaires pour s&rsquo;assurer que le co\u00fbt ne constitue pas un obstacle \u00e0 la participation.  <\/p>\t\t\t\t\t\t\t\t<\/div>\n\t\t\t\t<\/div>\n\t\t\t\t<div class=\"elementor-element elementor-element-c48154c elementor-widget elementor-widget-heading\" data-id=\"c48154c\" data-element_type=\"widget\" data-e-type=\"widget\" data-widget_type=\"heading.default\">\n\t\t\t\t<div class=\"elementor-widget-container\">\n\t\t\t\t\t<h2 class=\"elementor-heading-title elementor-size-default\">Quels types de programmes sont disponibles ?<\/h2>\t\t\t\t<\/div>\n\t\t\t\t<\/div>\n\t\t\t\t<div class=\"elementor-element elementor-element-3f8e8fe elementor-widget elementor-widget-text-editor\" data-id=\"3f8e8fe\" data-element_type=\"widget\" data-e-type=\"widget\" data-widget_type=\"text-editor.default\">\n\t\t\t\t<div class=\"elementor-widget-container\">\n\t\t\t\t\t\t\t\t\t<p>Les programmes varient tout au long de l&rsquo;ann\u00e9e et peuvent inclure :<\/p><ul><li>Sports d&rsquo;\u00e9quipe (football, basket-ball, patinage, etc.)<\/li><li>Sports individuels (natation, arts martiaux, danse)<\/li><li>Programmes artistiques (arts visuels, musique, th\u00e9\u00e2tre)<\/li><li>Cong\u00e9s de mars et camps d&rsquo;\u00e9t\u00e9<\/li><li>Activit\u00e9s apr\u00e8s l&rsquo;\u00e9cole et pendant le week-end<\/li><\/ul><p>Notre \u00e9quipe travaille avec vous pour trouver des options qui correspondent aux int\u00e9r\u00eats et \u00e0 la disponibilit\u00e9 de votre enfant.<\/p>\t\t\t\t\t\t\t\t<\/div>\n\t\t\t\t<\/div>\n\t\t\t\t<div class=\"elementor-element elementor-element-7db0f87 elementor-widget elementor-widget-heading\" data-id=\"7db0f87\" data-element_type=\"widget\" data-e-type=\"widget\" data-widget_type=\"heading.default\">\n\t\t\t\t<div class=\"elementor-widget-container\">\n\t\t\t\t\t<h2 class=\"elementor-heading-title elementor-size-default\">Comment puis-je m'inscrire ?<\/h2>\t\t\t\t<\/div>\n\t\t\t\t<\/div>\n\t\t\t\t<div class=\"elementor-element elementor-element-4e1be8f elementor-widget elementor-widget-text-editor\" data-id=\"4e1be8f\" data-element_type=\"widget\" data-e-type=\"widget\" data-widget_type=\"text-editor.default\">\n\t\t\t\t<div class=\"elementor-widget-container\">\n\t\t\t\t\t\t\t\t\t<p>Vous pouvez remplir le formulaire d&rsquo;inscription recLINK ci-dessous. Une fois celui-ci envoy\u00e9, un membre de notre \u00e9quipe vous contactera pour en savoir plus sur les centres d&rsquo;int\u00e9r\u00eat, l&#8217;emploi du temps et les besoins sp\u00e9cifiques de votre enfant. <span style=\"letter-spacing: -0.2px;\">Si vous avez besoin d&rsquo;aide pour remplir le formulaire, <span style=\"text-decoration: underline;\"><a href=\"mailto:info@ochfoundation.ca\">contactez notre \u00e9quipe<\/a><\/span> pour obtenir de l&rsquo;aide.<\/span> <\/p>\t\t\t\t\t\t\t\t<\/div>\n\t\t\t\t<\/div>\n\t\t\t\t<div class=\"elementor-element elementor-element-bedf157 elementor-align-center elementor-widget elementor-widget-button\" data-id=\"bedf157\" data-element_type=\"widget\" data-e-type=\"widget\" data-widget_type=\"button.default\">\n\t\t\t\t<div class=\"elementor-widget-container\">\n\t\t\t\t\t\t\t\t\t<div class=\"elementor-button-wrapper\">\n\t\t\t\t\t<a class=\"elementor-button elementor-button-link elementor-size-sm\" href=\"https:\/\/forms.office.com\/Pages\/ResponsePage.aspx?id=2_iq92PG3UGrVsrZinU8zpz5NLW0xAhFjcEpTNn7ssNUQ05MVU5DTFpRWUNFS1BOMlhSOFVEQVREQS4u\">\n\t\t\t\t\t\t<span class=\"elementor-button-content-wrapper\">\n\t\t\t\t\t\t\t\t\t<span class=\"elementor-button-text\">Inscrivez-vous \u00e0 recLINK <\/span>\n\t\t\t\t\t<\/span>\n\t\t\t\t\t<\/a>\n\t\t\t\t<\/div>\n\t\t\t\t\t\t\t\t<\/div>\n\t\t\t\t<\/div>\n\t\t\t\t<div class=\"elementor-element elementor-element-e72c386 elementor-widget elementor-widget-heading\" data-id=\"e72c386\" data-element_type=\"widget\" data-e-type=\"widget\" data-widget_type=\"heading.default\">\n\t\t\t\t<div class=\"elementor-widget-container\">\n\t\t\t\t\t<h2 class=\"elementor-heading-title elementor-size-default\">Dois-je trouver moi-m\u00eame un programme ?<\/h2>\t\t\t\t<\/div>\n\t\t\t\t<\/div>\n\t\t\t\t<div class=\"elementor-element elementor-element-e7a078b elementor-widget elementor-widget-text-editor\" data-id=\"e7a078b\" data-element_type=\"widget\" data-e-type=\"widget\" data-widget_type=\"text-editor.default\">\n\t\t\t\t<div class=\"elementor-widget-container\">\n\t\t\t\t\t\t\t\t\t<p>Non. Vous pouvez venir avec des id\u00e9es et partager les centres d&rsquo;int\u00e9r\u00eat de votre enfant, mais vous n&rsquo;avez pas besoin de trouver un programme sp\u00e9cifique. Le personnel de recLINK vous aidera \u00e0 trouver les programmes appropri\u00e9s et vous guidera tout au long du processus.  <\/p>\t\t\t\t\t\t\t\t<\/div>\n\t\t\t\t<\/div>\n\t\t\t\t<div class=\"elementor-element elementor-element-e7a996f elementor-widget elementor-widget-heading\" data-id=\"e7a996f\" data-element_type=\"widget\" data-e-type=\"widget\" data-widget_type=\"heading.default\">\n\t\t\t\t<div class=\"elementor-widget-container\">\n\t\t\t\t\t<h2 class=\"elementor-heading-title elementor-size-default\">Que faire si mon enfant n'a jamais particip\u00e9 \u00e0 des activit\u00e9s r\u00e9cr\u00e9atives auparavant ?<\/h2>\t\t\t\t<\/div>\n\t\t\t\t<\/div>\n\t\t\t\t<div class=\"elementor-element elementor-element-0ffb850 elementor-widget elementor-widget-text-editor\" data-id=\"0ffb850\" data-element_type=\"widget\" data-e-type=\"widget\" data-widget_type=\"text-editor.default\">\n\t\t\t\t<div class=\"elementor-widget-container\">\n\t\t\t\t\t\t\t\t\t<p>Ce n&rsquo;est pas grave. Beaucoup d&rsquo;enfants qui s&rsquo;inscrivent \u00e0 recLINK essaient des activit\u00e9s pour la premi\u00e8re fois. Notre \u00e9quipe aide les familles \u00e0 choisir des programmes accueillants et adapt\u00e9s \u00e0 l&rsquo;\u00e2ge des enfants, et nous restons \u00e0 leur disposition si elles ont besoin d&rsquo;aide suppl\u00e9mentaire.  <\/p>\t\t\t\t\t\t\t\t<\/div>\n\t\t\t\t<\/div>\n\t\t\t\t<div class=\"elementor-element elementor-element-17ec4e4 elementor-widget elementor-widget-heading\" data-id=\"17ec4e4\" data-element_type=\"widget\" data-e-type=\"widget\" data-widget_type=\"heading.default\">\n\t\t\t\t<div class=\"elementor-widget-container\">\n\t\t\t\t\t<h2 class=\"elementor-heading-title elementor-size-default\">Que faire si mon enfant a des besoins particuliers ou n\u00e9cessite des am\u00e9nagements ?<\/h2>\t\t\t\t<\/div>\n\t\t\t\t<\/div>\n\t\t\t\t<div class=\"elementor-element elementor-element-cea56ce elementor-widget elementor-widget-text-editor\" data-id=\"cea56ce\" data-element_type=\"widget\" data-e-type=\"widget\" data-widget_type=\"text-editor.default\">\n\t\t\t\t<div class=\"elementor-widget-container\">\n\t\t\t\t\t\t\t\t\t<p>Veuillez nous en informer lors du processus d&rsquo;admission. Nous ferons de notre mieux pour inscrire votre enfant \u00e0 des programmes inclusifs et travaillerons avec nos partenaires afin de mettre en place les mesures de soutien appropri\u00e9es. <\/p>\t\t\t\t\t\t\t\t<\/div>\n\t\t\t\t<\/div>\n\t\t\t\t<div class=\"elementor-element elementor-element-cf28744 elementor-widget elementor-widget-heading\" data-id=\"cf28744\" data-element_type=\"widget\" data-e-type=\"widget\" data-widget_type=\"heading.default\">\n\t\t\t\t<div class=\"elementor-widget-container\">\n\t\t\t\t\t<h2 class=\"elementor-heading-title elementor-size-default\">Que faire si j'ai besoin d'aide pour le transport ou l'\u00e9quipement (\u00e9quipement de hockey, fournitures artistiques, etc.) ?<\/h2>\t\t\t\t<\/div>\n\t\t\t\t<\/div>\n\t\t\t\t<div class=\"elementor-element elementor-element-880907a elementor-widget elementor-widget-text-editor\" data-id=\"880907a\" data-element_type=\"widget\" data-e-type=\"widget\" data-widget_type=\"text-editor.default\">\n\t\t\t\t<div class=\"elementor-widget-container\">\n\t\t\t\t\t\t\t\t\t<p>Il n&rsquo;y a aucune raison de s&rsquo;inqui\u00e9ter. Faites part de vos besoins et de vos pr\u00e9occupations \u00e0 notre \u00e9quipe et nous ferons tout notre possible pour que votre enfant ait tout ce dont il a besoin pour se concentrer sur le programme qu&rsquo;il a choisi. <\/p>\t\t\t\t\t\t\t\t<\/div>\n\t\t\t\t<\/div>\n\t\t\t\t<div class=\"elementor-element elementor-element-f23a59b elementor-widget elementor-widget-heading\" data-id=\"f23a59b\" data-element_type=\"widget\" data-e-type=\"widget\" data-widget_type=\"heading.default\">\n\t\t\t\t<div class=\"elementor-widget-container\">\n\t\t\t\t\t<h2 class=\"elementor-heading-title elementor-size-default\">Que sont les activit\u00e9s Pop-In &amp; Play ?<\/h2>\t\t\t\t<\/div>\n\t\t\t\t<\/div>\n\t\t\t\t<div class=\"elementor-element elementor-element-ddd3e86 elementor-widget elementor-widget-text-editor\" data-id=\"ddd3e86\" data-element_type=\"widget\" data-e-type=\"widget\" data-widget_type=\"text-editor.default\">\n\t\t\t\t<div class=\"elementor-widget-container\">\n\t\t\t\t\t\t\t\t\t<p>Les activit\u00e9s Pop-In &amp; Play sont des \u00e9v\u00e9nements r\u00e9cr\u00e9atifs gratuits organis\u00e9s directement dans les communaut\u00e9s LCO. Chaque \u00e9v\u00e9nement est con\u00e7u pour un groupe d&rsquo;\u00e2ge sp\u00e9cifique (enfants, jeunes, familles, adultes ou personnes \u00e2g\u00e9es), de sorte que les activit\u00e9s sont adapt\u00e9es aux participants. Ces \u00e9v\u00e9nements offrent la possibilit\u00e9 d&rsquo;essayer de nouvelles activit\u00e9s dans un environnement accueillant et sans pression. Les Pop-Ins comprennent des repas ou des rafra\u00eechissements partag\u00e9s afin d&rsquo;encourager les liens sociaux et de r\u00e9duire l&rsquo;isolement. Les \u00e9v\u00e9nements Pop-In tels que les visites de mus\u00e9es comprennent le transport. Notre objectif est de rendre ces \u00e9v\u00e9nements aussi accessibles que possible.     <\/p>\t\t\t\t\t\t\t\t<\/div>\n\t\t\t\t<\/div>\n\t\t\t\t<div class=\"elementor-element elementor-element-bc33ede elementor-widget elementor-widget-heading\" data-id=\"bc33ede\" data-element_type=\"widget\" data-e-type=\"widget\" data-widget_type=\"heading.default\">\n\t\t\t\t<div class=\"elementor-widget-container\">\n\t\t\t\t\t<h2 class=\"elementor-heading-title elementor-size-default\">Combien de personnes recLINK prend-il en charge ?<\/h2>\t\t\t\t<\/div>\n\t\t\t\t<\/div>\n\t\t\t\t<div class=\"elementor-element elementor-element-699b5f5 elementor-widget elementor-widget-text-editor\" data-id=\"699b5f5\" data-element_type=\"widget\" data-e-type=\"widget\" data-widget_type=\"text-editor.default\">\n\t\t\t\t<div class=\"elementor-widget-container\">\n\t\t\t\t\t\t\t\t\t<p>Au total, en 2025, les inscriptions \u00e0 recLINK et les \u00e9v\u00e9nements Pop-in &amp; Play ont permis \u00e0 966 personnes de profiter des joies des loisirs. Cela repr\u00e9sente 718 enfants et jeunes, et 248 adultes et personnes \u00e2g\u00e9es. Tout au long de l&rsquo;ann\u00e9e, recLINK a propos\u00e9 10 434 heures de programmation et 595 jours de camps.  <\/p>\t\t\t\t\t\t\t\t<\/div>\n\t\t\t\t<\/div>\n\t\t\t\t<div class=\"elementor-element elementor-element-15a9818 elementor-widget elementor-widget-heading\" data-id=\"15a9818\" data-element_type=\"widget\" data-e-type=\"widget\" data-widget_type=\"heading.default\">\n\t\t\t\t<div class=\"elementor-widget-container\">\n\t\t\t\t\t<h2 class=\"elementor-heading-title elementor-size-default\">Comment s\u00e9lectionnez-vous les communaut\u00e9s pour les \u00e9v\u00e9nements Pop-in &amp; Play ?<\/h2>\t\t\t\t<\/div>\n\t\t\t\t<\/div>\n\t\t\t\t<div class=\"elementor-element elementor-element-cb6f274 elementor-widget elementor-widget-text-editor\" data-id=\"cb6f274\" data-element_type=\"widget\" data-e-type=\"widget\" data-widget_type=\"text-editor.default\">\n\t\t\t\t<div class=\"elementor-widget-container\">\n\t\t\t\t\t\t\t\t\t<p>Les communaut\u00e9s sont s\u00e9lectionn\u00e9es en fonction d&rsquo;une combinaison de facteurs, notamment l&rsquo;acc\u00e8s limit\u00e9 aux activit\u00e9s r\u00e9cr\u00e9atives et la dur\u00e9e \u00e9coul\u00e9e depuis la derni\u00e8re fois que des programmes ont \u00e9t\u00e9 propos\u00e9s dans cette localit\u00e9. Nous nous effor\u00e7ons \u00e9galement de r\u00e9partir les \u00e9v\u00e9nements Pop-In &amp; Play dans toute la ville afin de garantir que le plus grand nombre possible de communaut\u00e9s de la LCO puissent b\u00e9n\u00e9ficier d&rsquo;un acc\u00e8s aux loisirs. <\/p><p>Si vous souhaitez proposer une activit\u00e9 pour votre communaut\u00e9 ou savoir si un \u00e9v\u00e9nement est pr\u00e9vu dans votre communaut\u00e9 cette ann\u00e9e, nous vous encourageons \u00e0 contacter notre \u00e9quipe. Nous appr\u00e9cions les suggestions des locataires et cherchons toujours \u00e0 mieux r\u00e9pondre aux int\u00e9r\u00eats et aux besoins de la communaut\u00e9. <\/p>\t\t\t\t\t\t\t\t<\/div>\n\t\t\t\t<\/div>\n\t\t\t\t<div class=\"elementor-element elementor-element-52ba5ea elementor-align-center elementor-widget elementor-widget-button\" data-id=\"52ba5ea\" data-element_type=\"widget\" data-e-type=\"widget\" data-widget_type=\"button.default\">\n\t\t\t\t<div class=\"elementor-widget-container\">\n\t\t\t\t\t\t\t\t\t<div class=\"elementor-button-wrapper\">\n\t\t\t\t\t<a class=\"elementor-button elementor-button-link elementor-size-sm\" href=\"mailto:info@ochfoundation.ca\">\n\t\t\t\t\t\t<span class=\"elementor-button-content-wrapper\">\n\t\t\t\t\t\t\t\t\t<span class=\"elementor-button-text\">Contactez notre \u00e9quipe<\/span>\n\t\t\t\t\t<\/span>\n\t\t\t\t\t<\/a>\n\t\t\t\t<\/div>\n\t\t\t\t\t\t\t\t<\/div>\n\t\t\t\t<\/div>\n\t\t\t\t<div class=\"elementor-element elementor-element-e8c8575 elementor-widget elementor-widget-heading\" data-id=\"e8c8575\" data-element_type=\"widget\" data-e-type=\"widget\" data-widget_type=\"heading.default\">\n\t\t\t\t<div class=\"elementor-widget-container\">\n\t\t\t\t\t<h2 class=\"elementor-heading-title elementor-size-default\">Comment ce programme est-il financ\u00e9 ?<\/h2>\t\t\t\t<\/div>\n\t\t\t\t<\/div>\n\t\t\t\t<div class=\"elementor-element elementor-element-a9553bb elementor-widget elementor-widget-text-editor\" data-id=\"a9553bb\" data-element_type=\"widget\" data-e-type=\"widget\" data-widget_type=\"text-editor.default\">\n\t\t\t\t<div class=\"elementor-widget-container\">\n\t\t\t\t\t\t\t\t\t<p>Les programmes gratuits de recLINK sont rendus possibles gr\u00e2ce au g\u00e9n\u00e9reux soutien de nos donateurs et bailleurs de fonds, notamment la Happy Roots Foundation, la Fondation communautaire des S\u00e9nateurs d&rsquo;Ottawa, Smile Cookies, la Fondation communautaire d&rsquo;Ottawa, Harry P Ward, Girls on the Move (OSEG), Christina Marie Hendrie Trust, la Ville d&rsquo;Ottawa, Harbour Harvest Charity Ice Fishing Derby, la Fondation des Titans d&rsquo;Ottawa et la Fondation Crabtree.<\/p><p>De plus, nous tirons parti des subventions et d&rsquo;un vaste r\u00e9seau de partenariats communautaires pour convertir chaque dollar d\u00e9pens\u00e9 en programmes d&rsquo;une valeur de trois dollars. <\/p>\t\t\t\t\t\t\t\t<\/div>\n\t\t\t\t<\/div>\n\t\t\t\t<div class=\"elementor-element elementor-element-5cf0223 elementor-widget elementor-widget-heading\" data-id=\"5cf0223\" data-element_type=\"widget\" data-e-type=\"widget\" data-widget_type=\"heading.default\">\n\t\t\t\t<div class=\"elementor-widget-container\">\n\t\t\t\t\t<h2 class=\"elementor-heading-title elementor-size-default\">Comment puis-je m'impliquer ou soutenir recLINK ?<\/h2>\t\t\t\t<\/div>\n\t\t\t\t<\/div>\n\t\t\t\t<div class=\"elementor-element elementor-element-c4cc823 elementor-widget elementor-widget-text-editor\" data-id=\"c4cc823\" data-element_type=\"widget\" data-e-type=\"widget\" data-widget_type=\"text-editor.default\">\n\t\t\t\t<div class=\"elementor-widget-container\">\n\t\t\t\t\t\t\t\t\t<p><span style=\"text-decoration: underline;\"><a href=\"https:\/\/acahhplr.donorsupport.co\/page\/FUNWAVKSYAT\">Faites un don :<\/a><\/span> il suffit de 100 $ par an ou 10 $ par mois pour offrir \u00e0 un enfant un acc\u00e8s \u00e0 des activit\u00e9s r\u00e9cr\u00e9atives tout au long de l&rsquo;ann\u00e9e.<\/p><p><strong>Devenez notre partenaire : <\/strong>les organismes de loisirs, d&rsquo;arts et de sport peuvent collaborer avec nous pour \u00e9largir l&rsquo;acc\u00e8s \u00e0 leurs activit\u00e9s. <span style=\"text-decoration: underline;\"><a href=\"info@ochfoundation.ca\">Contactez notre \u00e9quipe<\/a><\/span>, nous sommes toujours heureux de r\u00e9pondre \u00e0 vos questions ou d&rsquo;explorer les possibilit\u00e9s de partenariat.<\/p>\t\t\t\t\t\t\t\t<\/div>\n\t\t\t\t<\/div>\n\t\t\t\t\t<\/div>\n\t\t\t\t<\/div>\n\t\t\t\t<\/div>\n\t\t","protected":false},"excerpt":{"rendered":"<p>recLINK Foire aux questions (FAQ) Qui peut s&rsquo;inscrire \u00e0 recLINK ? Tout enfant ou adolescent \u00e2g\u00e9 de 4 \u00e0 18 ans vivant dans une communaut\u00e9 LCO peut pr\u00e9senter une demande. Je ne sais pas si je vis dans une communaut\u00e9 LCO. Comment puis-je le v\u00e9rifier ? Vous pouvez v\u00e9rifier votre adresse en cliquant ici. L&rsquo;acc\u00e8s [&hellip;]<\/p>\n","protected":false},"author":4,"featured_media":6411,"parent":3870,"menu_order":0,"comment_status":"closed","ping_status":"closed","template":"","meta":{"footnotes":""},"class_list":["post-6965","page","type-page","status-publish","has-post-thumbnail","hentry"],"_links":{"self":[{"href":"https:\/\/ochfoundation.ca\/fr\/wp-json\/wp\/v2\/pages\/6965","targetHints":{"allow":["GET"]}}],"collection":[{"href":"https:\/\/ochfoundation.ca\/fr\/wp-json\/wp\/v2\/pages"}],"about":[{"href":"https:\/\/ochfoundation.ca\/fr\/wp-json\/wp\/v2\/types\/page"}],"author":[{"embeddable":true,"href":"https:\/\/ochfoundation.ca\/fr\/wp-json\/wp\/v2\/users\/4"}],"replies":[{"embeddable":true,"href":"https:\/\/ochfoundation.ca\/fr\/wp-json\/wp\/v2\/comments?post=6965"}],"version-history":[{"count":4,"href":"https:\/\/ochfoundation.ca\/fr\/wp-json\/wp\/v2\/pages\/6965\/revisions"}],"predecessor-version":[{"id":8195,"href":"https:\/\/ochfoundation.ca\/fr\/wp-json\/wp\/v2\/pages\/6965\/revisions\/8195"}],"up":[{"embeddable":true,"href":"https:\/\/ochfoundation.ca\/fr\/wp-json\/wp\/v2\/pages\/3870"}],"wp:featuredmedia":[{"embeddable":true,"href":"https:\/\/ochfoundation.ca\/fr\/wp-json\/wp\/v2\/media\/6411"}],"wp:attachment":[{"href":"https:\/\/ochfoundation.ca\/fr\/wp-json\/wp\/v2\/media?parent=6965"}],"curies":[{"name":"wp","href":"https:\/\/api.w.org\/{rel}","templated":true}]}}