{"id":7151,"date":"2026-02-20T15:28:46","date_gmt":"2026-02-20T20:28:46","guid":{"rendered":"https:\/\/ochfoundation.ca\/programmes\/a-vos-velos\/faq\/"},"modified":"2026-03-05T14:40:36","modified_gmt":"2026-03-05T19:40:36","slug":"faq","status":"publish","type":"page","link":"https:\/\/ochfoundation.ca\/fr\/programmes\/a-vos-velos\/faq\/","title":{"rendered":"FAQ"},"content":{"rendered":"\t\t<div data-elementor-type=\"wp-page\" data-elementor-id=\"7151\" class=\"elementor elementor-7151 elementor-7135\" data-elementor-post-type=\"page\">\n\t\t\t\t<div class=\"elementor-element elementor-element-32e33c7 e-flex e-con-boxed e-con e-parent\" data-id=\"32e33c7\" data-element_type=\"container\" data-e-type=\"container\">\n\t\t\t\t\t<div class=\"e-con-inner\">\n\t\t<div class=\"elementor-element elementor-element-9b80eb4 e-con-full e-flex e-con e-child\" data-id=\"9b80eb4\" data-element_type=\"container\" data-e-type=\"container\">\n\t\t<div class=\"elementor-element elementor-element-141509b e-con-full e-flex e-con e-child\" data-id=\"141509b\" data-element_type=\"container\" data-e-type=\"container\" data-settings=\"{&quot;background_background&quot;:&quot;classic&quot;}\">\n\t\t\t\t<div class=\"elementor-element elementor-element-7eb84f9 elementor-widget elementor-widget-heading\" data-id=\"7eb84f9\" data-element_type=\"widget\" data-e-type=\"widget\" data-widget_type=\"heading.default\">\n\t\t\t\t<div class=\"elementor-widget-container\">\n\t\t\t\t\t<h2 class=\"elementor-heading-title elementor-size-default\">\u00c0 Vos V\u00e9los<\/h2>\t\t\t\t<\/div>\n\t\t\t\t<\/div>\n\t\t\t\t<div class=\"elementor-element elementor-element-3af0306 elementor-widget elementor-widget-heading\" data-id=\"3af0306\" data-element_type=\"widget\" data-e-type=\"widget\" data-widget_type=\"heading.default\">\n\t\t\t\t<div class=\"elementor-widget-container\">\n\t\t\t\t\t<h2 class=\"elementor-heading-title elementor-size-default\">Foire aux questions (FAQ)<\/h2>\t\t\t\t<\/div>\n\t\t\t\t<\/div>\n\t\t\t\t<\/div>\n\t\t<div class=\"elementor-element elementor-element-893e4b6 e-con-full e-flex e-con e-child\" data-id=\"893e4b6\" data-element_type=\"container\" data-e-type=\"container\" data-settings=\"{&quot;background_background&quot;:&quot;classic&quot;}\">\n\t\t\t\t<\/div>\n\t\t\t\t<\/div>\n\t\t\t\t\t<\/div>\n\t\t\t\t<\/div>\n\t\t<div class=\"elementor-element elementor-element-505670e e-flex e-con-boxed e-con e-parent\" data-id=\"505670e\" data-element_type=\"container\" data-e-type=\"container\">\n\t\t\t\t\t<div class=\"e-con-inner\">\n\t\t\t\t<div class=\"elementor-element elementor-element-f7ba2da elementor-widget elementor-widget-heading\" data-id=\"f7ba2da\" data-element_type=\"widget\" data-e-type=\"widget\" data-widget_type=\"heading.default\">\n\t\t\t\t<div class=\"elementor-widget-container\">\n\t\t\t\t\t<h2 class=\"elementor-heading-title elementor-size-default\">Qui peut recevoir un v\u00e9lo gr\u00e2ce \u00e0 \u00c0 Vos V\u00e9los<\/h2>\t\t\t\t<\/div>\n\t\t\t\t<\/div>\n\t\t\t\t<div class=\"elementor-element elementor-element-46945d3 elementor-widget elementor-widget-text-editor\" data-id=\"46945d3\" data-element_type=\"widget\" data-e-type=\"widget\" data-widget_type=\"text-editor.default\">\n\t\t\t\t<div class=\"elementor-widget-container\">\n\t\t\t\t\t\t\t\t\t<p>Le programme s&rsquo;adresse aux locataires de tous \u00e2ges vivant dans les communaut\u00e9s de la Soci\u00e9t\u00e9 de logement communautaire d\u2019Ottawa (LCO), des enfants et des jeunes aux adultes. Ce programme est bas\u00e9 sur des \u00e9v\u00e9nements et la distribution de v\u00e9los est strictement limit\u00e9e aux \u00e9v\u00e9nements communautaires sp\u00e9cifiques que nous organisons.  <\/p>\t\t\t\t\t\t\t\t<\/div>\n\t\t\t\t<\/div>\n\t\t\t\t<div class=\"elementor-element elementor-element-48033d5 elementor-widget elementor-widget-heading\" data-id=\"48033d5\" data-element_type=\"widget\" data-e-type=\"widget\" data-widget_type=\"heading.default\">\n\t\t\t\t<div class=\"elementor-widget-container\">\n\t\t\t\t\t<h2 class=\"elementor-heading-title elementor-size-default\">Je ne sais pas si je vis dans une communaut\u00e9 LCO. Comment puis-je le v\u00e9rifier ? <\/h2>\t\t\t\t<\/div>\n\t\t\t\t<\/div>\n\t\t\t\t<div class=\"elementor-element elementor-element-a9f36f5 elementor-widget elementor-widget-text-editor\" data-id=\"a9f36f5\" data-element_type=\"widget\" data-e-type=\"widget\" data-widget_type=\"text-editor.default\">\n\t\t\t\t<div class=\"elementor-widget-container\">\n\t\t\t\t\t\t\t\t\t<p>Vous pouvez v\u00e9rifier votre adresse en <span style=\"text-decoration: underline;\"><a href=\"https:\/\/www.och-lco.ca\/looking-for-housing\/browse-properties\/\">cliquant ici.<\/a><\/span><\/p>\t\t\t\t\t\t\t\t<\/div>\n\t\t\t\t<\/div>\n\t\t\t\t<div class=\"elementor-element elementor-element-4f81289 elementor-widget elementor-widget-heading\" data-id=\"4f81289\" data-element_type=\"widget\" data-e-type=\"widget\" data-widget_type=\"heading.default\">\n\t\t\t\t<div class=\"elementor-widget-container\">\n\t\t\t\t\t<h2 class=\"elementor-heading-title elementor-size-default\">Dois-je payer pour un v\u00e9lo ?<\/h2>\t\t\t\t<\/div>\n\t\t\t\t<\/div>\n\t\t\t\t<div class=\"elementor-element elementor-element-1b3f1f1 elementor-widget elementor-widget-text-editor\" data-id=\"1b3f1f1\" data-element_type=\"widget\" data-e-type=\"widget\" data-widget_type=\"text-editor.default\">\n\t\t\t\t<div class=\"elementor-widget-container\">\n\t\t\t\t\t\t\t\t\t<p>Non. Tous les v\u00e9los, casques, \u00e9clairages et antivols sont fournis gratuitement dans le cadre du programme \u00c0 Vos V\u00e9los. <\/p>\t\t\t\t\t\t\t\t<\/div>\n\t\t\t\t<\/div>\n\t\t\t\t<div class=\"elementor-element elementor-element-4c4e427 elementor-widget elementor-widget-heading\" data-id=\"4c4e427\" data-element_type=\"widget\" data-e-type=\"widget\" data-widget_type=\"heading.default\">\n\t\t\t\t<div class=\"elementor-widget-container\">\n\t\t\t\t\t<h2 class=\"elementor-heading-title elementor-size-default\">Que dois-je apporter \u00e0 un \u00e9v\u00e9nement \u00c0 Vos V\u00e9los ?<\/h2>\t\t\t\t<\/div>\n\t\t\t\t<\/div>\n\t\t\t\t<div class=\"elementor-element elementor-element-8b3eca7 elementor-widget elementor-widget-text-editor\" data-id=\"8b3eca7\" data-element_type=\"widget\" data-e-type=\"widget\" data-widget_type=\"text-editor.default\">\n\t\t\t\t<div class=\"elementor-widget-container\">\n\t\t\t\t\t\t\t\t\t<p>Veuillez vous munir d&rsquo;une pi\u00e8ce d&rsquo;identit\u00e9 avec photo afin de v\u00e9rifier votre adresse. Tous les enfants doivent \u00eatre accompagn\u00e9s d&rsquo;un parent ou d&rsquo;un tuteur.  <\/p>\t\t\t\t\t\t\t\t<\/div>\n\t\t\t\t<\/div>\n\t\t\t\t<div class=\"elementor-element elementor-element-718d1cb elementor-widget elementor-widget-heading\" data-id=\"718d1cb\" data-element_type=\"widget\" data-e-type=\"widget\" data-widget_type=\"heading.default\">\n\t\t\t\t<div class=\"elementor-widget-container\">\n\t\t\t\t\t<h2 class=\"elementor-heading-title elementor-size-default\">Ai-je la garantie de recevoir un v\u00e9lo lors d'un \u00e9v\u00e9nement \u00c0 Vos V\u00e9los ?<\/h2>\t\t\t\t<\/div>\n\t\t\t\t<\/div>\n\t\t\t\t<div class=\"elementor-element elementor-element-ae2296a elementor-widget elementor-widget-text-editor\" data-id=\"ae2296a\" data-element_type=\"widget\" data-e-type=\"widget\" data-widget_type=\"text-editor.default\">\n\t\t\t\t<div class=\"elementor-widget-container\">\n\t\t\t\t\t\t\t\t\t<p>Les v\u00e9los sont distribu\u00e9s selon le principe du premier arriv\u00e9, premier servi. Nous ne pouvons donc pas garantir que toutes les personnes pr\u00e9sentes en recevront un. Notre \u00e9quipe s&rsquo;efforce de fournir \u00e0 autant de r\u00e9sidents que possible un v\u00e9lo s\u00fbr et adapt\u00e9. Si aucun v\u00e9lo n&rsquo;est disponible pour vous lors de l&rsquo;\u00e9v\u00e9nement, vous aurez la possibilit\u00e9 de vous inscrire sur notre liste d&rsquo;attente et serez contact\u00e9 d\u00e8s qu&rsquo;un v\u00e9lo adapt\u00e9 sera disponible.  <\/p>\t\t\t\t\t\t\t\t<\/div>\n\t\t\t\t<\/div>\n\t\t\t\t<div class=\"elementor-element elementor-element-b156ee7 elementor-widget elementor-widget-heading\" data-id=\"b156ee7\" data-element_type=\"widget\" data-e-type=\"widget\" data-widget_type=\"heading.default\">\n\t\t\t\t<div class=\"elementor-widget-container\">\n\t\t\t\t\t<h2 class=\"elementor-heading-title elementor-size-default\">Puis-je participer \u00e0 un \u00e9v\u00e9nement \u00c0 Vos V\u00e9los dans une autre communaut\u00e9 LCO ?<\/h2>\t\t\t\t<\/div>\n\t\t\t\t<\/div>\n\t\t\t\t<div class=\"elementor-element elementor-element-2d4571a elementor-widget elementor-widget-text-editor\" data-id=\"2d4571a\" data-element_type=\"widget\" data-e-type=\"widget\" data-widget_type=\"text-editor.default\">\n\t\t\t\t<div class=\"elementor-widget-container\">\n\t\t\t\t\t\t\t\t\t<p>Les \u00e9v\u00e9nements \u00c0 Vos V\u00e9los sont organis\u00e9s sp\u00e9cialement pour les r\u00e9sidents de la communaut\u00e9 o\u00f9 ils ont lieu. Cela permet de garantir un acc\u00e8s \u00e9quitable et de r\u00e9pondre aux besoins sp\u00e9cifiques de chaque communaut\u00e9. Si vous souhaitez recevoir un v\u00e9lo, nous vous invitons \u00e0 vous adresser \u00e0 votre d\u00e9veloppeur communautaire pour savoir quand le programme sera mis en place dans votre communaut\u00e9.  <\/p>\t\t\t\t\t\t\t\t<\/div>\n\t\t\t\t<\/div>\n\t\t\t\t<div class=\"elementor-element elementor-element-bc8bb1b elementor-widget elementor-widget-heading\" data-id=\"bc8bb1b\" data-element_type=\"widget\" data-e-type=\"widget\" data-widget_type=\"heading.default\">\n\t\t\t\t<div class=\"elementor-widget-container\">\n\t\t\t\t\t<h2 class=\"elementor-heading-title elementor-size-default\">\u00c0 quelle fr\u00e9quence les v\u00e9los sont-ils distribu\u00e9s ?<\/h2>\t\t\t\t<\/div>\n\t\t\t\t<\/div>\n\t\t\t\t<div class=\"elementor-element elementor-element-c7963c9 elementor-widget elementor-widget-text-editor\" data-id=\"c7963c9\" data-element_type=\"widget\" data-e-type=\"widget\" data-widget_type=\"text-editor.default\">\n\t\t\t\t<div class=\"elementor-widget-container\">\n\t\t\t\t\t\t\t\t\t<p>Nous organisons entre 4 et 6 \u00e9v\u00e9nements de distribution chaque ann\u00e9e, entre avril et ao\u00fbt. Le nombre exact d&rsquo;\u00e9v\u00e9nements d\u00e9pend des besoins de la communaut\u00e9 et de la disponibilit\u00e9 des v\u00e9los. Notre objectif est de livrer au moins 365 v\u00e9los chaque ann\u00e9e.  <\/p>\t\t\t\t\t\t\t\t<\/div>\n\t\t\t\t<\/div>\n\t\t\t\t<div class=\"elementor-element elementor-element-552ded3 elementor-widget elementor-widget-heading\" data-id=\"552ded3\" data-element_type=\"widget\" data-e-type=\"widget\" data-widget_type=\"heading.default\">\n\t\t\t\t<div class=\"elementor-widget-container\">\n\t\t\t\t\t<h2 class=\"elementor-heading-title elementor-size-default\">Comment les v\u00e9los sont-ils remis \u00e0 neuf ?<\/h2>\t\t\t\t<\/div>\n\t\t\t\t<\/div>\n\t\t\t\t<div class=\"elementor-element elementor-element-0c9f0a4 elementor-widget elementor-widget-text-editor\" data-id=\"0c9f0a4\" data-element_type=\"widget\" data-e-type=\"widget\" data-widget_type=\"text-editor.default\">\n\t\t\t\t<div class=\"elementor-widget-container\">\n\t\t\t\t\t\t\t\t\t<p>Tous les v\u00e9los sont donn\u00e9s au programme et remis \u00e0 neuf par notre partenaire, re-Cycles Ottawa, avec l&rsquo;aide de b\u00e9n\u00e9voles. Chaque v\u00e9lo est r\u00e9vis\u00e9, soumis \u00e0 un contr\u00f4le de s\u00e9curit\u00e9 et ajust\u00e9 avant d&rsquo;\u00eatre distribu\u00e9 aux locataires. <\/p>\t\t\t\t\t\t\t\t<\/div>\n\t\t\t\t<\/div>\n\t\t\t\t<div class=\"elementor-element elementor-element-ddcd962 elementor-widget elementor-widget-heading\" data-id=\"ddcd962\" data-element_type=\"widget\" data-e-type=\"widget\" data-widget_type=\"heading.default\">\n\t\t\t\t<div class=\"elementor-widget-container\">\n\t\t\t\t\t<h2 class=\"elementor-heading-title elementor-size-default\">Comment ce programme est-il financ\u00e9 ?<\/h2>\t\t\t\t<\/div>\n\t\t\t\t<\/div>\n\t\t\t\t<div class=\"elementor-element elementor-element-794b156 elementor-widget elementor-widget-text-editor\" data-id=\"794b156\" data-element_type=\"widget\" data-e-type=\"widget\" data-widget_type=\"text-editor.default\">\n\t\t\t\t<div class=\"elementor-widget-container\">\n\t\t\t\t\t\t\t\t\t<p>Ce programme est g\u00e9n\u00e9reusement financ\u00e9 par CN Railways, la Fondation communautaire d\u2019Ottawa, EnviroCentre, Juneberry Fund et l\u2019\u00c9glise unie d\u2019Orl\u00e9ans. Nous recevons \u00e9galement le soutien de re-Cycles Ottawa, de la Soci\u00e9t\u00e9 de logement communautaire d\u2019Ottawa (LCO), TBMOQ, Bushtukah, de la Ville d\u2019Ottawa, de Safer Roads Ottawa et de Sant\u00e9 publique Ottawa. <\/p>\t\t\t\t\t\t\t\t<\/div>\n\t\t\t\t<\/div>\n\t\t\t\t<div class=\"elementor-element elementor-element-1130536 elementor-widget elementor-widget-heading\" data-id=\"1130536\" data-element_type=\"widget\" data-e-type=\"widget\" data-widget_type=\"heading.default\">\n\t\t\t\t<div class=\"elementor-widget-container\">\n\t\t\t\t\t<h2 class=\"elementor-heading-title elementor-size-default\">Puis-je faire don d'un v\u00e9lo ?<\/h2>\t\t\t\t<\/div>\n\t\t\t\t<\/div>\n\t\t\t\t<div class=\"elementor-element elementor-element-c08f4a5 elementor-widget elementor-widget-text-editor\" data-id=\"c08f4a5\" data-element_type=\"widget\" data-e-type=\"widget\" data-widget_type=\"text-editor.default\">\n\t\t\t\t<div class=\"elementor-widget-container\">\n\t\t\t\t\t\t\t\t\t<p>Les v\u00e9los usag\u00e9s peuvent \u00eatre donn\u00e9s \u00e0 re-Cycles Ottawa, situ\u00e9 au 445, rue Catherine, unit\u00e9 1, \u00e0 Ottawa. Veuillez leur faire savoir que le v\u00e9lo a \u00e9t\u00e9 donn\u00e9 au programme \u00c0 Vos V\u00e9los de la Fondation OCH. <\/p>\t\t\t\t\t\t\t\t<\/div>\n\t\t\t\t<\/div>\n\t\t\t\t<div class=\"elementor-element elementor-element-5173ea7 elementor-widget elementor-widget-heading\" data-id=\"5173ea7\" data-element_type=\"widget\" data-e-type=\"widget\" data-widget_type=\"heading.default\">\n\t\t\t\t<div class=\"elementor-widget-container\">\n\t\t\t\t\t<h2 class=\"elementor-heading-title elementor-size-default\">Mon entreprise ou mon groupe communautaire peut-il faire du b\u00e9n\u00e9volat lors d'un \u00e9v\u00e9nement ?<\/h2>\t\t\t\t<\/div>\n\t\t\t\t<\/div>\n\t\t\t\t<div class=\"elementor-element elementor-element-d82283b elementor-widget elementor-widget-text-editor\" data-id=\"d82283b\" data-element_type=\"widget\" data-e-type=\"widget\" data-widget_type=\"text-editor.default\">\n\t\t\t\t<div class=\"elementor-widget-container\">\n\t\t\t\t\t\t\t\t\t<p>Oui ! \u00c0 Vos V\u00e9los accueille les b\u00e9n\u00e9voles individuels et les groupes. Les b\u00e9n\u00e9voles aident \u00e0 pr\u00e9parer les v\u00e9los, \u00e0 les r\u00e9gler, \u00e0 v\u00e9rifier leur s\u00e9curit\u00e9 et \u00e0 soutenir les \u00e9v\u00e9nements, afin que chaque distribution se d\u00e9roule en toute s\u00e9curit\u00e9 et dans la bonne humeur. <span style=\"text-decoration: underline;\"><a href=\"mailto:annie.premachuk@ochfoundation.ca\">Contactez notre \u00e9quipe<\/a><\/span> pour vous impliquer.  <\/p>\t\t\t\t\t\t\t\t<\/div>\n\t\t\t\t<\/div>\n\t\t\t\t\t<\/div>\n\t\t\t\t<\/div>\n\t\t\t\t<\/div>\n\t\t","protected":false},"excerpt":{"rendered":"<p>\u00c0 Vos V\u00e9los Foire aux questions (FAQ) Qui peut recevoir un v\u00e9lo gr\u00e2ce \u00e0 \u00c0 Vos V\u00e9los Le programme s&rsquo;adresse aux locataires de tous \u00e2ges vivant dans les communaut\u00e9s de la Soci\u00e9t\u00e9 de logement communautaire d\u2019Ottawa (LCO), des enfants et des jeunes aux adultes. Ce programme est bas\u00e9 sur des \u00e9v\u00e9nements et la distribution de [&hellip;]<\/p>\n","protected":false},"author":4,"featured_media":5559,"parent":3858,"menu_order":0,"comment_status":"closed","ping_status":"closed","template":"","meta":{"footnotes":""},"class_list":["post-7151","page","type-page","status-publish","has-post-thumbnail","hentry"],"_links":{"self":[{"href":"https:\/\/ochfoundation.ca\/fr\/wp-json\/wp\/v2\/pages\/7151","targetHints":{"allow":["GET"]}}],"collection":[{"href":"https:\/\/ochfoundation.ca\/fr\/wp-json\/wp\/v2\/pages"}],"about":[{"href":"https:\/\/ochfoundation.ca\/fr\/wp-json\/wp\/v2\/types\/page"}],"author":[{"embeddable":true,"href":"https:\/\/ochfoundation.ca\/fr\/wp-json\/wp\/v2\/users\/4"}],"replies":[{"embeddable":true,"href":"https:\/\/ochfoundation.ca\/fr\/wp-json\/wp\/v2\/comments?post=7151"}],"version-history":[{"count":5,"href":"https:\/\/ochfoundation.ca\/fr\/wp-json\/wp\/v2\/pages\/7151\/revisions"}],"predecessor-version":[{"id":7977,"href":"https:\/\/ochfoundation.ca\/fr\/wp-json\/wp\/v2\/pages\/7151\/revisions\/7977"}],"up":[{"embeddable":true,"href":"https:\/\/ochfoundation.ca\/fr\/wp-json\/wp\/v2\/pages\/3858"}],"wp:featuredmedia":[{"embeddable":true,"href":"https:\/\/ochfoundation.ca\/fr\/wp-json\/wp\/v2\/media\/5559"}],"wp:attachment":[{"href":"https:\/\/ochfoundation.ca\/fr\/wp-json\/wp\/v2\/media?parent=7151"}],"curies":[{"name":"wp","href":"https:\/\/api.w.org\/{rel}","templated":true}]}}