{"id":7503,"date":"2026-02-26T15:01:02","date_gmt":"2026-02-26T20:01:02","guid":{"rendered":"https:\/\/ochfoundation.ca\/simpliquer\/evenements-et-collectes-de-fonds\/"},"modified":"2026-03-11T09:20:51","modified_gmt":"2026-03-11T13:20:51","slug":"evenements-et-collectes-de-fonds","status":"publish","type":"page","link":"https:\/\/ochfoundation.ca\/fr\/simpliquer\/evenements-et-collectes-de-fonds\/","title":{"rendered":"\u00c9v\u00e9nements et collectes de fonds"},"content":{"rendered":"\t\t<div data-elementor-type=\"wp-page\" data-elementor-id=\"7503\" class=\"elementor elementor-7503 elementor-7393\" data-elementor-post-type=\"page\">\n\t\t\t\t<div class=\"elementor-element elementor-element-b1ae38f e-flex e-con-boxed e-con e-parent\" data-id=\"b1ae38f\" data-element_type=\"container\" data-e-type=\"container\">\n\t\t\t\t\t<div class=\"e-con-inner\">\n\t\t<div class=\"elementor-element elementor-element-a440565 e-con-full e-flex e-con e-child\" data-id=\"a440565\" data-element_type=\"container\" data-e-type=\"container\">\n\t\t<div class=\"elementor-element elementor-element-4aedbd3 e-con-full e-flex e-con e-child\" data-id=\"4aedbd3\" data-element_type=\"container\" data-e-type=\"container\">\n\t\t<div class=\"elementor-element elementor-element-da7a84a e-con-full e-flex e-con e-child\" data-id=\"da7a84a\" data-element_type=\"container\" data-e-type=\"container\" data-settings=\"{&quot;background_background&quot;:&quot;classic&quot;}\">\n\t\t\t\t<div class=\"elementor-element elementor-element-7eb9bcd elementor-widget elementor-widget-heading\" data-id=\"7eb9bcd\" data-element_type=\"widget\" data-e-type=\"widget\" data-widget_type=\"heading.default\">\n\t\t\t\t<div class=\"elementor-widget-container\">\n\t\t\t\t\t<h2 class=\"elementor-heading-title elementor-size-default\">S'IMPLIQUER<\/h2>\t\t\t\t<\/div>\n\t\t\t\t<\/div>\n\t\t\t\t<div class=\"elementor-element elementor-element-13078d1 elementor-widget elementor-widget-heading\" data-id=\"13078d1\" data-element_type=\"widget\" data-e-type=\"widget\" data-widget_type=\"heading.default\">\n\t\t\t\t<div class=\"elementor-widget-container\">\n\t\t\t\t\t<h2 class=\"elementor-heading-title elementor-size-default\">\u00c9V\u00c9NEMENTS ET COLLECTES DE FONDS<\/h2>\t\t\t\t<\/div>\n\t\t\t\t<\/div>\n\t\t\t\t<\/div>\n\t\t<div class=\"elementor-element elementor-element-462548a e-con-full e-flex e-con e-child\" data-id=\"462548a\" data-element_type=\"container\" data-e-type=\"container\" data-settings=\"{&quot;background_background&quot;:&quot;classic&quot;}\">\n\t\t\t\t<\/div>\n\t\t\t\t<\/div>\n\t\t\t\t<\/div>\n\t\t\t\t\t<\/div>\n\t\t\t\t<\/div>\n\t\t<div class=\"elementor-element elementor-element-5e45f24 e-flex e-con-boxed e-con e-parent\" data-id=\"5e45f24\" data-element_type=\"container\" data-e-type=\"container\">\n\t\t\t\t\t<div class=\"e-con-inner\">\n\t\t<div class=\"elementor-element elementor-element-24b4f78 e-con-full e-flex e-con e-child\" data-id=\"24b4f78\" data-element_type=\"container\" data-e-type=\"container\">\n\t\t\t\t<div class=\"elementor-element elementor-element-53f906e elementor-widget elementor-widget-heading\" data-id=\"53f906e\" data-element_type=\"widget\" data-e-type=\"widget\" data-widget_type=\"heading.default\">\n\t\t\t\t<div class=\"elementor-widget-container\">\n\t\t\t\t\t<h2 class=\"elementor-heading-title elementor-size-default\">Impliquez-vous. Ayez un impact. <\/h2>\t\t\t\t<\/div>\n\t\t\t\t<\/div>\n\t\t\t\t<div class=\"elementor-element elementor-element-8184fec elementor-widget elementor-widget-text-editor\" data-id=\"8184fec\" data-element_type=\"widget\" data-e-type=\"widget\" data-widget_type=\"text-editor.default\">\n\t\t\t\t<div class=\"elementor-widget-container\">\n\t\t\t\t\t\t\t\t\t<p data-start=\"221\" data-end=\"648\">Nos \u00e9v\u00e9nements et nos collectes de fonds rassemblent nos sympathisants afin d&rsquo;apporter des changements durables pour les familles vivant dans les communaut\u00e9s de la Soci\u00e9t\u00e9 de logement communautaire d\u2019Ottawa (LCO). Que vous participiez \u00e0 notre tournoi de golf, que vous pr\u00e9pariez des sacs \u00e0 dos lors du Pack-a-Thon, que vous souteniez notre campagne annuelle de dons ou que vous organisiez votre propre collecte de fonds, chaque action contribue \u00e0 soutenir des programmes qui \u00e9liminent les obstacles et \u00e9largissent les possibilit\u00e9s. <\/p><p data-start=\"221\" data-end=\"648\">Des exp\u00e9riences pratiques de b\u00e9n\u00e9volat aux possibilit\u00e9s de parrainage et aux outils de collecte de fonds tiers, il existe de nombreuses fa\u00e7ons de contribuer. Explorez les options ci-dessous et trouvez celle qui vous convient, \u00e0 vous, \u00e0 votre \u00e9quipe ou \u00e0 votre organisation. <\/p>\t\t\t\t\t\t\t\t<\/div>\n\t\t\t\t<\/div>\n\t\t\t\t<\/div>\n\t\t\t\t\t<\/div>\n\t\t\t\t<\/div>\n\t\t<div class=\"elementor-element elementor-element-521e6a3 e-flex e-con-boxed e-con e-parent\" data-id=\"521e6a3\" data-element_type=\"container\" data-e-type=\"container\">\n\t\t\t\t\t<div class=\"e-con-inner\">\n\t\t<div class=\"elementor-element elementor-element-1442296 e-con-full e-flex e-con e-child\" data-id=\"1442296\" data-element_type=\"container\" data-e-type=\"container\">\n\t\t<div class=\"elementor-element elementor-element-cedb14a e-con-full e-flex e-con e-child\" data-id=\"cedb14a\" data-element_type=\"container\" data-e-type=\"container\">\n\t\t\t\t<div class=\"elementor-element elementor-element-9f0041b elementor-widget elementor-widget-image\" data-id=\"9f0041b\" data-element_type=\"widget\" data-e-type=\"widget\" data-widget_type=\"image.default\">\n\t\t\t\t<div class=\"elementor-widget-container\">\n\t\t\t\t\t\t\t\t\t\t\t\t\t\t\t\t<a href=\"https:\/\/ochfoundation.ca\/fr\/simpliquer\/evenements-et-collectes-de-fonds\/tournoi-de-golf\/\">\n\t\t\t\t\t\t\t<img fetchpriority=\"high\" decoding=\"async\" width=\"2560\" height=\"1709\" src=\"https:\/\/ochfoundation.ca\/wp-content\/uploads\/2025\/09\/Photo-2025-09-16-08-43-41-scaled.jpg\" class=\"attachment-full size-full wp-image-5970\" alt=\"\" srcset=\"https:\/\/ochfoundation.ca\/wp-content\/uploads\/2025\/09\/Photo-2025-09-16-08-43-41-scaled.jpg 2560w, https:\/\/ochfoundation.ca\/wp-content\/uploads\/2025\/09\/Photo-2025-09-16-08-43-41-300x200.jpg 300w, https:\/\/ochfoundation.ca\/wp-content\/uploads\/2025\/09\/Photo-2025-09-16-08-43-41-1024x683.jpg 1024w, https:\/\/ochfoundation.ca\/wp-content\/uploads\/2025\/09\/Photo-2025-09-16-08-43-41-768x513.jpg 768w, https:\/\/ochfoundation.ca\/wp-content\/uploads\/2025\/09\/Photo-2025-09-16-08-43-41-1536x1025.jpg 1536w, https:\/\/ochfoundation.ca\/wp-content\/uploads\/2025\/09\/Photo-2025-09-16-08-43-41-2048x1367.jpg 2048w\" sizes=\"(max-width: 2560px) 100vw, 2560px\" \/>\t\t\t\t\t\t\t\t<\/a>\n\t\t\t\t\t\t\t\t\t\t\t\t\t\t\t<\/div>\n\t\t\t\t<\/div>\n\t\t\t\t<div class=\"elementor-element elementor-element-1b176de elementor-widget elementor-widget-heading\" data-id=\"1b176de\" data-element_type=\"widget\" data-e-type=\"widget\" data-widget_type=\"heading.default\">\n\t\t\t\t<div class=\"elementor-widget-container\">\n\t\t\t\t\t<h3 class=\"elementor-heading-title elementor-size-default\"><a href=\"https:\/\/ochfoundation.ca\/fr\/simpliquer\/evenements-et-collectes-de-fonds\/tournoi-de-golf\/\">Tournoi de golf<\/a><\/h3>\t\t\t\t<\/div>\n\t\t\t\t<\/div>\n\t\t\t\t<div class=\"elementor-element elementor-element-0bcbcd5 elementor-widget elementor-widget-heading\" data-id=\"0bcbcd5\" data-element_type=\"widget\" data-e-type=\"widget\" data-widget_type=\"heading.default\">\n\t\t\t\t<div class=\"elementor-widget-container\">\n\t\t\t\t\t<p class=\"elementor-heading-title elementor-size-default\">Participez \u00e0 un tournoi de golf pour une bonne cause et soutenez des programmes qui changent des vies en tant que joueur ou sponsor.<\/p>\t\t\t\t<\/div>\n\t\t\t\t<\/div>\n\t\t\t\t<div class=\"elementor-element elementor-element-b801106 elementor-align-center elementor-widget elementor-widget-button\" data-id=\"b801106\" data-element_type=\"widget\" data-e-type=\"widget\" data-widget_type=\"button.default\">\n\t\t\t\t<div class=\"elementor-widget-container\">\n\t\t\t\t\t\t\t\t\t<div class=\"elementor-button-wrapper\">\n\t\t\t\t\t<a class=\"elementor-button elementor-button-link elementor-size-sm\" href=\"https:\/\/ochfoundation.ca\/fr\/simpliquer\/evenements-et-collectes-de-fonds\/tournoi-de-golf\/\">\n\t\t\t\t\t\t<span class=\"elementor-button-content-wrapper\">\n\t\t\t\t\t\t\t\t\t<span class=\"elementor-button-text\">Savoir plus<\/span>\n\t\t\t\t\t<\/span>\n\t\t\t\t\t<\/a>\n\t\t\t\t<\/div>\n\t\t\t\t\t\t\t\t<\/div>\n\t\t\t\t<\/div>\n\t\t\t\t<\/div>\n\t\t<div class=\"elementor-element elementor-element-c3c579b e-con-full e-flex e-con e-child\" data-id=\"c3c579b\" data-element_type=\"container\" data-e-type=\"container\">\n\t\t\t\t<div class=\"elementor-element elementor-element-b5c7699 elementor-widget elementor-widget-image\" data-id=\"b5c7699\" data-element_type=\"widget\" data-e-type=\"widget\" data-widget_type=\"image.default\">\n\t\t\t\t<div class=\"elementor-widget-container\">\n\t\t\t\t\t\t\t\t\t\t\t\t\t\t\t\t<a href=\"https:\/\/ochfoundation.ca\/fr\/simpliquer\/evenements-et-collectes-de-fonds\/pack-a-thon\/\">\n\t\t\t\t\t\t\t<img decoding=\"async\" width=\"2560\" height=\"1706\" src=\"https:\/\/ochfoundation.ca\/wp-content\/uploads\/2026\/02\/DSC05201-scaled.jpg\" class=\"attachment-full size-full wp-image-7325\" alt=\"\" srcset=\"https:\/\/ochfoundation.ca\/wp-content\/uploads\/2026\/02\/DSC05201-scaled.jpg 2560w, https:\/\/ochfoundation.ca\/wp-content\/uploads\/2026\/02\/DSC05201-300x200.jpg 300w, https:\/\/ochfoundation.ca\/wp-content\/uploads\/2026\/02\/DSC05201-1024x683.jpg 1024w, https:\/\/ochfoundation.ca\/wp-content\/uploads\/2026\/02\/DSC05201-768x512.jpg 768w, https:\/\/ochfoundation.ca\/wp-content\/uploads\/2026\/02\/DSC05201-1536x1024.jpg 1536w, https:\/\/ochfoundation.ca\/wp-content\/uploads\/2026\/02\/DSC05201-2048x1365.jpg 2048w\" sizes=\"(max-width: 2560px) 100vw, 2560px\" \/>\t\t\t\t\t\t\t\t<\/a>\n\t\t\t\t\t\t\t\t\t\t\t\t\t\t\t<\/div>\n\t\t\t\t<\/div>\n\t\t\t\t<div class=\"elementor-element elementor-element-1c8ce6d elementor-widget elementor-widget-heading\" data-id=\"1c8ce6d\" data-element_type=\"widget\" data-e-type=\"widget\" data-widget_type=\"heading.default\">\n\t\t\t\t<div class=\"elementor-widget-container\">\n\t\t\t\t\t<h3 class=\"elementor-heading-title elementor-size-default\"><a href=\"https:\/\/ochfoundation.ca\/fr\/simpliquer\/evenements-et-collectes-de-fonds\/pack-a-thon\/\">Pack-a-Thon<\/a><\/h3>\t\t\t\t<\/div>\n\t\t\t\t<\/div>\n\t\t\t\t<div class=\"elementor-element elementor-element-2c348d7 elementor-widget elementor-widget-heading\" data-id=\"2c348d7\" data-element_type=\"widget\" data-e-type=\"widget\" data-widget_type=\"heading.default\">\n\t\t\t\t<div class=\"elementor-widget-container\">\n\t\t\t\t\t<p class=\"elementor-heading-title elementor-size-default\">Participez \u00e0 notre collecte de fonds de 24 heures pour remplir des sacs \u00e0 dos, o\u00f9 les sponsors et les b\u00e9n\u00e9voles contribuent \u00e0 la r\u00e9ussite de la rentr\u00e9e scolaire.<\/p>\t\t\t\t<\/div>\n\t\t\t\t<\/div>\n\t\t\t\t<div class=\"elementor-element elementor-element-40f0208 elementor-align-center elementor-widget elementor-widget-button\" data-id=\"40f0208\" data-element_type=\"widget\" data-e-type=\"widget\" data-widget_type=\"button.default\">\n\t\t\t\t<div class=\"elementor-widget-container\">\n\t\t\t\t\t\t\t\t\t<div class=\"elementor-button-wrapper\">\n\t\t\t\t\t<a class=\"elementor-button elementor-button-link elementor-size-sm\" href=\"https:\/\/ochfoundation.ca\/fr\/programmes\/reclink\/\" id=\"https:\/\/ochfoundation.ca\/get-involved\/events-fundraisers\/pack-a-thon\/\">\n\t\t\t\t\t\t<span class=\"elementor-button-content-wrapper\">\n\t\t\t\t\t\t\t\t\t<span class=\"elementor-button-text\">Savoir plus<\/span>\n\t\t\t\t\t<\/span>\n\t\t\t\t\t<\/a>\n\t\t\t\t<\/div>\n\t\t\t\t\t\t\t\t<\/div>\n\t\t\t\t<\/div>\n\t\t\t\t<\/div>\n\t\t<div class=\"elementor-element elementor-element-5add948 e-con-full e-flex e-con e-child\" data-id=\"5add948\" data-element_type=\"container\" data-e-type=\"container\">\n\t\t\t\t<div class=\"elementor-element elementor-element-253bcfd elementor-widget elementor-widget-image\" data-id=\"253bcfd\" data-element_type=\"widget\" data-e-type=\"widget\" data-widget_type=\"image.default\">\n\t\t\t\t<div class=\"elementor-widget-container\">\n\t\t\t\t\t\t\t\t\t\t\t\t\t\t\t\t<a href=\"https:\/\/ochfoundation.ca\/fr\/simpliquer\/evenements-et-collectes-de-fonds\/campagne-annuelle-de-collecte-de-fonds-de-la-fondation-lco\/\">\n\t\t\t\t\t\t\t<img decoding=\"async\" width=\"2560\" height=\"1707\" src=\"https:\/\/ochfoundation.ca\/wp-content\/uploads\/2026\/02\/DSC09771-27-1-scaled.jpg\" class=\"attachment-full size-full wp-image-7400\" alt=\"\" srcset=\"https:\/\/ochfoundation.ca\/wp-content\/uploads\/2026\/02\/DSC09771-27-1-scaled.jpg 2560w, https:\/\/ochfoundation.ca\/wp-content\/uploads\/2026\/02\/DSC09771-27-1-300x200.jpg 300w, https:\/\/ochfoundation.ca\/wp-content\/uploads\/2026\/02\/DSC09771-27-1-1024x683.jpg 1024w, https:\/\/ochfoundation.ca\/wp-content\/uploads\/2026\/02\/DSC09771-27-1-768x512.jpg 768w, https:\/\/ochfoundation.ca\/wp-content\/uploads\/2026\/02\/DSC09771-27-1-1536x1024.jpg 1536w, https:\/\/ochfoundation.ca\/wp-content\/uploads\/2026\/02\/DSC09771-27-1-2048x1365.jpg 2048w\" sizes=\"(max-width: 2560px) 100vw, 2560px\" \/>\t\t\t\t\t\t\t\t<\/a>\n\t\t\t\t\t\t\t\t\t\t\t\t\t\t\t<\/div>\n\t\t\t\t<\/div>\n\t\t\t\t<div class=\"elementor-element elementor-element-9d6d06a elementor-widget elementor-widget-heading\" data-id=\"9d6d06a\" data-element_type=\"widget\" data-e-type=\"widget\" data-widget_type=\"heading.default\">\n\t\t\t\t<div class=\"elementor-widget-container\">\n\t\t\t\t\t<h3 class=\"elementor-heading-title elementor-size-default\"><a href=\"https:\/\/ochfoundation.ca\/fr\/simpliquer\/evenements-et-collectes-de-fonds\/campagne-annuelle-de-collecte-de-fonds-de-la-fondation-lco\/\">Campagne annuelle de dons<\/a><\/h3>\t\t\t\t<\/div>\n\t\t\t\t<\/div>\n\t\t\t\t<div class=\"elementor-element elementor-element-9b6e362 elementor-widget elementor-widget-heading\" data-id=\"9b6e362\" data-element_type=\"widget\" data-e-type=\"widget\" data-widget_type=\"heading.default\">\n\t\t\t\t<div class=\"elementor-widget-container\">\n\t\t\t\t\t<p class=\"elementor-heading-title elementor-size-default\">Be part of our year-end fundraiser to expand opportunity and drive lasting impact for families across OCH communities.<\/p>\t\t\t\t<\/div>\n\t\t\t\t<\/div>\n\t\t\t\t<div class=\"elementor-element elementor-element-ddb198c elementor-align-center elementor-widget elementor-widget-button\" data-id=\"ddb198c\" data-element_type=\"widget\" data-e-type=\"widget\" data-widget_type=\"button.default\">\n\t\t\t\t<div class=\"elementor-widget-container\">\n\t\t\t\t\t\t\t\t\t<div class=\"elementor-button-wrapper\">\n\t\t\t\t\t<a class=\"elementor-button elementor-button-link elementor-size-sm\" href=\"https:\/\/ochfoundation.ca\/fr\/simpliquer\/evenements-et-collectes-de-fonds\/campagne-annuelle-de-collecte-de-fonds-de-la-fondation-lco\/\">\n\t\t\t\t\t\t<span class=\"elementor-button-content-wrapper\">\n\t\t\t\t\t\t\t\t\t<span class=\"elementor-button-text\">Savoir plus<\/span>\n\t\t\t\t\t<\/span>\n\t\t\t\t\t<\/a>\n\t\t\t\t<\/div>\n\t\t\t\t\t\t\t\t<\/div>\n\t\t\t\t<\/div>\n\t\t\t\t<\/div>\n\t\t<div class=\"elementor-element elementor-element-cc17297 e-con-full e-flex e-con e-child\" data-id=\"cc17297\" data-element_type=\"container\" data-e-type=\"container\">\n\t\t\t\t<div class=\"elementor-element elementor-element-2585c86 elementor-widget elementor-widget-image\" data-id=\"2585c86\" data-element_type=\"widget\" data-e-type=\"widget\" data-widget_type=\"image.default\">\n\t\t\t\t<div class=\"elementor-widget-container\">\n\t\t\t\t\t\t\t\t\t\t\t\t\t\t\t\t<a href=\"https:\/\/ochfoundation.ca\/fr\/simpliquer\/evenements-et-collectes-de-fonds\/organiser-une-collecte-de-fonds\/\">\n\t\t\t\t\t\t\t<img loading=\"lazy\" decoding=\"async\" width=\"2560\" height=\"1707\" src=\"https:\/\/ochfoundation.ca\/wp-content\/uploads\/2026\/01\/DSC03813-scaled.jpg\" class=\"attachment-full size-full wp-image-6415\" alt=\"\" srcset=\"https:\/\/ochfoundation.ca\/wp-content\/uploads\/2026\/01\/DSC03813-scaled.jpg 2560w, https:\/\/ochfoundation.ca\/wp-content\/uploads\/2026\/01\/DSC03813-300x200.jpg 300w, https:\/\/ochfoundation.ca\/wp-content\/uploads\/2026\/01\/DSC03813-1024x683.jpg 1024w, https:\/\/ochfoundation.ca\/wp-content\/uploads\/2026\/01\/DSC03813-768x512.jpg 768w, https:\/\/ochfoundation.ca\/wp-content\/uploads\/2026\/01\/DSC03813-1536x1024.jpg 1536w, https:\/\/ochfoundation.ca\/wp-content\/uploads\/2026\/01\/DSC03813-2048x1365.jpg 2048w\" sizes=\"(max-width: 2560px) 100vw, 2560px\" \/>\t\t\t\t\t\t\t\t<\/a>\n\t\t\t\t\t\t\t\t\t\t\t\t\t\t\t<\/div>\n\t\t\t\t<\/div>\n\t\t\t\t<div class=\"elementor-element elementor-element-88ef5fa elementor-widget elementor-widget-heading\" data-id=\"88ef5fa\" data-element_type=\"widget\" data-e-type=\"widget\" data-widget_type=\"heading.default\">\n\t\t\t\t<div class=\"elementor-widget-container\">\n\t\t\t\t\t<h3 class=\"elementor-heading-title elementor-size-default\"><a href=\"https:\/\/ochfoundation.ca\/fr\/simpliquer\/evenements-et-collectes-de-fonds\/organiser-une-collecte-de-fonds\/\">Organiser une collecte de fonds<\/a><\/h3>\t\t\t\t<\/div>\n\t\t\t\t<\/div>\n\t\t\t\t<div class=\"elementor-element elementor-element-7cc1d5b elementor-align-center elementor-widget elementor-widget-button\" data-id=\"7cc1d5b\" data-element_type=\"widget\" data-e-type=\"widget\" data-widget_type=\"button.default\">\n\t\t\t\t<div class=\"elementor-widget-container\">\n\t\t\t\t\t\t\t\t\t<div class=\"elementor-button-wrapper\">\n\t\t\t\t\t<a class=\"elementor-button elementor-button-link elementor-size-sm\" href=\"https:\/\/ochfoundation.ca\/fr\/simpliquer\/evenements-et-collectes-de-fonds\/organiser-une-collecte-de-fonds\/\">\n\t\t\t\t\t\t<span class=\"elementor-button-content-wrapper\">\n\t\t\t\t\t\t\t\t\t<span class=\"elementor-button-text\">Savoir plus<\/span>\n\t\t\t\t\t<\/span>\n\t\t\t\t\t<\/a>\n\t\t\t\t<\/div>\n\t\t\t\t\t\t\t\t<\/div>\n\t\t\t\t<\/div>\n\t\t\t\t<div class=\"elementor-element elementor-element-6f758f1 elementor-widget elementor-widget-heading\" data-id=\"6f758f1\" data-element_type=\"widget\" data-e-type=\"widget\" data-widget_type=\"heading.default\">\n\t\t\t\t<div class=\"elementor-widget-container\">\n\t\t\t\t\t<p class=\"elementor-heading-title elementor-size-default\">Transformez votre id\u00e9e en action gr\u00e2ce \u00e0 notre bo\u00eete \u00e0 outils de collecte de fonds aupr\u00e8s de tiers et mobilisez votre r\u00e9seau pour soutenir notre mission.<\/p>\t\t\t\t<\/div>\n\t\t\t\t<\/div>\n\t\t\t\t<\/div>\n\t\t\t\t<\/div>\n\t\t\t\t\t<\/div>\n\t\t\t\t<\/div>\n\t\t\t\t<\/div>\n\t\t","protected":false},"excerpt":{"rendered":"<p>S&rsquo;IMPLIQUER \u00c9V\u00c9NEMENTS ET COLLECTES DE FONDS Impliquez-vous. Ayez un impact. Nos \u00e9v\u00e9nements et nos collectes de fonds rassemblent nos sympathisants afin d&rsquo;apporter des changements durables pour les familles vivant dans les communaut\u00e9s de la Soci\u00e9t\u00e9 de logement communautaire d\u2019Ottawa (LCO). Que vous participiez \u00e0 notre tournoi de golf, que vous pr\u00e9pariez des sacs \u00e0 dos [&hellip;]<\/p>\n","protected":false},"author":4,"featured_media":6101,"parent":3846,"menu_order":0,"comment_status":"closed","ping_status":"closed","template":"","meta":{"footnotes":""},"class_list":["post-7503","page","type-page","status-publish","has-post-thumbnail","hentry"],"_links":{"self":[{"href":"https:\/\/ochfoundation.ca\/fr\/wp-json\/wp\/v2\/pages\/7503","targetHints":{"allow":["GET"]}}],"collection":[{"href":"https:\/\/ochfoundation.ca\/fr\/wp-json\/wp\/v2\/pages"}],"about":[{"href":"https:\/\/ochfoundation.ca\/fr\/wp-json\/wp\/v2\/types\/page"}],"author":[{"embeddable":true,"href":"https:\/\/ochfoundation.ca\/fr\/wp-json\/wp\/v2\/users\/4"}],"replies":[{"embeddable":true,"href":"https:\/\/ochfoundation.ca\/fr\/wp-json\/wp\/v2\/comments?post=7503"}],"version-history":[{"count":10,"href":"https:\/\/ochfoundation.ca\/fr\/wp-json\/wp\/v2\/pages\/7503\/revisions"}],"predecessor-version":[{"id":8235,"href":"https:\/\/ochfoundation.ca\/fr\/wp-json\/wp\/v2\/pages\/7503\/revisions\/8235"}],"up":[{"embeddable":true,"href":"https:\/\/ochfoundation.ca\/fr\/wp-json\/wp\/v2\/pages\/3846"}],"wp:featuredmedia":[{"embeddable":true,"href":"https:\/\/ochfoundation.ca\/fr\/wp-json\/wp\/v2\/media\/6101"}],"wp:attachment":[{"href":"https:\/\/ochfoundation.ca\/fr\/wp-json\/wp\/v2\/media?parent=7503"}],"curies":[{"name":"wp","href":"https:\/\/api.w.org\/{rel}","templated":true}]}}