{"id":8536,"date":"2026-04-30T11:45:33","date_gmt":"2026-04-30T15:45:33","guid":{"rendered":"https:\/\/ochfoundation.ca\/simpliquer\/evenements-et-collectes-de-fonds\/collecte-estivale-de-denrees-alimentaires\/"},"modified":"2026-05-04T13:58:11","modified_gmt":"2026-05-04T17:58:11","slug":"collecte-estivale-de-denrees-alimentaires","status":"publish","type":"page","link":"https:\/\/ochfoundation.ca\/fr\/simpliquer\/evenements-et-collectes-de-fonds\/collecte-estivale-de-denrees-alimentaires\/","title":{"rendered":"Collecte estivale de denr\u00e9es alimentaires"},"content":{"rendered":"\t\t<div data-elementor-type=\"wp-page\" data-elementor-id=\"8536\" class=\"elementor elementor-8536 elementor-8497\" data-elementor-post-type=\"page\">\n\t\t\t\t<div class=\"elementor-element elementor-element-cea2157 e-con-full e-flex e-con e-parent\" data-id=\"cea2157\" data-element_type=\"container\" data-e-type=\"container\">\n\t\t<div class=\"elementor-element elementor-element-cd4efac e-con-full e-flex e-con e-child\" data-id=\"cd4efac\" data-element_type=\"container\" data-e-type=\"container\">\n\t\t<div class=\"elementor-element elementor-element-108a1a8 e-con-full e-flex e-con e-child\" data-id=\"108a1a8\" data-element_type=\"container\" data-e-type=\"container\">\n\t\t<div class=\"elementor-element elementor-element-f1a116a e-con-full e-flex e-con e-child\" data-id=\"f1a116a\" data-element_type=\"container\" data-e-type=\"container\" data-settings=\"{&quot;background_background&quot;:&quot;classic&quot;}\">\n\t\t\t\t<div class=\"elementor-element elementor-element-bff39ab elementor-widget elementor-widget-heading\" data-id=\"bff39ab\" data-element_type=\"widget\" data-e-type=\"widget\" data-widget_type=\"heading.default\">\n\t\t\t\t<div class=\"elementor-widget-container\">\n\t\t\t\t\t<h2 class=\"elementor-heading-title elementor-size-default\">\u00c9V\u00c9NEMENTS ET COLLECTES DE FONDS<\/h2>\t\t\t\t<\/div>\n\t\t\t\t<\/div>\n\t\t\t\t<div class=\"elementor-element elementor-element-2a5ce54 elementor-widget elementor-widget-heading\" data-id=\"2a5ce54\" data-element_type=\"widget\" data-e-type=\"widget\" data-widget_type=\"heading.default\">\n\t\t\t\t<div class=\"elementor-widget-container\">\n\t\t\t\t\t<h2 class=\"elementor-heading-title elementor-size-default\">Collecte estivale de denr\u00e9es alimentaires<\/h2>\t\t\t\t<\/div>\n\t\t\t\t<\/div>\n\t\t\t\t<\/div>\n\t\t<div class=\"elementor-element elementor-element-4a636c3 e-con-full e-flex e-con e-child\" data-id=\"4a636c3\" data-element_type=\"container\" data-e-type=\"container\" data-settings=\"{&quot;background_background&quot;:&quot;classic&quot;}\">\n\t\t\t\t<\/div>\n\t\t\t\t<\/div>\n\t\t\t\t<\/div>\n\t\t\t\t<\/div>\n\t\t<div class=\"elementor-element elementor-element-e01f3cb e-flex e-con-boxed e-con e-parent\" data-id=\"e01f3cb\" data-element_type=\"container\" data-e-type=\"container\">\n\t\t\t\t\t<div class=\"e-con-inner\">\n\t\t\t\t<div class=\"elementor-element elementor-element-0b17edc elementor-widget elementor-widget-heading\" data-id=\"0b17edc\" data-element_type=\"widget\" data-e-type=\"widget\" data-widget_type=\"heading.default\">\n\t\t\t\t<div class=\"elementor-widget-container\">\n\t\t\t\t\t<h2 class=\"elementor-heading-title elementor-size-default\">Qu'est-ce que la Collecte estivale de denr\u00e9es alimentaires \u00e0 Ottawa<\/h2>\t\t\t\t<\/div>\n\t\t\t\t<\/div>\n\t\t\t\t<div class=\"elementor-element elementor-element-cc36149 elementor-widget elementor-widget-text-editor\" data-id=\"cc36149\" data-element_type=\"widget\" data-e-type=\"widget\" data-widget_type=\"text-editor.default\">\n\t\t\t\t<div class=\"elementor-widget-container\">\n\t\t\t\t\t\t\t\t\t<p><span style=\"font-weight: 400;\">L&rsquo;\u00e9t\u00e9 est la p\u00e9riode la plus difficile de l&rsquo;ann\u00e9e en mati\u00e8re d&rsquo;ins\u00e9curit\u00e9 alimentaire au Canada : les dons tombent \u00e0 leur plus bas niveau alors que les besoins atteignent leur paroxysme. Lorsque les \u00e9coles ferment, les enfants perdent l&rsquo;acc\u00e8s aux programmes alimentaires dont beaucoup d\u00e9pendent. 37 % des personnes qui se rendent dans les banques alimentaires d&rsquo;Ottawa sont des enfants de moins de 18 ans.  <\/span><\/p>\n<p><span style=\"font-weight: 400;\">La Collecte estivale de denr\u00e9es alimentaires \u00e0 Ottawa rassemble 32 \u00e9coles, entre 700 et 1 000 \u00e9l\u00e8ves et plus de 300 b\u00e9n\u00e9voles dans le cadre d&rsquo;une initiative coordonn\u00e9e \u00e0 l&rsquo;\u00e9chelle de la ville. Organis\u00e9e par des \u00e9tudiants et soutenue par plusieurs associations locales, cette collecte alimentaire est une initiative qui met en avant la dignit\u00e9, la compassion et la solidarit\u00e9 d&rsquo;une communaut\u00e9 qui se mobilise au moment o\u00f9 on en a le plus besoin. <\/span><\/p>\n<p><span style=\"font-weight: 400;\">La Collecte estivale de denr\u00e9es alimentaires \u00e0 Ottawa aura lieu le 6 juin.&nbsp;<\/span><span style=\"font-weight: 400;\">Depuis 2024, cette initiative a permis de distribuer plus de 300 000 livres de denr\u00e9es alimentaires pour venir en aide aux enfants et aux familles d&rsquo;Ottawa. En tant que partenaire cl\u00e9 de cette initiative, la Fondation LCO joue un r\u00f4le essentiel pour mettre en relation les familles vivant dans les communaut\u00e9s de la Soci\u00e9t\u00e9 de logement communautaire d\u2019Ottawa (LCO) avec cette initiative. <\/span><\/p>\t\t\t\t\t\t\t\t<\/div>\n\t\t\t\t<\/div>\n\t\t\t\t<div class=\"elementor-element elementor-element-aa0f401 elementor-align-center elementor-widget elementor-widget-button\" data-id=\"aa0f401\" data-element_type=\"widget\" data-e-type=\"widget\" data-widget_type=\"button.default\">\n\t\t\t\t<div class=\"elementor-widget-container\">\n\t\t\t\t\t\t\t\t\t<div class=\"elementor-button-wrapper\">\n\t\t\t\t\t<a class=\"elementor-button elementor-button-link elementor-size-sm\" href=\"https:\/\/ochfoundation.ca\/?form=donations\">\n\t\t\t\t\t\t<span class=\"elementor-button-content-wrapper\">\n\t\t\t\t\t\t\t\t\t<span class=\"elementor-button-text\">Faire un don<\/span>\n\t\t\t\t\t<\/span>\n\t\t\t\t\t<\/a>\n\t\t\t\t<\/div>\n\t\t\t\t\t\t\t\t<\/div>\n\t\t\t\t<\/div>\n\t\t\t\t<div class=\"elementor-element elementor-element-1009c2c elementor-widget__width-initial elementor-widget elementor-widget-image\" data-id=\"1009c2c\" data-element_type=\"widget\" data-e-type=\"widget\" data-widget_type=\"image.default\">\n\t\t\t\t<div class=\"elementor-widget-container\">\n\t\t\t\t\t\t\t\t\t\t\t\t<figure class=\"wp-caption\">\n\t\t\t\t\t\t\t\t\t\t<img fetchpriority=\"high\" decoding=\"async\" width=\"2560\" height=\"1707\" src=\"https:\/\/ochfoundation.ca\/wp-content\/uploads\/2025\/06\/DSC04435-scaled.jpg\" class=\"attachment-full size-full wp-image-5738\" alt=\"\" srcset=\"https:\/\/ochfoundation.ca\/wp-content\/uploads\/2025\/06\/DSC04435-scaled.jpg 2560w, https:\/\/ochfoundation.ca\/wp-content\/uploads\/2025\/06\/DSC04435-300x200.jpg 300w, https:\/\/ochfoundation.ca\/wp-content\/uploads\/2025\/06\/DSC04435-1024x683.jpg 1024w, https:\/\/ochfoundation.ca\/wp-content\/uploads\/2025\/06\/DSC04435-768x512.jpg 768w, https:\/\/ochfoundation.ca\/wp-content\/uploads\/2025\/06\/DSC04435-1536x1024.jpg 1536w, https:\/\/ochfoundation.ca\/wp-content\/uploads\/2025\/06\/DSC04435-2048x1365.jpg 2048w\" sizes=\"(max-width: 2560px) 100vw, 2560px\" \/>\t\t\t\t\t\t\t\t\t\t\t<figcaption class=\"widget-image-caption wp-caption-text\">Le maire Mark Sutcliffe en compagnie d'\u00e9l\u00e8ves de l'OCDSB, de Khalsa Aid, de la Banque alimentaire d'Ottawa, d'Italfoods, de Lionhearts, de la Fondation OCH et d'autres partenaires communautaires lors de la collecte alimentaire estivale 2025 d'Ottawa<\/figcaption>\n\t\t\t\t\t\t\t\t\t\t<\/figure>\n\t\t\t\t\t\t\t\t\t<\/div>\n\t\t\t\t<\/div>\n\t\t\t\t<div class=\"elementor-element elementor-element-b945af8 elementor-widget elementor-widget-heading\" data-id=\"b945af8\" data-element_type=\"widget\" data-e-type=\"widget\" data-widget_type=\"heading.default\">\n\t\t\t\t<div class=\"elementor-widget-container\">\n\t\t\t\t\t<h2 class=\"elementor-heading-title elementor-size-default\">Qui soutient la Collecte estivale de denr\u00e9es alimentaires 2026 \u00e0 Ottawa?<\/h2>\t\t\t\t<\/div>\n\t\t\t\t<\/div>\n\t\t\t\t<div class=\"elementor-element elementor-element-bfd050b elementor-widget elementor-widget-text-editor\" data-id=\"bfd050b\" data-element_type=\"widget\" data-e-type=\"widget\" data-widget_type=\"text-editor.default\">\n\t\t\t\t<div class=\"elementor-widget-container\">\n\t\t\t\t\t\t\t\t\t<p>Cette collecte alimentaire est rendue possible gr\u00e2ce \u00e0 l&rsquo;engagement et \u00e0 la collaboration de partenaires locaux, notamment <span style=\"text-decoration: underline;\"><a href=\"https:\/\/khalsaaid.org\/\">Khalsa Aid<\/a><\/span>, <span style=\"text-decoration: underline;\"><a href=\"https:\/\/www.ocdsb.ca\/\">le Conseil scolaire du district d&rsquo;Ottawa-Carleton (OCDSB)<\/a><\/span>, <a href=\"https:\/\/www.ottawafoodbank.ca\/\"><span style=\"text-decoration: underline;\">la Banque alimentaire d&rsquo;Ottawa<\/span><\/a>, <a href=\"https:\/\/www.oddbunch.ca\/?srsltid=AfmBOopOoCF7yeV9cOXuLBP_jFupNkehKKaSrr5OdeMMzKRmivAsFufv\"><span style=\"text-decoration: underline;\">Odd Bunch<\/span><\/a> et la Fondation LCO.<\/p><p>Nous tenons tout particuli\u00e8rement \u00e0 remercier <strong>Odd Bunch<\/strong> pour son soutien \u00e0 la Collecte estivale de denr\u00e9es alimentaires 2026 \u00e0 Ottawa. <span style=\"font-weight: 400;\">Odd Bunch a pour mission de combler une lacune souvent n\u00e9glig\u00e9e par les collectes alimentaires : les produits frais. Alors que les collectes classiques se concentrent sur les conserves, Odd Bunch fournit des fruits et l\u00e9gumes frais, garantissant ainsi que les repas servis sont frais et nutritifs. <\/span><\/p>\t\t\t\t\t\t\t\t<\/div>\n\t\t\t\t<\/div>\n\t\t\t\t<div class=\"elementor-element elementor-element-d05424a elementor-widget elementor-widget-heading\" data-id=\"d05424a\" data-element_type=\"widget\" data-e-type=\"widget\" data-widget_type=\"heading.default\">\n\t\t\t\t<div class=\"elementor-widget-container\">\n\t\t\t\t\t<h2 class=\"elementor-heading-title elementor-size-default\">Comment puis-je m'impliquer ?<\/h2>\t\t\t\t<\/div>\n\t\t\t\t<\/div>\n\t\t\t\t<div class=\"elementor-element elementor-element-ffb06c6 elementor-widget elementor-widget-text-editor\" data-id=\"ffb06c6\" data-element_type=\"widget\" data-e-type=\"widget\" data-widget_type=\"text-editor.default\">\n\t\t\t\t<div class=\"elementor-widget-container\">\n\t\t\t\t\t\t\t\t\t<p data-start=\"33\" data-end=\"105\">Il existe plusieurs fa\u00e7ons concr\u00e8tes de soutenir la Collecte estivale de denr\u00e9es alimentaires \u00e0 Ottawa.<\/p><ul><li data-start=\"377\" data-end=\"525\">Faites un don : vos dons sont toujours les bienvenus. Aidez-nous \u00e0 fournir des aliments frais et nutritifs aux familles qui en ont le plus besoin. <\/li><\/ul>\t\t\t\t\t\t\t\t<\/div>\n\t\t\t\t<\/div>\n\t\t\t\t<div class=\"elementor-element elementor-element-0355ca7 elementor-align-center elementor-widget elementor-widget-button\" data-id=\"0355ca7\" data-element_type=\"widget\" data-e-type=\"widget\" data-widget_type=\"button.default\">\n\t\t\t\t<div class=\"elementor-widget-container\">\n\t\t\t\t\t\t\t\t\t<div class=\"elementor-button-wrapper\">\n\t\t\t\t\t<a class=\"elementor-button elementor-button-link elementor-size-sm\" href=\"https:\/\/ochfoundation.ca\/?form=donations\">\n\t\t\t\t\t\t<span class=\"elementor-button-content-wrapper\">\n\t\t\t\t\t\t\t\t\t<span class=\"elementor-button-text\">Faire un don<\/span>\n\t\t\t\t\t<\/span>\n\t\t\t\t\t<\/a>\n\t\t\t\t<\/div>\n\t\t\t\t\t\t\t\t<\/div>\n\t\t\t\t<\/div>\n\t\t\t\t<div class=\"elementor-element elementor-element-32efb61 elementor-widget elementor-widget-text-editor\" data-id=\"32efb61\" data-element_type=\"widget\" data-e-type=\"widget\" data-widget_type=\"text-editor.default\">\n\t\t\t\t<div class=\"elementor-widget-container\">\n\t\t\t\t\t\t\t\t\t<ul><li><strong>Soutenez une \u00e9cole du OCDSB pr\u00e8s de chez vous :<\/strong> partout dans la ville, des \u00e9l\u00e8ves montrent d\u00e9j\u00e0 l&rsquo;exemple en collectant de la nourriture et en illustrant concr\u00e8tement ce qu&rsquo;est l&rsquo;engagement communautaire. V\u00e9rifiez si une \u00e9cole pr\u00e8s de chez vous participe \u00e0 cette initiative et apportez votre contribution \u00e0 leurs efforts. <\/li><li data-start=\"377\" data-end=\"525\"><strong data-start=\"470\" data-end=\"514\">Engagez-vous par l&rsquo;interm\u00e9diaire d&rsquo;un partenaire communautaire :<\/strong> nos partenaires jouent un r\u00f4le essentiel dans la collecte, le tri et la distribution de denr\u00e9es alimentaires \u00e0 Ottawa. Contactez celui qui se trouve pr\u00e8s de chez vous pour vous engager. <\/li><\/ul>\t\t\t\t\t\t\t\t<\/div>\n\t\t\t\t<\/div>\n\t\t\t\t<div class=\"elementor-element elementor-element-3f60691 elementor-widget elementor-widget-text-editor\" data-id=\"3f60691\" data-element_type=\"widget\" data-e-type=\"widget\" data-widget_type=\"text-editor.default\">\n\t\t\t\t<div class=\"elementor-widget-container\">\n\t\t\t\t\t\t\t\t\t<p>\u00ab Chaque don, petit ou grand, contribue \u00e0 permettre \u00e0 davantage d&rsquo;enfants et de familles d&rsquo;avoir acc\u00e8s \u00e0 une alimentation saine cet \u00e9t\u00e9. \u00bb<\/p><p>&#8211; Traci Spour-Lafrance, Directrice g\u00e9n\u00e9rale de la Fondation LCO<\/p>\t\t\t\t\t\t\t\t<\/div>\n\t\t\t\t<\/div>\n\t\t\t\t\t<\/div>\n\t\t\t\t<\/div>\n\t\t<div class=\"elementor-element elementor-element-086bc20 e-flex e-con-boxed e-con e-parent\" data-id=\"086bc20\" data-element_type=\"container\" data-e-type=\"container\">\n\t\t\t\t\t<div class=\"e-con-inner\">\n\t\t\t\t\t<\/div>\n\t\t\t\t<\/div>\n\t\t\t\t<\/div>\n\t\t","protected":false},"excerpt":{"rendered":"<p>\u00c9V\u00c9NEMENTS ET COLLECTES DE FONDS Collecte estivale de denr\u00e9es alimentaires Qu&rsquo;est-ce que la Collecte estivale de denr\u00e9es alimentaires \u00e0 Ottawa L&rsquo;\u00e9t\u00e9 est la p\u00e9riode la plus difficile de l&rsquo;ann\u00e9e en mati\u00e8re d&rsquo;ins\u00e9curit\u00e9 alimentaire au Canada : les dons tombent \u00e0 leur plus bas niveau alors que les besoins atteignent leur paroxysme. Lorsque les \u00e9coles ferment, [&hellip;]<\/p>\n","protected":false},"author":4,"featured_media":0,"parent":7503,"menu_order":0,"comment_status":"closed","ping_status":"closed","template":"","meta":{"footnotes":""},"class_list":["post-8536","page","type-page","status-publish","hentry"],"_links":{"self":[{"href":"https:\/\/ochfoundation.ca\/fr\/wp-json\/wp\/v2\/pages\/8536","targetHints":{"allow":["GET"]}}],"collection":[{"href":"https:\/\/ochfoundation.ca\/fr\/wp-json\/wp\/v2\/pages"}],"about":[{"href":"https:\/\/ochfoundation.ca\/fr\/wp-json\/wp\/v2\/types\/page"}],"author":[{"embeddable":true,"href":"https:\/\/ochfoundation.ca\/fr\/wp-json\/wp\/v2\/users\/4"}],"replies":[{"embeddable":true,"href":"https:\/\/ochfoundation.ca\/fr\/wp-json\/wp\/v2\/comments?post=8536"}],"version-history":[{"count":3,"href":"https:\/\/ochfoundation.ca\/fr\/wp-json\/wp\/v2\/pages\/8536\/revisions"}],"predecessor-version":[{"id":8557,"href":"https:\/\/ochfoundation.ca\/fr\/wp-json\/wp\/v2\/pages\/8536\/revisions\/8557"}],"up":[{"embeddable":true,"href":"https:\/\/ochfoundation.ca\/fr\/wp-json\/wp\/v2\/pages\/7503"}],"wp:attachment":[{"href":"https:\/\/ochfoundation.ca\/fr\/wp-json\/wp\/v2\/media?parent=8536"}],"curies":[{"name":"wp","href":"https:\/\/api.w.org\/{rel}","templated":true}]}}